{"id":981,"date":"2016-07-13T16:49:33","date_gmt":"2016-07-13T16:49:33","guid":{"rendered":"http:\/\/elbschule.hamburg.de\/?page_id=981"},"modified":"2016-07-13T18:38:11","modified_gmt":"2016-07-13T18:38:11","slug":"eintauchen-in-die-elbschulwelt","status":"publish","type":"page","link":"https:\/\/elbschule.hamburg.de\/?page_id=981","title":{"rendered":"Eintauchen in die Elbschulwelt"},"content":{"rendered":"<p><strong>2. Elbschulkultur-Tag am 10. Juni 2016<\/strong><\/p>\n<p><div id=\"metaslider-id-982\" style=\"max-width: 630px; margin: 0 auto;\" class=\"ml-slider-3-107-0 metaslider metaslider-nivo metaslider-982 ml-slider ms-theme-nivo-bar\" role=\"region\" aria-label=\"Elbschulkulturtag 2016\" data-height=\"520\" data-width=\"630\">\n    <div id=\"metaslider_container_982\">\n        <div class='slider-wrapper theme-default'><div class='ribbon'><\/div><div id='metaslider_982' class='nivoSlider'><img loading=\"lazy\" decoding=\"async\" src=\"https:\/\/elbschule.hamburg.de\/wp-content\/uploads\/sites\/127\/2016\/07\/Der-Eingang-wird-geschm\u00fcckt-581x480.jpg\" height=\"520\" width=\"630\" data-caption=\"Letzte Vorbereitungen\" alt=\"\" class=\"slider-982 slide-972 msDefaultImage\" \/><img loading=\"lazy\" decoding=\"async\" src=\"https:\/\/elbschule.hamburg.de\/wp-content\/uploads\/sites\/127\/2016\/07\/Unterwasserwelt-im-Treppenhaus.jpeg-579x478.jpg\" height=\"520\" width=\"630\" data-caption=\"Unterwasserwelt im Treppenhaus\" alt=\"\" class=\"slider-982 slide-979 msDefaultImage\" \/><img loading=\"lazy\" decoding=\"async\" src=\"https:\/\/elbschule.hamburg.de\/wp-content\/uploads\/sites\/127\/2016\/07\/Tanzen-mit-Schwarzlicht-517x427.jpg\" height=\"520\" width=\"630\" data-caption=\"Tanzen mit Schwarzlicht\" alt=\"\" class=\"slider-982 slide-977 msDefaultImage\" \/><img loading=\"lazy\" decoding=\"async\" src=\"https:\/\/elbschule.hamburg.de\/wp-content\/uploads\/sites\/127\/2016\/07\/Screenshot-aus-dem-Musikvideo-484x400.png\" height=\"520\" width=\"630\" data-caption=\"Screenshot aus dem Musikvideo\" alt=\"\" class=\"slider-982 slide-976 msDefaultImage\" \/><img loading=\"lazy\" decoding=\"async\" src=\"https:\/\/elbschule.hamburg.de\/wp-content\/uploads\/sites\/127\/2016\/07\/Monster-gibt-es-nicht.jpeg-581x480.jpg\" height=\"520\" width=\"630\" data-caption=\"Monster gibt es nicht!\" alt=\"\" class=\"slider-982 slide-975 msDefaultImage\" \/><img loading=\"lazy\" decoding=\"async\" src=\"https:\/\/elbschule.hamburg.de\/wp-content\/uploads\/sites\/127\/2016\/07\/Trommelgruppe-auf-der-Au\u00dfenb\u00fchne-581x480.jpg\" height=\"520\" width=\"630\" data-caption=\"Trommelgruppe auf der Au&szlig;enb&uuml;hne\" alt=\"\" class=\"slider-982 slide-978 msDefaultImage\" \/><img loading=\"lazy\" decoding=\"async\" src=\"https:\/\/elbschule.hamburg.de\/wp-content\/uploads\/sites\/127\/2016\/07\/Hausmeister-Emre-moderiert-die-B\u00fchnenshow.jpeg-581x480.jpg\" height=\"520\" width=\"630\" data-caption=\"Hausmeister Emre moderiert die B&uuml;hnenshow\" alt=\"\" class=\"slider-982 slide-973 msDefaultImage\" \/><img loading=\"lazy\" decoding=\"async\" src=\"https:\/\/elbschule.hamburg.de\/wp-content\/uploads\/sites\/127\/2016\/07\/Malen-nach-Mir\u00f3-581x480.jpg\" height=\"520\" width=\"630\" data-caption=\"Malen nach Mir&oacute;\" alt=\"\" class=\"slider-982 slide-974 msDefaultImage\" \/><img loading=\"lazy\" decoding=\"async\" src=\"https:\/\/elbschule.hamburg.de\/wp-content\/uploads\/sites\/127\/2016\/07\/Choreographie-zu-Watch-me-517x427.jpg\" height=\"520\" width=\"630\" data-caption=\"Choreographie zu &quot;Watch me&quot;\" alt=\"\" class=\"slider-982 slide-971 msDefaultImage\" \/><img loading=\"lazy\" decoding=\"async\" src=\"https:\/\/elbschule.hamburg.de\/wp-content\/uploads\/sites\/127\/2016\/07\/Beim-Fotoshooting-581x480.jpg\" height=\"520\" width=\"630\" data-caption=\"Beim Fotoshooting\" alt=\"\" class=\"slider-982 slide-970 msDefaultImage\" \/><img loading=\"lazy\" decoding=\"async\" src=\"https:\/\/elbschule.hamburg.de\/wp-content\/uploads\/sites\/127\/2016\/07\/Bauen-nach-Hundertwasser-581x480.jpg\" height=\"520\" width=\"630\" data-caption=\"Bauen nach Hundertwasser\" alt=\"\" class=\"slider-982 slide-968 msDefaultImage\" \/><img loading=\"lazy\" decoding=\"async\" src=\"https:\/\/elbschule.hamburg.de\/wp-content\/uploads\/sites\/127\/2016\/07\/Beim-Basteln-der-Kuscheltierzimmer-581x480.jpg\" height=\"520\" width=\"630\" data-caption=\"Beim Basteln der Kuscheltierzimmer\" alt=\"\" class=\"slider-982 slide-969 msDefaultImage\" \/><img loading=\"lazy\" decoding=\"async\" src=\"https:\/\/elbschule.hamburg.de\/wp-content\/uploads\/sites\/127\/2016\/07\/Ansprache-an-der-Au\u00dfenb\u00fchne-Schulleiter-Johannes-Eitner-re.-581x480.jpg\" height=\"520\" width=\"630\" data-caption=\"Ansprache an der Au&szlig;enb&uuml;hne, Schulleiter Johannes Eitner (re.)\" alt=\"\" class=\"slider-982 slide-967 msDefaultImage\" \/><\/div><\/div>\n        \n    <\/div>\n<\/div><br \/>\n\u201eHeute ist ein Feiertag\u201c, sagte die siebenj\u00e4hrige Kati aus der Vorschulklasse und Herr Eitner erg\u00e4nzte in seiner Begr\u00fc\u00dfungsansprache: \u201eWir feiern die Elbschulkultur!\u201c Nach dem gro\u00dfen Erfolg im vergangenen Jahr war klar, dass es eine Fortsetzung geben w\u00fcrde: Einen festlichen Rahmen, in dem kreative Arbeiten, die in jeder Klasse im Laufe des Schuljahres entstanden waren, angemessen gew\u00fcrdigt werden k\u00f6nnten. Der 2. Elbschulkultur-Tag fand am Freitag, den 10. Juni 2016 statt. Eine gro\u00dfe Anzahl von Besuchern str\u00f6mte von 14:30 bis 18:00 Uhr durch die R\u00e4ume und \u00fcber das Gel\u00e4nde. Die Au\u00dfenb\u00fchne bebte unter den hei\u00dfen Rhythmen der Trommelgruppe und den Koordinationsk\u00fcnstlern beim Rope-Skipping. Sie bot auch den Paart\u00e4nzern eine Plattform, ihr K\u00f6nnen im Disco Fox zu pr\u00e4sentieren.<\/p>\n<p>Das B\u00fchnenprogramm in der voll besetzen Aula fesselte die G\u00e4ste mit einem Mix aus Tanz, Theater und Film. Die Show wurde mit gro\u00dfem kom\u00f6diantischem Talent von \u201eHausmeister Emre\u201c moderiert, der als Nebent\u00e4tigkeit die Schulbank in Klasse 10 dr\u00fcckt. In diesem Jahr pr\u00e4sentierten sich deutlich mehr Kinder und Jugendliche mit einem Tanzauftritt als beim ersten Elbschulkultur-Tag. Das mag an der gewachsenen Selbstsicherheit gelegen haben, bei den Sch\u00fclern aus Klasse 5und 6 aber mit Sicherheit auch an dem intensiven Training mit dem Bundesjugendballett.<\/p>\n<p>Wie schon im Vorjahr eroberten die 2.\/3. Klassen mit einem Theaterst\u00fcck die Herzen der Zuschauer: \u201eMonster gibt es nicht!\u201c \u2013 oder vielleicht doch? Auch die geb\u00e4rdensprachliche Interpretation des Jahrgangs 7\/8 von Goethes \u201eErlk\u00f6nig\u201c zur Musik von Schubert ber\u00fchrte das Publikum.<\/p>\n<p>Durch die Ausstellung der vielen bildnerischen Kunstwerke ver\u00e4nderte sich die Wirkung der R\u00e4ume deutlich. Einen magischen Effekt erzielte das zur Unterwasserwelt verh\u00fcllte blaue Treppenhaus mit gro\u00dfen und kleinen Fischen, die mit Frottagetechnik gestaltet worden waren. Bereits an den Vortagen konnten Grundschulklassen beobachtet werden, die auf dem Weg ins Schulrestaurant das Treppenhaus mit kr\u00e4ftigen Armst\u00f6\u00dfen \u201eemporschwammen\u201c. Dieser einnehmende Effekt wurde auch von den Besuchern positiv wahrgenommen und als ein \u201eEintauchen in die Elbschulwelt\u201c empfunden.<\/p>\n<p>Andere Klassen wiederum hatten sich in Anlehnung an die K\u00fcnstler Hundertwasser, Kandinsky und Mir\u00f3 zu eigenen Kunstwerken inspirieren lassen und auch Postkarten im Stil von Eric Carle gestaltet.<\/p>\n<p>Was die Handpuppe Mo aus dem Lese-Schreib-Lehrgang der Klasse E1 nachts mit seinen Freunden erlebt, hatten sich die Kinder selbst ausgedacht. Mit professioneller Unterst\u00fctzung durch Line Hoven entwickelten sie ein Kuscheltiertheater und Buchprojekt zu dieser Geschichte, das von einer Mutter fotografiert wurde. Das Ergebnis konnte sich sehen lassen: Das Bilderbuch \u201eMo und seine Freunde\u201c wurde zum Selbstkostenpreis in liebevolle H\u00e4nde abgegeben und fand rei\u00dfenden Absatz.<\/p>\n<p>Lob kam auch aus der professionellen Musikszene. \u201eLasse redn\u201c \u2013 ein bekannter Song der Berliner Band \u201eDie \u00c4rzte\u201c war von den Zehntkl\u00e4sslern in einem sehr gelungenen Musikvideo interpretiert worden, das sie selbstst\u00e4ndig gedreht und geschnitten hatten. Das Management der Band \u201eDie \u00c4rzte\u201c gratulierte den Sch\u00fclerinnen und Sch\u00fclern zu ihrer \u201etollen Verfilmung\u201c und autorisierte zu deren gro\u00dfer Freude die Ver\u00f6ffentlichung auf der Elbschulhomepage \u2013 gleich <u>hier<\/u>.<\/p>\n<p><iframe loading=\"lazy\" src=\"https:\/\/www.youtube.com\/embed\/GMguRbQ0zMw\" width=\"420\" height=\"315\" frameborder=\"0\" allowfullscreen=\"allowfullscreen\"><\/iframe><\/p>\n<p>Der diesj\u00e4hrige Elbschulkultur-Tag zeigte eindrucksvoll, welche k\u00fcnstlerischen Potenziale die Sch\u00fclerinnen und Sch\u00fcler besitzen und \u201cwie ihre positive Auftrittsenergie einen Tag tr\u00e4gt und alle zusammenschwei\u00dft\u201c (Theaterp\u00e4dagogin Susanne Tod).<\/p>\n<p>Als Erinnerung bleiben die archivierten Duplikate aus dem Fotoautomaten, der die fr\u00f6hliche Stimmung dokumentierte und auch die Besucher kreativ werden lie\u00df. Ein besonderer Dank gilt dem siebenk\u00f6pfigen Organisationsteam, das diesen Tag erm\u00f6glichte.<\/p>\n<p>Der Elbschulkultur-Tag ist Kult geworden!<\/p>\n<p>&nbsp;<\/p>\n<p><u>Besucherstimmen:<\/u><\/p>\n<p>\u201eTolle Dekoration; Mix von Besuchern, Eltern, Sch\u00fclerInnen und Kindern gef\u00e4llt\u201c<\/p>\n<p>\u201eBeeindruckende Auff\u00fchrungen\u201c<\/p>\n<p>\u201eGute Idee mit dem Fotoautomaten\u201c<\/p>\n<p>\u201eSehr netter Empfang in den verschiedenen Klassenr\u00e4umen\u201c<\/p>\n<p>\u201eDie Monster und Hausmeister genial\u201c<\/p>\n","protected":false},"excerpt":{"rendered":"<p>2. Elbschulkultur-Tag am 10. Juni 2016 \u201eHeute ist ein Feiertag\u201c, sagte die siebenj\u00e4hrige Kati aus der Vorschulklasse und Herr Eitner erg\u00e4nzte in seiner Begr\u00fc\u00dfungsansprache: \u201eWir feiern die Elbschulkultur!\u201c Nach dem gro\u00dfen Erfolg im vergangenen Jahr war klar, dass es eine Fortsetzung geben w\u00fcrde: Einen festlichen Rahmen, in dem kreative Arbeiten, die in jeder Klasse im &hellip; <a href=\"https:\/\/elbschule.hamburg.de\/?page_id=981\" class=\"more-link\"><span class=\"screen-reader-text\">Eintauchen in die Elbschulwelt<\/span> weiterlesen <span class=\"meta-nav\">&rarr;<\/span><\/a><\/p>\n","protected":false},"author":206,"featured_media":0,"parent":0,"menu_order":0,"comment_status":"closed","ping_status":"closed","template":"","meta":{"_acf_changed":false,"footnotes":""},"class_list":["post-981","page","type-page","status-publish","hentry"],"acf":[],"_links":{"self":[{"href":"https:\/\/elbschule.hamburg.de\/index.php?rest_route=\/wp\/v2\/pages\/981","targetHints":{"allow":["GET"]}}],"collection":[{"href":"https:\/\/elbschule.hamburg.de\/index.php?rest_route=\/wp\/v2\/pages"}],"about":[{"href":"https:\/\/elbschule.hamburg.de\/index.php?rest_route=\/wp\/v2\/types\/page"}],"author":[{"embeddable":true,"href":"https:\/\/elbschule.hamburg.de\/index.php?rest_route=\/wp\/v2\/users\/206"}],"replies":[{"embeddable":true,"href":"https:\/\/elbschule.hamburg.de\/index.php?rest_route=%2Fwp%2Fv2%2Fcomments&post=981"}],"version-history":[{"count":1,"href":"https:\/\/elbschule.hamburg.de\/index.php?rest_route=\/wp\/v2\/pages\/981\/revisions"}],"predecessor-version":[{"id":983,"href":"https:\/\/elbschule.hamburg.de\/index.php?rest_route=\/wp\/v2\/pages\/981\/revisions\/983"}],"wp:attachment":[{"href":"https:\/\/elbschule.hamburg.de\/index.php?rest_route=%2Fwp%2Fv2%2Fmedia&parent=981"}],"curies":[{"name":"wp","href":"https:\/\/api.w.org\/{rel}","templated":true}]}}