{"id":949,"date":"2016-07-12T10:54:41","date_gmt":"2016-07-12T10:54:41","guid":{"rendered":"http:\/\/elbschule.hamburg.de\/?page_id=949"},"modified":"2016-07-22T15:13:33","modified_gmt":"2016-07-22T15:13:33","slug":"neues-aus-der-elbschule-schuelerzeitung-kl-8i","status":"publish","type":"page","link":"https:\/\/elbschule.hamburg.de\/?page_id=949","title":{"rendered":"Neues aus der Elbschule &#8211; Sch\u00fclerzeitung Kl. 8I"},"content":{"rendered":"<h4><strong>Der Klassenhund von Niclas<\/strong><\/h4>\n<figure id=\"attachment_958\" aria-describedby=\"caption-attachment-958\" style=\"width: 173px\" class=\"wp-caption alignright\"><a href=\"https:\/\/elbschule.hamburg.de\/wp-content\/uploads\/sites\/127\/2016\/07\/Anni.jpg\" data-rel=\"lightbox\" data-rl_title=\"\" data-rl_caption=\"\" title=\"\"><img loading=\"lazy\" decoding=\"async\" class=\" wp-image-958\" src=\"https:\/\/elbschule.hamburg.de\/wp-content\/uploads\/sites\/127\/2016\/07\/Anni.jpg\" alt=\"Quelle: FvP\" width=\"173\" height=\"233\" \/><\/a><figcaption id=\"caption-attachment-958\" class=\"wp-caption-text\">Quelle: FvP<\/figcaption><\/figure>\n<p>Es war Donnerstag.<br \/>\nIch ging voller Vorfreude in die Klasse, mit dem Wissen, das dort etwas wartet. Und tats\u00e4chlich: In einer Ecke des Klassenraums lag Anni.<br \/>\nDie H\u00fcndin schaute neugierig auf, als ich und die restlichen Sch\u00fcler rein kamen und wollte schon aufstehen, aber unsere Lehrerin Frau von Puttkamer befahl Anni liegen zu bleiben.<br \/>\nW\u00e4hrend des Unterrichts lag Anni die meiste Zeit im Korb. Und wenn sie nicht lag, trottete sie herum und beschn\u00fcffelte alles neugierig und ging dabei immer zwischen die Tischbeine meines Sitznachbarn hindurch, was \u00fcbrigens sehr witzig war.<br \/>\nDie n\u00e4chsten 2 Stunden hatten wir in einem anderen Raum Unterricht, weshalb Anni nicht dabei war.<br \/>\nWir hatten danach nun Philosophie und die erste Stunde Unterricht gehabt, die zweite Stunde aber hatten wir mit Anni gespielt.<br \/>\nWir hatten Annis Ball versteckt und sie musste ihn suchen.<br \/>\nFrau von Puttkamer hat jedem von uns ein Leckerli gegeben und das konnten wir Anni geben.<br \/>\nAu\u00dferdem konnten wir ihr Befehle geben wie zum Beispiel ,,Sitz\u201c oder ,,Gib den Ball\u201c.<br \/>\nEs hat sehr viel Spa\u00df gemacht, besonders weil sie einige Gesichter angeschlabbert hatte.<br \/>\nDie Stunde war dann aber auch zu Ende und wie jeder Spa\u00df geht auch dieser hier zu Ende.<br \/>\nSp\u00e4ter sah ich, wie Frau von Puttkamer mit Anni auf dem Hof ging, durch die Gittert\u00fcr zum Parkplatz und sich auf den Weg nach Hause machte.<\/p>\n<p>Ich werde nun die Kommandos, auf die Anni h\u00f6rt, und die Regeln im Umgang mit Anni erkl\u00e4ren.<\/p>\n<p><strong><u>Kommandos, auf die Anni h\u00f6rt<\/u><\/strong><\/p>\n<p>Nur einmal<strong> laut und deutlich <\/strong>sagen<strong>! <\/strong>Zur Unterst\u00fctzung werden besondere<strong> Sichtzeichen <\/strong>mit der Hand gegeben<strong>. <\/strong>Unbedingt<strong> loben <\/strong>mit<strong> \u201eFein!\u201c <\/strong>oder<strong> \u201ePrima!\u201c, <\/strong>wenn sie das Kommando ausgef\u00fchrt hat.<\/p>\n<p>\u201eSitz\u201c \u201ePlatz\u201c \u201eBleib\u201c \u201eUnd los\u201c \u201eStopp\u201c \u201eUnd weiter\u201c \u201eKomm her\u201c \u201eNein\u201c<\/p>\n<p>\u201eAus\u201c ,,In die Hand\u201c \u201eSuch\u201c \u201eBring den Ball\u201c \u201eIn dein K\u00f6rbchen\u201c<\/p>\n<p><strong>Regeln im Umgang mit Anni<\/strong><\/p>\n<ul>\n<li>Nur eine(r) ruft Anni!<\/li>\n<li>Anni bestimmt selbst, wann, bei wem und wie lange sie bei jemandem sein m\u00f6chte!<\/li>\n<li>Anni m\u00f6chte nur von einer Person gestreichelt werden!<\/li>\n<li>Ich \u00e4rgere Anni nicht und tue ihr auch nicht weh!<\/li>\n<li>Ich halte meinen Rucksack geschlossen! (das Pausenbrot \/ Leckereien riechen gut)<\/li>\n<li>Ich gebe Anni nie etwas zu fressen, au\u00dfer ich habe die Erlaubnis daf\u00fcr!<\/li>\n<li>Ich achte darauf, dass nichts auf dem Boden liegt! (Anni k\u00f6nnte es verschlucken, sich verletzen, oder etwas besch\u00e4digen).<\/li>\n<li>Ich nehme R\u00fccksicht auf Anni und verhalte mich ruhig!<\/li>\n<li>Wenn Anni im Klassenraum schl\u00e4ft, lasse ich sie in Ruhe!<\/li>\n<li>Bekomme ich Angst vor Anni, drehe ich ihr den R\u00fccken zu und bleibe stehen!<\/li>\n<li>Nachdem ich Anni gestreichelt habe und bevor ich etwas esse, wasche ich mir die H\u00e4nde!<\/li>\n<\/ul>\n<p>___________________________________________________________________________<\/p>\n<h4><strong>Elbschul-Kulturtag\u00a0 \u00a0<\/strong>von Sarah H.<\/h4>\n<p>Othmarschen<strong>: <\/strong>Zum zweiten Mal fand an der Elbschule der Elbschul-Kulturtag statt. Alle, von klein bis gro\u00df, zeigten etwas, z.B. einen Tanz, einen Comedy-Sketsch, ein Theaterst\u00fcck. Alle, die Lust und Zeit hatten, kamen. Hausmeister Emre moderierte durch den Tag. Als erstes kam eine \u201eKlatsch-Performers\u201c\u00a0\u00a0 Auff\u00fchrung mit \u201eEverybody Dance now\u201c. Dann kamen T\u00e4nze \u201eWatch Me\u201c und \u201eGentleman\u201c und eine Dance Battle mit den Songs \u201eTurn me on\u201c und Gummy Bear. Dann kamen die \u201eDithmarscher Jungs\u201c und das Gedicht \u201eDie wandelnde Glocke\u201c. Von den Kleinen gab es das Theaterst\u00fcck \u201eMonster gibt es nicht\u201c.<\/p>\n<p>Drau\u00dfen gab es dann den Paartanz Disco Fox und Trommeln.<\/p>\n<p>Es waren wirklich viele Menschen da. Ich hatte das Gef\u00fchl, dass mehr da waren als letztes Jahr.<\/p>\n<p>___________________________________________________________________________<\/p>\n<h4><strong>Das Interview mit Sarah \u00fcber \u201eTypisch Lehrer\u201c <\/strong><\/h4>\n<p><em>Das Interview \u00fcber Lehrer haben wir gemacht, weil es uns interessiert, was <\/em><em>Sch\u00fcler so \u00fcber Lehrer denken&#8230;<\/em><\/p>\n<p>Moritz: <strong>Magst du Lehrer? <\/strong><\/p>\n<p>Sarah: Ja!<\/p>\n<p>Moritz: <strong>Warum sind Lehrer wichtig?<\/strong><\/p>\n<p>Sarah: Um zu lernen, was wichtig ist.<\/p>\n<p>Moritz<strong>: Wie stellst du dir einen typischen Lehrer vor?<\/strong><\/p>\n<p>Sarah: Eigentlich ganz normal.<\/p>\n<p>Moritz: <strong>Was magst du NICHT an typischen Lehrern?<\/strong><\/p>\n<p>Sarah: Wenn die streng sind und nicht darauf achten, wenn ein Sch\u00fcler im Unterricht schl\u00e4ft.<\/p>\n<p>Moritz: <strong>Wieso sind manche Lehrer streng?<\/strong><\/p>\n<p>Sarah: Damit man lernt, wie man sich verh\u00e4lt<\/p>\n<p>Moritz: <strong>Warum haben manche Lehrer einen Rucksack?<\/strong><\/p>\n<p>Sarah: Da sind Arbeitssachen drin.<\/p>\n<p>&nbsp;<\/p>\n<p>Interviewer Moritz, Emil und Niclas<\/p>\n","protected":false},"excerpt":{"rendered":"<p>Der Klassenhund von Niclas Es war Donnerstag. Ich ging voller Vorfreude in die Klasse, mit dem Wissen, das dort etwas wartet. Und tats\u00e4chlich: In einer Ecke des Klassenraums lag Anni. Die H\u00fcndin schaute neugierig auf, als ich und die restlichen Sch\u00fcler rein kamen und wollte schon aufstehen, aber unsere Lehrerin Frau von Puttkamer befahl Anni &hellip; <a href=\"https:\/\/elbschule.hamburg.de\/?page_id=949\" class=\"more-link\"><span class=\"screen-reader-text\">Neues aus der Elbschule &#8211; Sch\u00fclerzeitung Kl. 8I<\/span> weiterlesen <span class=\"meta-nav\">&rarr;<\/span><\/a><\/p>\n","protected":false},"author":207,"featured_media":0,"parent":0,"menu_order":0,"comment_status":"closed","ping_status":"closed","template":"","meta":{"_acf_changed":false,"footnotes":""},"class_list":["post-949","page","type-page","status-publish","hentry"],"acf":[],"_links":{"self":[{"href":"https:\/\/elbschule.hamburg.de\/index.php?rest_route=\/wp\/v2\/pages\/949","targetHints":{"allow":["GET"]}}],"collection":[{"href":"https:\/\/elbschule.hamburg.de\/index.php?rest_route=\/wp\/v2\/pages"}],"about":[{"href":"https:\/\/elbschule.hamburg.de\/index.php?rest_route=\/wp\/v2\/types\/page"}],"author":[{"embeddable":true,"href":"https:\/\/elbschule.hamburg.de\/index.php?rest_route=\/wp\/v2\/users\/207"}],"replies":[{"embeddable":true,"href":"https:\/\/elbschule.hamburg.de\/index.php?rest_route=%2Fwp%2Fv2%2Fcomments&post=949"}],"version-history":[{"count":1,"href":"https:\/\/elbschule.hamburg.de\/index.php?rest_route=\/wp\/v2\/pages\/949\/revisions"}],"predecessor-version":[{"id":959,"href":"https:\/\/elbschule.hamburg.de\/index.php?rest_route=\/wp\/v2\/pages\/949\/revisions\/959"}],"wp:attachment":[{"href":"https:\/\/elbschule.hamburg.de\/index.php?rest_route=%2Fwp%2Fv2%2Fmedia&parent=949"}],"curies":[{"name":"wp","href":"https:\/\/api.w.org\/{rel}","templated":true}]}}