{"id":937,"date":"2016-07-10T14:23:30","date_gmt":"2016-07-10T14:23:30","guid":{"rendered":"http:\/\/elbschule.hamburg.de\/?page_id=937"},"modified":"2016-07-12T11:15:17","modified_gmt":"2016-07-12T11:15:17","slug":"elbschulnews-von-der-klasse-8i-sonderausgabe","status":"publish","type":"page","link":"https:\/\/elbschule.hamburg.de\/?page_id=937","title":{"rendered":"Elbschulnews von der Klasse 8I &#8211; Sonderausgabe"},"content":{"rendered":"<h3 style=\"text-align: center\"><strong><u>Inhaltsverzeichnis<\/u><\/strong><strong><u><a href=\"https:\/\/elbschule.hamburg.de\/wp-content\/uploads\/sites\/127\/2016\/07\/HP.jpg\" data-rel=\"lightbox\" data-rl_title=\"\" data-rl_caption=\"\" title=\"\"><br \/>\n<img loading=\"lazy\" decoding=\"async\" class=\" wp-image-938 alignleft\" src=\"https:\/\/elbschule.hamburg.de\/wp-content\/uploads\/sites\/127\/2016\/07\/HP.jpg\" alt=\"HP\" width=\"150\" height=\"159\" \/><\/a><\/u><\/strong><\/h3>\n<ul>\n<li><a href=\"https:\/\/elbschule.hamburg.de\/?page_id=949\"><strong>Neues aus der Elbschule<\/strong><\/a><br \/>\nDer Familienhund, Der Klassenhund, Elbschulkultur-Tag, Typisch Lehrer<\/li>\n<li><a href=\"https:\/\/elbschule.hamburg.de\/?page_id=948\"><strong>Life<\/strong><\/a><br \/>\nDas Leben der Schwerh\u00f6rigen und Geh\u00f6rlosen, Zukunftstr\u00e4ume, Ronja, der Familienhund<\/p>\n<p><img loading=\"lazy\" decoding=\"async\" class=\"wp-image-940 alignright\" src=\"https:\/\/elbschule.hamburg.de\/wp-content\/uploads\/sites\/127\/2016\/07\/Zeitung-II.jpg\" alt=\"Zeitung II\" width=\"155\" height=\"148\" \/><\/li>\n<li><a href=\"https:\/\/elbschule.hamburg.de\/?page_id=944\"><strong>Sport<\/strong><\/a><br \/>\nLet\u00b4s dance, St. Pauli ganz oben, Interview mit Philip, Interview mit Emre, Ronaldo\u00b4s Geschichte<strong><br \/>\n<img loading=\"lazy\" decoding=\"async\" class=\" wp-image-941 alignleft\" src=\"https:\/\/elbschule.hamburg.de\/wp-content\/uploads\/sites\/127\/2016\/07\/Zeitung-III.jpg\" alt=\"Zeitung III\" width=\"203\" height=\"170\" \/><\/strong><\/li>\n<\/ul>\n<ul>\n<li><strong><a href=\"https:\/\/elbschule.hamburg.de\/?page_id=946\">Liebe<\/a><\/strong><br \/>\nBeziehung, Freundschaft, Lovestory<\/li>\n<\/ul>\n<ul>\n<li><strong><a href=\"https:\/\/elbschule.hamburg.de\/?page_id=950\">Gaming<\/a><\/strong><br \/>\nInterview mit einem Gamer, Clash Royale, Bloons TD5<\/li>\n<\/ul>\n<p>&nbsp;<\/p>\n","protected":false},"excerpt":{"rendered":"<p>Inhaltsverzeichnis Neues aus der Elbschule Der Familienhund, Der Klassenhund, Elbschulkultur-Tag, Typisch Lehrer Life Das Leben der Schwerh\u00f6rigen und Geh\u00f6rlosen, Zukunftstr\u00e4ume, Ronja, der Familienhund Sport Let\u00b4s dance, St. Pauli ganz oben, Interview mit Philip, Interview mit Emre, Ronaldo\u00b4s Geschichte Liebe Beziehung, Freundschaft, Lovestory Gaming Interview mit einem Gamer, Clash Royale, Bloons TD5 &nbsp;<\/p>\n","protected":false},"author":207,"featured_media":0,"parent":0,"menu_order":0,"comment_status":"closed","ping_status":"closed","template":"","meta":{"_acf_changed":false,"footnotes":""},"class_list":["post-937","page","type-page","status-publish","hentry"],"acf":[],"_links":{"self":[{"href":"https:\/\/elbschule.hamburg.de\/index.php?rest_route=\/wp\/v2\/pages\/937","targetHints":{"allow":["GET"]}}],"collection":[{"href":"https:\/\/elbschule.hamburg.de\/index.php?rest_route=\/wp\/v2\/pages"}],"about":[{"href":"https:\/\/elbschule.hamburg.de\/index.php?rest_route=\/wp\/v2\/types\/page"}],"author":[{"embeddable":true,"href":"https:\/\/elbschule.hamburg.de\/index.php?rest_route=\/wp\/v2\/users\/207"}],"replies":[{"embeddable":true,"href":"https:\/\/elbschule.hamburg.de\/index.php?rest_route=%2Fwp%2Fv2%2Fcomments&post=937"}],"version-history":[{"count":1,"href":"https:\/\/elbschule.hamburg.de\/index.php?rest_route=\/wp\/v2\/pages\/937\/revisions"}],"predecessor-version":[{"id":966,"href":"https:\/\/elbschule.hamburg.de\/index.php?rest_route=\/wp\/v2\/pages\/937\/revisions\/966"}],"wp:attachment":[{"href":"https:\/\/elbschule.hamburg.de\/index.php?rest_route=%2Fwp%2Fv2%2Fmedia&parent=937"}],"curies":[{"name":"wp","href":"https:\/\/api.w.org\/{rel}","templated":true}]}}