{"id":902,"date":"2016-05-02T11:07:41","date_gmt":"2016-05-02T11:07:41","guid":{"rendered":"http:\/\/elbschule.hamburg.de\/?page_id=902"},"modified":"2016-05-02T11:08:49","modified_gmt":"2016-05-02T11:08:49","slug":"spielvorstellungen-clash-of-clans","status":"publish","type":"page","link":"https:\/\/elbschule.hamburg.de\/?page_id=902","title":{"rendered":"Spielvorstellungen &#8211; Clash of Clans und League of Legends"},"content":{"rendered":"<h1>Clash of Clans<\/h1>\n<p><strong><em>In welchem Alter kann ich spielen?<\/em><\/strong><\/p>\n<p>Bisher wurde es noch nicht best\u00e4tigt, aber heutzutage sagen die Anbieter der App, dass es ab 6 Jahren erlaubt ist.<\/p>\n<p><strong><em>Wo kann ich es holen?<\/em><\/strong><\/p>\n<p>Es ist ganz gew\u00f6hnlich bei App-Downloads zu holen wie z. B. App Store (Apple), Play Store oder auch bei Google Play.<\/p>\n<p><strong><em>Wie viel kostet das Spiel?<\/em><\/strong><\/p>\n<p>Es ist kostenlos und zuverl\u00e4ssig. , Clash of Clans greift nur auf Dateien zu, die es braucht.<\/p>\n<p><strong><em>Was tut man in dem Spiel?<\/em><\/strong><\/p>\n<p>Es ist ein Strategiespiel. Man baut seine eigene Base und greift andere an um die Beute zu erobern. Man kann mit anderen Spieler zusammen spielen -in einen Clan (Gemeinschaft) sein &#8211; und Clankriege mit andren Clans machen.<\/p>\n<p><strong><em>Ich brauche Hilfe bei diesem Spiel.<\/em><\/strong><\/p>\n<p>Die erste M\u00f6glichkeit ist, andere Sch\u00fcler zu fragen die Clash of Clans spielen, so wie ich. Die zweite M\u00f6glichkeit ist, dass ihr auf Clash of Clans deutsche Wiki- Seite geht und da steht auch alles M\u00f6gliche.<\/p>\n<p><strong><em>Meine Empfehlung f\u00fcr Clash of Clans.<\/em><\/strong><\/p>\n<p>Wer mit Clash of Clans Unterhaltung haben m\u00f6chtet, der kann auf Youtube unter ,,MrMobileFanboy\u2018\u2018 und ,,Lichtle\u2018\u2018 schauen. Ebenfalls sind die hilfreich zum Spielen.<\/p>\n<p>Oleks Klasse 7bI<\/p>\n<p>&nbsp;<\/p>\n<p><strong>Was ist League of Legends?<\/strong><\/p>\n<p>League of Legends ist ein MOBA (Mobile Online Battle Arena), das von dem amerikanischen Spieleproduzenten \u201eRiot Games\u201c produziert wurde. Das Spiel gibt es seit 2009 und ist gratis. Man kann aber Vorteile im Spiel durch Bezahlung erwerben. Das Spiel hat eine Altersempfehlung von der USK ab 12 Jahren. In dem Spiel geht es darum, dass 2 verschiedene Teams mit jeweils 5 verschiedenen Charakteren (manchmal auch 5 gleiche Charaktere, je nachdem welchen Spielmodus man gerade spielt). Das Ziel ist, das gegnerische Hauptgeb\u00e4ude &#8211; den \u201eNexus\u201c- zu zerst\u00f6ren und seinen eigenen zu besch\u00fctzen. Die Hauptkarte ist geformt wie ein Drache und ist durch einen Fluss, der durch die gesamte Karte flie\u00dft in 2 Teile getrennt. Es gibt insgesamt etwa 129 verschiedene Charaktere, alle paar Wochen wird 1 neuer Charakter hinzugef\u00fcgt. Jeder Charakter hat eigene, besondere F\u00e4higkeiten und Spielstile, die ihn von den anderen unterscheiden. Es gibt Charaktere, die m\u00fcssen ihre F\u00e4higkeiten in einer bestimmten Reihenfolge benutzen um den Charakter gut spielen zu k\u00f6nnen. Da gibt es welche, die sind super einfach und welche, die verdammt schwer sind. Mit weltweit 67 Millionen Spielern ist League of Legends eines der meistgespielten Spiele auf der Welt. Jedes Jahr finden die sogenannten LCS statt, was so etwas wie die Weltmeisterschaften f\u00fcr League of Legends ist. Da k\u00f6nnen bei verschiedenen Spielen bis zu 2,3 Millionen Leute zuschauen. Alles im allem ist das Spiel immer noch ein Knaller, weil es einfach sehr viele Leute spielen und das Spiel im 3 Wochen-Takt ein update bekommt.<\/p>\n<p>Von Alexander<\/p>\n","protected":false},"excerpt":{"rendered":"<p>Clash of Clans In welchem Alter kann ich spielen? Bisher wurde es noch nicht best\u00e4tigt, aber heutzutage sagen die Anbieter der App, dass es ab 6 Jahren erlaubt ist. Wo kann ich es holen? Es ist ganz gew\u00f6hnlich bei App-Downloads zu holen wie z. B. App Store (Apple), Play Store oder auch bei Google Play. &hellip; <a href=\"https:\/\/elbschule.hamburg.de\/?page_id=902\" class=\"more-link\"><span class=\"screen-reader-text\">Spielvorstellungen &#8211; Clash of Clans und League of Legends<\/span> weiterlesen <span class=\"meta-nav\">&rarr;<\/span><\/a><\/p>\n","protected":false},"author":207,"featured_media":0,"parent":0,"menu_order":0,"comment_status":"closed","ping_status":"closed","template":"","meta":{"_acf_changed":false,"footnotes":""},"class_list":["post-902","page","type-page","status-publish","hentry"],"acf":[],"_links":{"self":[{"href":"https:\/\/elbschule.hamburg.de\/index.php?rest_route=\/wp\/v2\/pages\/902","targetHints":{"allow":["GET"]}}],"collection":[{"href":"https:\/\/elbschule.hamburg.de\/index.php?rest_route=\/wp\/v2\/pages"}],"about":[{"href":"https:\/\/elbschule.hamburg.de\/index.php?rest_route=\/wp\/v2\/types\/page"}],"author":[{"embeddable":true,"href":"https:\/\/elbschule.hamburg.de\/index.php?rest_route=\/wp\/v2\/users\/207"}],"replies":[{"embeddable":true,"href":"https:\/\/elbschule.hamburg.de\/index.php?rest_route=%2Fwp%2Fv2%2Fcomments&post=902"}],"version-history":[{"count":0,"href":"https:\/\/elbschule.hamburg.de\/index.php?rest_route=\/wp\/v2\/pages\/902\/revisions"}],"wp:attachment":[{"href":"https:\/\/elbschule.hamburg.de\/index.php?rest_route=%2Fwp%2Fv2%2Fmedia&parent=902"}],"curies":[{"name":"wp","href":"https:\/\/api.w.org\/{rel}","templated":true}]}}