{"id":90,"date":"2015-04-11T15:56:29","date_gmt":"2015-04-11T15:56:29","guid":{"rendered":"http:\/\/elbschule.schulhomepages.hamburg.de\/?page_id=90"},"modified":"2025-11-11T15:09:15","modified_gmt":"2025-11-11T14:09:15","slug":"kollegium","status":"publish","type":"page","link":"https:\/\/elbschule.hamburg.de\/?page_id=90","title":{"rendered":"Kollegium"},"content":{"rendered":"<h4 style=\"text-align: center\"><a href=\"https:\/\/elbschule.hamburg.de\/wp-content\/uploads\/sites\/127\/2025\/11\/Kollegiumsfoto.jpg\" data-rel=\"lightbox\" data-rl_title=\"\" data-rl_caption=\"\" title=\"\"><img loading=\"lazy\" decoding=\"async\" class=\"aligncenter size-full wp-image-5232\" src=\"https:\/\/elbschule.hamburg.de\/wp-content\/uploads\/sites\/127\/2025\/11\/Kollegiumsfoto.jpg\" alt=\"\" width=\"640\" height=\"427\" srcset=\"https:\/\/elbschule.hamburg.de\/wp-content\/uploads\/sites\/127\/2025\/11\/Kollegiumsfoto.jpg 640w, https:\/\/elbschule.hamburg.de\/wp-content\/uploads\/sites\/127\/2025\/11\/Kollegiumsfoto-300x200.jpg 300w\" sizes=\"auto, (max-width: 640px) 100vw, 640px\" \/><\/a><\/h4>\n<h4 style=\"text-align: center\">Alle Kolleginnen und Kollegen der Elbschule erreichen Sie per mail unter:<\/h4>\n<div class=\"maintext\">\n<h2>&lt;vorname.nachname&gt;@bzhk.hamburg.de<\/h2>\n<p>Bitte beachten Sie bei den Nachnamen folgende Schreibweise:<br \/>\n\u00e4 = ae<br \/>\n\u00f6 = oe<br \/>\n\u00fc = ue<br \/>\n\u00df = ss<\/p>\n<\/div>\n","protected":false},"excerpt":{"rendered":"<p>Alle Kolleginnen und Kollegen der Elbschule erreichen Sie per mail unter: &lt;vorname.nachname&gt;@bzhk.hamburg.de Bitte beachten Sie bei den Nachnamen folgende Schreibweise: \u00e4 = ae \u00f6 = oe \u00fc = ue \u00df = ss<\/p>\n","protected":false},"author":207,"featured_media":0,"parent":0,"menu_order":0,"comment_status":"closed","ping_status":"closed","template":"","meta":{"_acf_changed":false,"footnotes":""},"class_list":["post-90","page","type-page","status-publish","hentry"],"acf":[],"_links":{"self":[{"href":"https:\/\/elbschule.hamburg.de\/index.php?rest_route=\/wp\/v2\/pages\/90","targetHints":{"allow":["GET"]}}],"collection":[{"href":"https:\/\/elbschule.hamburg.de\/index.php?rest_route=\/wp\/v2\/pages"}],"about":[{"href":"https:\/\/elbschule.hamburg.de\/index.php?rest_route=\/wp\/v2\/types\/page"}],"author":[{"embeddable":true,"href":"https:\/\/elbschule.hamburg.de\/index.php?rest_route=\/wp\/v2\/users\/207"}],"replies":[{"embeddable":true,"href":"https:\/\/elbschule.hamburg.de\/index.php?rest_route=%2Fwp%2Fv2%2Fcomments&post=90"}],"version-history":[{"count":8,"href":"https:\/\/elbschule.hamburg.de\/index.php?rest_route=\/wp\/v2\/pages\/90\/revisions"}],"predecessor-version":[{"id":5229,"href":"https:\/\/elbschule.hamburg.de\/index.php?rest_route=\/wp\/v2\/pages\/90\/revisions\/5229"}],"wp:attachment":[{"href":"https:\/\/elbschule.hamburg.de\/index.php?rest_route=%2Fwp%2Fv2%2Fmedia&parent=90"}],"curies":[{"name":"wp","href":"https:\/\/api.w.org\/{rel}","templated":true}]}}