{"id":899,"date":"2016-05-02T11:01:49","date_gmt":"2016-05-02T11:01:49","guid":{"rendered":"http:\/\/elbschule.hamburg.de\/?page_id=899"},"modified":"2016-05-02T11:06:00","modified_gmt":"2016-05-02T11:06:00","slug":"interviews-mit-frau-junge-und-frau-schroeder-zum-spendenlauf","status":"publish","type":"page","link":"https:\/\/elbschule.hamburg.de\/?page_id=899","title":{"rendered":"Interviews mit Frau Junge und Frau Schr\u00f6der zum Spendenlauf"},"content":{"rendered":"<p><a href=\"https:\/\/elbschule.hamburg.de\/wp-content\/uploads\/sites\/127\/2015\/12\/Spendenlauf-V.jpg\" data-rel=\"lightbox\" data-rl_title=\"\" data-rl_caption=\"\" title=\"\"><img loading=\"lazy\" decoding=\"async\" class=\"alignleft wp-image-798\" src=\"https:\/\/elbschule.hamburg.de\/wp-content\/uploads\/sites\/127\/2015\/12\/Spendenlauf-V.jpg\" alt=\"Spendenlauf V\" width=\"308\" height=\"205\" srcset=\"https:\/\/elbschule.hamburg.de\/wp-content\/uploads\/sites\/127\/2015\/12\/Spendenlauf-V.jpg 2048w, https:\/\/elbschule.hamburg.de\/wp-content\/uploads\/sites\/127\/2015\/12\/Spendenlauf-V-300x199.jpg 300w, https:\/\/elbschule.hamburg.de\/wp-content\/uploads\/sites\/127\/2015\/12\/Spendenlauf-V-768x510.jpg 768w, https:\/\/elbschule.hamburg.de\/wp-content\/uploads\/sites\/127\/2015\/12\/Spendenlauf-V-1024x680.jpg 1024w\" sizes=\"auto, (max-width: 308px) 100vw, 308px\" \/><\/a>Am 8.Oktober fand ein Spendenlauf statt. Wir, vom Wahlpflichtkurs Sch\u00fclerzeitung, waren sehr neugierig und haben deshalb mit den beiden Lehrerinnen von der Elbschule \u00fcber den Spendenlauf ein Interview gemacht.<\/p>\n<p>&nbsp;<\/p>\n<p>&nbsp;<\/p>\n<p>Unsere Fragen:<\/p>\n<p><strong>Wie kamen sie auf diese Idee?<\/strong><\/p>\n<p>Frau Schroeder: Ich hatte geh\u00f6rt , dass die anderen Schulen auch <a href=\"https:\/\/elbschule.hamburg.de\/wp-content\/uploads\/sites\/127\/2015\/12\/Spendenlauf-I.jpg\" data-rel=\"lightbox\" data-rl_title=\"\" data-rl_caption=\"\" title=\"\"><img loading=\"lazy\" decoding=\"async\" class=\"wp-image-761 alignright\" src=\"https:\/\/elbschule.hamburg.de\/wp-content\/uploads\/sites\/127\/2015\/12\/Spendenlauf-I.jpg\" alt=\"Spendenlauf I\" width=\"302\" height=\"201\" srcset=\"https:\/\/elbschule.hamburg.de\/wp-content\/uploads\/sites\/127\/2015\/12\/Spendenlauf-I.jpg 1280w, https:\/\/elbschule.hamburg.de\/wp-content\/uploads\/sites\/127\/2015\/12\/Spendenlauf-I-300x199.jpg 300w, https:\/\/elbschule.hamburg.de\/wp-content\/uploads\/sites\/127\/2015\/12\/Spendenlauf-I-768x511.jpg 768w, https:\/\/elbschule.hamburg.de\/wp-content\/uploads\/sites\/127\/2015\/12\/Spendenlauf-I-1024x681.jpg 1024w\" sizes=\"auto, (max-width: 302px) 100vw, 302px\" \/><\/a>Spendenl\u00e4ufe machen. Ich fand das eine gute Idee und habe gedacht, dass wir es auch machen. Aber es gab schon einen vor zwei Jahren mit Frau Schmidt. (Ist jetzt verheiratet und hie\u00df damals noch Frau W\u00f6hler)<\/p>\n<p>Frau Junge: Ich habe geh\u00f6rt und gesehen, dass viele andere Gruppen in Hamburg auch Spendenl\u00e4ufe machen. Es machen auch viele Schulen in Hamburg mit. Die Idee war von UNICEF. Frau Schmidt hat die Idee von UNICEF \u00fcbernommen, wie letztes Mal.<\/p>\n<p><strong>Bekommen wir etwas Geld von dem, das wir erlaufen haben?<\/strong><\/p>\n<p>Frau Schroeder: Vielleicht, aber das m\u00fcssen noch die Lehrerinnen entscheiden. Es gibt 3 M\u00f6glichkeiten, aber es wird noch von den Lehrerinnen und Lehrern abgestimmt.<\/p>\n<p>Frau Junge: 50 % gelangt zu einem Fl\u00fcchtlingsdorf. Die 50 % Rest ist wahrscheinlich ist f\u00fcr den Schulverein.<\/p>\n<p><strong>Wohin gelangt das Geld genau?<\/strong><\/p>\n<p>Frau Junge: Zum Fl\u00fcchtlingsdorf. Das Geld brauchen die Fl\u00fcchtlinge f\u00fcr Sachen die sie noch brauchen. Zum Beispiel Kleidungen, Essen, Medikamente und mehr.<\/p>\n<p><strong>Wo werden wir laufen?<\/strong><\/p>\n<p>Frau Schroeder und Frau Junge: Im Rathenaupark wie das letztes Mal.<\/p>\n<p><strong>Wann und um wie viel Uhr wird es losgehen?<\/strong><\/p>\n<p>Frau Schroeder: Am 8 Oktober um 10:30 Uhr. Aber wir m\u00fcssen schon vorher da sein!<\/p>\n<p>Frau Junge: Um 10:00 Uhr gehen wir von der Schule los und gehen dann zur Rathenaupark. Um 10:30 laufen dann wir los. Wir haben 45 Minuten Zeit zum Laufen.<\/p>\n<p><strong>Wie soll es gehen? Gibt es einen Ablauf?<\/strong><\/p>\n<p>Frau Schroeder: Zuerst werden wir uns alle im Park treffen. Es gibt 5 Gruppen und jede Gruppe hat einen verschiedenen- farbigen Tisch. Auf den Tischen gibt es Wasser und Bananen. Dann werden alle L\u00e4ufer 45 Minuten laufen. F\u00fcr jede Runde bekommt man ein Gummiband. Am Ende werden die zusammen zusammengez\u00e4hlt und dann auf die Spendenkarte geschrieben. Sp\u00e4ter bezahlt der Sponsor f\u00fcr jede Runde, indem er Geld an die Schule spendet f\u00fcr die Fl\u00fcchtlinge.<\/p>\n<p><a href=\"https:\/\/elbschule.hamburg.de\/wp-content\/uploads\/sites\/127\/2015\/12\/Spendenlauf-II.jpg\" data-rel=\"lightbox\" data-rl_title=\"\" data-rl_caption=\"\" title=\"\"><img loading=\"lazy\" decoding=\"async\" class=\"alignleft size-full wp-image-762\" src=\"https:\/\/elbschule.hamburg.de\/wp-content\/uploads\/sites\/127\/2015\/12\/Spendenlauf-II.jpg\" alt=\"Spendenlauf II\" width=\"1280\" height=\"851\" srcset=\"https:\/\/elbschule.hamburg.de\/wp-content\/uploads\/sites\/127\/2015\/12\/Spendenlauf-II.jpg 1280w, https:\/\/elbschule.hamburg.de\/wp-content\/uploads\/sites\/127\/2015\/12\/Spendenlauf-II-300x199.jpg 300w, https:\/\/elbschule.hamburg.de\/wp-content\/uploads\/sites\/127\/2015\/12\/Spendenlauf-II-768x511.jpg 768w, https:\/\/elbschule.hamburg.de\/wp-content\/uploads\/sites\/127\/2015\/12\/Spendenlauf-II-1024x681.jpg 1024w\" sizes=\"auto, (max-width: 1280px) 100vw, 1280px\" \/><\/a><\/p>\n<p>Der letzte Spendenlauf war es sehr erfolgreich vor 2 Jahren. Es wurden ungef\u00e4hr 2350 Euro ge-spendet. So konnte Frau W\u00f6hler ( heute Frau Schmidt )mit dem Geld nach Afrika fahren, wo die Schule f\u00fcr Geh\u00f6rlose ist. Nach der Spende konnten in die Geh\u00f6rlosenschule ungef\u00e4hr 54 mehr geh\u00f6rlose Sch\u00fcler eingeschult werden. Es wurden neue Materialen, neue B\u00fccher, neue Schr\u00e4nke, neue Tische und ganz vieles Neues gekauft. Vor allem gibt es jetzt dort auch Strom und ein neues B\u00fcro.<\/p>\n<p>&nbsp;<\/p>\n","protected":false},"excerpt":{"rendered":"<p>Am 8.Oktober fand ein Spendenlauf statt. Wir, vom Wahlpflichtkurs Sch\u00fclerzeitung, waren sehr neugierig und haben deshalb mit den beiden Lehrerinnen von der Elbschule \u00fcber den Spendenlauf ein Interview gemacht. &nbsp; &nbsp; Unsere Fragen: Wie kamen sie auf diese Idee? Frau Schroeder: Ich hatte geh\u00f6rt , dass die anderen Schulen auch Spendenl\u00e4ufe machen. Ich fand das &hellip; <a href=\"https:\/\/elbschule.hamburg.de\/?page_id=899\" class=\"more-link\"><span class=\"screen-reader-text\">Interviews mit Frau Junge und Frau Schr\u00f6der zum Spendenlauf<\/span> weiterlesen <span class=\"meta-nav\">&rarr;<\/span><\/a><\/p>\n","protected":false},"author":207,"featured_media":0,"parent":0,"menu_order":0,"comment_status":"closed","ping_status":"closed","template":"","meta":{"_acf_changed":false,"footnotes":""},"class_list":["post-899","page","type-page","status-publish","hentry"],"acf":[],"_links":{"self":[{"href":"https:\/\/elbschule.hamburg.de\/index.php?rest_route=\/wp\/v2\/pages\/899","targetHints":{"allow":["GET"]}}],"collection":[{"href":"https:\/\/elbschule.hamburg.de\/index.php?rest_route=\/wp\/v2\/pages"}],"about":[{"href":"https:\/\/elbschule.hamburg.de\/index.php?rest_route=\/wp\/v2\/types\/page"}],"author":[{"embeddable":true,"href":"https:\/\/elbschule.hamburg.de\/index.php?rest_route=\/wp\/v2\/users\/207"}],"replies":[{"embeddable":true,"href":"https:\/\/elbschule.hamburg.de\/index.php?rest_route=%2Fwp%2Fv2%2Fcomments&post=899"}],"version-history":[{"count":1,"href":"https:\/\/elbschule.hamburg.de\/index.php?rest_route=\/wp\/v2\/pages\/899\/revisions"}],"predecessor-version":[{"id":900,"href":"https:\/\/elbschule.hamburg.de\/index.php?rest_route=\/wp\/v2\/pages\/899\/revisions\/900"}],"wp:attachment":[{"href":"https:\/\/elbschule.hamburg.de\/index.php?rest_route=%2Fwp%2Fv2%2Fmedia&parent=899"}],"curies":[{"name":"wp","href":"https:\/\/api.w.org\/{rel}","templated":true}]}}