{"id":893,"date":"2016-05-02T10:54:57","date_gmt":"2016-05-02T10:54:57","guid":{"rendered":"http:\/\/elbschule.hamburg.de\/?page_id=893"},"modified":"2016-05-02T10:54:57","modified_gmt":"2016-05-02T10:54:57","slug":"konzentrationslager","status":"publish","type":"page","link":"https:\/\/elbschule.hamburg.de\/?page_id=893","title":{"rendered":"Konzentrationslager"},"content":{"rendered":"<p>An einem Dienstagnachmittag haben wir uns den Film \u201eNeger, Neger, Schornsteinfeger\u201c nach der Autobiographie von Hans J\u00fcrgen Massaquoi angesehen, weil unsere Weiterarbeit an anderen Artikeln aus verschiedenen Gr\u00fcnden eine Pause hatte. Der Film spielt in Hamburg-Barmbek zur Zeit des 3.Reiches und handelt von dem Leben eines Jungen Deutsch-Afrikanischer Abstammung. Die Geschehnisse in dem Film haben die Sch\u00fclerinnen und Sch\u00fcler so sehr ber\u00fchrt, dass sie mehr \u00fcber die Zeit wissen wollten und zahlreiche Fragen stellten. So begannen sie zu recherchieren und folgender Artikel ist entstanden.<\/p>\n<p><u>Zweiter Weltkrieg<\/u><\/p>\n<p><strong>Als Hitler an der Macht war. :<\/strong><\/p>\n<p>Am Abend des 10. Mai 1933 herrschte auf dem Berliner Opernplatz eine lebhafte Stimmung. Gegen\u00fcber der Universit\u00e4t veranstalteten Studenten einen Fackelzug. Musikkapellen spielten M\u00e4rsche. Tausende Menschen hatten sich um einen Scheiterhaufen versammelt, der mitten auf dem Platz errichtet worden war. Studenten begannen nun, massenhaft B\u00fccher ins Feuer zu werfen. Ein Sprecher rief laut die Namen der Schriftsteller, deren Werke verbrannt wurden. Immer, wenn ein Buch in Flammen aufging, johlten die Zuschauer begeistert.<\/p>\n<p>Doch, warum verbrannte man die Werke weltber\u00fchmter Autoren?<\/p>\n<p>Deutschland war damals eine Diktatur. Die gesamte Macht lag in den H\u00e4nden eines Mannes und seiner Partei. Sein Name: Adolf Hitler. Er war der F\u00fchrer einer rechtsradikalen Partei, der NSDAP. Heute werden deren Anh\u00e4nger kurz Nazis genannt. Die Nazis waren sehr gef\u00e4hrlich und t\u00f6tete ganz viele Menschen, die nicht ihrer Meinung waren, oder weil sie Menschen sehr fremd fanden und als undeutsch bezeichneten. Dabei waren auch ganz viele Schriftsteller, die B\u00fccher schrieben, die den Nazis nicht passten. Wenige Monate nachdem Adolf Hitler an die Macht gekommen war, organisierte die Partei der Nazis die B\u00fccherverbrennung. Bis dahin war Deutschland noch eine Demokratie gewesen, steckte aber in einer Krise. Viele Menschen waren sehr arm und hungerten. Auf der Stra\u00dfe ging es oft sehr brutal zu. Viele Menschen von den verschiedenen Parteien pr\u00fcgelten sich gegenseitig. Viele Menschen dachten, Adolf Hitler w\u00fcrde das Problem l\u00f6sen und eine bessere Zukunft bieten. Hitler und seine Partei verhafteten und ermordeten ganz viele Menschen mit j\u00fcdischem Glauben, weil Hitler und seine Partei behaupteten, j\u00fcdische Menschen seien Schuld, dass es den Menschen in Deutschland schlecht geht. Das stimmte aber nicht.<\/p>\n<p>Adolf Hitler hat die Menschen in verschiedene Gruppe geteilt. Er nannte sie Rassen. Es gibt Arier und Nicht- Arier. Arier nannte er Menschen, die zu ihm (Hitler) und seiner Partei geh\u00f6rten und zusammen stark sind. Die Nicht- Arier mussten ganz viel Schlimmes erleiden. Zum Beispiel wurden die Nicht- Arier und ganz viele Gegner der Partei von vielen Orten und Geschehen ausgeschlossen oder sie wurden in ein Konzentrationslager gebracht. Dort mussten sie bis zur Ersch\u00f6pfung arbeiten oder wurden gleich ermordet. Hitler war damals ein Diktator und konnte alleine alles bestimmen. Hitler hat alle Parteien, au\u00dfer seiner eigenen Partei, verboten und die Mitglieder verhaftet. 1935 war es soweit: Hitler hat Gesetze zur \u201eRassenreinheit\u201c gemacht: Arier und Nicht- Arier durften zum Beispiel nicht heiraten. Nicht- Arier durften auch nicht mehr in die Schule oder eine Ausbildung machen oder nicht arbeiten oder ins Kino gehen. Es war sehr schlimm damals. Es war auch verboten, dass Nicht- Arier Soldaten werden oder bei der Hitlerjugend mitmachen konnten. Die Hitlerjugend war sozusagen eine \u00dcbung um Soldat zu werden und ganz viele Jungen waren Campen oder haben Ausfl\u00fcge gemacht. Die M\u00e4dchen dagegen lernten Kochen oder N\u00e4hen, aber es gab a auch Ausfl\u00fcge f\u00fcr sie, aber ein bisschen weniger als f\u00fcr die Jungen.<\/p>\n<p>Hitler wurde immer brutaler. Am 9. November 1938 lie\u00df er j\u00fcdische Gesch\u00e4fte und Synagogen in Brand stecken. Viele Menschen hatten gehofft, dass das bald ein Ende hatte. Aber dann, im September 1939 fing Hitler einen furchtbaren Krieg an. Die deutschen Armeen \u00fcberfielen ganz Europa. In besetzen Gebieten entstanden Gef\u00e4ngnislager namens Konzentrationslager. Nun brachten die Nazis ganz viele j\u00fcdische Menschen aus ganz Europa dorthin, um sie zu ermorden. Das gr\u00f6\u00dfte Konzentrationslager war in Auschwitz und lag im heutigen Polen. Dort war damals noch Deutschland. Die Nazis haben dort bis zum letzten Kriegsjahr 1945 mindesten eine Millionen Menschen umgebracht. . Viele davon wurden in Gaskammern erstickt und die Leichen wurden danach verbrannt. Insgesamt wurden in der Zeit der Nazis sechs Millionen Juden in Konzentrationslagern get\u00f6tet. Als Hitler den Krieg verloren hatte, hat er Selbstmord gemacht im Jahr 1945. Die Menschen von heute w\u00fcnschen, dass es nicht wieder passiert. Ich selbst m\u00f6chte ich es auch nicht.<\/p>\n<p>&nbsp;<\/p>\n<p><u>Wie verlief der zweiten Weltkrieg genau? <\/u><\/p>\n<p>Kein anderer Krieg war so grausam wie der zweite Weltkrieg. Es begann mit dem Krieg am 1. September 1939. Adolf Hitler hat als erstes Polen \u00fcberfallen. Danach hat Hitler immer mehr L\u00e4nder \u00fcberfallen und besetzt, bis fast ganz Europa Hitler geh\u00f6rte. Bis zum Kriegsjahr 1945 starben 60 Millionen Menschen im Krieg. Hitler wollte den zweiten Weltkrieg gewinnen und nicht, dass Deutschland wie im 1.Weltkrieg wieder verliert. Er wollte sich r\u00e4chen und viele Millionen Deutsche fanden das gut. Aber als Krieg war, haben Russland, Frankreich, England und USA sich zusammengetan und die St\u00e4dte in Deutschland bombardieren. Ganz viele St\u00e4dte waren daher in Brand oder lagen in Schutt und Asche. Sie waren kaum noch bewohnbar. Also mussten ganz viele aufs Land in die D\u00f6rfer fl\u00fcchten, oder in Kellern f\u00fcr mehrere Jahren leben, bis wieder alles wieder aufgebaut war. Noch 1944 mussten sogar Jugendliche in den Krieg gehen und viele starben dabei. Als Hitler 1945 den Krieg verlor, musste Deutschland als Strafe gro\u00dfe Teile seines Landes abgeben. Deutschland hat damals fast die H\u00e4lfe von dem heutigen Deutschland verloren. Vor 1945 geh\u00f6rte fast ganz Polen zu Deutschland. Aber heute ist alles wieder gut und wir leben wieder ganz Frieden.<\/p>\n<p>Von Heinrich Peter Hinners und Danis Kroepel Klasse 7b Abteilung 1<\/p>\n<p><u>\u00a0<\/u><\/p>\n","protected":false},"excerpt":{"rendered":"<p>An einem Dienstagnachmittag haben wir uns den Film \u201eNeger, Neger, Schornsteinfeger\u201c nach der Autobiographie von Hans J\u00fcrgen Massaquoi angesehen, weil unsere Weiterarbeit an anderen Artikeln aus verschiedenen Gr\u00fcnden eine Pause hatte. Der Film spielt in Hamburg-Barmbek zur Zeit des 3.Reiches und handelt von dem Leben eines Jungen Deutsch-Afrikanischer Abstammung. Die Geschehnisse in dem Film haben &hellip; <a href=\"https:\/\/elbschule.hamburg.de\/?page_id=893\" class=\"more-link\"><span class=\"screen-reader-text\">Konzentrationslager<\/span> weiterlesen <span class=\"meta-nav\">&rarr;<\/span><\/a><\/p>\n","protected":false},"author":207,"featured_media":0,"parent":0,"menu_order":0,"comment_status":"closed","ping_status":"closed","template":"","meta":{"_acf_changed":false,"footnotes":""},"class_list":["post-893","page","type-page","status-publish","hentry"],"acf":[],"_links":{"self":[{"href":"https:\/\/elbschule.hamburg.de\/index.php?rest_route=\/wp\/v2\/pages\/893","targetHints":{"allow":["GET"]}}],"collection":[{"href":"https:\/\/elbschule.hamburg.de\/index.php?rest_route=\/wp\/v2\/pages"}],"about":[{"href":"https:\/\/elbschule.hamburg.de\/index.php?rest_route=\/wp\/v2\/types\/page"}],"author":[{"embeddable":true,"href":"https:\/\/elbschule.hamburg.de\/index.php?rest_route=\/wp\/v2\/users\/207"}],"replies":[{"embeddable":true,"href":"https:\/\/elbschule.hamburg.de\/index.php?rest_route=%2Fwp%2Fv2%2Fcomments&post=893"}],"version-history":[{"count":0,"href":"https:\/\/elbschule.hamburg.de\/index.php?rest_route=\/wp\/v2\/pages\/893\/revisions"}],"wp:attachment":[{"href":"https:\/\/elbschule.hamburg.de\/index.php?rest_route=%2Fwp%2Fv2%2Fmedia&parent=893"}],"curies":[{"name":"wp","href":"https:\/\/api.w.org\/{rel}","templated":true}]}}