{"id":891,"date":"2016-05-02T10:53:08","date_gmt":"2016-05-02T10:53:08","guid":{"rendered":"http:\/\/elbschule.hamburg.de\/?page_id=891"},"modified":"2016-05-02T10:53:08","modified_gmt":"2016-05-02T10:53:08","slug":"interview-zum-computertag-der-klassen-5-i-6-i","status":"publish","type":"page","link":"https:\/\/elbschule.hamburg.de\/?page_id=891","title":{"rendered":"Interview zum Computertag der Klassen 5-I &amp; 6-I"},"content":{"rendered":"<p><u>Was habt ihr am Computertag gemacht?<\/u><\/p>\n<p>\u00dcbers Internet gesprochen, Kinderseiten wie FragFinn.de besucht und mit dem Computern gechattet, zu Suchmaschinen wie Google gearbeitet.<\/p>\n<p><u>Wieso habt ihr den Computertag gemacht?<\/u><\/p>\n<p>Um uns \u00fcbers Internet aufzukl\u00e4ren, wie man richtig chattet und im Internet surft.<\/p>\n<p><u>Wer hatte die Idee dazu?<\/u><\/p>\n<p>Es war ein Projekt, Fr. M\u00f6nkemeier hatte die Idee dazu.<\/p>\n<p><u>Wer war alles dabei?<\/u><\/p>\n<p>Klasse 6-I &amp; 5-I inklusive Klassenlehrer<\/p>\n<p><u>Was habt ihr daraus gelernt?<\/u><\/p>\n<p>Nicht alle Informationen im Internet preisgeben, Kinderseiten benutzen statt Google und ein gutes Passwort haben.<\/p>\n<p><u>K\u00f6nnt ihr den Computertag auch anderen Klassen empfehlen?<\/u><\/p>\n<p>Ja, viele kennen die Gefahren nicht, aber das sollte lieber f\u00fcr j\u00fcngere Klassen gemacht werden anstatt f\u00fcr \u00e4ltere.<\/p>\n<p><u>Wie lang hat der Computertag gedauert?<\/u><\/p>\n<p>Von 8:00-13:30 Uhr<\/p>\n<p>&nbsp;<\/p>\n","protected":false},"excerpt":{"rendered":"<p>Was habt ihr am Computertag gemacht? \u00dcbers Internet gesprochen, Kinderseiten wie FragFinn.de besucht und mit dem Computern gechattet, zu Suchmaschinen wie Google gearbeitet. Wieso habt ihr den Computertag gemacht? Um uns \u00fcbers Internet aufzukl\u00e4ren, wie man richtig chattet und im Internet surft. Wer hatte die Idee dazu? Es war ein Projekt, Fr. M\u00f6nkemeier hatte die &hellip; <a href=\"https:\/\/elbschule.hamburg.de\/?page_id=891\" class=\"more-link\"><span class=\"screen-reader-text\">Interview zum Computertag der Klassen 5-I &amp; 6-I<\/span> weiterlesen <span class=\"meta-nav\">&rarr;<\/span><\/a><\/p>\n","protected":false},"author":207,"featured_media":0,"parent":0,"menu_order":0,"comment_status":"closed","ping_status":"closed","template":"","meta":{"_acf_changed":false,"footnotes":""},"class_list":["post-891","page","type-page","status-publish","hentry"],"acf":[],"_links":{"self":[{"href":"https:\/\/elbschule.hamburg.de\/index.php?rest_route=\/wp\/v2\/pages\/891","targetHints":{"allow":["GET"]}}],"collection":[{"href":"https:\/\/elbschule.hamburg.de\/index.php?rest_route=\/wp\/v2\/pages"}],"about":[{"href":"https:\/\/elbschule.hamburg.de\/index.php?rest_route=\/wp\/v2\/types\/page"}],"author":[{"embeddable":true,"href":"https:\/\/elbschule.hamburg.de\/index.php?rest_route=\/wp\/v2\/users\/207"}],"replies":[{"embeddable":true,"href":"https:\/\/elbschule.hamburg.de\/index.php?rest_route=%2Fwp%2Fv2%2Fcomments&post=891"}],"version-history":[{"count":0,"href":"https:\/\/elbschule.hamburg.de\/index.php?rest_route=\/wp\/v2\/pages\/891\/revisions"}],"wp:attachment":[{"href":"https:\/\/elbschule.hamburg.de\/index.php?rest_route=%2Fwp%2Fv2%2Fmedia&parent=891"}],"curies":[{"name":"wp","href":"https:\/\/api.w.org\/{rel}","templated":true}]}}