{"id":88,"date":"2015-04-11T15:55:57","date_gmt":"2015-04-11T15:55:57","guid":{"rendered":"http:\/\/elbschule.schulhomepages.hamburg.de\/?page_id=88"},"modified":"2021-09-09T13:54:08","modified_gmt":"2021-09-09T13:54:08","slug":"schulverein","status":"publish","type":"page","link":"https:\/\/elbschule.hamburg.de\/?page_id=88","title":{"rendered":"Schulverein"},"content":{"rendered":"<p><strong>Unser \u201eSchulverein der Elbschule Hamburg e.V.\u201c wird, wie andere Hamburger Schulvereine auch, durch die freiwillige Mitgliedschaft aus der Elternschaft und des Lehrerkollegiums sowie durch Spenden getragen.<\/strong><\/p>\n<p>Er bezahlt Anschaffungen, die der Sch\u00fclerschaft zugutekommen und f\u00fcr die es keinen Schuletat gibt, wie z.B. Einrichtungsgegenst\u00e4nde f\u00fcr die Pausenhalle oder f\u00fcr den Schulhof. In der letzten Zeit wurden vom Schulverein u.a. Fahrzeuge f\u00fcr die aktive Pause, Sitzkissen f\u00fcr den Englischraum der Grundschule, ein Standboxsack f\u00fcr die Streitschlichterausbildung und neue B\u00fccher f\u00fcr unsere Sch\u00fclerb\u00fccherei angeschafft. Zudem gibt der Schulverein Zusch\u00fcsse f\u00fcr Klassenfahrten, Ausfl\u00fcge, Kino- und Theaterbesuche, Sommerfeste und vieles andere mehr.<\/p>\n<p><strong>Der Schulverein w\u00fcrde sich sehr \u00fcber eine finanzielle Unterst\u00fctzung seiner Arbeit freuen. F\u00fcr eine Spende k\u00f6nnen Sie selbstverst\u00e4ndlich eine Spendenbescheinigung erhalten.<\/strong><\/p>\n<p>Kontakt:<br \/>\n<strong>Eveline George-Kuhnert<\/strong><br \/>\n1. Vorsitzende<br \/>\neveline.george-kuhnert@bzhk.hamburg.de<\/p>\n<p>Die Kontoverbindung\u00a0lautet:<br \/>\n<strong>Schulverein der Elbschule Hamburg e.V.<\/strong><br \/>\nHamburger Sparkasse<br \/>\nIBAN: DE67200505501236127153<br \/>\nBIC: HASPDEHHXXX<\/p>\n<p><a href=\"https:\/\/elbschule.hamburg.de\/wp-content\/uploads\/sites\/127\/2021\/09\/Beitrittserkla\u0308rung_Schulverein_Stand_08-2021.pdf\" target=\"_blank\" rel=\"noopener noreferrer\">Beitrittserkl\u00e4rung Schulverein (Stand 2021)<\/a><\/p>\n<p><a href=\"https:\/\/elbschule.hamburg.de\/wp-content\/uploads\/sites\/127\/2018\/10\/Satzung-28.05.2018.pdf\" target=\"_blank\" rel=\"noopener noreferrer\">Satzung des Schulvereins 28.05.2018<\/a><\/p>\n","protected":false},"excerpt":{"rendered":"<p>Unser \u201eSchulverein der Elbschule Hamburg e.V.\u201c wird, wie andere Hamburger Schulvereine auch, durch die freiwillige Mitgliedschaft aus der Elternschaft und des Lehrerkollegiums sowie durch Spenden getragen. Er bezahlt Anschaffungen, die der Sch\u00fclerschaft zugutekommen und f\u00fcr die es keinen Schuletat gibt, wie z.B. Einrichtungsgegenst\u00e4nde f\u00fcr die Pausenhalle oder f\u00fcr den Schulhof. In der letzten Zeit wurden &hellip; <a href=\"https:\/\/elbschule.hamburg.de\/?page_id=88\" class=\"more-link\"><span class=\"screen-reader-text\">Schulverein<\/span> weiterlesen <span class=\"meta-nav\">&rarr;<\/span><\/a><\/p>\n","protected":false},"author":207,"featured_media":0,"parent":0,"menu_order":0,"comment_status":"closed","ping_status":"closed","template":"","meta":{"_acf_changed":false,"footnotes":""},"class_list":["post-88","page","type-page","status-publish","hentry"],"acf":[],"_links":{"self":[{"href":"https:\/\/elbschule.hamburg.de\/index.php?rest_route=\/wp\/v2\/pages\/88","targetHints":{"allow":["GET"]}}],"collection":[{"href":"https:\/\/elbschule.hamburg.de\/index.php?rest_route=\/wp\/v2\/pages"}],"about":[{"href":"https:\/\/elbschule.hamburg.de\/index.php?rest_route=\/wp\/v2\/types\/page"}],"author":[{"embeddable":true,"href":"https:\/\/elbschule.hamburg.de\/index.php?rest_route=\/wp\/v2\/users\/207"}],"replies":[{"embeddable":true,"href":"https:\/\/elbschule.hamburg.de\/index.php?rest_route=%2Fwp%2Fv2%2Fcomments&post=88"}],"version-history":[{"count":4,"href":"https:\/\/elbschule.hamburg.de\/index.php?rest_route=\/wp\/v2\/pages\/88\/revisions"}],"predecessor-version":[{"id":3112,"href":"https:\/\/elbschule.hamburg.de\/index.php?rest_route=\/wp\/v2\/pages\/88\/revisions\/3112"}],"wp:attachment":[{"href":"https:\/\/elbschule.hamburg.de\/index.php?rest_route=%2Fwp%2Fv2%2Fmedia&parent=88"}],"curies":[{"name":"wp","href":"https:\/\/api.w.org\/{rel}","templated":true}]}}