{"id":87,"date":"2021-08-22T12:55:45","date_gmt":"2021-08-22T12:55:45","guid":{"rendered":"http:\/\/elbschule.schulhomepages.hamburg.de\/?page_id=87"},"modified":"2026-02-04T16:52:15","modified_gmt":"2026-02-04T15:52:15","slug":"elternrat","status":"publish","type":"page","link":"https:\/\/elbschule.hamburg.de\/?page_id=87","title":{"rendered":"Elternrat"},"content":{"rendered":"<p>Aktuell: n\u00e4chste Sitzungen des Elternrats:<\/p>\n<ul>\n<li><span style=\"color: #000000\"><del>24.02.2026<\/del>, entf\u00e4llt<\/span><\/li>\n<li>20.04.2026, 18:00 Uhr<\/li>\n<li>28.05.2026, 18:30 Uhr<\/li>\n<li>01.07.2026, 18:00 Uhr<\/li>\n<\/ul>\n<p><img loading=\"lazy\" decoding=\"async\" class=\"alignleft wp-image-5383 size-full\" src=\"https:\/\/elbschule.hamburg.de\/wp-content\/uploads\/sites\/127\/2026\/02\/Elternrat-25_26.jpg\" alt=\"\" width=\"640\" height=\"480\" srcset=\"https:\/\/elbschule.hamburg.de\/wp-content\/uploads\/sites\/127\/2026\/02\/Elternrat-25_26.jpg 640w, https:\/\/elbschule.hamburg.de\/wp-content\/uploads\/sites\/127\/2026\/02\/Elternrat-25_26-300x225.jpg 300w\" sizes=\"auto, (max-width: 640px) 100vw, 640px\" \/><\/p>\n<h5><strong>Wir \u00fcber uns:<\/strong><\/h5>\n<ul>\n<li>Wir sind Vertreter aller Eltern unserer multikulturellen Schule. Wir schlagen eine Br\u00fccke zwischen Schule und Familien.<\/li>\n<li>Wir vertreten die Interessen der Kinder und Eltern in der Schule und arbeiten mit anderen Gruppen zusammen.<\/li>\n<li>Bei Fragen, W\u00fcnschen, Anregungen und Beschwerden k\u00f6nnen Sie sich jeder Zeit direkt an uns wenden.<\/li>\n<\/ul>\n<h5><strong>Projekte:<\/strong><\/h5>\n<ul>\n<li>Konzeptentwicklung zum Kinderschutz an der Elbschule<\/li>\n<li>Elterncaf\u00e9: Eltern f\u00fcr Eltern<br \/>\nAn LEG-Terminen und F\u00f6rderplan-Gespr\u00e4chen l\u00e4dt der Elternrat ein zum Kaffee im Eingangsbereich der Schule. Alle Eltern sind herzlich eingeladen, Fragen zu stellen und sich zu informieren \u00fcber unsere Arbeit. F\u00fcr Kinder gibt es parallel eine Spielecke. N\u00e4chster Termin: 02.02.2026<br \/>\n<img loading=\"lazy\" decoding=\"async\" class=\"alignleft wp-image-5266 size-full\" src=\"https:\/\/elbschule.hamburg.de\/wp-content\/uploads\/sites\/127\/2025\/11\/Elterncafe_1.jpg\" alt=\"\" width=\"427\" height=\"320\" srcset=\"https:\/\/elbschule.hamburg.de\/wp-content\/uploads\/sites\/127\/2025\/11\/Elterncafe_1.jpg 427w, https:\/\/elbschule.hamburg.de\/wp-content\/uploads\/sites\/127\/2025\/11\/Elterncafe_1-300x225.jpg 300w\" sizes=\"auto, (max-width: 427px) 100vw, 427px\" \/><\/li>\n<\/ul>\n<p>&nbsp;<\/p>\n<h5><\/h5>\n<p>&nbsp;<\/p>\n<h5><strong>Kontakt zum Elternrat:<\/strong><\/h5>\n<p>Der Elternrat ist zentral erreichbar \u00fcber folgende E-mail Adresse:<\/p>\n<p><u><strong>elternrat(at)elbschule-hamburg.de<\/strong><br \/>\n<\/u>(gerne auch in Ihrer Muttersprache)<\/p>\n<h5><strong>Geplante Termine f\u00fcr das Schuljahr 2025\/26:<\/strong><\/h5>\n<ul>\n<li>11.12.2025, 18:30 Uhr &#8211; Sitzung des Elternrats<\/li>\n<li>21.01.2026, 18:00 Uhr &#8211; Sitzung des Elternrats<\/li>\n<li>02.02.2026, 9:00 &#8211; 18:00 Uhr &#8211; Lernentwicklungsgespr\u00e4che<\/li>\n<li><del>24.02.2026, 18:30 Uhr &#8211; Sitzung des Elternrats<\/del> &#8211; entf\u00e4llt!<\/li>\n<li>20.04.2026, 18:00 Uhr &#8211; Sitzung des Elternrats<\/li>\n<li>28.05.2026, 18:30 Uhr &#8211; Sitzung des Elternrats<\/li>\n<li>01.07.2026, 18:00 Uhr &#8211; Sitzung des Elternrats<\/li>\n<\/ul>\n<p>Eine Einladung wird vor jeder Sitzung per E-Mail versendet.<br \/>\nWir laden auch alle Klassenelternvertreter\/innen herzlich zu unseren Sitzungen ein.<br \/>\nWir freuen uns auf eine rege Elternbeteiligung und Ihre Mitarbeit.<\/p>\n<p><strong>Termine der Kreiselternr\u00e4te <\/strong>(kommen demn\u00e4chst)<strong>:<\/strong><\/p>\n<ul>\n<li>KER So<\/li>\n<li>KER 21<\/li>\n<\/ul>\n<h5><strong>Mitglieder und Funktionen im Elternrat:<\/strong><\/h5>\n<p>(Schuljahr 2025 \/ 2026)<\/p>\n<table style=\"height: 616px\" width=\"640\">\n<tbody>\n<tr>\n<td width=\"470\"><strong>\u00a0Name<\/strong><\/td>\n<td style=\"text-align: left\" width=\"180\"><strong>\u00a0Kind in Abteilung<\/strong><\/td>\n<\/tr>\n<tr>\n<td width=\"470\">Frau Naschke, Vorsitzende<\/td>\n<td style=\"text-align: center\" width=\"180\">I<\/td>\n<\/tr>\n<tr>\n<td width=\"470\">Herr Ehlers, Stellvertreter<\/td>\n<td style=\"text-align: center\" width=\"180\">I<\/td>\n<\/tr>\n<tr>\n<td width=\"470\">in alphabetischer Reihenfolge wechselnd: Schriftf\u00fchrer:in (h\u00f6rende Mitglieder)<\/td>\n<td style=\"text-align: center\" width=\"180\">I + II<\/td>\n<\/tr>\n<tr>\n<td width=\"470\">Herr Ehlers (Schul- und Ganztagskonferenzmitglied)<\/td>\n<td style=\"text-align: center\" width=\"180\">I<\/td>\n<\/tr>\n<tr>\n<td width=\"470\">Herr Othmer\u00a0 (Vertreter: Schul- und Ganztagskonferenz)<\/td>\n<td style=\"text-align: center\" width=\"180\">I<\/td>\n<\/tr>\n<tr>\n<td width=\"470\">Frau Galling (Schul- und Ganztagskonferenzmitglied)<\/td>\n<td style=\"text-align: center\" width=\"180\">II<\/td>\n<\/tr>\n<tr>\n<td width=\"470\">Frau Starke (Vertreterin: Schul- und Ganztagskonferenz)<\/td>\n<td style=\"text-align: center\" width=\"180\">I + II<\/td>\n<\/tr>\n<tr>\n<td width=\"470\">Herr Klick\u00a0 (Schul- und Ganztagskonferenzmitglied)<\/td>\n<td style=\"text-align: center\" width=\"180\">I<\/td>\n<\/tr>\n<tr>\n<td width=\"470\">Frau Deul (Vertreterin: Schul- und Ganztagskonferenz)<\/td>\n<td style=\"text-align: center\" width=\"180\">II<\/td>\n<\/tr>\n<tr>\n<td width=\"470\">Frau Ballhausen (Kreiselternrat KER So)<\/td>\n<td style=\"text-align: center\" width=\"180\">II<\/td>\n<\/tr>\n<tr>\n<td width=\"470\">Frau Starke (Vertreterin: Kreiselternrat KER So)<\/td>\n<td style=\"text-align: center\" width=\"180\">I + II<\/td>\n<\/tr>\n<tr>\n<td width=\"470\">Frau Starke (Kreiselternrat KER 21)<\/td>\n<td style=\"text-align: center\" width=\"180\">I + II<\/td>\n<\/tr>\n<tr>\n<td width=\"470\">Frau Recksiek (Vertreterin: Kreiselternrat KER 21)<\/td>\n<td style=\"text-align: center\" width=\"180\">I<\/td>\n<\/tr>\n<tr>\n<td width=\"470\">Herr Ehlers (schulischer Findungsausschuss)<\/td>\n<td style=\"text-align: center\" width=\"180\">I<\/td>\n<\/tr>\n<tr>\n<td width=\"470\">Herr Othmer (Ersatzvertreter schulischer Findungsausschuss)<\/td>\n<td style=\"text-align: center\" width=\"180\">I<\/td>\n<\/tr>\n<\/tbody>\n<\/table>\n<p>Die Schul- und Ganztagskonferenzen werden gemeinsam durchgef\u00fchrt. Die Mitglieder der Schulkonferenz sind auch Mitglieder im Ganztagsausschuss.<\/p>\n<p>Wenn nicht anders aufgef\u00fchrt, gelten alle Funktionen f\u00fcr die Dauer <u>eines<\/u> Jahres (bis Ende Schuljahr 2025\/2026).<\/p>\n<p>Weitere Mitglieder und Ersatzmitglieder des Elternrats:<\/p>\n<ul>\n<li>Fr. Reimer<\/li>\n<li>Hr. Gnerlich<\/li>\n<li>Fr. Witte<\/li>\n<li>Fr. Stipp<\/li>\n<li>Fr. Rodenberg<\/li>\n<li>Hr. Berlitz-Olle<\/li>\n<li>Fr. Adzovic<\/li>\n<\/ul>\n","protected":false},"excerpt":{"rendered":"<p>Aktuell: n\u00e4chste Sitzungen des Elternrats: 24.02.2026, entf\u00e4llt 20.04.2026, 18:00 Uhr 28.05.2026, 18:30 Uhr 01.07.2026, 18:00 Uhr Wir \u00fcber uns: Wir sind Vertreter aller Eltern unserer multikulturellen Schule. Wir schlagen eine Br\u00fccke zwischen Schule und Familien. Wir vertreten die Interessen der Kinder und Eltern in der Schule und arbeiten mit anderen Gruppen zusammen. Bei Fragen, W\u00fcnschen, &hellip; <a href=\"https:\/\/elbschule.hamburg.de\/?page_id=87\" class=\"more-link\"><span class=\"screen-reader-text\">Elternrat<\/span> weiterlesen <span class=\"meta-nav\">&rarr;<\/span><\/a><\/p>\n","protected":false},"author":207,"featured_media":0,"parent":0,"menu_order":0,"comment_status":"closed","ping_status":"closed","template":"","meta":{"_acf_changed":false,"footnotes":""},"class_list":["post-87","page","type-page","status-publish","hentry"],"acf":[],"_links":{"self":[{"href":"https:\/\/elbschule.hamburg.de\/index.php?rest_route=\/wp\/v2\/pages\/87","targetHints":{"allow":["GET"]}}],"collection":[{"href":"https:\/\/elbschule.hamburg.de\/index.php?rest_route=\/wp\/v2\/pages"}],"about":[{"href":"https:\/\/elbschule.hamburg.de\/index.php?rest_route=\/wp\/v2\/types\/page"}],"author":[{"embeddable":true,"href":"https:\/\/elbschule.hamburg.de\/index.php?rest_route=\/wp\/v2\/users\/207"}],"replies":[{"embeddable":true,"href":"https:\/\/elbschule.hamburg.de\/index.php?rest_route=%2Fwp%2Fv2%2Fcomments&post=87"}],"version-history":[{"count":38,"href":"https:\/\/elbschule.hamburg.de\/index.php?rest_route=\/wp\/v2\/pages\/87\/revisions"}],"predecessor-version":[{"id":5389,"href":"https:\/\/elbschule.hamburg.de\/index.php?rest_route=\/wp\/v2\/pages\/87\/revisions\/5389"}],"wp:attachment":[{"href":"https:\/\/elbschule.hamburg.de\/index.php?rest_route=%2Fwp%2Fv2%2Fmedia&parent=87"}],"curies":[{"name":"wp","href":"https:\/\/api.w.org\/{rel}","templated":true}]}}