{"id":840,"date":"2016-02-27T10:29:35","date_gmt":"2016-02-27T10:29:35","guid":{"rendered":"http:\/\/elbschule.hamburg.de\/?page_id=840"},"modified":"2016-02-27T10:33:14","modified_gmt":"2016-02-27T10:33:14","slug":"elbstadtland-das-uni-schnupperangebot-war-ein-voller-erfolg","status":"publish","type":"page","link":"https:\/\/elbschule.hamburg.de\/?page_id=840","title":{"rendered":"ElbStadtLand- das Uni-Schnupperangebot war ein voller Erfolg!"},"content":{"rendered":"<p>\u201e\u00dcberf\u00fcllte H\u00f6rs\u00e4le, Professorenvortrag von zwei Stunden am St\u00fcck, keine Visualisie-rung \u2013 das ist der Alltag an der Universit\u00e4t&#8230;\u201c<\/p>\n<p><img loading=\"lazy\" decoding=\"async\" class=\"wp-image-835 alignleft\" src=\"https:\/\/elbschule.hamburg.de\/wp-content\/uploads\/sites\/127\/2016\/02\/Vortrag-3.2.16-G.-K.-1.jpg\" alt=\"Vortrag\" width=\"249\" height=\"166\" srcset=\"https:\/\/elbschule.hamburg.de\/wp-content\/uploads\/sites\/127\/2016\/02\/Vortrag-3.2.16-G.-K.-1.jpg 987w, https:\/\/elbschule.hamburg.de\/wp-content\/uploads\/sites\/127\/2016\/02\/Vortrag-3.2.16-G.-K.-1-300x200.jpg 300w, https:\/\/elbschule.hamburg.de\/wp-content\/uploads\/sites\/127\/2016\/02\/Vortrag-3.2.16-G.-K.-1-768x512.jpg 768w\" sizes=\"auto, (max-width: 249px) 100vw, 249px\" \/><\/p>\n<p>Bereits diese einleitenden Worte der Einladung zu der zweitt\u00e4gigen <em>ElbStadtLand <\/em>Veranstaltung machten die herausfordernde Realit\u00e4t des Unialltages deutlich. Um alle Oberstufensch\u00fclerInnen mit H\u00f6rsch\u00e4digung m\u00f6glichst fr\u00fchzeitig auf die Zeit nach der Schule vorzubereiten, gestalteten die Stadtteilschule Hamburg- Mitte, die Elbschule Hamburg und das Landesf\u00f6rderzentrum H\u00f6ren und Kommunikation, Schleswig zwei gemeinsame Uni- Schnuppertage.<\/p>\n<p><img loading=\"lazy\" decoding=\"async\" class=\"wp-image-836 alignright\" src=\"https:\/\/elbschule.hamburg.de\/wp-content\/uploads\/sites\/127\/2016\/02\/Arbeiten-3.2.16-4.jpg\" alt=\"Arbeiten\" width=\"163\" height=\"244\" srcset=\"https:\/\/elbschule.hamburg.de\/wp-content\/uploads\/sites\/127\/2016\/02\/Arbeiten-3.2.16-4.jpg 439w, https:\/\/elbschule.hamburg.de\/wp-content\/uploads\/sites\/127\/2016\/02\/Arbeiten-3.2.16-4-200x300.jpg 200w\" sizes=\"auto, (max-width: 163px) 100vw, 163px\" \/><\/p>\n<p>Der erste Tag am 17.12.2015 an der Universit\u00e4t Hamburg bot einen konkreten Einblick in das Studium als H\u00f6rgesch\u00e4digter, da die Sch\u00fclerInnen an zwei typischen Vorlesungen teilnehmen konnten und dabei verschiedene Unterst\u00fctzungssysteme (Schriftsprachdolmetscher, FM- Anlage, Geb\u00e4rdensprachdolmetscher etc.) f\u00fcr sich individuell als n\u00fctzlich oder nicht hilfreich einsch\u00e4tzen konnten.<\/p>\n<p>Der anschlie\u00dfende Seminartag am 04.02.2016 wurde f\u00fcr die Auswertung der gewonnenen Eindr\u00fccke in der Universit\u00e4t genutzt. Auch das Schreiben eines H\u00e4rtefallantrages konnte sowohl angebahnt, als auch durch fachm\u00e4nnische Begleitung, u.a. durch Studentinnen der Universit\u00e4t Hamburg, umgesetzt werden.<\/p>\n<p><img loading=\"lazy\" decoding=\"async\" class=\"wp-image-838 alignleft\" src=\"https:\/\/elbschule.hamburg.de\/wp-content\/uploads\/sites\/127\/2016\/02\/Beratung-3.2.16-3.jpg\" alt=\"Beratung\" width=\"190\" height=\"126\" srcset=\"https:\/\/elbschule.hamburg.de\/wp-content\/uploads\/sites\/127\/2016\/02\/Beratung-3.2.16-3.jpg 987w, https:\/\/elbschule.hamburg.de\/wp-content\/uploads\/sites\/127\/2016\/02\/Beratung-3.2.16-3-300x200.jpg 300w, https:\/\/elbschule.hamburg.de\/wp-content\/uploads\/sites\/127\/2016\/02\/Beratung-3.2.16-3-768x512.jpg 768w\" sizes=\"auto, (max-width: 190px) 100vw, 190px\" \/><\/p>\n<p>Nebenher wurden die Pausen f\u00fcr einen regen Austausch zwischen den Sch\u00fclerInnen, dem <em>ElbStadtLand<\/em>&#8211; Team und den anwesenden Studentinnen genutzt.<\/p>\n<p class=\"Default\" style=\"text-align: justify;line-height: 150%\">Die ernsthafte Konzentration der TeilnehmerInnen war ein Beleg daf\u00fcr, wie genau die Angebote des Vorbereitungsteams die Bed\u00fcrfnisse der Sch\u00fclerInnen getroffen haben m\u00fcssen. Auch die anschlie\u00dfende positive R\u00fcckmeldung l\u00e4sst eine Wiederholung des Seminars 2018 wahrscheinlich werden!<\/p>\n<p>Das <em>ElbStadtLand<\/em>&#8211; Team w\u00fcnscht allen anwesenden Sch\u00fclerInnen einen erfolgreichen Schulabschluss und einen hoffentlich nun etwas \u201eleichteren\u201c Einstieg in den Unialltag!<\/p>\n<p><img loading=\"lazy\" decoding=\"async\" class=\"wp-image-839 aligncenter\" src=\"https:\/\/elbschule.hamburg.de\/wp-content\/uploads\/sites\/127\/2016\/02\/Gruppenbild-3.2.16-5.jpg\" alt=\"Elb-Stadt-Land I\" width=\"385\" height=\"256\" srcset=\"https:\/\/elbschule.hamburg.de\/wp-content\/uploads\/sites\/127\/2016\/02\/Gruppenbild-3.2.16-5.jpg 987w, https:\/\/elbschule.hamburg.de\/wp-content\/uploads\/sites\/127\/2016\/02\/Gruppenbild-3.2.16-5-300x200.jpg 300w, https:\/\/elbschule.hamburg.de\/wp-content\/uploads\/sites\/127\/2016\/02\/Gruppenbild-3.2.16-5-768x512.jpg 768w\" sizes=\"auto, (max-width: 385px) 100vw, 385px\" \/><\/p>\n","protected":false},"excerpt":{"rendered":"<p>\u201e\u00dcberf\u00fcllte H\u00f6rs\u00e4le, Professorenvortrag von zwei Stunden am St\u00fcck, keine Visualisie-rung \u2013 das ist der Alltag an der Universit\u00e4t&#8230;\u201c Bereits diese einleitenden Worte der Einladung zu der zweitt\u00e4gigen ElbStadtLand Veranstaltung machten die herausfordernde Realit\u00e4t des Unialltages deutlich. Um alle Oberstufensch\u00fclerInnen mit H\u00f6rsch\u00e4digung m\u00f6glichst fr\u00fchzeitig auf die Zeit nach der Schule vorzubereiten, gestalteten die Stadtteilschule Hamburg- Mitte, &hellip; <a href=\"https:\/\/elbschule.hamburg.de\/?page_id=840\" class=\"more-link\"><span class=\"screen-reader-text\">ElbStadtLand- das Uni-Schnupperangebot war ein voller Erfolg!<\/span> weiterlesen <span class=\"meta-nav\">&rarr;<\/span><\/a><\/p>\n","protected":false},"author":206,"featured_media":0,"parent":0,"menu_order":0,"comment_status":"closed","ping_status":"closed","template":"","meta":{"_acf_changed":false,"footnotes":""},"class_list":["post-840","page","type-page","status-publish","hentry"],"acf":[],"_links":{"self":[{"href":"https:\/\/elbschule.hamburg.de\/index.php?rest_route=\/wp\/v2\/pages\/840","targetHints":{"allow":["GET"]}}],"collection":[{"href":"https:\/\/elbschule.hamburg.de\/index.php?rest_route=\/wp\/v2\/pages"}],"about":[{"href":"https:\/\/elbschule.hamburg.de\/index.php?rest_route=\/wp\/v2\/types\/page"}],"author":[{"embeddable":true,"href":"https:\/\/elbschule.hamburg.de\/index.php?rest_route=\/wp\/v2\/users\/206"}],"replies":[{"embeddable":true,"href":"https:\/\/elbschule.hamburg.de\/index.php?rest_route=%2Fwp%2Fv2%2Fcomments&post=840"}],"version-history":[{"count":0,"href":"https:\/\/elbschule.hamburg.de\/index.php?rest_route=\/wp\/v2\/pages\/840\/revisions"}],"wp:attachment":[{"href":"https:\/\/elbschule.hamburg.de\/index.php?rest_route=%2Fwp%2Fv2%2Fmedia&parent=840"}],"curies":[{"name":"wp","href":"https:\/\/api.w.org\/{rel}","templated":true}]}}