{"id":82,"date":"2015-04-11T15:53:57","date_gmt":"2015-04-11T15:53:57","guid":{"rendered":"http:\/\/elbschule.schulhomepages.hamburg.de\/?page_id=82"},"modified":"2025-09-10T16:20:10","modified_gmt":"2025-09-10T16:20:10","slug":"therapiemoeglichkeiten","status":"publish","type":"page","link":"https:\/\/elbschule.hamburg.de\/?page_id=82","title":{"rendered":"Therapiem\u00f6glichkeiten"},"content":{"rendered":"<p>F\u00fcr einige Sch\u00fclerinnen und Sch\u00fcler der Elbschule ist eine Unterst\u00fctzung im Bereich\u00a0<strong>Ergotherapie<\/strong>, <strong>Logop\u00e4die<\/strong>\u00a0oder\u00a0<strong>Musiktherapie<\/strong>\u00a0sinnvoll. Eine wohnortnahe Therapie ist wegen des Ganztagsschulbetriebes oft nicht m\u00f6glich. Daher besteht das Angebot, in den R\u00e4umen der ELBSCHULE durch externe Therapeuten unterst\u00fctzt zu werden. Voraussetzung hierf\u00fcr ist eine entsprechende \u00e4rztliche Verordnung. Alle Kontakte erfolgen unmittelbar zwischen den Eltern und dem Therapeuten ohne Beteiligung der ELBSCHULE. Eine Musiktherapie ist auch ohne \u00e4rztliche Verordnung m\u00f6glich und ist dann privat zu finanzieren.<\/p>\n<p>Bei R\u00fcckfragen ist Nina Maier von der ELBSCHULE Ihre Ansprechpartnerin<br \/>\nTel.: 428 485 -200<br \/>\ne-mail: <a href=\"mailto:nina.maier@bzhk.hamburg.de\">nina.maier@bzhk.hamburg.de<\/a><\/p>\n<p>F\u00fcr vertrauliche Gespr\u00e4che der Sch\u00fcler*innen bei Austauschbedarf und Schwierigkeiten sind mehrmals pro Woche zwei Beraterinnen der <b>Beratungsstelle sichtbar! <\/b>von<b> Erziehungshilfe e.V<\/b>. in der Elbschule. Termine finden nach Absprache statt. Das Team von sichtbar! besteht aus tauben und h\u00f6renden Fachkr\u00e4ften, alle sind geb\u00e4rdensprachkompetent. Die zust\u00e4ndigen Beraterinnen in der Schule sind \u00a0Ansprechpartnerinnen f\u00fcr Familien mit tauben und schwerh\u00f6rigen Kindern. Sie unterliegen der Schweigepflicht, es werden keine Informationen an Lehrkr\u00e4fte weitergegeben. Sichtbar! bietet Erziehungsberatung oder in Einzelf\u00e4llen sozialp\u00e4dagogische Familienhilfe an. Eine entsprechende Antragstellung ist m\u00f6glich und kann durch die schulischen Sozialp\u00e4dagoginnen begleitet werden.<\/p>\n<p><strong><span style=\"text-decoration: underline\">Kontakt und weitere Informationen:<\/span><\/strong><\/p>\n<p><strong><span style=\"font-size: small\"><img loading=\"lazy\" decoding=\"async\" class=\" size-full wp-image-300 alignleft\" src=\"https:\/\/elbschule.hamburg.de\/wp-content\/uploads\/sites\/127\/2015\/07\/Logop\u00e4die-e1437036338964.png\" alt=\"Ganztagsschule Logop\u00e4die\" width=\"150\" height=\"50\" \/><\/span><\/strong><br \/>\n<span style=\"color: #000000\"><a style=\"color: #000000\" href=\"http:\/\/www.logop\u00e4dische-praxis-hamburg.de\" target=\"_blank\" rel=\"noopener noreferrer\">www.logop\u00e4dische-praxis-hamburg.de<\/a><\/span><\/p>\n<p>&nbsp;<\/p>\n<p><span style=\"color: #000000\"><img loading=\"lazy\" decoding=\"async\" class=\" size-full wp-image-303 alignleft\" src=\"https:\/\/elbschule.hamburg.de\/wp-content\/uploads\/sites\/127\/2015\/07\/Ergotherapie-e1437036379835.png\" alt=\"Ganztagsschule Ergotherapie\" width=\"150\" height=\"53\" \/><\/span><br \/>\n<span style=\"color: #000000\"><a style=\"color: #000000\" href=\"http:\/\/www.ergotherapie-kolvenbach.de\/ergotherapie-fuer-kinder.htm\" target=\"_blank\" rel=\"noopener noreferrer\">www.ergotherapie-kolvenbach.de<\/a><\/span><\/p>\n<p>&nbsp;<\/p>\n<p><span style=\"color: #000000\"><img loading=\"lazy\" decoding=\"async\" class=\" size-full wp-image-304 alignleft\" src=\"https:\/\/elbschule.hamburg.de\/wp-content\/uploads\/sites\/127\/2015\/07\/Musiktherapie-e1437036391572.png\" alt=\"Ganztagsschule Musiktherapie\" width=\"150\" height=\"42\" \/><\/span><\/p>\n<p><a href=\"https:\/\/elbschule.hamburg.de\/wp-content\/uploads\/sites\/127\/2025\/09\/Angebote-der-Jugendmusikschule.pdf\" target=\"_blank\" rel=\"noopener\"><span style=\"color: #000000\">Musiktherapie \/ Angebote der Jugendmusikschule<\/span><\/a><br \/>\nKontakt: <a href=\"mailto:Jugendmusikschule-west@bsfb.hamburg.de\"><span style=\"color: #000000\">Jugendmusikschule-west@bsfb.hamburg.de<\/span><\/a><\/p>\n<p>&nbsp;<\/p>\n<p><span style=\"color: #000000\"><img loading=\"lazy\" decoding=\"async\" class=\" size-full wp-image-301 alignleft\" src=\"https:\/\/elbschule.hamburg.de\/wp-content\/uploads\/sites\/127\/2015\/07\/Erziehungshilfe-e1437036354638.png\" alt=\"Ganztagsschule Erziehungshilfe\" width=\"150\" height=\"53\" \/><a style=\"color: #000000\" href=\"https:\/\/erziehungshilfe-hamburg.de\/beratungsstelle-sichtbar\/\" target=\"_blank\" rel=\"noopener noreferrer\">Beratungsstelle &#8222;Sichtbar!&#8220;<br \/>\n<\/a><a style=\"color: #000000\" href=\"mailto:sichtbar@erziehungshilfe-hamburg.de\" target=\"_blank\" rel=\"noopener noreferrer\">Kontakt:\u00a0sichtbar@erziehungshilfe-hamburg.de<\/a><\/span><\/p>\n<p>&nbsp;<\/p>\n<p>&nbsp;<\/p>\n","protected":false},"excerpt":{"rendered":"<p>F\u00fcr einige Sch\u00fclerinnen und Sch\u00fcler der Elbschule ist eine Unterst\u00fctzung im Bereich\u00a0Ergotherapie, Logop\u00e4die\u00a0oder\u00a0Musiktherapie\u00a0sinnvoll. Eine wohnortnahe Therapie ist wegen des Ganztagsschulbetriebes oft nicht m\u00f6glich. Daher besteht das Angebot, in den R\u00e4umen der ELBSCHULE durch externe Therapeuten unterst\u00fctzt zu werden. Voraussetzung hierf\u00fcr ist eine entsprechende \u00e4rztliche Verordnung. Alle Kontakte erfolgen unmittelbar zwischen den Eltern und dem Therapeuten &hellip; <a href=\"https:\/\/elbschule.hamburg.de\/?page_id=82\" class=\"more-link\"><span class=\"screen-reader-text\">Therapiem\u00f6glichkeiten<\/span> weiterlesen <span class=\"meta-nav\">&rarr;<\/span><\/a><\/p>\n","protected":false},"author":207,"featured_media":0,"parent":0,"menu_order":0,"comment_status":"closed","ping_status":"closed","template":"","meta":{"_acf_changed":false,"footnotes":""},"class_list":["post-82","page","type-page","status-publish","hentry"],"acf":[],"_links":{"self":[{"href":"https:\/\/elbschule.hamburg.de\/index.php?rest_route=\/wp\/v2\/pages\/82","targetHints":{"allow":["GET"]}}],"collection":[{"href":"https:\/\/elbschule.hamburg.de\/index.php?rest_route=\/wp\/v2\/pages"}],"about":[{"href":"https:\/\/elbschule.hamburg.de\/index.php?rest_route=\/wp\/v2\/types\/page"}],"author":[{"embeddable":true,"href":"https:\/\/elbschule.hamburg.de\/index.php?rest_route=\/wp\/v2\/users\/207"}],"replies":[{"embeddable":true,"href":"https:\/\/elbschule.hamburg.de\/index.php?rest_route=%2Fwp%2Fv2%2Fcomments&post=82"}],"version-history":[{"count":14,"href":"https:\/\/elbschule.hamburg.de\/index.php?rest_route=\/wp\/v2\/pages\/82\/revisions"}],"predecessor-version":[{"id":5191,"href":"https:\/\/elbschule.hamburg.de\/index.php?rest_route=\/wp\/v2\/pages\/82\/revisions\/5191"}],"wp:attachment":[{"href":"https:\/\/elbschule.hamburg.de\/index.php?rest_route=%2Fwp%2Fv2%2Fmedia&parent=82"}],"curies":[{"name":"wp","href":"https:\/\/api.w.org\/{rel}","templated":true}]}}