{"id":794,"date":"2015-12-15T16:43:01","date_gmt":"2015-12-15T16:43:01","guid":{"rendered":"http:\/\/elbschule.hamburg.de\/?page_id=794"},"modified":"2018-10-22T08:06:34","modified_gmt":"2018-10-22T08:06:34","slug":"es-weihnachtet-sehr","status":"publish","type":"page","link":"https:\/\/elbschule.hamburg.de\/?page_id=794","title":{"rendered":"2017 Weihnachtsbacken"},"content":{"rendered":"<p><strong>Es weihnachtet sehr&#8230;!<\/strong><\/p>\n<p>Der traditionelle Backnachmittag der Fr\u00fchf\u00f6rderung hat wieder stattgefunden!<\/p>\n<p><img loading=\"lazy\" decoding=\"async\" class=\"wp-image-792 alignleft\" src=\"https:\/\/elbschule.hamburg.de\/wp-content\/uploads\/sites\/127\/2015\/12\/P1020596.jpg\" alt=\"Fr\u00fchf\u00f6rderung Weihnachtsbacken II\" width=\"215\" height=\"287\" srcset=\"https:\/\/elbschule.hamburg.de\/wp-content\/uploads\/sites\/127\/2015\/12\/P1020596.jpg 1536w, https:\/\/elbschule.hamburg.de\/wp-content\/uploads\/sites\/127\/2015\/12\/P1020596-225x300.jpg 225w, https:\/\/elbschule.hamburg.de\/wp-content\/uploads\/sites\/127\/2015\/12\/P1020596-768x1024.jpg 768w\" sizes=\"auto, (max-width: 215px) 100vw, 215px\" \/><\/p>\n<p>&nbsp;<\/p>\n<p>Es wurde gerollt, ausgestochen, verziert und genascht &#8230; viel genascht, so, wie es sich zur Weihnachtszeit geh\u00f6rt!<\/p>\n<p><img loading=\"lazy\" decoding=\"async\" class=\"alignnone wp-image-791\" src=\"https:\/\/elbschule.hamburg.de\/wp-content\/uploads\/sites\/127\/2015\/12\/P1020569.jpg\" alt=\"Fr\u00fchf\u00f6rderung Weihnachtsbacken III\" width=\"323\" height=\"242\" srcset=\"https:\/\/elbschule.hamburg.de\/wp-content\/uploads\/sites\/127\/2015\/12\/P1020569.jpg 2048w, https:\/\/elbschule.hamburg.de\/wp-content\/uploads\/sites\/127\/2015\/12\/P1020569-300x225.jpg 300w, https:\/\/elbschule.hamburg.de\/wp-content\/uploads\/sites\/127\/2015\/12\/P1020569-768x576.jpg 768w, https:\/\/elbschule.hamburg.de\/wp-content\/uploads\/sites\/127\/2015\/12\/P1020569-1024x768.jpg 1024w\" sizes=\"auto, (max-width: 323px) 100vw, 323px\" \/><\/p>\n<p><img loading=\"lazy\" decoding=\"async\" class=\"alignnone wp-image-790\" src=\"https:\/\/elbschule.hamburg.de\/wp-content\/uploads\/sites\/127\/2015\/12\/P1020568.jpg\" alt=\"Fr\u00fchf\u00f6rderung Weihnachtsbacken IV\" width=\"323\" height=\"242\" srcset=\"https:\/\/elbschule.hamburg.de\/wp-content\/uploads\/sites\/127\/2015\/12\/P1020568.jpg 2048w, https:\/\/elbschule.hamburg.de\/wp-content\/uploads\/sites\/127\/2015\/12\/P1020568-300x225.jpg 300w, https:\/\/elbschule.hamburg.de\/wp-content\/uploads\/sites\/127\/2015\/12\/P1020568-768x576.jpg 768w, https:\/\/elbschule.hamburg.de\/wp-content\/uploads\/sites\/127\/2015\/12\/P1020568-1024x768.jpg 1024w\" sizes=\"auto, (max-width: 323px) 100vw, 323px\" \/><\/p>\n<p>Nachdem die klebrigen H\u00e4nde wieder sauber waren, gab es noch ein eifriges Sterne-Basteln.<br \/>\nUnd den gem\u00fctlichen Ausklang des Nachmittags bescherte uns ein zauberhaft vorgelesenes und vorgespieltes Bilderbuch.<\/p>\n<p><img loading=\"lazy\" decoding=\"async\" class=\" wp-image-793 aligncenter\" src=\"https:\/\/elbschule.hamburg.de\/wp-content\/uploads\/sites\/127\/2015\/12\/P1020673.jpg\" alt=\"Fr\u00fchf\u00f6rderung Weihnachtsbacken I\" width=\"401\" height=\"300\" srcset=\"https:\/\/elbschule.hamburg.de\/wp-content\/uploads\/sites\/127\/2015\/12\/P1020673.jpg 2048w, https:\/\/elbschule.hamburg.de\/wp-content\/uploads\/sites\/127\/2015\/12\/P1020673-300x225.jpg 300w, https:\/\/elbschule.hamburg.de\/wp-content\/uploads\/sites\/127\/2015\/12\/P1020673-768x576.jpg 768w, https:\/\/elbschule.hamburg.de\/wp-content\/uploads\/sites\/127\/2015\/12\/P1020673-1024x768.jpg 1024w\" sizes=\"auto, (max-width: 401px) 100vw, 401px\" \/><\/p>\n<p>Wer wissen m\u00f6chte, ob der kleine Weihnachtsmann denn im n\u00e4chsten Jahr seine Geschenke verteilen darf, kommt einfach das n\u00e4chste Mal dazu!<\/p>\n","protected":false},"excerpt":{"rendered":"<p>Es weihnachtet sehr&#8230;! Der traditionelle Backnachmittag der Fr\u00fchf\u00f6rderung hat wieder stattgefunden! &nbsp; Es wurde gerollt, ausgestochen, verziert und genascht &#8230; viel genascht, so, wie es sich zur Weihnachtszeit geh\u00f6rt! Nachdem die klebrigen H\u00e4nde wieder sauber waren, gab es noch ein eifriges Sterne-Basteln. Und den gem\u00fctlichen Ausklang des Nachmittags bescherte uns ein zauberhaft vorgelesenes und vorgespieltes &hellip; <a href=\"https:\/\/elbschule.hamburg.de\/?page_id=794\" class=\"more-link\"><span class=\"screen-reader-text\">2017 Weihnachtsbacken<\/span> weiterlesen <span class=\"meta-nav\">&rarr;<\/span><\/a><\/p>\n","protected":false},"author":206,"featured_media":0,"parent":0,"menu_order":0,"comment_status":"closed","ping_status":"closed","template":"","meta":{"_acf_changed":false,"footnotes":""},"class_list":["post-794","page","type-page","status-publish","hentry"],"acf":[],"_links":{"self":[{"href":"https:\/\/elbschule.hamburg.de\/index.php?rest_route=\/wp\/v2\/pages\/794","targetHints":{"allow":["GET"]}}],"collection":[{"href":"https:\/\/elbschule.hamburg.de\/index.php?rest_route=\/wp\/v2\/pages"}],"about":[{"href":"https:\/\/elbschule.hamburg.de\/index.php?rest_route=\/wp\/v2\/types\/page"}],"author":[{"embeddable":true,"href":"https:\/\/elbschule.hamburg.de\/index.php?rest_route=\/wp\/v2\/users\/206"}],"replies":[{"embeddable":true,"href":"https:\/\/elbschule.hamburg.de\/index.php?rest_route=%2Fwp%2Fv2%2Fcomments&post=794"}],"version-history":[{"count":1,"href":"https:\/\/elbschule.hamburg.de\/index.php?rest_route=\/wp\/v2\/pages\/794\/revisions"}],"predecessor-version":[{"id":795,"href":"https:\/\/elbschule.hamburg.de\/index.php?rest_route=\/wp\/v2\/pages\/794\/revisions\/795"}],"wp:attachment":[{"href":"https:\/\/elbschule.hamburg.de\/index.php?rest_route=%2Fwp%2Fv2%2Fmedia&parent=794"}],"curies":[{"name":"wp","href":"https:\/\/api.w.org\/{rel}","templated":true}]}}