{"id":731,"date":"2015-10-11T17:07:12","date_gmt":"2015-10-11T17:07:12","guid":{"rendered":"http:\/\/elbschule.hamburg.de\/?page_id=731"},"modified":"2024-04-25T11:55:13","modified_gmt":"2024-04-25T11:55:13","slug":"struktur","status":"publish","type":"page","link":"https:\/\/elbschule.hamburg.de\/?page_id=731","title":{"rendered":"Struktur"},"content":{"rendered":"<p>Die Elbschule ist eine Ganztagsschule in vollgebundener Form.<br \/>\nDas bedeutet:<\/p>\n<ul>\n<li>Der Ganztag wird in<strong> alleiniger Verantwortung der Schule organisiert<\/strong>. Kooperationen mit au\u00dferschulischen Partnern finden statt. Sie bereichern das Angebot und verankern die Schule im Quartier.<\/li>\n<li>Alle Kinder nehmen<strong> verbindlich von 08.00 \u2013 15.30 Uhr an vier Tagen <\/strong>am Unterricht und an Kursen teil.<\/li>\n<li>Der Schulalltag verl\u00e4uft in einem<strong> Rhythmus, der den Bed\u00fcrfnissen der Kinder entgegenkommt.<\/strong> Der Unterricht findet schwerpunktm\u00e4\u00dfig am Vormittag statt. Bewegungs- und Freizeitangebote kommen am Tag nicht zu kurz.<\/li>\n<li>Es gibt ein <strong>gemeinsames Mittagessen gegen Entgelt. <\/strong><\/li>\n<li><strong>Anstelle von Hausaufgaben gibt es Lernzeiten.<\/strong><\/li>\n<li>In insgesamt 10 Wochen pro Schuljahr bietet die Elbschule<strong> Ferienbetreuung kostenpflichtig <\/strong>an.<\/li>\n<\/ul>\n<p>Der Schultag beginnt um 08.00 Uhr.\u00a0Am Vormittag gibt es f\u00fcr alle Klassen zwei Unterrichtsbl\u00f6cke \u00e0 90 Minuten. Danach gehen die Grundschulklassen in zwei Schichten \u00e0 45 Minuten zum Mittagessen bzw. haben eine weitere Unterrichtsstunde. Der Grundschulnachmittag beginnt um 13.30 Uhr.<\/p>\n<p>Die Klassen 5-10 gehen nach drei Unterrichtsbl\u00f6cken \u00e0 90 Minuten zum Essen.\u00a0Die Stadtteilsch\u00fcler:innen haben nachmittags an einem Dienstag oder Donnerstag Neigungskurse. Sie beginnen um 14.15 Uhr.<\/p>\n<p>Am Freitag gibt es keinen Nachmittagsunterricht. Die Schule endet um 13.15 Uhr. Es gibt ein Angebot f\u00fcr Randbetreuung nach Unterrichtsschluss.<\/p>\n<p>F\u00fcr unser Neigungskursangebot suchen wir stets engagierte Menschen, die mit H\u00f6rgesch\u00e4digten kommunizieren k\u00f6nnen und ein interessantes Hobby oder Thema mit unseren Sch\u00fcler:innen teilen m\u00f6chten. Weitere Informationen erhalten Sie bei Herrn A\u00dfmann.<\/p>\n<p><a href=\"https:\/\/elbschule.hamburg.de\/wp-content\/uploads\/sites\/127\/2024\/04\/Taktung-Klassen-1-10.pdf\" target=\"_blank\" rel=\"noopener\"><img loading=\"lazy\" decoding=\"async\" class=\"alignleft wp-image-4625\" src=\"https:\/\/elbschule.hamburg.de\/wp-content\/uploads\/sites\/127\/2024\/04\/Taktung-Elbschule-300x208.png\" alt=\"\" width=\"100\" height=\"69\" srcset=\"https:\/\/elbschule.hamburg.de\/wp-content\/uploads\/sites\/127\/2024\/04\/Taktung-Elbschule-300x208.png 300w, https:\/\/elbschule.hamburg.de\/wp-content\/uploads\/sites\/127\/2024\/04\/Taktung-Elbschule-768x532.png 768w, https:\/\/elbschule.hamburg.de\/wp-content\/uploads\/sites\/127\/2024\/04\/Taktung-Elbschule.png 958w\" sizes=\"auto, (max-width: 100px) 100vw, 100px\" \/><\/a><\/p>\n<p>&nbsp;<\/p>\n<p><a href=\"https:\/\/elbschule.hamburg.de\/wp-content\/uploads\/sites\/127\/2024\/04\/Taktung-Klassen-1-10.pdf\" target=\"_blank\" rel=\"noopener\"><span style=\"color: #000000\">Grafik Taktung 1-10<\/span><\/a><\/p>\n<p>&nbsp;<\/p>\n<p>&nbsp;<\/p>\n<p><em><u><img loading=\"lazy\" decoding=\"async\" class=\"alignleft size-full wp-image-666\" src=\"https:\/\/elbschule.hamburg.de\/wp-content\/uploads\/sites\/127\/2015\/09\/assmann.jpg\" alt=\"assmann\" width=\"370\" height=\"191\" srcset=\"https:\/\/elbschule.hamburg.de\/wp-content\/uploads\/sites\/127\/2015\/09\/assmann.jpg 370w, https:\/\/elbschule.hamburg.de\/wp-content\/uploads\/sites\/127\/2015\/09\/assmann-300x155.jpg 300w\" sizes=\"auto, (max-width: 370px) 100vw, 370px\" \/><\/u><\/em><\/p>\n<p>&nbsp;<\/p>\n<p>&nbsp;<\/p>\n<p>&nbsp;<\/p>\n<p>&nbsp;<\/p>\n<p>&nbsp;<\/p>\n<p>&nbsp;<\/p>\n<p>KONTAKT:<br \/>\n<strong>Holger A\u00dfmann<br \/>\n<\/strong>Ganztagskoordination<br \/>\nTel.: 040 \/ 428 485-0<br \/>\ne-mail:\u00a0<a href=\"mailto:ganztag@elbschule-hamburg.de\" target=\"_blank\" rel=\"noopener\">ganztag@elbschule-hamburg.de<\/a><\/p>\n","protected":false},"excerpt":{"rendered":"<p>Die Elbschule ist eine Ganztagsschule in vollgebundener Form. Das bedeutet: Der Ganztag wird in alleiniger Verantwortung der Schule organisiert. Kooperationen mit au\u00dferschulischen Partnern finden statt. Sie bereichern das Angebot und verankern die Schule im Quartier. Alle Kinder nehmen verbindlich von 08.00 \u2013 15.30 Uhr an vier Tagen am Unterricht und an Kursen teil. Der Schulalltag &hellip; <a href=\"https:\/\/elbschule.hamburg.de\/?page_id=731\" class=\"more-link\"><span class=\"screen-reader-text\">Struktur<\/span> weiterlesen <span class=\"meta-nav\">&rarr;<\/span><\/a><\/p>\n","protected":false},"author":206,"featured_media":0,"parent":0,"menu_order":0,"comment_status":"closed","ping_status":"closed","template":"","meta":{"_acf_changed":false,"footnotes":""},"class_list":["post-731","page","type-page","status-publish","hentry"],"acf":[],"_links":{"self":[{"href":"https:\/\/elbschule.hamburg.de\/index.php?rest_route=\/wp\/v2\/pages\/731","targetHints":{"allow":["GET"]}}],"collection":[{"href":"https:\/\/elbschule.hamburg.de\/index.php?rest_route=\/wp\/v2\/pages"}],"about":[{"href":"https:\/\/elbschule.hamburg.de\/index.php?rest_route=\/wp\/v2\/types\/page"}],"author":[{"embeddable":true,"href":"https:\/\/elbschule.hamburg.de\/index.php?rest_route=\/wp\/v2\/users\/206"}],"replies":[{"embeddable":true,"href":"https:\/\/elbschule.hamburg.de\/index.php?rest_route=%2Fwp%2Fv2%2Fcomments&post=731"}],"version-history":[{"count":5,"href":"https:\/\/elbschule.hamburg.de\/index.php?rest_route=\/wp\/v2\/pages\/731\/revisions"}],"predecessor-version":[{"id":4627,"href":"https:\/\/elbschule.hamburg.de\/index.php?rest_route=\/wp\/v2\/pages\/731\/revisions\/4627"}],"wp:attachment":[{"href":"https:\/\/elbschule.hamburg.de\/index.php?rest_route=%2Fwp%2Fv2%2Fmedia&parent=731"}],"curies":[{"name":"wp","href":"https:\/\/api.w.org\/{rel}","templated":true}]}}