{"id":69,"date":"2015-04-11T15:49:33","date_gmt":"2015-04-11T15:49:33","guid":{"rendered":"http:\/\/elbschule.schulhomepages.hamburg.de\/?page_id=69"},"modified":"2025-11-11T15:10:15","modified_gmt":"2025-11-11T14:10:15","slug":"integration-inklusion","status":"publish","type":"page","link":"https:\/\/elbschule.hamburg.de\/?page_id=69","title":{"rendered":"Ambulante Beratung und Unterst\u00fctzung"},"content":{"rendered":"<div class=\"maintext\">\n<p><strong>Ambulante Beratung und Unterst\u00fctzung von Sch\u00fclerinnen und Sch\u00fclern mit einer H\u00f6rsch\u00e4digung in Allgemeinen Schulen<a href=\"https:\/\/elbschule.hamburg.de\/wp-content\/uploads\/sites\/127\/2015\/07\/Abteilung-III-Ambulanz.png\" data-rel=\"lightbox\" data-rl_title=\"\" data-rl_caption=\"\" title=\"\"><img loading=\"lazy\" decoding=\"async\" class=\" wp-image-306 alignright\" src=\"https:\/\/elbschule.hamburg.de\/wp-content\/uploads\/sites\/127\/2015\/07\/Abteilung-III-Ambulanz.png\" alt=\"Abteilung III Ambulanz\" width=\"233\" height=\"124\" srcset=\"https:\/\/elbschule.hamburg.de\/wp-content\/uploads\/sites\/127\/2015\/07\/Abteilung-III-Ambulanz.png 502w, https:\/\/elbschule.hamburg.de\/wp-content\/uploads\/sites\/127\/2015\/07\/Abteilung-III-Ambulanz-300x160.png 300w\" sizes=\"auto, (max-width: 233px) 100vw, 233px\" \/><\/a><\/strong><\/p>\n<p><strong><span style=\"text-decoration: underline\">Unsere Ziele<\/span><br \/>\n<\/strong>Sch\u00fclerinnen und Sch\u00fcler mit einer H\u00f6rsch\u00e4digung sollen an Allgemeinen Schulen optimal lernen k\u00f6nnen. Wir m\u00f6chten ihren Lernweg begleiten und die schulische Situation unter h\u00f6rgesch\u00e4digten-spezifischen Aspekten gestalten.<\/p>\n<p><strong><br \/>\n<span style=\"text-decoration: underline\">Unser Team<br \/>\n<a href=\"https:\/\/elbschule.hamburg.de\/wp-content\/uploads\/sites\/127\/2025\/11\/Team-Ambulanz.jpg\" data-rel=\"lightbox\" data-rl_title=\"\" data-rl_caption=\"\" title=\"\"><img loading=\"lazy\" decoding=\"async\" class=\"aligncenter size-full wp-image-5233\" src=\"https:\/\/elbschule.hamburg.de\/wp-content\/uploads\/sites\/127\/2025\/11\/Team-Ambulanz.jpg\" alt=\"\" width=\"640\" height=\"465\" srcset=\"https:\/\/elbschule.hamburg.de\/wp-content\/uploads\/sites\/127\/2025\/11\/Team-Ambulanz.jpg 640w, https:\/\/elbschule.hamburg.de\/wp-content\/uploads\/sites\/127\/2025\/11\/Team-Ambulanz-300x218.jpg 300w\" sizes=\"auto, (max-width: 640px) 100vw, 640px\" \/><\/a><br \/>\n<\/span><\/strong>Wir sind ein Team von H\u00f6rgesch\u00e4digtenp\u00e4dagoginnen und -p\u00e4dagogen mit langj\u00e4hriger Erfahrung in der ambulanten Beratung und Unterst\u00fctzung von Sch\u00fclerinnen und Sch\u00fclern mit einer H\u00f6rsch\u00e4digung, die Allgemeine Schulen besuchen. Dar\u00fcber hinaus haben wir fundierte Kenntnisse im Bereich elektroakustischer Hilfsmittel und deren Einsatz im Unterricht.<\/p>\n<p><strong><br \/>\n<\/strong><strong><span style=\"text-decoration: underline\">Unsere Angebote<\/span><br \/>\n<\/strong>Wir informieren \u00fcber<\/p>\n<ul>\n<li>H\u00f6ren und H\u00f6rsch\u00e4digung<\/li>\n<li>technische Hilfen<\/li>\n<li>Verb\u00e4nde und Vereine<\/li>\n<li>Fachliteratur<\/li>\n<\/ul>\n<p>Wir beraten zu<\/p>\n<ul>\n<li>g\u00fcnstigen Kommunikationsbedingungen<\/li>\n<li>Einsatzm\u00f6glichkeiten technischer Hilfen<\/li>\n<li>didaktisch-methodische Hilfen<\/li>\n<li>Klassenraumakustik<\/li>\n<li>Nachteilsausgleich<\/li>\n<li>berufliche Eingliederung<\/li>\n<\/ul>\n<p>Wir unterst\u00fctzen<\/p>\n<ul>\n<li>Kinder und Jugendliche im Umgang mit ihrer H\u00f6rsch\u00e4digung<\/li>\n<li>Eltern bei allen Fragen zum Thema \u201eH\u00f6ren und H\u00f6rsch\u00e4digung\u201c<\/li>\n<li>Lehrerinnen und Lehrer im schulischen Alltag mit h\u00f6rgesch\u00e4digten Kindern und Jugendlichen<\/li>\n<li>bei Fragen zum Schulwechsel<\/li>\n<\/ul>\n<p>Wir bieten Unterrichtseinheiten zum Thema<\/p>\n<ul>\n<li>H\u00f6ren und H\u00f6rsch\u00e4digung<\/li>\n<li>Kommunikationsverhalten<\/li>\n<li>Umgang mit H\u00f6rbehinderung<\/li>\n<\/ul>\n<p>Wir organisieren<\/p>\n<ul>\n<li>Peergrouptreffen<\/li>\n<li>Lehrerfortbildungen<\/li>\n<li>Elternabende<\/li>\n<\/ul>\n<p><span style=\"text-decoration: underline\"><strong><br \/>\nUnsere ambulante Beratung und Unterst\u00fctzung richtet sich an<\/strong><\/span><\/p>\n<ul>\n<li>alle Sch\u00fclerinnen und Sch\u00fcler mit einer H\u00f6rsch\u00e4digung, die Allgemeine Schulen besuchen<\/li>\n<li>Eltern<\/li>\n<li>Klassen- sowie Fachlehrerinnen und -lehrer<\/li>\n<li>Mitsch\u00fclerinnen und Mitsch\u00fcler<\/li>\n<li>Schulleitung und Kollegium<\/li>\n<li>beteiligte Fachdienste<\/li>\n<\/ul>\n<p><strong><br \/>\n<span style=\"text-decoration: underline\">Wie k\u00f6nnen Sie Kontakt zu uns aufnehmen?<\/span><br \/>\n<\/strong>Rufen Sie bitte im Sekretariat der Elbschule an (040 \u2013 42 84 85 &#8211; 0).<br \/>\nTeilen Sie uns die Schule, die Klasse und die Klassenleitung Ihres Kindes mit.\u00a0Wir nehmen dann unsererseits zu Ihnen telefonischen Kontakt auf und vereinbaren einen Termin f\u00fcr ein erstes Vorstellungsgespr\u00e4ch.\u00a0Bei diesem Gespr\u00e4ch, m\u00f6chten wir Sie und Ihr Kind pers\u00f6nlich kennen lernen und eine p\u00e4dagogisch-audiologische \u00dcberpr\u00fcfung durchf\u00fchren.\u00a0Die p\u00e4dagogisch-audiologische \u00dcberpr\u00fcfung ist die Voraussetzung f\u00fcr eine individuelle Beratung und Unterst\u00fctzung Ihres Kindes in der Allgemeinen Schule.<\/p>\n<p>&nbsp;<\/p>\n<p><strong>Wo finden Sie uns?<\/strong><br \/>\n<a href=\"https:\/\/elbschule.hamburg.de\/?page_id=48\" target=\"_blank\" rel=\"noopener noreferrer\">Lageplan<\/a><\/p>\n<\/div>\n<p><a href=\"https:\/\/elbschule.hamburg.de\/wp-content\/uploads\/sites\/127\/2015\/09\/roth.jpg\" data-rel=\"lightbox\" data-rl_title=\"\" data-rl_caption=\"\" title=\"\"><img loading=\"lazy\" decoding=\"async\" class=\"alignleft size-full wp-image-674\" src=\"https:\/\/elbschule.hamburg.de\/wp-content\/uploads\/sites\/127\/2015\/09\/roth.jpg\" alt=\"roth\" width=\"370\" height=\"191\" srcset=\"https:\/\/elbschule.hamburg.de\/wp-content\/uploads\/sites\/127\/2015\/09\/roth.jpg 370w, https:\/\/elbschule.hamburg.de\/wp-content\/uploads\/sites\/127\/2015\/09\/roth-300x155.jpg 300w\" sizes=\"auto, (max-width: 370px) 100vw, 370px\" \/><\/a><\/p>\n<div class=\"maintext\">\n<div>\n<p><a href=\"https:\/\/elbschule.hamburg.de\/wp-content\/uploads\/sites\/127\/2020\/03\/Schulz.jpg\" data-rel=\"lightbox\" data-rl_title=\"\" data-rl_caption=\"\" title=\"\"><img loading=\"lazy\" decoding=\"async\" class=\"alignleft wp-image-2336 size-full\" src=\"https:\/\/elbschule.hamburg.de\/wp-content\/uploads\/sites\/127\/2020\/03\/Schulz.jpg\" alt=\"\" width=\"370\" height=\"191\" srcset=\"https:\/\/elbschule.hamburg.de\/wp-content\/uploads\/sites\/127\/2020\/03\/Schulz.jpg 370w, https:\/\/elbschule.hamburg.de\/wp-content\/uploads\/sites\/127\/2020\/03\/Schulz-300x155.jpg 300w\" sizes=\"auto, (max-width: 370px) 100vw, 370px\" \/><\/a><\/p>\n<p><strong><br \/>\nIngrid Roth<br \/>\n<\/strong>Leiterin der Abteilung III<br \/>\nTel.: 040 &#8211; 428 485 -0<br \/>\nIngrid.Roth(at)bsb.hamburg.de<\/p>\n<p>&nbsp;<\/p>\n<p>&nbsp;<\/p>\n<p><strong>Wolfgang Schulz<br \/>\n<\/strong>Ambulante Beratung und Unterst\u00fctzung<br \/>\nTel.: 040 &#8211; 428 485 -0<br \/>\nwolfgang.schulz(at)bzhk.hamburg.de<\/p>\n<\/div>\n<\/div>\n<p>&nbsp;<\/p>\n<div class=\"maintext\">\n<div>\n<p><span style=\"text-decoration: underline\"><strong>Downloads<\/strong><\/span><\/p>\n<p><a href=\"https:\/\/elbschule.hamburg.de\/wp-content\/uploads\/sites\/127\/2015\/08\/Folder_AmbulanteBeratung_120x120_Neu2015.pdf\" target=\"_blank\" rel=\"noopener noreferrer\"><img loading=\"lazy\" decoding=\"async\" class=\"alignnone wp-image-536\" src=\"https:\/\/elbschule.hamburg.de\/wp-content\/uploads\/sites\/127\/2015\/08\/Bildschirmfoto-2015-08-30-um-18.00.32.png\" alt=\"Flyer Ambulanz Titel\" width=\"56\" height=\"57\" srcset=\"https:\/\/elbschule.hamburg.de\/wp-content\/uploads\/sites\/127\/2015\/08\/Bildschirmfoto-2015-08-30-um-18.00.32.png 398w, https:\/\/elbschule.hamburg.de\/wp-content\/uploads\/sites\/127\/2015\/08\/Bildschirmfoto-2015-08-30-um-18.00.32-150x150.png 150w, https:\/\/elbschule.hamburg.de\/wp-content\/uploads\/sites\/127\/2015\/08\/Bildschirmfoto-2015-08-30-um-18.00.32-296x300.png 296w\" sizes=\"auto, (max-width: 56px) 100vw, 56px\" \/><\/a><a href=\"https:\/\/elbschule.hamburg.de\/wp-content\/uploads\/sites\/127\/2015\/08\/Folder_AmbulanteBeratung_120x120_Neu2015.pdf\" target=\"_blank\" rel=\"noopener noreferrer\">\u00a0 Flyer Ambulante Beratung und Unterst\u00fctzung<\/a><\/p>\n<ul>\n<li><a href=\"https:\/\/elbschule.hamburg.de\/wp-content\/uploads\/sites\/127\/2015\/09\/ELB-\u00dcbertragungsanlage.pdf\" target=\"_blank\" rel=\"noopener noreferrer\">\u00dcbertragungsanlagen<\/a><\/li>\n<li><a href=\"https:\/\/elbschule.hamburg.de\/wp-content\/uploads\/sites\/127\/2015\/09\/ELB-Einseitige-H\u00f6rsch\u00e4digung-Eltern.pdf\" target=\"_blank\" rel=\"noopener noreferrer\">Infos f\u00fcr Eltern zur einseitigen H\u00f6rsch\u00e4digung<\/a><\/li>\n<li><a href=\"https:\/\/elbschule.hamburg.de\/wp-content\/uploads\/sites\/127\/2015\/09\/ELB-Einseitige-H\u00f6rsch\u00e4digung-Lehrer.pdf\" target=\"_blank\" rel=\"noopener noreferrer\">Infos f\u00fcr Lehrer zur einseitigen H\u00f6rsch\u00e4digung<\/a><\/li>\n<li><a href=\"https:\/\/elbschule.hamburg.de\/wp-content\/uploads\/sites\/127\/2019\/11\/ELB-Raumakustik.pdf\" target=\"_blank\" rel=\"noopener noreferrer\">Infos zur Raumakustik<\/a><\/li>\n<li><a href=\"https:\/\/elbschule.hamburg.de\/wp-content\/uploads\/sites\/127\/2015\/09\/ELB-Optimale-Bedingungen.pdf\" target=\"_blank\" rel=\"noopener noreferrer\">Optimale Bedingungen<\/a><\/li>\n<li><a href=\"https:\/\/elbschule.hamburg.de\/wp-content\/uploads\/sites\/127\/2015\/09\/ELB-Problem-auditive-Verarbeitungs-und-Wahrnehmungsst\u00f6rung.pdf\" target=\"_blank\" rel=\"noopener noreferrer\">Infos zur auditiven Verarbeitungs- und Wahrnehmungsst\u00f6rung<\/a><\/li>\n<\/ul>\n<p>&nbsp;<\/p>\n<\/div>\n<\/div>\n","protected":false},"excerpt":{"rendered":"<p>Ambulante Beratung und Unterst\u00fctzung von Sch\u00fclerinnen und Sch\u00fclern mit einer H\u00f6rsch\u00e4digung in Allgemeinen Schulen Unsere Ziele Sch\u00fclerinnen und Sch\u00fcler mit einer H\u00f6rsch\u00e4digung sollen an Allgemeinen Schulen optimal lernen k\u00f6nnen. Wir m\u00f6chten ihren Lernweg begleiten und die schulische Situation unter h\u00f6rgesch\u00e4digten-spezifischen Aspekten gestalten. Unser Team Wir sind ein Team von H\u00f6rgesch\u00e4digtenp\u00e4dagoginnen und -p\u00e4dagogen mit langj\u00e4hriger Erfahrung &hellip; <a href=\"https:\/\/elbschule.hamburg.de\/?page_id=69\" class=\"more-link\"><span class=\"screen-reader-text\">Ambulante Beratung und Unterst\u00fctzung<\/span> weiterlesen <span class=\"meta-nav\">&rarr;<\/span><\/a><\/p>\n","protected":false},"author":207,"featured_media":0,"parent":0,"menu_order":0,"comment_status":"closed","ping_status":"closed","template":"","meta":{"_acf_changed":false,"footnotes":""},"class_list":["post-69","page","type-page","status-publish","hentry"],"acf":[],"_links":{"self":[{"href":"https:\/\/elbschule.hamburg.de\/index.php?rest_route=\/wp\/v2\/pages\/69","targetHints":{"allow":["GET"]}}],"collection":[{"href":"https:\/\/elbschule.hamburg.de\/index.php?rest_route=\/wp\/v2\/pages"}],"about":[{"href":"https:\/\/elbschule.hamburg.de\/index.php?rest_route=\/wp\/v2\/types\/page"}],"author":[{"embeddable":true,"href":"https:\/\/elbschule.hamburg.de\/index.php?rest_route=\/wp\/v2\/users\/207"}],"replies":[{"embeddable":true,"href":"https:\/\/elbschule.hamburg.de\/index.php?rest_route=%2Fwp%2Fv2%2Fcomments&post=69"}],"version-history":[{"count":10,"href":"https:\/\/elbschule.hamburg.de\/index.php?rest_route=\/wp\/v2\/pages\/69\/revisions"}],"predecessor-version":[{"id":5236,"href":"https:\/\/elbschule.hamburg.de\/index.php?rest_route=\/wp\/v2\/pages\/69\/revisions\/5236"}],"wp:attachment":[{"href":"https:\/\/elbschule.hamburg.de\/index.php?rest_route=%2Fwp%2Fv2%2Fmedia&parent=69"}],"curies":[{"name":"wp","href":"https:\/\/api.w.org\/{rel}","templated":true}]}}