{"id":66,"date":"2015-04-11T15:48:13","date_gmt":"2015-04-11T15:48:13","guid":{"rendered":"http:\/\/elbschule.schulhomepages.hamburg.de\/?page_id=66"},"modified":"2021-03-17T13:49:38","modified_gmt":"2021-03-17T13:49:38","slug":"kooperationen","status":"publish","type":"page","link":"https:\/\/elbschule.hamburg.de\/?page_id=66","title":{"rendered":"Kooperationen"},"content":{"rendered":"<h2>Zusammenarbeit mit anderen Institutionen (u.a.).<\/h2>\n<div class=\"maintext\">\n<ul>\n<li>Agentur f\u00fcr Arbeit \/ Rehaabteilung \/ Berufsberatung<\/li>\n<li>Beh\u00f6rde f\u00fcr Schule und Berufsbildung \/ Amt f\u00fcr Bildung: Projekt BOSO (Berufs- und Studienorientierung)<\/li>\n<li>Beratungsstelle sichtbar! \u2013 Erziehungshilfe Hamburg<\/li>\n<li>Beratungszentrum Sehen, H\u00f6ren, Bewegen, Sprechen<\/li>\n<li>Berufliche Schule Uferstra\u00dfe (BS 29)<\/li>\n<li>Bund der Schwerh\u00f6rigen<\/li>\n<li>Geh\u00f6rlosenverband Hamburg<\/li>\n<li>Hamburger Institut f\u00fcr Berufliche Bildung (HIBB)<\/li>\n<li>Hamburger H\u00d6RKREIS<\/li>\n<li>Hamburger Netzwerk H\u00f6rsch\u00e4digung (HHNH)<\/li>\n<li>H\u00f6rgesch\u00e4digtenschulen in anderen Bundesl\u00e4ndern<\/li>\n<li>IBAF \u2013 Geh\u00f6rlosenfachschule Rendsburg<\/li>\n<li>Kita Holmbrook (f\u00fcr Kinder mit und ohne H\u00f6rbehinderung)<\/li>\n<li>Landesinstitut f\u00fcr Lehrerbildung und Schulentwicklung (LI)<\/li>\n<li>ReBBZ Altona<\/li>\n<li>Rheinisch-Westf\u00e4lisches Berufskolleg Essen<\/li>\n<li>Sozialbeh\u00f6rde (Beh\u00f6rde f\u00fcr Arbeit, Gesundheit, Soziales, Familie und Integration)<\/li>\n<li>Staatliche Jugendmusikschule Hamburg (<span style=\"color: #000000\"><a style=\"color: #000000\" href=\"https:\/\/elbschule.hamburg.de\/wp-content\/uploads\/sites\/127\/2021\/03\/Angebote-der-JMS.pdf\" target=\"_blank\" rel=\"noopener noreferrer\">JMS<\/a><\/span>)<\/li>\n<li>Stadtteilschule HH-Mitte (vormals: Lohm\u00fchlengymnasium)<\/li>\n<li>Theodor-Sch\u00e4fer-Berufsbildungswerk Husum und weitere BBWs<\/li>\n<li>Theodor-Wenzel-Haus (TWH)<\/li>\n<li>Universit\u00e4t Hamburg &#8211; Fakult\u00e4t f\u00fcr Erziehungswissenschaft (Schulp\u00e4dagogik, Sozialp\u00e4dagogik und Behindertenp\u00e4dagogik)<\/li>\n<li>Universit\u00e4t Hamburg \u2013 Institut f\u00fcr Deutsche Geb\u00e4rdensprache und Kommunikation Geh\u00f6rloser<\/li>\n<\/ul>\n<\/div>\n","protected":false},"excerpt":{"rendered":"<p>Zusammenarbeit mit anderen Institutionen (u.a.). Agentur f\u00fcr Arbeit \/ Rehaabteilung \/ Berufsberatung Beh\u00f6rde f\u00fcr Schule und Berufsbildung \/ Amt f\u00fcr Bildung: Projekt BOSO (Berufs- und Studienorientierung) Beratungsstelle sichtbar! \u2013 Erziehungshilfe Hamburg Beratungszentrum Sehen, H\u00f6ren, Bewegen, Sprechen Berufliche Schule Uferstra\u00dfe (BS 29) Bund der Schwerh\u00f6rigen Geh\u00f6rlosenverband Hamburg Hamburger Institut f\u00fcr Berufliche Bildung (HIBB) Hamburger H\u00d6RKREIS Hamburger &hellip; <a href=\"https:\/\/elbschule.hamburg.de\/?page_id=66\" class=\"more-link\"><span class=\"screen-reader-text\">Kooperationen<\/span> weiterlesen <span class=\"meta-nav\">&rarr;<\/span><\/a><\/p>\n","protected":false},"author":207,"featured_media":0,"parent":0,"menu_order":0,"comment_status":"closed","ping_status":"closed","template":"","meta":{"_acf_changed":false,"footnotes":""},"class_list":["post-66","page","type-page","status-publish","hentry"],"acf":[],"_links":{"self":[{"href":"https:\/\/elbschule.hamburg.de\/index.php?rest_route=\/wp\/v2\/pages\/66","targetHints":{"allow":["GET"]}}],"collection":[{"href":"https:\/\/elbschule.hamburg.de\/index.php?rest_route=\/wp\/v2\/pages"}],"about":[{"href":"https:\/\/elbschule.hamburg.de\/index.php?rest_route=\/wp\/v2\/types\/page"}],"author":[{"embeddable":true,"href":"https:\/\/elbschule.hamburg.de\/index.php?rest_route=\/wp\/v2\/users\/207"}],"replies":[{"embeddable":true,"href":"https:\/\/elbschule.hamburg.de\/index.php?rest_route=%2Fwp%2Fv2%2Fcomments&post=66"}],"version-history":[{"count":5,"href":"https:\/\/elbschule.hamburg.de\/index.php?rest_route=\/wp\/v2\/pages\/66\/revisions"}],"predecessor-version":[{"id":2992,"href":"https:\/\/elbschule.hamburg.de\/index.php?rest_route=\/wp\/v2\/pages\/66\/revisions\/2992"}],"wp:attachment":[{"href":"https:\/\/elbschule.hamburg.de\/index.php?rest_route=%2Fwp%2Fv2%2Fmedia&parent=66"}],"curies":[{"name":"wp","href":"https:\/\/api.w.org\/{rel}","templated":true}]}}