{"id":654,"date":"2015-09-15T08:09:32","date_gmt":"2015-09-15T08:09:32","guid":{"rendered":"http:\/\/elbschule.hamburg.de\/?page_id=654"},"modified":"2025-09-10T15:55:02","modified_gmt":"2025-09-10T15:55:02","slug":"bildungszentrum","status":"publish","type":"page","link":"https:\/\/elbschule.hamburg.de\/?page_id=654","title":{"rendered":"Bildungszentrum"},"content":{"rendered":"<p><strong>Schulprofil der Elbschule &#8211; Bildungszentrum H\u00f6ren und Kommunikation<\/strong><\/p>\n<p>Die Entwicklungschancen f\u00fcr Kinder mit einer H\u00f6rsch\u00e4digung sind in Hamburg au\u00dferordentlich gut. Wichtige Voraussetzungen hierf\u00fcr sind das Neugeborenen-H\u00f6rscreening, die berufsgruppen\u00fcbergreifende Zusammenarbeit zwischen P\u00e4dagogen, Medizinern und H\u00f6rger\u00e4te-Akustikern, das differenzierte Bildungssystem von der Fr\u00fchf\u00f6rderung bis zu den Schulabschl\u00fcssen sowie die Beratung &amp; Unterst\u00fctzung an berufsbildenden Schulen.<\/p>\n<p>Das p\u00e4dagogische Angebot der Elbschule richtet sich an Babys, Kleinkinder, Kinder und Jugendliche mit dem F\u00f6rderschwerpunkt \u201aH\u00f6ren und Kommunikation\u2018. Wir verstehen uns als Kompetenzzentrum, das f\u00fcr alle p\u00e4dagogischen Fragen im Zusammenhang mit einer Schwerh\u00f6rigkeit oder einer Geh\u00f6rlosigkeit zust\u00e4ndig ist. Im Jahr 2000 wurden die Schwerh\u00f6rigenschule Hamburg und die Samuel-Heinicke-Schule zu einer Schule zusammengef\u00fchrt, um dem ver\u00e4nderten Aufgabenfeld noch besser gerecht werden zu k\u00f6nnen. Wir haben diese Herausforderung angenommen und das Bildungszentrum gestaltet. Sowohl der lautsprachliche als auch der bilinguale Weg bieten alle Bildungsm\u00f6glichkeiten. Unsere Arbeit ist gepr\u00e4gt vom wechselseitigen Respekt f\u00fcr beide Wege. F\u00fcr die Wahl der Schulabteilung ist die Schwerpunktsprache jedes Sch\u00fclers und jeder Sch\u00fclerin ausschlaggebend (Lautsprache oder Geb\u00e4rdensprache). Der wechselseitige Respekt und die wechselseitige Anerkennung beider Kommunikations\u00adwege spiegeln sich auch in unserem <a href=\"https:\/\/elbschule.hamburg.de\/?page_id=43\">Leitbild <\/a>mit seinen handlungsleitenden Grunds\u00e4tzen wider.<\/p>\n<p>Unsere h\u00f6rgesch\u00e4digte Sch\u00fclerschaft kommt aus ganz Hamburg. Knapp ein Drittel der Sch\u00fcler:innen wohnt in Schleswig-Holstein und in Niedersachsen und besucht die Elbschule als Gastsch\u00fcler:innen.<\/p>\n<p>Seit 2016 gibt es auch <a href=\"https:\/\/elbschule.hamburg.de\/?cat=41\">inklusive Klassen<\/a> f\u00fcr Sch\u00fcler:innen mit und ohne H\u00f6rbehinderung &#8211; mittlerweile in allen Jahrg\u00e4ngen je eine Klasse.<\/p>\n<p>Das Bildungszentrum gliedert sich in drei Abteilungen. Die Abteilungsbezeichnungen geben Auskunft \u00fcber das &#8222;Programm&#8220;:<\/p>\n<ul>\n<li>I: Abteilung f\u00fcr lautsprachlichen Unterricht mit inklusiven Klassen<\/li>\n<li>II: Abteilung f\u00fcr bilingualen Unterricht<\/li>\n<li>III: Zentrum f\u00fcr Fr\u00fchf\u00f6rderung, P\u00e4dagogische Audiologie und ambulante Beratung und Unterst\u00fctzung H\u00f6rgesch\u00e4digter an allgemeinen und berufsbildenden Schulen<\/li>\n<\/ul>\n<p>Die beiden Schulabteilungen (I und II) haben denselben Organisationsaufbau: Grundschule, Stadtteilschule bis Jahrgang 10 und Klassen f\u00fcr Sch\u00fclerinnen und Sch\u00fcler mit zus\u00e4tzlichen F\u00f6rderbedarfen. Die Regelklassen beider Abteilungen schlie\u00dfen mit dem <a href=\"https:\/\/elbschule.hamburg.de\/?page_id=64\">Ersten allgemeinbildenden oder dem Mittleren Schulabschluss <\/a>ab. An der Elbschule sind Lehrkr\u00e4fte und P\u00e4dagogisch-Therapeutisches Fachpersonal t\u00e4tig &#8211; in Einzelf\u00e4llen von Schulbegleiterinnen und -begleitern unterst\u00fctzt. Honorarkr\u00e4fte bieten Angebote im Ganztag an.<\/p>\n<p style=\"text-align: left\"><strong><a href=\"https:\/\/elbschule.hamburg.de\/wp-content\/uploads\/sites\/127\/2015\/09\/witte.jpg\" data-rel=\"lightbox\" data-rl_title=\"\" data-rl_caption=\"\" title=\"\"><img loading=\"lazy\" decoding=\"async\" class=\"alignleft wp-image-678 size-full\" src=\"https:\/\/elbschule.hamburg.de\/wp-content\/uploads\/sites\/127\/2015\/09\/witte.jpg\" alt=\"\" width=\"370\" height=\"191\" srcset=\"https:\/\/elbschule.hamburg.de\/wp-content\/uploads\/sites\/127\/2015\/09\/witte.jpg 370w, https:\/\/elbschule.hamburg.de\/wp-content\/uploads\/sites\/127\/2015\/09\/witte-300x155.jpg 300w\" sizes=\"auto, (max-width: 370px) 100vw, 370px\" \/><\/a><\/strong><\/p>\n<p style=\"text-align: left\"><strong>\u00a0<\/strong><\/p>\n<p style=\"text-align: left\"><strong>Ulrike Witte<\/strong><br \/>\nSchulleiterin<br \/>\n040 &#8211; 428 485-0<br \/>\nUlrike.Witte(at)bsfb.hamburg.de<\/p>\n","protected":false},"excerpt":{"rendered":"<p>Schulprofil der Elbschule &#8211; Bildungszentrum H\u00f6ren und Kommunikation Die Entwicklungschancen f\u00fcr Kinder mit einer H\u00f6rsch\u00e4digung sind in Hamburg au\u00dferordentlich gut. Wichtige Voraussetzungen hierf\u00fcr sind das Neugeborenen-H\u00f6rscreening, die berufsgruppen\u00fcbergreifende Zusammenarbeit zwischen P\u00e4dagogen, Medizinern und H\u00f6rger\u00e4te-Akustikern, das differenzierte Bildungssystem von der Fr\u00fchf\u00f6rderung bis zu den Schulabschl\u00fcssen sowie die Beratung &amp; Unterst\u00fctzung an berufsbildenden Schulen. Das p\u00e4dagogische Angebot &hellip; <a href=\"https:\/\/elbschule.hamburg.de\/?page_id=654\" class=\"more-link\"><span class=\"screen-reader-text\">Bildungszentrum<\/span> weiterlesen <span class=\"meta-nav\">&rarr;<\/span><\/a><\/p>\n","protected":false},"author":207,"featured_media":0,"parent":0,"menu_order":0,"comment_status":"closed","ping_status":"closed","template":"","meta":{"_acf_changed":false,"footnotes":""},"class_list":["post-654","page","type-page","status-publish","hentry"],"acf":[],"_links":{"self":[{"href":"https:\/\/elbschule.hamburg.de\/index.php?rest_route=\/wp\/v2\/pages\/654","targetHints":{"allow":["GET"]}}],"collection":[{"href":"https:\/\/elbschule.hamburg.de\/index.php?rest_route=\/wp\/v2\/pages"}],"about":[{"href":"https:\/\/elbschule.hamburg.de\/index.php?rest_route=\/wp\/v2\/types\/page"}],"author":[{"embeddable":true,"href":"https:\/\/elbschule.hamburg.de\/index.php?rest_route=\/wp\/v2\/users\/207"}],"replies":[{"embeddable":true,"href":"https:\/\/elbschule.hamburg.de\/index.php?rest_route=%2Fwp%2Fv2%2Fcomments&post=654"}],"version-history":[{"count":9,"href":"https:\/\/elbschule.hamburg.de\/index.php?rest_route=\/wp\/v2\/pages\/654\/revisions"}],"predecessor-version":[{"id":5184,"href":"https:\/\/elbschule.hamburg.de\/index.php?rest_route=\/wp\/v2\/pages\/654\/revisions\/5184"}],"wp:attachment":[{"href":"https:\/\/elbschule.hamburg.de\/index.php?rest_route=%2Fwp%2Fv2%2Fmedia&parent=654"}],"curies":[{"name":"wp","href":"https:\/\/api.w.org\/{rel}","templated":true}]}}