{"id":651,"date":"2015-09-12T19:04:38","date_gmt":"2015-09-12T19:04:38","guid":{"rendered":"http:\/\/elbschule.hamburg.de\/?page_id=651"},"modified":"2025-09-10T16:26:10","modified_gmt":"2025-09-10T16:26:10","slug":"schulbuero","status":"publish","type":"page","link":"https:\/\/elbschule.hamburg.de\/?page_id=651","title":{"rendered":"Schulb\u00fcro"},"content":{"rendered":"<table style=\"border: none\">\n<tbody>\n<tr>\n<td style=\"border: none;vertical-align: middle\"><a href=\"https:\/\/elbschule.hamburg.de\/wp-content\/uploads\/sites\/127\/2017\/01\/Schulsekret\u00e4r.jpg\" data-rel=\"lightbox\" data-rl_title=\"\" data-rl_caption=\"\" title=\"\"><img loading=\"lazy\" decoding=\"async\" class=\"alignleft wp-image-1160 size-full\" src=\"https:\/\/elbschule.hamburg.de\/wp-content\/uploads\/sites\/127\/2017\/01\/Schulsekret\u00e4r.jpg\" width=\"370\" height=\"191\" srcset=\"https:\/\/elbschule.hamburg.de\/wp-content\/uploads\/sites\/127\/2017\/01\/Schulsekret\u00e4r.jpg 370w, https:\/\/elbschule.hamburg.de\/wp-content\/uploads\/sites\/127\/2017\/01\/Schulsekret\u00e4r-300x155.jpg 300w\" sizes=\"auto, (max-width: 370px) 100vw, 370px\" \/><\/a><\/td>\n<td style=\"border: none;vertical-align: middle\"><img loading=\"lazy\" decoding=\"async\" class=\"alignleft wp-image-5193\" src=\"https:\/\/elbschule.hamburg.de\/wp-content\/uploads\/sites\/127\/2025\/09\/Sekretariat-2.png\" alt=\"\" width=\"205\" height=\"95\" srcset=\"https:\/\/elbschule.hamburg.de\/wp-content\/uploads\/sites\/127\/2025\/09\/Sekretariat-2.png 605w, https:\/\/elbschule.hamburg.de\/wp-content\/uploads\/sites\/127\/2025\/09\/Sekretariat-2-300x138.png 300w\" sizes=\"auto, (max-width: 205px) 100vw, 205px\" \/><\/td>\n<\/tr>\n<tr>\n<td style=\"border: none;vertical-align: middle\"><a href=\"https:\/\/elbschule.hamburg.de\/wp-content\/uploads\/sites\/127\/2017\/01\/Lopez-Schulsekret\u00e4rin.jpg\" data-rel=\"lightbox\" data-rl_title=\"\" data-rl_caption=\"\" title=\"\"><img loading=\"lazy\" decoding=\"async\" class=\"alignleft wp-image-1161 size-full\" src=\"https:\/\/elbschule.hamburg.de\/wp-content\/uploads\/sites\/127\/2017\/01\/Lopez-Schulsekret\u00e4rin.jpg\" width=\"370\" height=\"191\" srcset=\"https:\/\/elbschule.hamburg.de\/wp-content\/uploads\/sites\/127\/2017\/01\/Lopez-Schulsekret\u00e4rin.jpg 370w, https:\/\/elbschule.hamburg.de\/wp-content\/uploads\/sites\/127\/2017\/01\/Lopez-Schulsekret\u00e4rin-300x155.jpg 300w\" sizes=\"auto, (max-width: 370px) 100vw, 370px\" \/><\/a><\/td>\n<td style=\"border: none;vertical-align: middle\"><strong>\u00a0Susana L\u00f3pez S\u00e1nchez<\/strong><br \/>\nSchulsekret\u00e4rin<br \/>\nSkype: Elbschule<br \/>\n<a href=\"mailto:susana.lopezsanchez@bsfb.hamburg.de\">susana.lopezsanchez@bsfb.hamburg.de<\/a><\/td>\n<\/tr>\n<tr>\n<td style=\"border: none;vertical-align: middle\"><img loading=\"lazy\" decoding=\"async\" class=\"alignleft wp-image-3790 size-full\" src=\"https:\/\/elbschule.hamburg.de\/wp-content\/uploads\/sites\/127\/2022\/12\/auswahl-4329.jpg\" alt=\"\" width=\"370\" height=\"191\" srcset=\"https:\/\/elbschule.hamburg.de\/wp-content\/uploads\/sites\/127\/2022\/12\/auswahl-4329.jpg 370w, https:\/\/elbschule.hamburg.de\/wp-content\/uploads\/sites\/127\/2022\/12\/auswahl-4329-300x155.jpg 300w\" sizes=\"auto, (max-width: 370px) 100vw, 370px\" \/><\/td>\n<td style=\"border: none;vertical-align: middle\"><strong>\u00a0Ang\u00e9lique Stegmann<\/strong><br \/>\nSchulsekret\u00e4rin<br \/>\n040-428 485 &#8211; 0<br \/>\n<a href=\"mailto:angelique.stegmann@bsfb.hamburg.de\">angelique.stegmann@bsfb.hamburg.de<\/a><\/td>\n<\/tr>\n<tr>\n<td style=\"border: none;vertical-align: middle\"><\/td>\n<td style=\"border: none;vertical-align: middle\"><\/td>\n<\/tr>\n<\/tbody>\n<\/table>\n<p>&nbsp;<\/p>\n","protected":false},"excerpt":{"rendered":"<p>\u00a0Susana L\u00f3pez S\u00e1nchez Schulsekret\u00e4rin Skype: Elbschule susana.lopezsanchez@bsfb.hamburg.de \u00a0Ang\u00e9lique Stegmann Schulsekret\u00e4rin 040-428 485 &#8211; 0 angelique.stegmann@bsfb.hamburg.de &nbsp;<\/p>\n","protected":false},"author":206,"featured_media":0,"parent":0,"menu_order":0,"comment_status":"closed","ping_status":"closed","template":"","meta":{"_acf_changed":false,"footnotes":""},"class_list":["post-651","page","type-page","status-publish","hentry"],"acf":[],"_links":{"self":[{"href":"https:\/\/elbschule.hamburg.de\/index.php?rest_route=\/wp\/v2\/pages\/651","targetHints":{"allow":["GET"]}}],"collection":[{"href":"https:\/\/elbschule.hamburg.de\/index.php?rest_route=\/wp\/v2\/pages"}],"about":[{"href":"https:\/\/elbschule.hamburg.de\/index.php?rest_route=\/wp\/v2\/types\/page"}],"author":[{"embeddable":true,"href":"https:\/\/elbschule.hamburg.de\/index.php?rest_route=\/wp\/v2\/users\/206"}],"replies":[{"embeddable":true,"href":"https:\/\/elbschule.hamburg.de\/index.php?rest_route=%2Fwp%2Fv2%2Fcomments&post=651"}],"version-history":[{"count":16,"href":"https:\/\/elbschule.hamburg.de\/index.php?rest_route=\/wp\/v2\/pages\/651\/revisions"}],"predecessor-version":[{"id":5195,"href":"https:\/\/elbschule.hamburg.de\/index.php?rest_route=\/wp\/v2\/pages\/651\/revisions\/5195"}],"wp:attachment":[{"href":"https:\/\/elbschule.hamburg.de\/index.php?rest_route=%2Fwp%2Fv2%2Fmedia&parent=651"}],"curies":[{"name":"wp","href":"https:\/\/api.w.org\/{rel}","templated":true}]}}