{"id":65,"date":"2015-04-11T15:47:57","date_gmt":"2015-04-11T15:47:57","guid":{"rendered":"http:\/\/elbschule.schulhomepages.hamburg.de\/?page_id=65"},"modified":"2019-02-13T13:00:51","modified_gmt":"2019-02-13T13:00:51","slug":"schulprogramm-zlv","status":"publish","type":"page","link":"https:\/\/elbschule.hamburg.de\/?page_id=65","title":{"rendered":"Schulprogramm"},"content":{"rendered":"<h1>Schulprogramm<\/h1>\n<p>Das Schulprogramm ist hervorgegangen aus den Programmen der fr\u00fcheren Schwerh\u00f6rigenschule und der fr\u00fcheren Geh\u00f6rlosenschule. Es umfasst 8 Entwicklungsschwerpunkte:<\/p>\n<ul>\n<li>Grundschule<\/li>\n<li>Oberstufe<\/li>\n<li>F\u00f6rderschulklassen<\/li>\n<li>Fr\u00fchf\u00f6rderung<\/li>\n<li>P\u00e4dagogische Audiologie<\/li>\n<li>Beratungsstelle Integration<\/li>\n<li>P\u00e4dagogische Diagnostik<\/li>\n<li>Bilinguale Bildung und Erziehung<\/li>\n<li>Montessori-P\u00e4dagogik<\/li>\n<\/ul>\n","protected":false},"excerpt":{"rendered":"<p>Schulprogramm Das Schulprogramm ist hervorgegangen aus den Programmen der fr\u00fcheren Schwerh\u00f6rigenschule und der fr\u00fcheren Geh\u00f6rlosenschule. Es umfasst 8 Entwicklungsschwerpunkte: Grundschule Oberstufe F\u00f6rderschulklassen Fr\u00fchf\u00f6rderung P\u00e4dagogische Audiologie Beratungsstelle Integration P\u00e4dagogische Diagnostik Bilinguale Bildung und Erziehung Montessori-P\u00e4dagogik<\/p>\n","protected":false},"author":207,"featured_media":0,"parent":0,"menu_order":0,"comment_status":"closed","ping_status":"closed","template":"","meta":{"_acf_changed":false,"footnotes":""},"class_list":["post-65","page","type-page","status-publish","hentry"],"acf":[],"_links":{"self":[{"href":"https:\/\/elbschule.hamburg.de\/index.php?rest_route=\/wp\/v2\/pages\/65","targetHints":{"allow":["GET"]}}],"collection":[{"href":"https:\/\/elbschule.hamburg.de\/index.php?rest_route=\/wp\/v2\/pages"}],"about":[{"href":"https:\/\/elbschule.hamburg.de\/index.php?rest_route=\/wp\/v2\/types\/page"}],"author":[{"embeddable":true,"href":"https:\/\/elbschule.hamburg.de\/index.php?rest_route=\/wp\/v2\/users\/207"}],"replies":[{"embeddable":true,"href":"https:\/\/elbschule.hamburg.de\/index.php?rest_route=%2Fwp%2Fv2%2Fcomments&post=65"}],"version-history":[{"count":2,"href":"https:\/\/elbschule.hamburg.de\/index.php?rest_route=\/wp\/v2\/pages\/65\/revisions"}],"predecessor-version":[{"id":508,"href":"https:\/\/elbschule.hamburg.de\/index.php?rest_route=\/wp\/v2\/pages\/65\/revisions\/508"}],"wp:attachment":[{"href":"https:\/\/elbschule.hamburg.de\/index.php?rest_route=%2Fwp%2Fv2%2Fmedia&parent=65"}],"curies":[{"name":"wp","href":"https:\/\/api.w.org\/{rel}","templated":true}]}}