{"id":64,"date":"2015-04-11T15:47:37","date_gmt":"2015-04-11T15:47:37","guid":{"rendered":"http:\/\/elbschule.schulhomepages.hamburg.de\/?page_id=64"},"modified":"2015-09-09T16:12:03","modified_gmt":"2015-09-09T16:12:03","slug":"abschluesse","status":"publish","type":"page","link":"https:\/\/elbschule.hamburg.de\/?page_id=64","title":{"rendered":"Abschl\u00fcsse"},"content":{"rendered":"<p>Es wird der Erste allgemeinbildende Schulabschluss und der Mittlere Schulabschluss vermittelt.<\/p>\n<p><span style=\"text-decoration: underline\"><strong>Mittlerer Schulabschluss (MSA, ehemals Realschulabschluss)<\/strong><\/span><br \/>\n(am Ende der 10. Klasse in den Abteilungen I u. II m\u00f6glich)<\/p>\n<ul>\n<li>Voraussetzung zum Erwerb des Mittleren Schulabschlusses:<br \/>\nTeilnahme an den zentralen schriftlichen Pr\u00fcfungen (unter Ber\u00fccksichtigung eines Nachteilsausgleiches)<\/li>\n<li>Teilnahme an den m\u00fcndlichen Pr\u00fcfungen<\/li>\n<li>Leistungen entsprechend der Ausbildungs- und Pr\u00fcfungsordnung<br \/>\n(vgl. \u00a7 30 APO)<\/li>\n<\/ul>\n<p><strong>\u00a0\u00a0<\/strong><span style=\"text-decoration: underline\"><strong><br \/>\n<\/strong><strong>Erster allgemeinbildender Schulabschluss <\/strong><strong>(ESA, ehemals Hauptschulabschluss)<\/strong><\/span><br \/>\n(am Ende der 9. bzw. 10. Klasse in den Abteilungen I u. II)<\/p>\n<p>F\u00fcr den Erwerb des ersten allgemeinbildenden Schulabschlusses gibt es zwei M\u00f6glichkeiten.<\/p>\n<ol>\n<li>M\u00f6glichkeit:<\/li>\n<\/ol>\n<ul>\n<li>Teilnahme an den zentralen schriftlichen Pr\u00fcfungen (unter Ber\u00fccksichtigung eines Nachteilsausgleiches)<\/li>\n<li>Teilnahme an den m\u00fcndlichen Pr\u00fcfungen<\/li>\n<li>Leistungen entsprechend der Ausbildungs- und Pr\u00fcfungsordnung<br \/>\n(vgl. \u00a7 29, 1 APO)<\/li>\n<\/ul>\n<ol start=\"2\">\n<li>M\u00f6glichkeit ohne Teilnahme an der Abschlusspr\u00fcfung:<\/li>\n<\/ol>\n<ul>\n<li>Die Leistungen am Ende der Jahrgangsstufe 9 oder 10 sind nach der Umrechnung in abschlussbezogene Noten (mittlerer Bildungsabschluss) mindestens \u201eausreichend\u201c. Es sind Ausgleichs- und Ausschlussregelungen zu beachten (vgl. \u00a7 29, 2 und 3 APO).<\/li>\n<\/ul>\n","protected":false},"excerpt":{"rendered":"<p>Es wird der Erste allgemeinbildende Schulabschluss und der Mittlere Schulabschluss vermittelt. Mittlerer Schulabschluss (MSA, ehemals Realschulabschluss) (am Ende der 10. Klasse in den Abteilungen I u. II m\u00f6glich) Voraussetzung zum Erwerb des Mittleren Schulabschlusses: Teilnahme an den zentralen schriftlichen Pr\u00fcfungen (unter Ber\u00fccksichtigung eines Nachteilsausgleiches) Teilnahme an den m\u00fcndlichen Pr\u00fcfungen Leistungen entsprechend der Ausbildungs- und Pr\u00fcfungsordnung &hellip; <a href=\"https:\/\/elbschule.hamburg.de\/?page_id=64\" class=\"more-link\"><span class=\"screen-reader-text\">Abschl\u00fcsse<\/span> weiterlesen <span class=\"meta-nav\">&rarr;<\/span><\/a><\/p>\n","protected":false},"author":207,"featured_media":0,"parent":0,"menu_order":0,"comment_status":"closed","ping_status":"closed","template":"","meta":{"_acf_changed":false,"footnotes":""},"class_list":["post-64","page","type-page","status-publish","hentry"],"acf":[],"_links":{"self":[{"href":"https:\/\/elbschule.hamburg.de\/index.php?rest_route=\/wp\/v2\/pages\/64","targetHints":{"allow":["GET"]}}],"collection":[{"href":"https:\/\/elbschule.hamburg.de\/index.php?rest_route=\/wp\/v2\/pages"}],"about":[{"href":"https:\/\/elbschule.hamburg.de\/index.php?rest_route=\/wp\/v2\/types\/page"}],"author":[{"embeddable":true,"href":"https:\/\/elbschule.hamburg.de\/index.php?rest_route=\/wp\/v2\/users\/207"}],"replies":[{"embeddable":true,"href":"https:\/\/elbschule.hamburg.de\/index.php?rest_route=%2Fwp%2Fv2%2Fcomments&post=64"}],"version-history":[{"count":1,"href":"https:\/\/elbschule.hamburg.de\/index.php?rest_route=\/wp\/v2\/pages\/64\/revisions"}],"predecessor-version":[{"id":543,"href":"https:\/\/elbschule.hamburg.de\/index.php?rest_route=\/wp\/v2\/pages\/64\/revisions\/543"}],"wp:attachment":[{"href":"https:\/\/elbschule.hamburg.de\/index.php?rest_route=%2Fwp%2Fv2%2Fmedia&parent=64"}],"curies":[{"name":"wp","href":"https:\/\/api.w.org\/{rel}","templated":true}]}}