{"id":633,"date":"2015-09-26T19:48:27","date_gmt":"2015-09-26T19:48:27","guid":{"rendered":"http:\/\/elbschule.hamburg.de\/?page_id=633"},"modified":"2022-02-07T13:03:13","modified_gmt":"2022-02-07T13:03:13","slug":"beratungsabteilung","status":"publish","type":"page","link":"https:\/\/elbschule.hamburg.de\/?page_id=633","title":{"rendered":"Beratungsabteilung"},"content":{"rendered":"<div class=\"maintext\">\n<p>&nbsp;<\/p>\n<ul>\n<li style=\"list-style-type: none\">\n<ul>\n<li><strong><strong><a href=\"https:\/\/elbschule.hamburg.de\/?page_id=168\">P\u00e4dagogische Audiologie<br \/>\n<\/a><\/strong><\/strong><\/li>\n<\/ul>\n<\/li>\n<\/ul>\n<p>&nbsp;<\/p>\n<ul>\n<li style=\"list-style-type: none\">\n<ul>\n<li><strong><a title=\"Fr\u00fchf\u00f6rderung\" href=\"https:\/\/elbschule.hamburg.de\/?page_id=68\" target=\"_blank\" rel=\"noopener\">Fr\u00fchf\u00f6rderung<\/a><a href=\"http:\/\/www.sfh.hamburg.de\/index.php\/article\/detail\/2490\"><br \/>\n<\/a><\/strong><\/li>\n<\/ul>\n<\/li>\n<\/ul>\n<p>&nbsp;<\/p>\n<ul>\n<li style=\"list-style-type: none\">\n<ul>\n<li><strong><a href=\"https:\/\/elbschule.hamburg.de\/?page_id=69\">Ambulante Beratung und Unterst\u00fctzung<br \/>\n<\/a><\/strong><\/li>\n<\/ul>\n<\/li>\n<\/ul>\n<p>&nbsp;<\/p>\n<ul>\n<li style=\"list-style-type: none\">\n<ul>\n<li><strong><a href=\"https:\/\/elbschule.hamburg.de\/?page_id=310\">Beratung und Unterst\u00fctzung H\u00f6rgesch\u00e4digter w\u00e4hrend des Berufsschulbesuchs durch das Beratungszentrum Berufliche Schulen (BZBS)<\/a><\/strong><\/li>\n<\/ul>\n<\/li>\n<\/ul>\n<p>&nbsp;<\/p>\n<\/div>\n<p>&nbsp;<\/p>\n<div class=\"spacer20\"><\/div>\n","protected":false},"excerpt":{"rendered":"<p>&nbsp; P\u00e4dagogische Audiologie &nbsp; Fr\u00fchf\u00f6rderung &nbsp; Ambulante Beratung und Unterst\u00fctzung &nbsp; Beratung und Unterst\u00fctzung H\u00f6rgesch\u00e4digter w\u00e4hrend des Berufsschulbesuchs durch das Beratungszentrum Berufliche Schulen (BZBS) &nbsp; &nbsp;<\/p>\n","protected":false},"author":195,"featured_media":0,"parent":0,"menu_order":0,"comment_status":"closed","ping_status":"closed","template":"","meta":{"_acf_changed":false,"footnotes":""},"class_list":["post-633","page","type-page","status-publish","hentry"],"acf":[],"_links":{"self":[{"href":"https:\/\/elbschule.hamburg.de\/index.php?rest_route=\/wp\/v2\/pages\/633","targetHints":{"allow":["GET"]}}],"collection":[{"href":"https:\/\/elbschule.hamburg.de\/index.php?rest_route=\/wp\/v2\/pages"}],"about":[{"href":"https:\/\/elbschule.hamburg.de\/index.php?rest_route=\/wp\/v2\/types\/page"}],"author":[{"embeddable":true,"href":"https:\/\/elbschule.hamburg.de\/index.php?rest_route=\/wp\/v2\/users\/195"}],"replies":[{"embeddable":true,"href":"https:\/\/elbschule.hamburg.de\/index.php?rest_route=%2Fwp%2Fv2%2Fcomments&post=633"}],"version-history":[{"count":1,"href":"https:\/\/elbschule.hamburg.de\/index.php?rest_route=\/wp\/v2\/pages\/633\/revisions"}],"predecessor-version":[{"id":3242,"href":"https:\/\/elbschule.hamburg.de\/index.php?rest_route=\/wp\/v2\/pages\/633\/revisions\/3242"}],"wp:attachment":[{"href":"https:\/\/elbschule.hamburg.de\/index.php?rest_route=%2Fwp%2Fv2%2Fmedia&parent=633"}],"curies":[{"name":"wp","href":"https:\/\/api.w.org\/{rel}","templated":true}]}}