{"id":596,"date":"2015-09-03T10:08:32","date_gmt":"2015-09-03T10:08:32","guid":{"rendered":"http:\/\/elbschule.schulhomepages.hamburg.de\/?page_id=596"},"modified":"2020-10-24T16:49:51","modified_gmt":"2020-10-24T16:49:51","slug":"impressum","status":"publish","type":"page","link":"https:\/\/elbschule.hamburg.de\/?page_id=596","title":{"rendered":"Impressum"},"content":{"rendered":"<p><strong>Elbschule<br \/>\n<\/strong>BildungsZentrum H\u00f6ren und Kommunikation<br \/>\nHolmbrook 20<br \/>\n22605 Hamburg<br \/>\nTel. 040 \/ 428 485 -0<br \/>\nFax. 040 \/ 428 485 -222<br \/>\nemail: <a href=\"mailto:elbschule@bsb.hamburg.de\">elbschule@bsb.hamburg.de<\/a><a href=\"mailto:elbschule@bsb.hamburg.de\"><br \/>\n<\/a><\/p>\n<p><strong>Verantwortliche:<\/strong> Ulrike Witte (Schulleiterin)<\/p>\n<p class=\"maintext\"><strong>Webmaster:<\/strong> Jasmin Hilpert; Bettina R\u00f6rig<br \/>\nElbschule<br \/>\nBildungszentrum H\u00f6ren und Kommunikation<br \/>\nHolmbrook 20<br \/>\n22605 Hamburg<\/p>\n<p><strong>Dienstanbieter:<\/strong>\u00a0Die Freie und Hansestadt Hamburg<\/p>\n<p><strong>Urheberrecht, Haftung<br \/>\n<\/strong>Das Layout der Homepage, die verwendeten Grafiken und Videos sowie die Sammlung der Beitr\u00e4ge sind urheberrechtlich gesch\u00fctzt. Die Seiten d\u00fcrfen nur zum privaten Gebrauch vervielf\u00e4ltigt, \u00c4nderungen nicht vorgenommen und Vervielf\u00e4ltigungsst\u00fccke weder verbreitet noch zur \u00f6ffentlichen Wiedergabe benutzt werden.<br \/>\nDie einzelnen Beitr\u00e4ge sind ebenfalls urheberrechtlich gesch\u00fctzt; weitere Hinweise k\u00f6nnen ggf. dort nachgelesen werden. Alle Informationen auf diesem Server erfolgen ohne Gew\u00e4hr f\u00fcr ihre Richtigkeit. In keinem Fall wird f\u00fcr Sch\u00e4den, die sich aus der Verwendung der abgerufenen Informationen ergeben, eine Haftung \u00fcbernommen.<\/p>\n<p><strong><br \/>\nHaftung f\u00fcr Links<br \/>\n<\/strong>F\u00fcr die Inhalte der verlinkten Seiten ist stets der jeweilige Anbieter oder Betreiber der Seiten verantwortlich. Die verlinkten Seiten wurden zum Zeitpunkt der Verlinkung auf m\u00f6gliche Rechtsverst\u00f6\u00dfe \u00fcberpr\u00fcft. Rechtswidrige Inhalte waren zum Zeitpunkt der Verlinkung nicht erkennbar. Eine permanente inhaltliche Kontrolle der verlinkten Seiten ist jedoch ohne konkrete Anhaltspunkte einer Rechtsverletzung nicht zumutbar. Bei Bekanntwerden von Rechtsverletzungen werden wir derartige Links umgehend entfernen.<\/p>\n<div class=\"maintext\"><\/div>\n<div class=\"maintext\">\n<p><strong>Datenschutz<\/strong><br \/>\nDie Nutzung unserer Webseite ist ohne Angabe personenbezogener Daten m\u00f6glich. Soweit auf unseren Seiten personenbezogene Daten (beispielsweise Name, Anschrift oder E-Mail-Adressen) erhoben werden, erfolgt dies, soweit m\u00f6glich, stets auf freiwilliger Basis. Diese Daten werden ohne Ihre ausdr\u00fcckliche Zustimmung nicht an Dritte weitergegeben.<\/p>\n<p>Der Nutzung von im Rahmen der Impressumspflicht ver\u00f6ffentlichten Kontaktdaten durch Dritte zur \u00dcbersendung von nicht ausdr\u00fccklich angeforderter Werbung und Informationsmaterialien wird hiermit ausdr\u00fccklich widersprochen. Die Betreiber der Seiten behalten sich ausdr\u00fccklich rechtliche Schritte im Falle der unverlangten Zusendung von Werbeinformationen, etwa durch Spam-Mails, vor.<\/p>\n<\/div>\n","protected":false},"excerpt":{"rendered":"<p>Elbschule BildungsZentrum H\u00f6ren und Kommunikation Holmbrook 20 22605 Hamburg Tel. 040 \/ 428 485 -0 Fax. 040 \/ 428 485 -222 email: elbschule@bsb.hamburg.de Verantwortliche: Ulrike Witte (Schulleiterin) Webmaster: Jasmin Hilpert; Bettina R\u00f6rig Elbschule Bildungszentrum H\u00f6ren und Kommunikation Holmbrook 20 22605 Hamburg Dienstanbieter:\u00a0Die Freie und Hansestadt Hamburg Urheberrecht, Haftung Das Layout der Homepage, die verwendeten Grafiken &hellip; <a href=\"https:\/\/elbschule.hamburg.de\/?page_id=596\" class=\"more-link\"><span class=\"screen-reader-text\">Impressum<\/span> weiterlesen <span class=\"meta-nav\">&rarr;<\/span><\/a><\/p>\n","protected":false},"author":206,"featured_media":0,"parent":0,"menu_order":0,"comment_status":"closed","ping_status":"closed","template":"","meta":{"_acf_changed":false,"footnotes":""},"class_list":["post-596","page","type-page","status-publish","hentry"],"acf":[],"_links":{"self":[{"href":"https:\/\/elbschule.hamburg.de\/index.php?rest_route=\/wp\/v2\/pages\/596","targetHints":{"allow":["GET"]}}],"collection":[{"href":"https:\/\/elbschule.hamburg.de\/index.php?rest_route=\/wp\/v2\/pages"}],"about":[{"href":"https:\/\/elbschule.hamburg.de\/index.php?rest_route=\/wp\/v2\/types\/page"}],"author":[{"embeddable":true,"href":"https:\/\/elbschule.hamburg.de\/index.php?rest_route=\/wp\/v2\/users\/206"}],"replies":[{"embeddable":true,"href":"https:\/\/elbschule.hamburg.de\/index.php?rest_route=%2Fwp%2Fv2%2Fcomments&post=596"}],"version-history":[{"count":3,"href":"https:\/\/elbschule.hamburg.de\/index.php?rest_route=\/wp\/v2\/pages\/596\/revisions"}],"predecessor-version":[{"id":2842,"href":"https:\/\/elbschule.hamburg.de\/index.php?rest_route=\/wp\/v2\/pages\/596\/revisions\/2842"}],"wp:attachment":[{"href":"https:\/\/elbschule.hamburg.de\/index.php?rest_route=%2Fwp%2Fv2%2Fmedia&parent=596"}],"curies":[{"name":"wp","href":"https:\/\/api.w.org\/{rel}","templated":true}]}}