{"id":5494,"date":"2026-05-07T14:03:06","date_gmt":"2026-05-07T12:03:06","guid":{"rendered":"https:\/\/elbschule.hamburg.de\/?page_id=5494"},"modified":"2026-05-07T16:11:27","modified_gmt":"2026-05-07T14:11:27","slug":"geschichten-aus-dem-stromkasten-stromis-erobern-die-elbschule","status":"publish","type":"page","link":"https:\/\/elbschule.hamburg.de\/?page_id=5494","title":{"rendered":"Geschichten aus dem Stromkasten \u2013 \u201aStromis\u2018 erobern die Elbschule"},"content":{"rendered":"<div id=\"metaslider-id-5509\" style=\"width: 100%;\" class=\"ml-slider-3-108-0 metaslider metaslider-flex metaslider-5509 ml-slider has-dots-nav ms-theme-default-base\" role=\"region\" aria-label=\"Stromis\" data-height=\"480\" data-width=\"640\">\n    <div id=\"metaslider_container_5509\">\n        <div id=\"metaslider_5509\">\n            <ul aria-live='off' class='slides'>\n                <li style=\"display: block; width: 100%;\" class=\"slide-5510 ms-image \" aria-roledescription=\"slide\" data-date=\"2026-05-07 16:06:24\" data-filename=\"Titel_Stromis-rotated.jpg\" data-slide-type=\"image\"><img loading=\"lazy\" decoding=\"async\" src=\"https:\/\/elbschule.hamburg.de\/wp-content\/uploads\/sites\/127\/2026\/05\/Titel_Stromis-rotated.jpg\" height=\"480\" width=\"640\" alt=\"\" class=\"slider-5509 slide-5510 msDefaultImage\" title=\"Titel_Stromis\" \/><div class=\"caption-wrap\"><div class=\"caption\"><span class=\"bsb-copyright-notice\">Kristine Tiemann <\/span><\/div><\/div><\/li>\n                <li style=\"display: none; width: 100%;\" class=\"slide-5511 ms-image \" aria-roledescription=\"slide\" data-date=\"2026-05-07 16:06:24\" data-filename=\"Stromis_1.jpg\" data-slide-type=\"image\"><img loading=\"lazy\" decoding=\"async\" src=\"https:\/\/elbschule.hamburg.de\/wp-content\/uploads\/sites\/127\/2026\/05\/Stromis_1.jpg\" height=\"480\" width=\"640\" alt=\"\" class=\"slider-5509 slide-5511 msDefaultImage\" title=\"Stromis_1\" \/><div class=\"caption-wrap\"><div class=\"caption\"><span class=\"bsb-copyright-notice\">Kristine Tiemann <\/span><\/div><\/div><\/li>\n                <li style=\"display: none; width: 100%;\" class=\"slide-5513 ms-image \" aria-roledescription=\"slide\" data-date=\"2026-05-07 16:06:24\" data-filename=\"Stromis_2-569x427.jpg\" data-slide-type=\"image\"><img loading=\"lazy\" decoding=\"async\" src=\"https:\/\/elbschule.hamburg.de\/wp-content\/uploads\/sites\/127\/2026\/05\/Stromis_2-569x427.jpg\" height=\"480\" width=\"640\" alt=\"\" class=\"slider-5509 slide-5513 msDefaultImage\" title=\"Stromis_2\" \/><div class=\"caption-wrap\"><div class=\"caption\"><span class=\"bsb-copyright-notice\">Kristine Tiemann <\/span><\/div><\/div><\/li>\n                <li style=\"display: none; width: 100%;\" class=\"slide-5514 ms-image \" aria-roledescription=\"slide\" data-date=\"2026-05-07 16:06:24\" data-filename=\"Stromis_3-569x427.jpg\" data-slide-type=\"image\"><img loading=\"lazy\" decoding=\"async\" src=\"https:\/\/elbschule.hamburg.de\/wp-content\/uploads\/sites\/127\/2026\/05\/Stromis_3-569x427.jpg\" height=\"480\" width=\"640\" alt=\"\" class=\"slider-5509 slide-5514 msDefaultImage\" title=\"Stromis_3\" \/><div class=\"caption-wrap\"><div class=\"caption\"><span class=\"bsb-copyright-notice\">Kristine Tiemann <\/span><\/div><\/div><\/li>\n                <li style=\"display: none; width: 100%;\" class=\"slide-5512 ms-image \" aria-roledescription=\"slide\" data-date=\"2026-05-07 16:06:24\" data-filename=\"Stromis_4-rotated.jpg\" data-slide-type=\"image\"><img loading=\"lazy\" decoding=\"async\" src=\"https:\/\/elbschule.hamburg.de\/wp-content\/uploads\/sites\/127\/2026\/05\/Stromis_4-rotated.jpg\" height=\"480\" width=\"640\" alt=\"\" class=\"slider-5509 slide-5512 msDefaultImage\" title=\"Stromis_4\" \/><div class=\"caption-wrap\"><div class=\"caption\"><span class=\"bsb-copyright-notice\">Kristine Tiemann <\/span><\/div><\/div><\/li>\n                <li style=\"display: none; width: 100%;\" class=\"slide-5515 ms-image \" aria-roledescription=\"slide\" data-date=\"2026-05-07 16:06:24\" data-filename=\"Stromis_5.jpg\" data-slide-type=\"image\"><img loading=\"lazy\" decoding=\"async\" src=\"https:\/\/elbschule.hamburg.de\/wp-content\/uploads\/sites\/127\/2026\/05\/Stromis_5.jpg\" height=\"480\" width=\"640\" alt=\"\" class=\"slider-5509 slide-5515 msDefaultImage\" title=\"Stromis_5\" \/><div class=\"caption-wrap\"><div class=\"caption\"><span class=\"bsb-copyright-notice\">Kristine Tiemann <\/span><\/div><\/div><\/li>\n                <li style=\"display: none; width: 100%;\" class=\"slide-5516 ms-image \" aria-roledescription=\"slide\" data-date=\"2026-05-07 16:06:24\" data-filename=\"Stromis_6-569x427.jpg\" data-slide-type=\"image\"><img loading=\"lazy\" decoding=\"async\" src=\"https:\/\/elbschule.hamburg.de\/wp-content\/uploads\/sites\/127\/2026\/05\/Stromis_6-569x427.jpg\" height=\"480\" width=\"640\" alt=\"\" class=\"slider-5509 slide-5516 msDefaultImage\" title=\"Stromis_6\" \/><div class=\"caption-wrap\"><div class=\"caption\"><span class=\"bsb-copyright-notice\">Kristine Tiemann <\/span><\/div><\/div><\/li>\n                <li style=\"display: none; width: 100%;\" class=\"slide-5517 ms-image \" aria-roledescription=\"slide\" data-date=\"2026-05-07 16:06:24\" data-filename=\"Stromis_7-569x427.jpg\" data-slide-type=\"image\"><img loading=\"lazy\" decoding=\"async\" src=\"https:\/\/elbschule.hamburg.de\/wp-content\/uploads\/sites\/127\/2026\/05\/Stromis_7-569x427.jpg\" height=\"480\" width=\"640\" alt=\"\" class=\"slider-5509 slide-5517 msDefaultImage\" title=\"Stromis_7\" \/><div class=\"caption-wrap\"><div class=\"caption\"><span class=\"bsb-copyright-notice\">Kristine Tiemann <\/span><\/div><\/div><\/li>\n                <li style=\"display: none; width: 100%;\" class=\"slide-5519 ms-image \" aria-roledescription=\"slide\" data-date=\"2026-05-07 16:06:24\" data-filename=\"Stromis_8.jpg\" data-slide-type=\"image\"><img loading=\"lazy\" decoding=\"async\" src=\"https:\/\/elbschule.hamburg.de\/wp-content\/uploads\/sites\/127\/2026\/05\/Stromis_8.jpg\" height=\"480\" width=\"640\" alt=\"\" class=\"slider-5509 slide-5519 msDefaultImage\" title=\"Stromis_8\" \/><div class=\"caption-wrap\"><div class=\"caption\"><span class=\"bsb-copyright-notice\">Kristine Tiemann <\/span><\/div><\/div><\/li>\n                <li style=\"display: none; width: 100%;\" class=\"slide-5518 ms-image \" aria-roledescription=\"slide\" data-date=\"2026-05-07 16:06:24\" data-filename=\"Stromis_9-569x427.jpg\" data-slide-type=\"image\"><img loading=\"lazy\" decoding=\"async\" src=\"https:\/\/elbschule.hamburg.de\/wp-content\/uploads\/sites\/127\/2026\/05\/Stromis_9-569x427.jpg\" height=\"480\" width=\"640\" alt=\"\" class=\"slider-5509 slide-5518 msDefaultImage\" title=\"Stromis_9\" \/><div class=\"caption-wrap\"><div class=\"caption\"><span class=\"bsb-copyright-notice\">Kristine Tiemann <\/span><\/div><\/div><\/li>\n                <li style=\"display: none; width: 100%;\" class=\"slide-5520 ms-image \" aria-roledescription=\"slide\" data-date=\"2026-05-07 16:06:25\" data-filename=\"Stromis_10-569x427.jpg\" data-slide-type=\"image\"><img loading=\"lazy\" decoding=\"async\" src=\"https:\/\/elbschule.hamburg.de\/wp-content\/uploads\/sites\/127\/2026\/05\/Stromis_10-569x427.jpg\" height=\"480\" width=\"640\" alt=\"\" class=\"slider-5509 slide-5520 msDefaultImage\" title=\"Stromis_10\" \/><div class=\"caption-wrap\"><div class=\"caption\"><span class=\"bsb-copyright-notice\">Kristine Tiemann <\/span><\/div><\/div><\/li>\n            <\/ul>\n        <\/div>\n        \n    <\/div>\n<\/div>\n<p>Die Klassen 7c und 7\/8d haben im Rahmen eines Kreativ-Projekts erforscht, was sich wohl in Stromk\u00e4sten befindet. Dieses Projekt &#8211; initiiert von der Fotografin Kristine Tiemann und der Kollegin Christin Hubert in Zusammenarbeit mit den Klassenteams (Maike Rohlfs, Helen Dahl, Jan Finkelmeyer, Meike Vaupel und Harriet Goetz) &#8211; erstreckte sich \u00fcber Monate, in denen die Sch\u00fcler:innen Ideen sammelten, Geschichten entwarfen, sich inszenierten in Form von Standbildern und den \u201aStromi\u2018 erfanden. Diese \u201aStromwesen\u2018 leben in unterschiedlich ausgestalteten Stromk\u00e4sten. Daf\u00fcr mussten zuvor echte Stromk\u00e4sten vermessen und dann mit Holzrahmen nachgebaut werden. Es wurden Szenen entworfen, die sich in den K\u00e4sten abspielen, fotografiert und vergr\u00f6\u00dfert, sodass sie auf echten Stromk\u00e4sten in der Schulumgebung von Profis aufgeklebt werden konnten \u2013 dies erm\u00f6glichte dankenswerterweise \u201aStromnetz Hamburg\u2018 durch ihre Erlaubnis, die Stromk\u00e4sten zu nutzen. \u201eErg\u00e4nzt wurden die Installationen durch QR-Codes, \u00fcber die Passantinnen und Passanten die jeweiligen Geschichten sowohl in Deutscher Geb\u00e4rdensprache als auch in Textform abrufen k\u00f6nnen \u2013 ein bewusst inklusiver Ansatz, der unterschiedliche Zug\u00e4nge erm\u00f6glicht.\u201c (Christin Hubert)<\/p>\n<p>Zur Vernissage am 30.4.2026 in der Aula wurden alle Sch\u00fcler:innen von der Vorschulklasse bis zu den siebten Klassen eingeladen. Dort begr\u00fc\u00dfte sie die Schulleiterin Ulrike Witte mit der Frage, was wohl in dem grauen Stromkasten sei, und l\u00fcftete mit Sch\u00fclern der 7\/8d das Geheimnis: ein Stromi kam heraus. Drei Sch\u00fcler aus der 7c geb\u00e4rdeten und berichteten von den verschiedenen Schritten des Projekts. Abschlie\u00dfend dankte Ulrike Witte Kristine Tiemann, den Mitwirkenden und der Schulbeh\u00f6rde, die das Projekt \u00fcber den Projektfond Kultur &amp; Schule finanzierte.<\/p>\n<p>Alle Modelle konnten direkt in der Aula bestaunt werden und die offenen \u201aStromk\u00e4sten\u2018 luden ein, sich selbst in die jeweilige Szene zu setzen. Anschlie\u00dfend konnte jede Klasse mit einem Stra\u00dfenplan und den Fotos von den gestalteten Stromk\u00e4sten losgehen und sie an den verschiedenen Orten besichtigen.<\/p>\n<p>Text: Katharina von Puttkamer<br \/>\nFotos: \u00a9 Kristine Tiemann<\/p>\n<p>&nbsp;<\/p>\n","protected":false},"excerpt":{"rendered":"<p>Die Klassen 7c und 7\/8d haben im Rahmen eines Kreativ-Projekts erforscht, was sich wohl in Stromk\u00e4sten befindet. Dieses Projekt &#8211; initiiert von der Fotografin Kristine Tiemann und der Kollegin Christin Hubert in Zusammenarbeit mit den Klassenteams (Maike Rohlfs, Helen Dahl, Jan Finkelmeyer, Meike Vaupel und Harriet Goetz) &#8211; erstreckte sich \u00fcber Monate, in denen die &hellip; <a href=\"https:\/\/elbschule.hamburg.de\/?page_id=5494\" class=\"more-link\"><span class=\"screen-reader-text\">Geschichten aus dem Stromkasten \u2013 \u201aStromis\u2018 erobern die Elbschule<\/span> weiterlesen <span class=\"meta-nav\">&rarr;<\/span><\/a><\/p>\n","protected":false},"author":195,"featured_media":0,"parent":0,"menu_order":0,"comment_status":"closed","ping_status":"closed","template":"","meta":{"_acf_changed":false,"footnotes":""},"class_list":["post-5494","page","type-page","status-publish","hentry"],"acf":[],"_links":{"self":[{"href":"https:\/\/elbschule.hamburg.de\/index.php?rest_route=\/wp\/v2\/pages\/5494","targetHints":{"allow":["GET"]}}],"collection":[{"href":"https:\/\/elbschule.hamburg.de\/index.php?rest_route=\/wp\/v2\/pages"}],"about":[{"href":"https:\/\/elbschule.hamburg.de\/index.php?rest_route=\/wp\/v2\/types\/page"}],"author":[{"embeddable":true,"href":"https:\/\/elbschule.hamburg.de\/index.php?rest_route=\/wp\/v2\/users\/195"}],"replies":[{"embeddable":true,"href":"https:\/\/elbschule.hamburg.de\/index.php?rest_route=%2Fwp%2Fv2%2Fcomments&post=5494"}],"version-history":[{"count":4,"href":"https:\/\/elbschule.hamburg.de\/index.php?rest_route=\/wp\/v2\/pages\/5494\/revisions"}],"predecessor-version":[{"id":5523,"href":"https:\/\/elbschule.hamburg.de\/index.php?rest_route=\/wp\/v2\/pages\/5494\/revisions\/5523"}],"wp:attachment":[{"href":"https:\/\/elbschule.hamburg.de\/index.php?rest_route=%2Fwp%2Fv2%2Fmedia&parent=5494"}],"curies":[{"name":"wp","href":"https:\/\/api.w.org\/{rel}","templated":true}]}}