{"id":5468,"date":"2026-04-25T17:01:29","date_gmt":"2026-04-25T15:01:29","guid":{"rendered":"https:\/\/elbschule.hamburg.de\/?page_id=5468"},"modified":"2026-04-25T17:09:29","modified_gmt":"2026-04-25T15:09:29","slug":"tausche-einen-schultag-gegen-einen-baufestival-tag","status":"publish","type":"page","link":"https:\/\/elbschule.hamburg.de\/?page_id=5468","title":{"rendered":"\u201eTausche einen Schultag gegen einen BAUFESTival-Tag!\u201c"},"content":{"rendered":"<div id=\"metaslider-id-5475\" style=\"width: 100%;\" class=\"ml-slider-3-107-0 metaslider metaslider-flex metaslider-5475 ml-slider has-dots-nav ms-theme-default-base\" role=\"region\" aria-label=\"Baufestival 2026\" data-height=\"450\" data-width=\"600\">\n    <div id=\"metaslider_container_5475\">\n        <div id=\"metaslider_5475\">\n            <ul aria-live='off' class='slides'>\n                <li style=\"display: block; width: 100%;\" class=\"slide-5476 ms-image \" aria-roledescription=\"slide\" data-date=\"2026-04-25 17:05:12\" data-filename=\"5-600x450.jpg\" data-slide-type=\"image\"><img loading=\"lazy\" decoding=\"async\" src=\"https:\/\/elbschule.hamburg.de\/wp-content\/uploads\/sites\/127\/2026\/04\/5-600x450.jpg\" height=\"450\" width=\"600\" alt=\"\" class=\"slider-5475 slide-5476 msDefaultImage\" title=\"5\" \/><\/li>\n                <li style=\"display: none; width: 100%;\" class=\"slide-5477 ms-image \" aria-roledescription=\"slide\" data-date=\"2026-04-25 17:05:12\" data-filename=\"6-600x450.jpg\" data-slide-type=\"image\"><img loading=\"lazy\" decoding=\"async\" src=\"https:\/\/elbschule.hamburg.de\/wp-content\/uploads\/sites\/127\/2026\/04\/6-600x450.jpg\" height=\"450\" width=\"600\" alt=\"\" class=\"slider-5475 slide-5477 msDefaultImage\" title=\"6\" \/><\/li>\n                <li style=\"display: none; width: 100%;\" class=\"slide-5478 ms-image \" aria-roledescription=\"slide\" data-date=\"2026-04-25 17:05:12\" data-filename=\"7-600x450.jpg\" data-slide-type=\"image\"><img loading=\"lazy\" decoding=\"async\" src=\"https:\/\/elbschule.hamburg.de\/wp-content\/uploads\/sites\/127\/2026\/04\/7-600x450.jpg\" height=\"450\" width=\"600\" alt=\"\" class=\"slider-5475 slide-5478 msDefaultImage\" title=\"7\" \/><\/li>\n                <li style=\"display: none; width: 100%;\" class=\"slide-5479 ms-image \" aria-roledescription=\"slide\" data-date=\"2026-04-25 17:05:12\" data-filename=\"8-600x450.jpg\" data-slide-type=\"image\"><img loading=\"lazy\" decoding=\"async\" src=\"https:\/\/elbschule.hamburg.de\/wp-content\/uploads\/sites\/127\/2026\/04\/8-600x450.jpg\" height=\"450\" width=\"600\" alt=\"\" class=\"slider-5475 slide-5479 msDefaultImage\" title=\"8\" \/><\/li>\n                <li style=\"display: none; width: 100%;\" class=\"slide-5485 ms-image \" aria-roledescription=\"slide\" data-date=\"2026-04-25 17:08:13\" data-filename=\"3-600x450.jpg\" data-slide-type=\"image\"><img loading=\"lazy\" decoding=\"async\" src=\"https:\/\/elbschule.hamburg.de\/wp-content\/uploads\/sites\/127\/2026\/04\/3-600x450.jpg\" height=\"450\" width=\"600\" alt=\"\" class=\"slider-5475 slide-5485 msDefaultImage\" title=\"3\" \/><\/li>\n                <li style=\"display: none; width: 100%;\" class=\"slide-5486 ms-image \" aria-roledescription=\"slide\" data-date=\"2026-04-25 17:08:13\" data-filename=\"4-600x450.jpg\" data-slide-type=\"image\"><img loading=\"lazy\" decoding=\"async\" src=\"https:\/\/elbschule.hamburg.de\/wp-content\/uploads\/sites\/127\/2026\/04\/4-600x450.jpg\" height=\"450\" width=\"600\" alt=\"\" class=\"slider-5475 slide-5486 msDefaultImage\" title=\"4\" \/><\/li>\n                <li style=\"display: none; width: 100%;\" class=\"slide-5487 ms-image \" aria-roledescription=\"slide\" data-date=\"2026-04-25 17:08:13\" data-filename=\"1-1-600x450.jpg\" data-slide-type=\"image\"><img loading=\"lazy\" decoding=\"async\" src=\"https:\/\/elbschule.hamburg.de\/wp-content\/uploads\/sites\/127\/2026\/04\/1-1-600x450.jpg\" height=\"450\" width=\"600\" alt=\"\" class=\"slider-5475 slide-5487 msDefaultImage\" title=\"1\" \/><\/li>\n                <li style=\"display: none; width: 100%;\" class=\"slide-5488 ms-image \" aria-roledescription=\"slide\" data-date=\"2026-04-25 17:08:13\" data-filename=\"2-1-600x450.jpg\" data-slide-type=\"image\"><img loading=\"lazy\" decoding=\"async\" src=\"https:\/\/elbschule.hamburg.de\/wp-content\/uploads\/sites\/127\/2026\/04\/2-1-600x450.jpg\" height=\"450\" width=\"600\" alt=\"\" class=\"slider-5475 slide-5488 msDefaultImage\" title=\"2\" \/><\/li>\n            <\/ul>\n        <\/div>\n        \n    <\/div>\n<\/div>\n<p>Dieser Einladung des Ausbildungszentrum Bau folgten zwei achte Klassen der Elbschule am 31.3. und 1.4. 2026 unter dem Motto des Baufestivals \u201eBerufsbildung mal anders! Einblick in die Ausbildung dort, wo sie stattfindet. Wir lassen uns in die Karten schauen und \u00f6ffnen unsere Ausbildungshallen\u201c. (<a href=\"https:\/\/www.azb-hamburg.de\/baufestival2026\">https:\/\/www.azb-hamburg.de\/baufestival2026<\/a>) Neun Berufe konnten die Sch\u00fcler*innen live aus den Berufsfeldern Ausbau, Hoch- und Tiefbau in den \u201aActivity Zones\u2018 nicht nur kennenlernen, sondern ausprobieren. Unter Anleitung von Azubis und Ausbildern:innen wurde geh\u00e4mmert, ges\u00e4gt, Mosaike gelegt, geschaufelt, Minibagger gefahren, ein R\u00fcttler ausprobiert oder mit dem Akkuschrauber hantiert. \u201eDas Tollste war, dass man so viele Sachen ausprobieren konnte\u201c fand Melissa aus der 8c. Kjeld aus ihrer Klasse gefiel es, dass \u201eman so viele verschiedene Berufe kennenlernen und auch fragen konnte\u201c. Musa aus der 8b hat besonders der R\u00fcttler gefallen, den er ausprobieren durfte. Nazanin, Geasmina und Paraska fanden es toll, dass sie einen Handyhalter und eine Vase, die sie selbst aus Holz hergestellt hatten, mit nach Hause nehmen konnten.<\/p>\n<p>Alle waren sich einig, dass auch andere Klassen das Baufestival besuchen sollten, weil es einen spannenden Einblick in die Berufe gibt und jede\/r die M\u00f6glichkeit hat, aktiv die verschiedenen T\u00e4tigkeiten zu erkunden.<\/p>\n<p>Katharina von Puttkamer<\/p>\n","protected":false},"excerpt":{"rendered":"<p>Dieser Einladung des Ausbildungszentrum Bau folgten zwei achte Klassen der Elbschule am 31.3. und 1.4. 2026 unter dem Motto des Baufestivals \u201eBerufsbildung mal anders! Einblick in die Ausbildung dort, wo sie stattfindet. Wir lassen uns in die Karten schauen und \u00f6ffnen unsere Ausbildungshallen\u201c. (https:\/\/www.azb-hamburg.de\/baufestival2026) Neun Berufe konnten die Sch\u00fcler*innen live aus den Berufsfeldern Ausbau, Hoch- &hellip; <a href=\"https:\/\/elbschule.hamburg.de\/?page_id=5468\" class=\"more-link\"><span class=\"screen-reader-text\">\u201eTausche einen Schultag gegen einen BAUFESTival-Tag!\u201c<\/span> weiterlesen <span class=\"meta-nav\">&rarr;<\/span><\/a><\/p>\n","protected":false},"author":207,"featured_media":0,"parent":0,"menu_order":0,"comment_status":"closed","ping_status":"closed","template":"","meta":{"_acf_changed":false,"footnotes":""},"class_list":["post-5468","page","type-page","status-publish","hentry"],"acf":[],"_links":{"self":[{"href":"https:\/\/elbschule.hamburg.de\/index.php?rest_route=\/wp\/v2\/pages\/5468","targetHints":{"allow":["GET"]}}],"collection":[{"href":"https:\/\/elbschule.hamburg.de\/index.php?rest_route=\/wp\/v2\/pages"}],"about":[{"href":"https:\/\/elbschule.hamburg.de\/index.php?rest_route=\/wp\/v2\/types\/page"}],"author":[{"embeddable":true,"href":"https:\/\/elbschule.hamburg.de\/index.php?rest_route=\/wp\/v2\/users\/207"}],"replies":[{"embeddable":true,"href":"https:\/\/elbschule.hamburg.de\/index.php?rest_route=%2Fwp%2Fv2%2Fcomments&post=5468"}],"version-history":[{"count":3,"href":"https:\/\/elbschule.hamburg.de\/index.php?rest_route=\/wp\/v2\/pages\/5468\/revisions"}],"predecessor-version":[{"id":5490,"href":"https:\/\/elbschule.hamburg.de\/index.php?rest_route=\/wp\/v2\/pages\/5468\/revisions\/5490"}],"wp:attachment":[{"href":"https:\/\/elbschule.hamburg.de\/index.php?rest_route=%2Fwp%2Fv2%2Fmedia&parent=5468"}],"curies":[{"name":"wp","href":"https:\/\/api.w.org\/{rel}","templated":true}]}}