{"id":5456,"date":"2026-04-22T08:42:13","date_gmt":"2026-04-22T06:42:13","guid":{"rendered":"https:\/\/elbschule.hamburg.de\/?page_id=5456"},"modified":"2026-04-22T15:35:05","modified_gmt":"2026-04-22T13:35:05","slug":"psychomotorik-in-der-elbschule","status":"publish","type":"page","link":"https:\/\/elbschule.hamburg.de\/?page_id=5456","title":{"rendered":"Psychomotorik in der Elbschule"},"content":{"rendered":"<p><a href=\"https:\/\/elbschule.hamburg.de\/wp-content\/uploads\/sites\/127\/2026\/04\/PastedGraphic-2.jpg\" data-rel=\"lightbox\" data-rl_title=\"\" data-rl_caption=\"\" title=\"\"><img loading=\"lazy\" decoding=\"async\" class=\"aligncenter size-full wp-image-5454\" src=\"https:\/\/elbschule.hamburg.de\/wp-content\/uploads\/sites\/127\/2026\/04\/PastedGraphic-2.jpg\" alt=\"\" width=\"908\" height=\"680\" srcset=\"https:\/\/elbschule.hamburg.de\/wp-content\/uploads\/sites\/127\/2026\/04\/PastedGraphic-2.jpg 908w, https:\/\/elbschule.hamburg.de\/wp-content\/uploads\/sites\/127\/2026\/04\/PastedGraphic-2-300x225.jpg 300w, https:\/\/elbschule.hamburg.de\/wp-content\/uploads\/sites\/127\/2026\/04\/PastedGraphic-2-768x575.jpg 768w\" sizes=\"auto, (max-width: 908px) 100vw, 908px\" \/><\/a><\/p>\n<p>Jeden Mittwoch gibt es in unserer Sporthalle einen psychomotorischen Aufbau f\u00fcr die Vorschule bis Klasse 2. In der Psychomotorik werden K\u00f6rper, Bewegung und Psyche als Einheit betrachtet und gef\u00f6rdert. Daf\u00fcr werden jede Woche zu einem bestimmten Thema (z.B. Dinosaurier, Zuckerfest,&#8230;) viele verschiedene Sportger\u00e4te zu gro\u00dfen Bewegungslandschaften aufgebaut. Die Sch\u00fcler:innen w\u00e4hlen frei, welche Stationen sie ausprobieren und wie sie diese bew\u00e4ltigen. Dabei ist das Ziel nicht eine perfekte Bewegungsausf\u00fchrung, sondern das Sammeln vielf\u00e4ltiger Bewegungserfahrungen durch klettern, balancieren, h\u00fcpfen, schaukeln, rutschen, rollen. Neben der Motorik wird auch der Umgang mit den eignen Emotionen und das soziale Verhalten gef\u00f6rdert.<\/p>\n<p><strong><a href=\"https:\/\/elbschule.hamburg.de\/wp-content\/uploads\/sites\/127\/2026\/04\/PastedGraphic-1.jpg\" data-rel=\"lightbox\" data-rl_title=\"\" data-rl_caption=\"\" title=\"\"><img loading=\"lazy\" decoding=\"async\" class=\"aligncenter size-full wp-image-5455\" src=\"https:\/\/elbschule.hamburg.de\/wp-content\/uploads\/sites\/127\/2026\/04\/PastedGraphic-1.jpg\" alt=\"\" width=\"908\" height=\"680\" srcset=\"https:\/\/elbschule.hamburg.de\/wp-content\/uploads\/sites\/127\/2026\/04\/PastedGraphic-1.jpg 908w, https:\/\/elbschule.hamburg.de\/wp-content\/uploads\/sites\/127\/2026\/04\/PastedGraphic-1-300x225.jpg 300w, https:\/\/elbschule.hamburg.de\/wp-content\/uploads\/sites\/127\/2026\/04\/PastedGraphic-1-768x575.jpg 768w\" sizes=\"auto, (max-width: 908px) 100vw, 908px\" \/><\/a><br \/>\nDie Sch\u00fcler lernen:<\/strong><\/p>\n<ul>\n<li>sich zu entscheiden<\/li>\n<li>Zutrauen in die eigenen F\u00e4higkeiten zu gewinnen<\/li>\n<li>mit Frust umzugehen<\/li>\n<li>eigene Bed\u00fcrfnisse wahrzunehmen und zu kommunizieren<\/li>\n<li>R\u00fccksicht zu nehmen<\/li>\n<li>Regeln einzuhalten<\/li>\n<li>mutig zu sein<\/li>\n<li>Neues auszuprobieren<\/li>\n<li>Gefahren zu erkennen<\/li>\n<li>eigene St\u00e4rken und Grenzen einzusch\u00e4tzen<\/li>\n<li>den eigenen K\u00f6rper zu erfahren und zu erleben<\/li>\n<li>v.a.m<\/li>\n<\/ul>\n<p><a href=\"https:\/\/elbschule.hamburg.de\/wp-content\/uploads\/sites\/127\/2026\/04\/PM-4.jpg\" data-rel=\"lightbox\" data-rl_title=\"\" data-rl_caption=\"\" title=\"\"><img loading=\"lazy\" decoding=\"async\" class=\"aligncenter wp-image-5465\" src=\"https:\/\/elbschule.hamburg.de\/wp-content\/uploads\/sites\/127\/2026\/04\/PM-4.jpg\" alt=\"\" width=\"640\" height=\"480\" srcset=\"https:\/\/elbschule.hamburg.de\/wp-content\/uploads\/sites\/127\/2026\/04\/PM-4.jpg 2048w, https:\/\/elbschule.hamburg.de\/wp-content\/uploads\/sites\/127\/2026\/04\/PM-4-300x225.jpg 300w, https:\/\/elbschule.hamburg.de\/wp-content\/uploads\/sites\/127\/2026\/04\/PM-4-1024x768.jpg 1024w, https:\/\/elbschule.hamburg.de\/wp-content\/uploads\/sites\/127\/2026\/04\/PM-4-768x576.jpg 768w, https:\/\/elbschule.hamburg.de\/wp-content\/uploads\/sites\/127\/2026\/04\/PM-4-1536x1152.jpg 1536w\" sizes=\"auto, (max-width: 640px) 100vw, 640px\" \/><\/a><\/p>\n<p>Alena Gardyan, Julia Jenrich und\u00a0 Susanne Schroeder<\/p>\n","protected":false},"excerpt":{"rendered":"<p>Jeden Mittwoch gibt es in unserer Sporthalle einen psychomotorischen Aufbau f\u00fcr die Vorschule bis Klasse 2. In der Psychomotorik werden K\u00f6rper, Bewegung und Psyche als Einheit betrachtet und gef\u00f6rdert. Daf\u00fcr werden jede Woche zu einem bestimmten Thema (z.B. Dinosaurier, Zuckerfest,&#8230;) viele verschiedene Sportger\u00e4te zu gro\u00dfen Bewegungslandschaften aufgebaut. Die Sch\u00fcler:innen w\u00e4hlen frei, welche Stationen sie ausprobieren &hellip; <a href=\"https:\/\/elbschule.hamburg.de\/?page_id=5456\" class=\"more-link\"><span class=\"screen-reader-text\">Psychomotorik in der Elbschule<\/span> weiterlesen <span class=\"meta-nav\">&rarr;<\/span><\/a><\/p>\n","protected":false},"author":207,"featured_media":0,"parent":0,"menu_order":0,"comment_status":"closed","ping_status":"closed","template":"","meta":{"_acf_changed":false,"footnotes":""},"class_list":["post-5456","page","type-page","status-publish","hentry"],"acf":[],"_links":{"self":[{"href":"https:\/\/elbschule.hamburg.de\/index.php?rest_route=\/wp\/v2\/pages\/5456","targetHints":{"allow":["GET"]}}],"collection":[{"href":"https:\/\/elbschule.hamburg.de\/index.php?rest_route=\/wp\/v2\/pages"}],"about":[{"href":"https:\/\/elbschule.hamburg.de\/index.php?rest_route=\/wp\/v2\/types\/page"}],"author":[{"embeddable":true,"href":"https:\/\/elbschule.hamburg.de\/index.php?rest_route=\/wp\/v2\/users\/207"}],"replies":[{"embeddable":true,"href":"https:\/\/elbschule.hamburg.de\/index.php?rest_route=%2Fwp%2Fv2%2Fcomments&post=5456"}],"version-history":[{"count":8,"href":"https:\/\/elbschule.hamburg.de\/index.php?rest_route=\/wp\/v2\/pages\/5456\/revisions"}],"predecessor-version":[{"id":5463,"href":"https:\/\/elbschule.hamburg.de\/index.php?rest_route=\/wp\/v2\/pages\/5456\/revisions\/5463"}],"wp:attachment":[{"href":"https:\/\/elbschule.hamburg.de\/index.php?rest_route=%2Fwp%2Fv2%2Fmedia&parent=5456"}],"curies":[{"name":"wp","href":"https:\/\/api.w.org\/{rel}","templated":true}]}}