{"id":5431,"date":"2026-04-01T15:32:46","date_gmt":"2026-04-01T13:32:46","guid":{"rendered":"https:\/\/elbschule.hamburg.de\/?page_id=5431"},"modified":"2026-04-01T15:36:30","modified_gmt":"2026-04-01T13:36:30","slug":"das-mathe-kaenguru-huepft-auch-an-der-elbschule","status":"publish","type":"page","link":"https:\/\/elbschule.hamburg.de\/?page_id=5431","title":{"rendered":"Das Mathe-K\u00e4nguru h\u00fcpft auch an der Elbschule!"},"content":{"rendered":"<div id=\"metaslider-id-5437\" style=\"width: 100%;\" class=\"ml-slider-3-109-0 metaslider metaslider-flex metaslider-5437 ml-slider has-dots-nav ms-theme-default-base\" role=\"region\" aria-label=\"Mathe - K\u00e4nguru\" data-height=\"300\" data-width=\"700\">\n    <div id=\"metaslider_container_5437\">\n        <div id=\"metaslider_5437\">\n            <ul aria-live='off' class='slides'>\n                <li style=\"display: block; width: 100%;\" class=\"slide-5438 ms-image \" aria-roledescription=\"slide\" data-date=\"2026-04-01 15:35:09\" data-filename=\"Image-1-640x274.jpg\" data-slide-type=\"image\"><img loading=\"lazy\" decoding=\"async\" src=\"https:\/\/elbschule.hamburg.de\/wp-content\/uploads\/sites\/127\/2026\/04\/Image-1-640x274.jpg\" height=\"300\" width=\"700\" alt=\"\" class=\"slider-5437 slide-5438 msDefaultImage\" title=\"Image-1\" \/><\/li>\n                <li style=\"display: none; width: 100%;\" class=\"slide-5439 ms-image \" aria-roledescription=\"slide\" data-date=\"2026-04-01 15:35:09\" data-filename=\"Image-3-640x274.jpg\" data-slide-type=\"image\"><img loading=\"lazy\" decoding=\"async\" src=\"https:\/\/elbschule.hamburg.de\/wp-content\/uploads\/sites\/127\/2026\/04\/Image-3-640x274.jpg\" height=\"300\" width=\"700\" alt=\"\" class=\"slider-5437 slide-5439 msDefaultImage\" title=\"Image-3\" \/><\/li>\n                <li style=\"display: none; width: 100%;\" class=\"slide-5440 ms-image \" aria-roledescription=\"slide\" data-date=\"2026-04-01 15:35:09\" data-filename=\"Image-4-640x274.jpg\" data-slide-type=\"image\"><img loading=\"lazy\" decoding=\"async\" src=\"https:\/\/elbschule.hamburg.de\/wp-content\/uploads\/sites\/127\/2026\/04\/Image-4-640x274.jpg\" height=\"300\" width=\"700\" alt=\"\" class=\"slider-5437 slide-5440 msDefaultImage\" title=\"Image-4\" \/><\/li>\n                <li style=\"display: none; width: 100%;\" class=\"slide-5441 ms-image \" aria-roledescription=\"slide\" data-date=\"2026-04-01 15:35:09\" data-filename=\"Titel-640x274.jpg\" data-slide-type=\"image\"><img loading=\"lazy\" decoding=\"async\" src=\"https:\/\/elbschule.hamburg.de\/wp-content\/uploads\/sites\/127\/2026\/04\/Titel-640x274.jpg\" height=\"300\" width=\"700\" alt=\"\" class=\"slider-5437 slide-5441 msDefaultImage\" title=\"Titel\" \/><\/li>\n            <\/ul>\n        <\/div>\n        \n    <\/div>\n<\/div>\n<p>Am 19.03.2026 fand der K\u00e4nguru-Wettbewerb \u2013 ein mathematischer Multiple-Choice-Wettbewerb mit weltweit rund 6 Millionen Teilnehmenden \u2013 auch bei uns an der Elbschule in Hamburg statt. 24 Sch\u00fcler:innen der Klassenstufen 2 bis 9 versammelten sich in den Kunstr\u00e4umen und stellten sich motiviert den abwechslungsreichen und kniffligen Aufgaben. Die Besonderheit: Erstmals stellte der gemeinn\u00fctzige Verein \u201eMathewettbewerb K\u00e4nguru e. V.\u201c in Zusammenarbeit mit geh\u00f6rlosen Lehrkr\u00e4ften Videos in Deutscher Geb\u00e4rdensprache (DGS) f\u00fcr die Aufgaben der Klassenstufe 3\/4 bereit. Der K\u00e4nguru-Wettbewerb verfolgt das Ziel, Kinder und Jugendliche zum Rechnen, Knobeln und Nachdenken zu motivieren und die Freude an der Mathematik zu st\u00e4rken. Gleichzeitig soll die oft vorhandene Scheu vor dem Ernsthaften und Trockenen in der Mathematik abgebaut werden \u2013 an der Elbschule ist das auf jeden Fall gelungen! Es wurde lebhaft \u00fcber L\u00f6sungswege diskutiert, viele K\u00f6pfe rauchten, und manch entt\u00e4uschter Blick war zu sehen, als das Pausenklingeln die Arbeitszeit beendete. Zur guten Stimmung trugen sicherlich auch die K\u00e4nguru-Chips und K\u00e4nguru-Kekse bei. Die Auswertung der Ergebnisse erfolgt nun zentral durch den Verein mit Sitz an der Humboldt-Universit\u00e4t zu Berlin und wird von unseren Sch\u00fcler:innen bereits mit Spannung erwartet. Fest steht: Alle Teilnehmenden erhalten eine Urkunde mit ihrer Punktzahl sowie ein kleines, kreatives Knobelspiel als \u201ePreis f\u00fcr alle\u201c. Zus\u00e4tzlich wird an jeder Schule die Teilnehmerin oder der Teilnehmer mit dem weitesten \u201eK\u00e4nguru-Sprung\u201c \u2013 also der gr\u00f6\u00dften Anzahl aufeinanderfolgender richtiger Antworten \u2013 mit einem K\u00e4nguru-T-Shirt ausgezeichnet. Wir sind gespannt, wer das K\u00e4nguru der Elbschule wird, und freuen uns auf viele weitere Jahre mit dem K\u00e4nguru-Wettbewerb \u2013unbedingt wieder mit DGS-Videos! Ein herzlicher Dank geht auch an den F\u00f6rderverein f\u00fcr die Unterst\u00fctzung.<\/p>\n<p>Birte Kr\u00fcger<\/p>\n","protected":false},"excerpt":{"rendered":"<p>Am 19.03.2026 fand der K\u00e4nguru-Wettbewerb \u2013 ein mathematischer Multiple-Choice-Wettbewerb mit weltweit rund 6 Millionen Teilnehmenden \u2013 auch bei uns an der Elbschule in Hamburg statt. 24 Sch\u00fcler:innen der Klassenstufen 2 bis 9 versammelten sich in den Kunstr\u00e4umen und stellten sich motiviert den abwechslungsreichen und kniffligen Aufgaben. Die Besonderheit: Erstmals stellte der gemeinn\u00fctzige Verein \u201eMathewettbewerb K\u00e4nguru &hellip; <a href=\"https:\/\/elbschule.hamburg.de\/?page_id=5431\" class=\"more-link\"><span class=\"screen-reader-text\">Das Mathe-K\u00e4nguru h\u00fcpft auch an der Elbschule!<\/span> weiterlesen <span class=\"meta-nav\">&rarr;<\/span><\/a><\/p>\n","protected":false},"author":207,"featured_media":0,"parent":0,"menu_order":0,"comment_status":"closed","ping_status":"closed","template":"","meta":{"_acf_changed":false,"footnotes":""},"class_list":["post-5431","page","type-page","status-publish","hentry"],"acf":[],"_links":{"self":[{"href":"https:\/\/elbschule.hamburg.de\/index.php?rest_route=\/wp\/v2\/pages\/5431","targetHints":{"allow":["GET"]}}],"collection":[{"href":"https:\/\/elbschule.hamburg.de\/index.php?rest_route=\/wp\/v2\/pages"}],"about":[{"href":"https:\/\/elbschule.hamburg.de\/index.php?rest_route=\/wp\/v2\/types\/page"}],"author":[{"embeddable":true,"href":"https:\/\/elbschule.hamburg.de\/index.php?rest_route=\/wp\/v2\/users\/207"}],"replies":[{"embeddable":true,"href":"https:\/\/elbschule.hamburg.de\/index.php?rest_route=%2Fwp%2Fv2%2Fcomments&post=5431"}],"version-history":[{"count":3,"href":"https:\/\/elbschule.hamburg.de\/index.php?rest_route=\/wp\/v2\/pages\/5431\/revisions"}],"predecessor-version":[{"id":5443,"href":"https:\/\/elbschule.hamburg.de\/index.php?rest_route=\/wp\/v2\/pages\/5431\/revisions\/5443"}],"wp:attachment":[{"href":"https:\/\/elbschule.hamburg.de\/index.php?rest_route=%2Fwp%2Fv2%2Fmedia&parent=5431"}],"curies":[{"name":"wp","href":"https:\/\/api.w.org\/{rel}","templated":true}]}}