{"id":5390,"date":"2026-02-04T16:56:20","date_gmt":"2026-02-04T15:56:20","guid":{"rendered":"https:\/\/elbschule.hamburg.de\/?page_id=5390"},"modified":"2026-02-04T16:59:48","modified_gmt":"2026-02-04T15:59:48","slug":"deaf-lympische-flamme-in-der-elbschule","status":"publish","type":"page","link":"https:\/\/elbschule.hamburg.de\/?page_id=5390","title":{"rendered":"\u201aDEAF-lympische Flamme\u2018 in der Elbschule"},"content":{"rendered":"<p>Vom 15. bis 26. November 2025 fanden in Tokio die Deaflympics (aus engl. deaf= taub, und Olympics=Olympische Spiele) statt, das wichtigste internationale Sportereignis f\u00fcr geh\u00f6rlose Athletinnen und Athleten. F\u00fcr Deutschland traten 67 Athletinnen und Athleten an. Sie starteten in zw\u00f6lf Sportarten.<\/p>\n<p>Am Montag, 26.01.2026 erwartete die Elbschule einen besonderen Besuch in der Aula: Zwei Deaflympioniken, die in Tokio Medaillen geholt hatten! Die Klasse 7\/8a gab eine kleine Einf\u00fchrung zu den Deaflympics, um allen Sch\u00fcler:innen einen Einblick in dieses besondere Sportereignis zu geben.<\/p>\n<div id=\"metaslider-id-5392\" style=\"width: 100%;\" class=\"ml-slider-3-109-0 metaslider metaslider-flex metaslider-5392 ml-slider has-dots-nav ms-theme-default-base\" role=\"region\" aria-label=\"DEAF-lympische Flamme in der Elbschule\" data-height=\"480\" data-width=\"640\">\n    <div id=\"metaslider_container_5392\">\n        <div id=\"metaslider_5392\">\n            <ul aria-live='off' class='slides'>\n                <li style=\"display: block; width: 100%;\" class=\"slide-5394 ms-image \" aria-roledescription=\"slide\" data-date=\"2026-02-04 16:57:13\" data-filename=\"IMG_0795.jpg\" data-slide-type=\"image\"><img loading=\"lazy\" decoding=\"async\" src=\"https:\/\/elbschule.hamburg.de\/wp-content\/uploads\/sites\/127\/2026\/02\/IMG_0795.jpg\" height=\"480\" width=\"640\" alt=\"\" class=\"slider-5392 slide-5394 msDefaultImage\" title=\"IMG_0795\" \/><\/li>\n                <li style=\"display: none; width: 100%;\" class=\"slide-5393 ms-image \" aria-roledescription=\"slide\" data-date=\"2026-02-04 16:57:13\" data-filename=\"IMG_0828.jpg\" data-slide-type=\"image\"><img loading=\"lazy\" decoding=\"async\" src=\"https:\/\/elbschule.hamburg.de\/wp-content\/uploads\/sites\/127\/2026\/02\/IMG_0828.jpg\" height=\"480\" width=\"640\" alt=\"\" class=\"slider-5392 slide-5393 msDefaultImage\" title=\"IMG_0828\" \/><\/li>\n                <li style=\"display: none; width: 100%;\" class=\"slide-5395 ms-image \" aria-roledescription=\"slide\" data-date=\"2026-02-04 16:57:13\" data-filename=\"IMG_0840.jpg\" data-slide-type=\"image\"><img loading=\"lazy\" decoding=\"async\" src=\"https:\/\/elbschule.hamburg.de\/wp-content\/uploads\/sites\/127\/2026\/02\/IMG_0840.jpg\" height=\"480\" width=\"640\" alt=\"\" class=\"slider-5392 slide-5395 msDefaultImage\" title=\"IMG_0840\" \/><\/li>\n                <li style=\"display: none; width: 100%;\" class=\"slide-5396 ms-image \" aria-roledescription=\"slide\" data-date=\"2026-02-04 16:57:13\" data-filename=\"IMG_0848.jpg\" data-slide-type=\"image\"><img loading=\"lazy\" decoding=\"async\" src=\"https:\/\/elbschule.hamburg.de\/wp-content\/uploads\/sites\/127\/2026\/02\/IMG_0848.jpg\" height=\"480\" width=\"640\" alt=\"\" class=\"slider-5392 slide-5396 msDefaultImage\" title=\"IMG_0848\" \/><\/li>\n            <\/ul>\n        <\/div>\n        \n    <\/div>\n<\/div>\n<p>Anschlie\u00dfend wurden die zwei Sportler:innen aus Hamburg auf der B\u00fchne mit selbst gebastelten Flaggen von der Sch\u00fclerschaft herzlich begr\u00fc\u00dft: Der Tennisspieler Urs Breitenberger, der zweimal Bronze gewonnen, und Vika Semizenko, die f\u00fcr die Ukraine im Bowling ebenfalls eine Bronzemedaille geholt hat! Vika arbeitet in der Elbschule als Schulbegleitung. Beide erz\u00e4hlten von ihren Erfahrungen, sie zeigten Fotos und Videos. Am Ende durften die Sch\u00fcler:innen noch Fragen stellen. Die Veranstaltung fand in DGS statt und wurde von zwei Dolmetscherinnen gevoiced.<\/p>\n<p>&nbsp;<\/p>\n<p>Katharina von Puttkamer<\/p>\n","protected":false},"excerpt":{"rendered":"<p>Vom 15. bis 26. November 2025 fanden in Tokio die Deaflympics (aus engl. deaf= taub, und Olympics=Olympische Spiele) statt, das wichtigste internationale Sportereignis f\u00fcr geh\u00f6rlose Athletinnen und Athleten. F\u00fcr Deutschland traten 67 Athletinnen und Athleten an. Sie starteten in zw\u00f6lf Sportarten. Am Montag, 26.01.2026 erwartete die Elbschule einen besonderen Besuch in der Aula: Zwei Deaflympioniken, &hellip; <a href=\"https:\/\/elbschule.hamburg.de\/?page_id=5390\" class=\"more-link\"><span class=\"screen-reader-text\">\u201aDEAF-lympische Flamme\u2018 in der Elbschule<\/span> weiterlesen <span class=\"meta-nav\">&rarr;<\/span><\/a><\/p>\n","protected":false},"author":195,"featured_media":0,"parent":0,"menu_order":0,"comment_status":"closed","ping_status":"closed","template":"","meta":{"_acf_changed":false,"footnotes":""},"class_list":["post-5390","page","type-page","status-publish","hentry"],"acf":[],"_links":{"self":[{"href":"https:\/\/elbschule.hamburg.de\/index.php?rest_route=\/wp\/v2\/pages\/5390","targetHints":{"allow":["GET"]}}],"collection":[{"href":"https:\/\/elbschule.hamburg.de\/index.php?rest_route=\/wp\/v2\/pages"}],"about":[{"href":"https:\/\/elbschule.hamburg.de\/index.php?rest_route=\/wp\/v2\/types\/page"}],"author":[{"embeddable":true,"href":"https:\/\/elbschule.hamburg.de\/index.php?rest_route=\/wp\/v2\/users\/195"}],"replies":[{"embeddable":true,"href":"https:\/\/elbschule.hamburg.de\/index.php?rest_route=%2Fwp%2Fv2%2Fcomments&post=5390"}],"version-history":[{"count":2,"href":"https:\/\/elbschule.hamburg.de\/index.php?rest_route=\/wp\/v2\/pages\/5390\/revisions"}],"predecessor-version":[{"id":5397,"href":"https:\/\/elbschule.hamburg.de\/index.php?rest_route=\/wp\/v2\/pages\/5390\/revisions\/5397"}],"wp:attachment":[{"href":"https:\/\/elbschule.hamburg.de\/index.php?rest_route=%2Fwp%2Fv2%2Fmedia&parent=5390"}],"curies":[{"name":"wp","href":"https:\/\/api.w.org\/{rel}","templated":true}]}}