{"id":5316,"date":"2025-12-29T16:23:36","date_gmt":"2025-12-29T15:23:36","guid":{"rendered":"https:\/\/elbschule.hamburg.de\/?page_id=5316"},"modified":"2025-12-29T16:25:13","modified_gmt":"2025-12-29T15:25:13","slug":"winterzeit-in-der-fruehfoerderung-das-war-schoen","status":"publish","type":"page","link":"https:\/\/elbschule.hamburg.de\/?page_id=5316","title":{"rendered":"Winterzeit in der Fr\u00fchf\u00f6rderung &#8211; Das war sch\u00f6n!!"},"content":{"rendered":"<p>\u201eDie K\u00f6nigin der Farben\u201c hat uns vom 1.12. bis zum 5.12.2025 durch unsere Projektwoche begleitet. Vorlese-Theater, Farbspiele, Herstellen von Knetb\u00e4llen und ein Farbparcour hat viele Kinder miteinander in den Kontakt gebracht, staunen lassen und ein L\u00e4cheln in die Gesichter gezaubert J<\/p>\n<p>Den Abschluss dieser besonderen Woche hat das Winterfest der Fr\u00fchf\u00f6rderung gemacht.<\/p>\n<p><img loading=\"lazy\" decoding=\"async\" class=\"wp-image-5311 size-medium alignright\" src=\"https:\/\/elbschule.hamburg.de\/wp-content\/uploads\/sites\/127\/2025\/12\/Kekse-194x300.jpeg\" alt=\"\" width=\"194\" height=\"300\" srcset=\"https:\/\/elbschule.hamburg.de\/wp-content\/uploads\/sites\/127\/2025\/12\/Kekse-194x300.jpeg 194w, https:\/\/elbschule.hamburg.de\/wp-content\/uploads\/sites\/127\/2025\/12\/Kekse-663x1024.jpeg 663w, https:\/\/elbschule.hamburg.de\/wp-content\/uploads\/sites\/127\/2025\/12\/Kekse-768x1186.jpeg 768w, https:\/\/elbschule.hamburg.de\/wp-content\/uploads\/sites\/127\/2025\/12\/Kekse.jpeg 829w\" sizes=\"auto, (max-width: 194px) 100vw, 194px\" \/><\/p>\n<p>Die besondere Atmosph\u00e4re an diesem Nachmittag ist so sch\u00f6n sp\u00fcrbar gewesen!<\/p>\n<p>Rund 25 Kinder waren mit ihren Eltern zum Kekse backen, verzieren und naschen, zum Weihnachtsbasteln, Toben und Vorlesen in den Fr\u00fchf\u00f6rderr\u00e4umen der Elbschule. Viele nette Gespr\u00e4che unter der Elternschaft konnten stattfinden \u2013 ein echtes Miteinander!<\/p>\n<p>Wir freuen uns schon jetzt auf das n\u00e4chste Mal.<\/p>\n<p>&nbsp;<\/p>\n<p>Christiane Garvs<\/p>\n","protected":false},"excerpt":{"rendered":"<p>\u201eDie K\u00f6nigin der Farben\u201c hat uns vom 1.12. bis zum 5.12.2025 durch unsere Projektwoche begleitet. Vorlese-Theater, Farbspiele, Herstellen von Knetb\u00e4llen und ein Farbparcour hat viele Kinder miteinander in den Kontakt gebracht, staunen lassen und ein L\u00e4cheln in die Gesichter gezaubert J Den Abschluss dieser besonderen Woche hat das Winterfest der Fr\u00fchf\u00f6rderung gemacht. Die besondere Atmosph\u00e4re &hellip; <a href=\"https:\/\/elbschule.hamburg.de\/?page_id=5316\" class=\"more-link\"><span class=\"screen-reader-text\">Winterzeit in der Fr\u00fchf\u00f6rderung &#8211; Das war sch\u00f6n!!<\/span> weiterlesen <span class=\"meta-nav\">&rarr;<\/span><\/a><\/p>\n","protected":false},"author":195,"featured_media":0,"parent":0,"menu_order":0,"comment_status":"closed","ping_status":"closed","template":"","meta":{"_acf_changed":false,"footnotes":""},"class_list":["post-5316","page","type-page","status-publish","hentry"],"acf":[],"_links":{"self":[{"href":"https:\/\/elbschule.hamburg.de\/index.php?rest_route=\/wp\/v2\/pages\/5316","targetHints":{"allow":["GET"]}}],"collection":[{"href":"https:\/\/elbschule.hamburg.de\/index.php?rest_route=\/wp\/v2\/pages"}],"about":[{"href":"https:\/\/elbschule.hamburg.de\/index.php?rest_route=\/wp\/v2\/types\/page"}],"author":[{"embeddable":true,"href":"https:\/\/elbschule.hamburg.de\/index.php?rest_route=\/wp\/v2\/users\/195"}],"replies":[{"embeddable":true,"href":"https:\/\/elbschule.hamburg.de\/index.php?rest_route=%2Fwp%2Fv2%2Fcomments&post=5316"}],"version-history":[{"count":3,"href":"https:\/\/elbschule.hamburg.de\/index.php?rest_route=\/wp\/v2\/pages\/5316\/revisions"}],"predecessor-version":[{"id":5319,"href":"https:\/\/elbschule.hamburg.de\/index.php?rest_route=\/wp\/v2\/pages\/5316\/revisions\/5319"}],"wp:attachment":[{"href":"https:\/\/elbschule.hamburg.de\/index.php?rest_route=%2Fwp%2Fv2%2Fmedia&parent=5316"}],"curies":[{"name":"wp","href":"https:\/\/api.w.org\/{rel}","templated":true}]}}