{"id":5312,"date":"2025-12-29T16:19:47","date_gmt":"2025-12-29T15:19:47","guid":{"rendered":"https:\/\/elbschule.hamburg.de\/?page_id=5312"},"modified":"2025-12-29T16:31:29","modified_gmt":"2025-12-29T15:31:29","slug":"speed-informating-praktikumserfahrungen-werden-weitergegeben","status":"publish","type":"page","link":"https:\/\/elbschule.hamburg.de\/?page_id=5312","title":{"rendered":"Speed informating &#8211; Praktikumserfahrungen werden weitergegeben"},"content":{"rendered":"<p>In der Elbschule haben sich die Pr\u00e4sentationen des Praktikums im TSBW Husum in den neunten Klassen mittlerweile etabliert. So k\u00f6nnen die nachfolgenden Klassen sich vorab einen Eindruck verschaffen, \u00fcber das, was sie erwartet.<\/p>\n<div id=\"metaslider-id-5321\" style=\"width: 100%;\" class=\"ml-slider-3-109-0 metaslider metaslider-flex metaslider-5321 ml-slider has-dots-nav ms-theme-default-base\" role=\"region\" aria-label=\"Speed Informating\" data-height=\"480\" data-width=\"640\">\n    <div id=\"metaslider_container_5321\">\n        <div id=\"metaslider_5321\">\n            <ul aria-live='off' class='slides'>\n                <li style=\"display: block; width: 100%;\" class=\"slide-5322 ms-image \" aria-roledescription=\"slide\" data-date=\"2025-12-29 16:29:09\" data-filename=\"IMG_3228.jpg\" data-slide-type=\"image\"><img loading=\"lazy\" decoding=\"async\" src=\"https:\/\/elbschule.hamburg.de\/wp-content\/uploads\/sites\/127\/2025\/12\/IMG_3228.jpg\" height=\"480\" width=\"640\" alt=\"\" class=\"slider-5321 slide-5322 msDefaultImage\" title=\"IMG_3228\" \/><\/li>\n                <li style=\"display: none; width: 100%;\" class=\"slide-5323 ms-image \" aria-roledescription=\"slide\" data-date=\"2025-12-29 16:29:10\" data-filename=\"IMG_3229.jpg\" data-slide-type=\"image\"><img loading=\"lazy\" decoding=\"async\" src=\"https:\/\/elbschule.hamburg.de\/wp-content\/uploads\/sites\/127\/2025\/12\/IMG_3229.jpg\" height=\"480\" width=\"640\" alt=\"\" class=\"slider-5321 slide-5323 msDefaultImage\" title=\"IMG_3229\" \/><\/li>\n            <\/ul>\n        <\/div>\n        \n    <\/div>\n<\/div>\n<p>Katrin B\u00f6ttjer, Klassenlehrerin der 8b, hat eine weitere Vorbereitung des Praktikums initiiert: Ihre Sch\u00fcler:innen bereiteten Fragen vor und formulierten ihren Erstwunsch schriftlich, in welchem Bereich sie ihr Praktikum machen m\u00f6chten. Die ehemaligen Praktikant:innen aus den Klassen 10a, 10d und 9\/10b wurden dann zu einem \u201aspeed informating\u2018 eingeladen, in welchem sie von den Achtkl\u00e4sslern:innen interviewt wurden. Um sich \u00fcber jeweils einen der acht Berufsbereiche zu informieren, hatte man genau vier Minuten Zeit. Direkt im Anschluss entschieden die Achtkl\u00e4ssler:innen, ob der Bereich sie interessiert, nicht interessiert oder sie noch unsicher sind. Dann sa\u00df schon die n\u00e4chste Person vor ihnen, bereit interviewt zu werden.\u00a0 Am Ende \u00fcberlegten sie, ob ihr Wunschbereich noch relevant war. So mancher Wunsch ver\u00e4nderte sich durch die Antworten, wie es in dem Bereich tats\u00e4chlich aussieht.<\/p>\n<p>Zum Schluss gab es drei virtuelle Pokale f\u00fcr die besten Antworten. Dar\u00fcber entschied die Klasse in einer Diskussion und \u00fcberreichte sie daraufhin den Teilnehmenden mit einem Dankesch\u00f6n.<\/p>\n<p>Katharina von Puttkamer<\/p>\n","protected":false},"excerpt":{"rendered":"<p>In der Elbschule haben sich die Pr\u00e4sentationen des Praktikums im TSBW Husum in den neunten Klassen mittlerweile etabliert. So k\u00f6nnen die nachfolgenden Klassen sich vorab einen Eindruck verschaffen, \u00fcber das, was sie erwartet. Katrin B\u00f6ttjer, Klassenlehrerin der 8b, hat eine weitere Vorbereitung des Praktikums initiiert: Ihre Sch\u00fcler:innen bereiteten Fragen vor und formulierten ihren Erstwunsch schriftlich, &hellip; <a href=\"https:\/\/elbschule.hamburg.de\/?page_id=5312\" class=\"more-link\"><span class=\"screen-reader-text\">Speed informating &#8211; Praktikumserfahrungen werden weitergegeben<\/span> weiterlesen <span class=\"meta-nav\">&rarr;<\/span><\/a><\/p>\n","protected":false},"author":195,"featured_media":0,"parent":0,"menu_order":0,"comment_status":"closed","ping_status":"closed","template":"","meta":{"_acf_changed":false,"footnotes":""},"class_list":["post-5312","page","type-page","status-publish","hentry"],"acf":[],"_links":{"self":[{"href":"https:\/\/elbschule.hamburg.de\/index.php?rest_route=\/wp\/v2\/pages\/5312","targetHints":{"allow":["GET"]}}],"collection":[{"href":"https:\/\/elbschule.hamburg.de\/index.php?rest_route=\/wp\/v2\/pages"}],"about":[{"href":"https:\/\/elbschule.hamburg.de\/index.php?rest_route=\/wp\/v2\/types\/page"}],"author":[{"embeddable":true,"href":"https:\/\/elbschule.hamburg.de\/index.php?rest_route=\/wp\/v2\/users\/195"}],"replies":[{"embeddable":true,"href":"https:\/\/elbschule.hamburg.de\/index.php?rest_route=%2Fwp%2Fv2%2Fcomments&post=5312"}],"version-history":[{"count":2,"href":"https:\/\/elbschule.hamburg.de\/index.php?rest_route=\/wp\/v2\/pages\/5312\/revisions"}],"predecessor-version":[{"id":5324,"href":"https:\/\/elbschule.hamburg.de\/index.php?rest_route=\/wp\/v2\/pages\/5312\/revisions\/5324"}],"wp:attachment":[{"href":"https:\/\/elbschule.hamburg.de\/index.php?rest_route=%2Fwp%2Fv2%2Fmedia&parent=5312"}],"curies":[{"name":"wp","href":"https:\/\/api.w.org\/{rel}","templated":true}]}}