{"id":5087,"date":"2025-06-08T10:05:43","date_gmt":"2025-06-08T10:05:43","guid":{"rendered":"https:\/\/elbschule.hamburg.de\/?page_id=5087"},"modified":"2025-06-08T10:06:37","modified_gmt":"2025-06-08T10:06:37","slug":"besuch-aus-wien","status":"publish","type":"page","link":"https:\/\/elbschule.hamburg.de\/?page_id=5087","title":{"rendered":"Besuch aus Wien"},"content":{"rendered":"<p><iframe loading=\"lazy\" title=\"Besuch aus dem BIG Wien\" width=\"474\" height=\"267\" src=\"https:\/\/www.youtube-nocookie.com\/embed\/v5woXW3DmDA?feature=oembed\" frameborder=\"0\" allow=\"accelerometer; autoplay; clipboard-write; encrypted-media; gyroscope; picture-in-picture; web-share\" referrerpolicy=\"strict-origin-when-cross-origin\" allowfullscreen><\/iframe><\/p>\n<p>In der Woche vom 12.05. bis 16.05.2025 besuchten taube Sch\u00fcler:innen mit zwei Lehrerinnen vom BIG (Bundesinstitut f\u00fcr Geh\u00f6rlosenbildung in Wien) Hamburg. Am Dienstag, 13.05. und Donnerstag, 15.05.25 besuchten sie auch die Elbschule.<\/p>\n<p>Am Dienstag, 13.05. f\u00fchrten unsere Sch\u00fcler:innen aus den Klassen 4\/5a, 5\/6a, 8a und 10a die Gruppe aus Wien durch unsere Schule. Am Donnerstag, 15.05. wurden die Wiener Sch\u00fcler:innen in verschiedene Klassen eingeteilt und nahmen am Unterricht teil.<\/p>\n<p>Von 10:45 bis 11:45 Uhr versammelten wir uns alle in der Aula, wo die Sch\u00fcler:innen aus Wien ihre Schule, die Stadt Wien, das Land \u00d6sterreich und typisches \u00f6sterreichisches Essen vorstellten. Anschlie\u00dfend erhielten wir kleine Kostproben: Mozartkugeln, Neapolitaner Waffeln und Almdudler zum Trinken.<\/p>\n<p>Besonders beeindruckend war zu sehen, wie die Sch\u00fcler:innen in verschiedenen Geb\u00e4rdensprachen, Deutscher Geb\u00e4rdensprache (DGS) und \u00d6sterreichischer Geb\u00e4rdensprache (\u00d6GS), miteinander kommunizierten. Obwohl die \u00d6sterreicher Deutsch lesen, schreiben und sprechen, unterscheiden sich die Geb\u00e4rdenzeichen der beiden Geb\u00e4rdensprachen oft.<\/p>\n<p>F\u00fcr alle Sch\u00fcler:innen war diese Begegnung eine bereichernde Erfahrung und es wurden erste Kontakte gekn\u00fcpft.<\/p>\n<p>Christian Borgwardt<\/p>\n","protected":false},"excerpt":{"rendered":"<p>In der Woche vom 12.05. bis 16.05.2025 besuchten taube Sch\u00fcler:innen mit zwei Lehrerinnen vom BIG (Bundesinstitut f\u00fcr Geh\u00f6rlosenbildung in Wien) Hamburg. Am Dienstag, 13.05. und Donnerstag, 15.05.25 besuchten sie auch die Elbschule. Am Dienstag, 13.05. f\u00fchrten unsere Sch\u00fcler:innen aus den Klassen 4\/5a, 5\/6a, 8a und 10a die Gruppe aus Wien durch unsere Schule. Am Donnerstag, &hellip; <a href=\"https:\/\/elbschule.hamburg.de\/?page_id=5087\" class=\"more-link\"><span class=\"screen-reader-text\">Besuch aus Wien<\/span> weiterlesen <span class=\"meta-nav\">&rarr;<\/span><\/a><\/p>\n","protected":false},"author":195,"featured_media":0,"parent":0,"menu_order":0,"comment_status":"closed","ping_status":"closed","template":"","meta":{"_acf_changed":false,"footnotes":""},"class_list":["post-5087","page","type-page","status-publish","hentry"],"acf":[],"_links":{"self":[{"href":"https:\/\/elbschule.hamburg.de\/index.php?rest_route=\/wp\/v2\/pages\/5087","targetHints":{"allow":["GET"]}}],"collection":[{"href":"https:\/\/elbschule.hamburg.de\/index.php?rest_route=\/wp\/v2\/pages"}],"about":[{"href":"https:\/\/elbschule.hamburg.de\/index.php?rest_route=\/wp\/v2\/types\/page"}],"author":[{"embeddable":true,"href":"https:\/\/elbschule.hamburg.de\/index.php?rest_route=\/wp\/v2\/users\/195"}],"replies":[{"embeddable":true,"href":"https:\/\/elbschule.hamburg.de\/index.php?rest_route=%2Fwp%2Fv2%2Fcomments&post=5087"}],"version-history":[{"count":3,"href":"https:\/\/elbschule.hamburg.de\/index.php?rest_route=\/wp\/v2\/pages\/5087\/revisions"}],"predecessor-version":[{"id":5090,"href":"https:\/\/elbschule.hamburg.de\/index.php?rest_route=\/wp\/v2\/pages\/5087\/revisions\/5090"}],"wp:attachment":[{"href":"https:\/\/elbschule.hamburg.de\/index.php?rest_route=%2Fwp%2Fv2%2Fmedia&parent=5087"}],"curies":[{"name":"wp","href":"https:\/\/api.w.org\/{rel}","templated":true}]}}