{"id":5061,"date":"2025-05-21T06:19:32","date_gmt":"2025-05-21T06:19:32","guid":{"rendered":"https:\/\/elbschule.hamburg.de\/?page_id=5061"},"modified":"2025-05-21T06:19:32","modified_gmt":"2025-05-21T06:19:32","slug":"vielen-dank-an-den-buergerverein-othmarschen","status":"publish","type":"page","link":"https:\/\/elbschule.hamburg.de\/?page_id=5061","title":{"rendered":"Vielen Dank an den B\u00fcrgerverein Othmarschen!"},"content":{"rendered":"<p><a href=\"https:\/\/elbschule.hamburg.de\/wp-content\/uploads\/sites\/127\/2025\/05\/Buecherhaus-scaled.jpg\" data-rel=\"lightbox\" data-rl_title=\"\" data-rl_caption=\"\" title=\"\"><img loading=\"lazy\" decoding=\"async\" class=\"size-medium wp-image-5063 alignleft\" src=\"https:\/\/elbschule.hamburg.de\/wp-content\/uploads\/sites\/127\/2025\/05\/Buecherhaus-169x300.jpg\" alt=\"\" width=\"169\" height=\"300\" srcset=\"https:\/\/elbschule.hamburg.de\/wp-content\/uploads\/sites\/127\/2025\/05\/Buecherhaus-169x300.jpg 169w, https:\/\/elbschule.hamburg.de\/wp-content\/uploads\/sites\/127\/2025\/05\/Buecherhaus-577x1024.jpg 577w, https:\/\/elbschule.hamburg.de\/wp-content\/uploads\/sites\/127\/2025\/05\/Buecherhaus-768x1364.jpg 768w, https:\/\/elbschule.hamburg.de\/wp-content\/uploads\/sites\/127\/2025\/05\/Buecherhaus-865x1536.jpg 865w, https:\/\/elbschule.hamburg.de\/wp-content\/uploads\/sites\/127\/2025\/05\/Buecherhaus-1153x2048.jpg 1153w, https:\/\/elbschule.hamburg.de\/wp-content\/uploads\/sites\/127\/2025\/05\/Buecherhaus-scaled.jpg 1441w\" sizes=\"auto, (max-width: 169px) 100vw, 169px\" \/><\/a>Die Fr\u00fchf\u00f6rderung der Elbschule BZ HK w\u00fcnschte sich schon lange ein \u201eVorlesehaus\u201c\u2026<\/p>\n<p>Was ist denn das?<\/p>\n<p>Ein M\u00f6bel, das einen hohen Aufforderungscharakter f\u00fcr Kinder und Eltern hat.<\/p>\n<p>Gem\u00fctlich. Gesch\u00fctzt. Heimelig.<\/p>\n<p>Der Ort, an dem ich mit Mama oder Papa sitze oder liege, um mir ein Bilderbuch zeigen, erz\u00e4hlen oder vorlesen zu lassen. Oder mir ganz alleine ein Buch anschaue. Oder meinem Freund mein Lieblingsbuch zeige\u2026<\/p>\n<p>Das Haus l\u00e4dt ein. Zum Lesen. Zum Vorlesen. Zum Betrachten. Zum Ruhe-Zeit haben.<\/p>\n<p>Wichtiges Ziel der Fr\u00fchf\u00f6rderung f\u00fcr Kinder mit H\u00f6rbeeintr\u00e4chtigungen ist es, den H\u00f6r- und Spracherwerb und die Kommunikationsf\u00e4higkeit zu f\u00f6rdern.<\/p>\n<p>Bilderb\u00fccher sind hierf\u00fcr ein hervorragendes Medium.<\/p>\n<p><a href=\"https:\/\/elbschule.hamburg.de\/wp-content\/uploads\/sites\/127\/2025\/05\/Vorleseshaus.jpg\" data-rel=\"lightbox\" data-rl_title=\"\" data-rl_caption=\"\" title=\"\"><img loading=\"lazy\" decoding=\"async\" class=\"alignright size-medium wp-image-5064\" src=\"https:\/\/elbschule.hamburg.de\/wp-content\/uploads\/sites\/127\/2025\/05\/Vorleseshaus-225x300.jpg\" alt=\"\" width=\"225\" height=\"300\" srcset=\"https:\/\/elbschule.hamburg.de\/wp-content\/uploads\/sites\/127\/2025\/05\/Vorleseshaus-225x300.jpg 225w, https:\/\/elbschule.hamburg.de\/wp-content\/uploads\/sites\/127\/2025\/05\/Vorleseshaus-768x1024.jpg 768w, https:\/\/elbschule.hamburg.de\/wp-content\/uploads\/sites\/127\/2025\/05\/Vorleseshaus.jpg 960w\" sizes=\"auto, (max-width: 225px) 100vw, 225px\" \/><\/a>Neben der visuellen \u00c4sthetik bieten sie tausendfache Sprechanl\u00e4sse. Kleine Handlungen k\u00f6nnen erkannt und wiedererkannt werden. Innere Sprache entsteht. Das Gespr\u00e4ch \u00fcber etwas folgt. Und sei es zun\u00e4chst nur das Umbl\u00e4ttern der Seiten, das uns gl\u00fccklich macht. Wenig sp\u00e4ter kommt sicherlich der gezielt eingesetzte Zeigefinger, der auf Abbildungen deutet und das Gegen\u00fcber zum \u201eErkl\u00e4r es mir\u201c auffordert. Wortschatzerweiterung, Sprachvorbilder, Erkennen und Verstehen von Emotionen, Sich-hinein-Versetzen-K\u00f6nnen, Fantasie\u2026 unendlich viele Bereiche k\u00f6nnen durch den Einsatz von B\u00fcchern gef\u00f6rdert werden.<\/p>\n<p>Und noch? Gerade in unserer Zeit der intensiven Mediennutzung und der Pr\u00e4senz der Smartphones m\u00f6chten wir den Eltern unserer Fr\u00fchf\u00f6rderkinder den Raum geben, in den direkten Kontakt und den direkten Dialog mit ihren Kindern zu gehen. Auch hierf\u00fcr eignet sich das Vorlesehaus: Zeit f\u00fcr uns. Zeit f\u00fcr dich und mich. Zeit zum Sprechen. Zeit zum Geb\u00e4rden. Das Handy darf gerne einmal Pause haben.<\/p>\n<p>Also: Danke f\u00fcr eine so gro\u00dfz\u00fcgige Spende! \u2026 und f\u00fcr soviel mehr, als \u201enur das Vorlesehaus\u201c!<\/p>\n<p>(Christiane Garvs, Fr\u00fchf\u00f6rderung Elbschule BZ HK)<\/p>\n","protected":false},"excerpt":{"rendered":"<p>Die Fr\u00fchf\u00f6rderung der Elbschule BZ HK w\u00fcnschte sich schon lange ein \u201eVorlesehaus\u201c\u2026 Was ist denn das? Ein M\u00f6bel, das einen hohen Aufforderungscharakter f\u00fcr Kinder und Eltern hat. Gem\u00fctlich. Gesch\u00fctzt. Heimelig. Der Ort, an dem ich mit Mama oder Papa sitze oder liege, um mir ein Bilderbuch zeigen, erz\u00e4hlen oder vorlesen zu lassen. Oder mir ganz &hellip; <a href=\"https:\/\/elbschule.hamburg.de\/?page_id=5061\" class=\"more-link\"><span class=\"screen-reader-text\">Vielen Dank an den B\u00fcrgerverein Othmarschen!<\/span> weiterlesen <span class=\"meta-nav\">&rarr;<\/span><\/a><\/p>\n","protected":false},"author":207,"featured_media":0,"parent":0,"menu_order":0,"comment_status":"closed","ping_status":"closed","template":"","meta":{"_acf_changed":false,"footnotes":""},"class_list":["post-5061","page","type-page","status-publish","hentry"],"acf":[],"_links":{"self":[{"href":"https:\/\/elbschule.hamburg.de\/index.php?rest_route=\/wp\/v2\/pages\/5061","targetHints":{"allow":["GET"]}}],"collection":[{"href":"https:\/\/elbschule.hamburg.de\/index.php?rest_route=\/wp\/v2\/pages"}],"about":[{"href":"https:\/\/elbschule.hamburg.de\/index.php?rest_route=\/wp\/v2\/types\/page"}],"author":[{"embeddable":true,"href":"https:\/\/elbschule.hamburg.de\/index.php?rest_route=\/wp\/v2\/users\/207"}],"replies":[{"embeddable":true,"href":"https:\/\/elbschule.hamburg.de\/index.php?rest_route=%2Fwp%2Fv2%2Fcomments&post=5061"}],"version-history":[{"count":4,"href":"https:\/\/elbschule.hamburg.de\/index.php?rest_route=\/wp\/v2\/pages\/5061\/revisions"}],"predecessor-version":[{"id":5067,"href":"https:\/\/elbschule.hamburg.de\/index.php?rest_route=\/wp\/v2\/pages\/5061\/revisions\/5067"}],"wp:attachment":[{"href":"https:\/\/elbschule.hamburg.de\/index.php?rest_route=%2Fwp%2Fv2%2Fmedia&parent=5061"}],"curies":[{"name":"wp","href":"https:\/\/api.w.org\/{rel}","templated":true}]}}