{"id":5009,"date":"2025-03-26T14:14:41","date_gmt":"2025-03-26T14:14:41","guid":{"rendered":"https:\/\/elbschule.hamburg.de\/?page_id=5009"},"modified":"2025-03-30T08:34:42","modified_gmt":"2025-03-30T08:34:42","slug":"das-elbschulkletterteam-freut-sich-ueber-die-grosszuegige-spende","status":"publish","type":"page","link":"https:\/\/elbschule.hamburg.de\/?page_id=5009","title":{"rendered":"Das Elbschulkletterteam freut sich \u00fcber die gro\u00dfz\u00fcgige Spende"},"content":{"rendered":"<p><a href=\"https:\/\/elbschule.hamburg.de\/wp-content\/uploads\/sites\/127\/2025\/03\/NK-Klettern-scaled.jpg\" data-rel=\"lightbox\" data-rl_title=\"\" data-rl_caption=\"\" title=\"\"><img loading=\"lazy\" decoding=\"async\" class=\"alignleft size-medium wp-image-5011\" src=\"https:\/\/elbschule.hamburg.de\/wp-content\/uploads\/sites\/127\/2025\/03\/NK-Klettern-169x300.jpg\" alt=\"\" width=\"169\" height=\"300\" srcset=\"https:\/\/elbschule.hamburg.de\/wp-content\/uploads\/sites\/127\/2025\/03\/NK-Klettern-169x300.jpg 169w, https:\/\/elbschule.hamburg.de\/wp-content\/uploads\/sites\/127\/2025\/03\/NK-Klettern-576x1024.jpg 576w, https:\/\/elbschule.hamburg.de\/wp-content\/uploads\/sites\/127\/2025\/03\/NK-Klettern-768x1365.jpg 768w, https:\/\/elbschule.hamburg.de\/wp-content\/uploads\/sites\/127\/2025\/03\/NK-Klettern-864x1536.jpg 864w, https:\/\/elbschule.hamburg.de\/wp-content\/uploads\/sites\/127\/2025\/03\/NK-Klettern-1152x2048.jpg 1152w, https:\/\/elbschule.hamburg.de\/wp-content\/uploads\/sites\/127\/2025\/03\/NK-Klettern-scaled.jpg 1440w\" sizes=\"auto, (max-width: 169px) 100vw, 169px\" \/><\/a>In der Elbschule wird geklettert \u2013 nicht nur an der Kletterwand Neverrest im Schulgeb\u00e4ude, sondern auch au\u00dferhalb in Kletterhallen und Kletterzentren. Jasmin Hilpert und Katrin B\u00f6ttjer bieten regelm\u00e4\u00dfig einen Neigungskurs Klettern f\u00fcr die f\u00fcnften bis siebten Klassen an. Die maximale Anmeldezahl ist auf zw\u00f6lf Pl\u00e4tze begrenzt und wird bei jedem Kurs auch ausgesch\u00f6pft. Da die spannenden Kletterorte auch meist kostenpflichtig sind, sind Spenden sehr willkommen, um allen interessierten Sch\u00fcler:innen diesen Sport zu erm\u00f6glichen.<\/p>\n<p>&nbsp;<\/p>\n<p>&nbsp;<\/p>\n<p><a href=\"https:\/\/elbschule.hamburg.de\/wp-content\/uploads\/sites\/127\/2025\/03\/1904_stiftung.jpg\" data-rel=\"lightbox\" data-rl_title=\"\" data-rl_caption=\"\" title=\"\"><img loading=\"lazy\" decoding=\"async\" class=\"size-medium wp-image-5021 alignleft\" src=\"https:\/\/elbschule.hamburg.de\/wp-content\/uploads\/sites\/127\/2025\/03\/1904_stiftung-300x69.jpg\" alt=\"\" width=\"300\" height=\"69\" srcset=\"https:\/\/elbschule.hamburg.de\/wp-content\/uploads\/sites\/127\/2025\/03\/1904_stiftung-300x69.jpg 300w, https:\/\/elbschule.hamburg.de\/wp-content\/uploads\/sites\/127\/2025\/03\/1904_stiftung-768x177.jpg 768w, https:\/\/elbschule.hamburg.de\/wp-content\/uploads\/sites\/127\/2025\/03\/1904_stiftung.jpg 948w\" sizes=\"auto, (max-width: 300px) 100vw, 300px\" \/><\/a>Diese Hilfe kam nun in diesem Schuljahr in Form von 500 Euro von der Stiftung der Wohnungsgenossenschaft von 1904 im Rahmen von \u201aNachbarn helfen Nachbarn\u2018. Dieses Geld erm\u00f6glicht es, dass sie an unterschiedlichen Orten in Hamburg Kletter- und Boulderm\u00f6glichkeiten kennenlernen d\u00fcrfen, die Eintrittspreise verlangen: FLASHH (Boulder), DAV Kletterzentrum (Klettern + Boulder), HausDrei (Klettern drau\u00dfen) und Kilimanschanzo (Klettern drau\u00dfen).<\/p>\n<p><a href=\"https:\/\/elbschule.hamburg.de\/wp-content\/uploads\/sites\/127\/2025\/03\/Klettern-IV.jpeg\" data-rel=\"lightbox\" data-rl_title=\"\" data-rl_caption=\"\" title=\"\"><img loading=\"lazy\" decoding=\"async\" class=\"size-medium wp-image-5017 alignright\" src=\"https:\/\/elbschule.hamburg.de\/wp-content\/uploads\/sites\/127\/2025\/03\/Klettern-IV-300x225.jpeg\" alt=\"\" width=\"300\" height=\"225\" srcset=\"https:\/\/elbschule.hamburg.de\/wp-content\/uploads\/sites\/127\/2025\/03\/Klettern-IV-300x225.jpeg 300w, https:\/\/elbschule.hamburg.de\/wp-content\/uploads\/sites\/127\/2025\/03\/Klettern-IV.jpeg 640w\" sizes=\"auto, (max-width: 300px) 100vw, 300px\" \/><\/a>So k\u00f6nnen sie jedes Schuljahr an den Hamburger Schulmeisterschaften in Klettern und Bouldern teilnehmen und ihr K\u00f6nnen zeigen.<\/p>\n<p>&nbsp;<\/p>\n<p>&nbsp;<\/p>\n<p><a href=\"https:\/\/elbschule.hamburg.de\/wp-content\/uploads\/sites\/127\/2025\/03\/Teaser.jpeg\" data-rel=\"lightbox\" data-rl_title=\"\" data-rl_caption=\"\" title=\"\"><img loading=\"lazy\" decoding=\"async\" class=\"wp-image-5014 size-medium alignleft\" src=\"https:\/\/elbschule.hamburg.de\/wp-content\/uploads\/sites\/127\/2025\/03\/Teaser-300x241.jpeg\" alt=\"\" width=\"300\" height=\"241\" srcset=\"https:\/\/elbschule.hamburg.de\/wp-content\/uploads\/sites\/127\/2025\/03\/Teaser-300x241.jpeg 300w, https:\/\/elbschule.hamburg.de\/wp-content\/uploads\/sites\/127\/2025\/03\/Teaser.jpeg 640w\" sizes=\"auto, (max-width: 300px) 100vw, 300px\" \/><\/a><\/p>\n<p>&nbsp;<\/p>\n<p><strong>Die Elbschule sagt herzlichen Dank!!!!<\/strong><\/p>\n<p>&nbsp;<\/p>\n<p>&nbsp;<\/p>\n<p>&nbsp;<\/p>\n<p>&nbsp;<\/p>\n<p>Katharina von Puttkamer<\/p>\n","protected":false},"excerpt":{"rendered":"<p>In der Elbschule wird geklettert \u2013 nicht nur an der Kletterwand Neverrest im Schulgeb\u00e4ude, sondern auch au\u00dferhalb in Kletterhallen und Kletterzentren. Jasmin Hilpert und Katrin B\u00f6ttjer bieten regelm\u00e4\u00dfig einen Neigungskurs Klettern f\u00fcr die f\u00fcnften bis siebten Klassen an. Die maximale Anmeldezahl ist auf zw\u00f6lf Pl\u00e4tze begrenzt und wird bei jedem Kurs auch ausgesch\u00f6pft. Da die &hellip; <a href=\"https:\/\/elbschule.hamburg.de\/?page_id=5009\" class=\"more-link\"><span class=\"screen-reader-text\">Das Elbschulkletterteam freut sich \u00fcber die gro\u00dfz\u00fcgige Spende<\/span> weiterlesen <span class=\"meta-nav\">&rarr;<\/span><\/a><\/p>\n","protected":false},"author":207,"featured_media":0,"parent":0,"menu_order":0,"comment_status":"closed","ping_status":"closed","template":"","meta":{"_acf_changed":false,"footnotes":""},"class_list":["post-5009","page","type-page","status-publish","hentry"],"acf":[],"_links":{"self":[{"href":"https:\/\/elbschule.hamburg.de\/index.php?rest_route=\/wp\/v2\/pages\/5009","targetHints":{"allow":["GET"]}}],"collection":[{"href":"https:\/\/elbschule.hamburg.de\/index.php?rest_route=\/wp\/v2\/pages"}],"about":[{"href":"https:\/\/elbschule.hamburg.de\/index.php?rest_route=\/wp\/v2\/types\/page"}],"author":[{"embeddable":true,"href":"https:\/\/elbschule.hamburg.de\/index.php?rest_route=\/wp\/v2\/users\/207"}],"replies":[{"embeddable":true,"href":"https:\/\/elbschule.hamburg.de\/index.php?rest_route=%2Fwp%2Fv2%2Fcomments&post=5009"}],"version-history":[{"count":6,"href":"https:\/\/elbschule.hamburg.de\/index.php?rest_route=\/wp\/v2\/pages\/5009\/revisions"}],"predecessor-version":[{"id":5023,"href":"https:\/\/elbschule.hamburg.de\/index.php?rest_route=\/wp\/v2\/pages\/5009\/revisions\/5023"}],"wp:attachment":[{"href":"https:\/\/elbschule.hamburg.de\/index.php?rest_route=%2Fwp%2Fv2%2Fmedia&parent=5009"}],"curies":[{"name":"wp","href":"https:\/\/api.w.org\/{rel}","templated":true}]}}