{"id":4993,"date":"2025-03-02T14:24:25","date_gmt":"2025-03-02T14:24:25","guid":{"rendered":"https:\/\/elbschule.hamburg.de\/?page_id=4993"},"modified":"2025-03-02T14:24:25","modified_gmt":"2025-03-02T14:24:25","slug":"schifoan-klassenfahrt-nach-oesterreich","status":"publish","type":"page","link":"https:\/\/elbschule.hamburg.de\/?page_id=4993","title":{"rendered":"Schifoan! &#8211; Klassenfahrt nach \u00d6sterreich"},"content":{"rendered":"<div id=\"metaslider-id-4982\" style=\"width: 100%;\" class=\"ml-slider-3-109-0 metaslider metaslider-flex metaslider-4982 ml-slider has-dots-nav ms-theme-default-base\" role=\"region\" aria-label=\"Schifoan - Klassenfahrt nach \u00d6sterreich der 8c\" data-height=\"480\" data-width=\"640\">\n    <div id=\"metaslider_container_4982\">\n        <div id=\"metaslider_4982\">\n            <ul class='slides'>\n                <li style=\"display: block; width: 100%;\" class=\"slide-4984 ms-image \" aria-roledescription=\"slide\" data-date=\"2025-03-02 14:18:42\" data-filename=\"Skireise-8c-2.jpg\" data-slide-type=\"image\"><img loading=\"lazy\" decoding=\"async\" src=\"https:\/\/elbschule.hamburg.de\/wp-content\/uploads\/sites\/127\/2025\/03\/Skireise-8c-2.jpg\" height=\"480\" width=\"640\" alt=\"\" class=\"slider-4982 slide-4984 msDefaultImage\" title=\"Skireise 8c (2)\" \/><\/li>\n                <li style=\"display: none; width: 100%;\" class=\"slide-4985 ms-image \" aria-roledescription=\"slide\" data-date=\"2025-03-02 14:18:42\" data-filename=\"Skireise-8c-3.jpg\" data-slide-type=\"image\"><img loading=\"lazy\" decoding=\"async\" src=\"https:\/\/elbschule.hamburg.de\/wp-content\/uploads\/sites\/127\/2025\/03\/Skireise-8c-3.jpg\" height=\"480\" width=\"640\" alt=\"\" class=\"slider-4982 slide-4985 msDefaultImage\" title=\"Skireise 8c (3)\" \/><\/li>\n                <li style=\"display: none; width: 100%;\" class=\"slide-4986 ms-image \" aria-roledescription=\"slide\" data-date=\"2025-03-02 14:18:42\" data-filename=\"Skireise-8c-4.jpg\" data-slide-type=\"image\"><img loading=\"lazy\" decoding=\"async\" src=\"https:\/\/elbschule.hamburg.de\/wp-content\/uploads\/sites\/127\/2025\/03\/Skireise-8c-4.jpg\" height=\"480\" width=\"640\" alt=\"\" class=\"slider-4982 slide-4986 msDefaultImage\" title=\"Skireise 8c (4)\" \/><\/li>\n                <li style=\"display: none; width: 100%;\" class=\"slide-4987 ms-image \" aria-roledescription=\"slide\" data-date=\"2025-03-02 14:18:42\" data-filename=\"Skireise-8c-7.jpg\" data-slide-type=\"image\"><img loading=\"lazy\" decoding=\"async\" src=\"https:\/\/elbschule.hamburg.de\/wp-content\/uploads\/sites\/127\/2025\/03\/Skireise-8c-7.jpg\" height=\"480\" width=\"640\" alt=\"\" class=\"slider-4982 slide-4987 msDefaultImage\" title=\"Skireise 8c (7)\" \/><\/li>\n                <li style=\"display: none; width: 100%;\" class=\"slide-4988 ms-image \" aria-roledescription=\"slide\" data-date=\"2025-03-02 14:18:42\" data-filename=\"Skireise-8c-5.jpg\" data-slide-type=\"image\"><img loading=\"lazy\" decoding=\"async\" src=\"https:\/\/elbschule.hamburg.de\/wp-content\/uploads\/sites\/127\/2025\/03\/Skireise-8c-5.jpg\" height=\"480\" width=\"640\" alt=\"\" class=\"slider-4982 slide-4988 msDefaultImage\" title=\"Skireise 8c (5)\" \/><\/li>\n                <li style=\"display: none; width: 100%;\" class=\"slide-4989 ms-image \" aria-roledescription=\"slide\" data-date=\"2025-03-02 14:18:42\" data-filename=\"Skireise-8c-6-rotated.jpg\" data-slide-type=\"image\"><img loading=\"lazy\" decoding=\"async\" src=\"https:\/\/elbschule.hamburg.de\/wp-content\/uploads\/sites\/127\/2025\/03\/Skireise-8c-6-rotated.jpg\" height=\"480\" width=\"640\" alt=\"\" class=\"slider-4982 slide-4989 msDefaultImage\" title=\"Skireise 8c (6)\" \/><\/li>\n                <li style=\"display: none; width: 100%;\" class=\"slide-4990 ms-image \" aria-roledescription=\"slide\" data-date=\"2025-03-02 14:18:42\" data-filename=\"Skireise-8c-9.jpg\" data-slide-type=\"image\"><img loading=\"lazy\" decoding=\"async\" src=\"https:\/\/elbschule.hamburg.de\/wp-content\/uploads\/sites\/127\/2025\/03\/Skireise-8c-9.jpg\" height=\"480\" width=\"640\" alt=\"\" class=\"slider-4982 slide-4990 msDefaultImage\" title=\"Skireise 8c (9)\" \/><\/li>\n                <li style=\"display: none; width: 100%;\" class=\"slide-4992 ms-image \" aria-roledescription=\"slide\" data-date=\"2025-03-02 14:18:43\" data-filename=\"Skireise-8c-10.jpg\" data-slide-type=\"image\"><img loading=\"lazy\" decoding=\"async\" src=\"https:\/\/elbschule.hamburg.de\/wp-content\/uploads\/sites\/127\/2025\/03\/Skireise-8c-10.jpg\" height=\"480\" width=\"640\" alt=\"\" class=\"slider-4982 slide-4992 msDefaultImage\" title=\"Skireise 8c (10)\" \/><\/li>\n                <li style=\"display: none; width: 100%;\" class=\"slide-4983 ms-image \" aria-roledescription=\"slide\" data-date=\"2025-03-02 14:18:42\" data-filename=\"Skireise-8c-1.jpg\" data-slide-type=\"image\"><img loading=\"lazy\" decoding=\"async\" src=\"https:\/\/elbschule.hamburg.de\/wp-content\/uploads\/sites\/127\/2025\/03\/Skireise-8c-1.jpg\" height=\"480\" width=\"640\" alt=\"\" class=\"slider-4982 slide-4983 msDefaultImage\" title=\"Skireise 8c (1)\" \/><\/li>\n                <li style=\"display: none; width: 100%;\" class=\"slide-4991 ms-image \" aria-roledescription=\"slide\" data-date=\"2025-03-02 14:18:42\" data-filename=\"Skireise-8c-8.jpg\" data-slide-type=\"image\"><img loading=\"lazy\" decoding=\"async\" src=\"https:\/\/elbschule.hamburg.de\/wp-content\/uploads\/sites\/127\/2025\/03\/Skireise-8c-8.jpg\" height=\"480\" width=\"640\" alt=\"\" class=\"slider-4982 slide-4991 msDefaultImage\" title=\"Skireise 8c (8)\" \/><\/li>\n            <\/ul>\n        <\/div>\n        \n    <\/div>\n<\/div>\n<p>Am Donnerstag, den 30.1.2025 sind wir, Klasse 8c, f\u00fcr zehn Tage auf Klassenfahrt gefahren.<\/p>\n<p>Morgens haben wir am Bahnhof Altona um 7:51 Uhr den ICE bis nach Linz (\u00d6sterreich) genommen. Auf der Zugfahrt haben einige Filme geschaut, gespielt oder geschlafen. Wir wurden begleitet von Frau Kr\u00fcger, Frau R\u00f6rig, Herrn Hamer und den beiden Studentinnen Paula und Lisa. In Linz waren wir dann so ungef\u00e4hr um 17:00 Uhr, von dort sind wir dann noch mal drei Stunden mit der Regionalbahn gefahren bis Steinnach-Irdning. Als wir angekommen sind, wurden wir mit dem Bus abgeholt und mussten noch mal eine halbe Stunde bis zur H\u00fctte fahren, dann waren wir so um kurz vor einundzwanzig Uhr da. Vor Ort haben wir unsere Betten bezogen und sind schlafen gegangen.<\/p>\n<p>Am Freitag sind wir vormittags zum Skiverleih gegangen, dort waren die Leute sehr nett.<\/p>\n<p>Dann haben wir vor unserer H\u00fctte die Skier ausprobiert mit Spielen und Fachw\u00f6rtern. Nachmittags sind wir auf den Babyh\u00fcgel gegangen, um richtig zu \u00fcben. Helen \u2013 eine derjenigen, die noch nicht Skifahren konnte &#8211; fand, dass es eine gute \u00dcbung war, um ins Skifahren rein zu kommen.<\/p>\n<p>Am zweiten Tag waren nachmittags einige schon auf der gro\u00dfen Piste, wo sie mit dem Lift hochfahren mussten. Die anderen sind zum ersten Mal Tellerlift gefahren, ein paar Kinder sind rausgefallen, haben sich aber nichts getan.<\/p>\n<p>Zur St\u00e4rkung gab es Reis mit H\u00e4hnchenso\u00dfe und Gem\u00fcse als Abendessen. Die Kochgruppe hat gute Arbeit geleistet. Wir hatten f\u00fcr jeden Tag eine Koch-, eine Putz- und eine Fr\u00fchst\u00fccks-gruppe. Zudem noch welche, die sich um das Abendprogramm gek\u00fcmmert haben.<\/p>\n<p>Die n\u00e4chsten Tage wurde flei\u00dfig an dem sicheren Fahrk\u00f6nnen der Anf\u00e4nger gearbeitet. Schon am dritten Tag waren einige auf der blauen Panorama-Abfahrt und am vierten und f\u00fcnften Tag waren alle schon einmal oben. Nachmittags haben wir Musik geh\u00f6rt, entspannt und geputzt. Herr Harmer ist oft hingefallen, der ist jedoch nicht Ski gefahren, sondern Snowboard. Am Mittwoch haben wir Luises Geburtstag gefeiert. An dem Tag haben wir etwas ausprobiert, und zwar sind wir mit T\u00fcchern gefahren. Die haben den Fahrtwind aufgenommen und einen gebremst. Abends waren wir bei einem Rodelrennen. Tido schaffte es auf den vierten Platz, Justin auf den dritten und auch Ida bei den M\u00e4dchen auf den dritten Platz.<\/p>\n<p>Den letzten Tag mussten wir ordentlich genie\u00dfen. Zum Mittagessen waren wir auf einer Almh\u00fctte, die am Rand der Panorama-Abfahrt steht, n\u00e4mlich der Oxenalm, und haben Kaiserschmarrn gegessen. Denen, die noch nie Skifahren gewesen waren, tat es richtig weh, sich von den Skiern zu l\u00f6sen. Schlie\u00dflich werden viele von ihnen nicht so bald erneut Ski fahren.<\/p>\n<p>Vielen Dank an die R\u00f6ver Stiftung f\u00fcr diese tolle Klassenfahrt und vielen Dank an die Lehrer:innen und Studentinnen: Frau Kr\u00fcger, Herr Hamer, Frau R\u00f6rig, Lisa, Paula und Frau M\u00f6hring!<\/p>\n<p>Eure Klasse 8c<\/p>\n","protected":false},"excerpt":{"rendered":"<p>Am Donnerstag, den 30.1.2025 sind wir, Klasse 8c, f\u00fcr zehn Tage auf Klassenfahrt gefahren. Morgens haben wir am Bahnhof Altona um 7:51 Uhr den ICE bis nach Linz (\u00d6sterreich) genommen. Auf der Zugfahrt haben einige Filme geschaut, gespielt oder geschlafen. Wir wurden begleitet von Frau Kr\u00fcger, Frau R\u00f6rig, Herrn Hamer und den beiden Studentinnen Paula &hellip; <a href=\"https:\/\/elbschule.hamburg.de\/?page_id=4993\" class=\"more-link\"><span class=\"screen-reader-text\">Schifoan! &#8211; Klassenfahrt nach \u00d6sterreich<\/span> weiterlesen <span class=\"meta-nav\">&rarr;<\/span><\/a><\/p>\n","protected":false},"author":195,"featured_media":0,"parent":0,"menu_order":0,"comment_status":"closed","ping_status":"closed","template":"","meta":{"_acf_changed":false,"footnotes":""},"class_list":["post-4993","page","type-page","status-publish","hentry"],"acf":[],"_links":{"self":[{"href":"https:\/\/elbschule.hamburg.de\/index.php?rest_route=\/wp\/v2\/pages\/4993","targetHints":{"allow":["GET"]}}],"collection":[{"href":"https:\/\/elbschule.hamburg.de\/index.php?rest_route=\/wp\/v2\/pages"}],"about":[{"href":"https:\/\/elbschule.hamburg.de\/index.php?rest_route=\/wp\/v2\/types\/page"}],"author":[{"embeddable":true,"href":"https:\/\/elbschule.hamburg.de\/index.php?rest_route=\/wp\/v2\/users\/195"}],"replies":[{"embeddable":true,"href":"https:\/\/elbschule.hamburg.de\/index.php?rest_route=%2Fwp%2Fv2%2Fcomments&post=4993"}],"version-history":[{"count":1,"href":"https:\/\/elbschule.hamburg.de\/index.php?rest_route=\/wp\/v2\/pages\/4993\/revisions"}],"predecessor-version":[{"id":4994,"href":"https:\/\/elbschule.hamburg.de\/index.php?rest_route=\/wp\/v2\/pages\/4993\/revisions\/4994"}],"wp:attachment":[{"href":"https:\/\/elbschule.hamburg.de\/index.php?rest_route=%2Fwp%2Fv2%2Fmedia&parent=4993"}],"curies":[{"name":"wp","href":"https:\/\/api.w.org\/{rel}","templated":true}]}}