{"id":4925,"date":"2024-12-04T12:30:00","date_gmt":"2024-12-04T12:30:00","guid":{"rendered":"https:\/\/elbschule.hamburg.de\/?page_id=4925"},"modified":"2024-12-04T12:30:00","modified_gmt":"2024-12-04T12:30:00","slug":"play-24-mitfiebern-beim-gaming-festival","status":"publish","type":"page","link":"https:\/\/elbschule.hamburg.de\/?page_id=4925","title":{"rendered":"Play 24 &#8211; Mitfiebern beim Gaming Festival"},"content":{"rendered":"<p><a href=\"https:\/\/elbschule.hamburg.de\/wp-content\/uploads\/sites\/127\/2024\/12\/image-scaled.jpg\" data-rel=\"lightbox\" data-rl_title=\"\" data-rl_caption=\"\" title=\"\"><img loading=\"lazy\" decoding=\"async\" class=\"size-medium wp-image-4931 alignright\" src=\"https:\/\/elbschule.hamburg.de\/wp-content\/uploads\/sites\/127\/2024\/12\/image-300x300.jpg\" alt=\"\" width=\"300\" height=\"300\" srcset=\"https:\/\/elbschule.hamburg.de\/wp-content\/uploads\/sites\/127\/2024\/12\/image-300x300.jpg 300w, https:\/\/elbschule.hamburg.de\/wp-content\/uploads\/sites\/127\/2024\/12\/image-1024x1024.jpg 1024w, https:\/\/elbschule.hamburg.de\/wp-content\/uploads\/sites\/127\/2024\/12\/image-150x150.jpg 150w, https:\/\/elbschule.hamburg.de\/wp-content\/uploads\/sites\/127\/2024\/12\/image-768x768.jpg 768w, https:\/\/elbschule.hamburg.de\/wp-content\/uploads\/sites\/127\/2024\/12\/image-1536x1536.jpg 1536w, https:\/\/elbschule.hamburg.de\/wp-content\/uploads\/sites\/127\/2024\/12\/image-2048x2048.jpg 2048w\" sizes=\"auto, (max-width: 300px) 100vw, 300px\" \/><\/a>Das Play24 ist ein <em>Creative Gaming Festival<\/em>. Es fand vom 11.-16. November 2024 im JUPITER Hamburg &#8211; dem &#8222;Kreativplaneten&#8220; in einem ehemaligen Kaufhaus &#8211; statt.<br \/>\nEs gab viele Workshops, Vortr\u00e4ge und digitale Spiele zum Mitmachen. Dabei konnte man viel \u00fcber <em>Games<\/em> und Politik lernen. Dieses Jahr ging es um gesellschaftliche Machtstrukturen und Diskurse. Einige Klassen der Elbschule waren mit dabei und haben verschiedene Workshops ausprobiert.\u00a0Die Vortr\u00e4ge und Workshops wurden am 14.11. in die Deutsche Geb\u00e4rdensprache \u00fcbersetzt. Einige Sch\u00fclerinnen und Sch\u00fcler haben mutig ihre Ergebnisse auf der B\u00fchne pr\u00e4sentiert.<\/p>\n<p><a href=\"https:\/\/elbschule.hamburg.de\/wp-content\/uploads\/sites\/127\/2024\/12\/Teaser_play24-scaled.jpg\" data-rel=\"lightbox\" data-rl_title=\"\" data-rl_caption=\"\" title=\"\"><img loading=\"lazy\" decoding=\"async\" class=\"alignleft size-medium wp-image-4932\" src=\"https:\/\/elbschule.hamburg.de\/wp-content\/uploads\/sites\/127\/2024\/12\/Teaser_play24-226x300.jpg\" alt=\"\" width=\"226\" height=\"300\" srcset=\"https:\/\/elbschule.hamburg.de\/wp-content\/uploads\/sites\/127\/2024\/12\/Teaser_play24-226x300.jpg 226w, https:\/\/elbschule.hamburg.de\/wp-content\/uploads\/sites\/127\/2024\/12\/Teaser_play24-771x1024.jpg 771w, https:\/\/elbschule.hamburg.de\/wp-content\/uploads\/sites\/127\/2024\/12\/Teaser_play24-768x1020.jpg 768w, https:\/\/elbschule.hamburg.de\/wp-content\/uploads\/sites\/127\/2024\/12\/Teaser_play24-1157x1536.jpg 1157w, https:\/\/elbschule.hamburg.de\/wp-content\/uploads\/sites\/127\/2024\/12\/Teaser_play24-1542x2048.jpg 1542w, https:\/\/elbschule.hamburg.de\/wp-content\/uploads\/sites\/127\/2024\/12\/Teaser_play24-scaled.jpg 1928w\" sizes=\"auto, (max-width: 226px) 100vw, 226px\" \/><\/a>Javad berichtet: &#8222;Als ich reingegangen bin, dachte ich, dass das Gaming-Festival sehr gro\u00df ist. Ich war nerv\u00f6s. Ich durfte mit meinem besten Freund ein eigenes Spiel bauen. \u00c4hnlich wie bei Super Mario, konnten wir Level programmieren. Das hat Spa\u00df gemacht! Wir haben ihn Ninja Parkour genannt. Es gibt acht Level!&#8220;<br \/>\nW\u00e4hrend Simon das Spiel auf der B\u00fchne vorspielte, erkl\u00e4rte Javad dem Publikum die eigenen Level. Die Level wurden immer schwieriger und Javad motivierte das ganze Publikum dazu anzufeuern. Alle riefen laut &#8222;SIMON SIMON SIMON!&#8220; und er schaffte es &#8211; ein richtiger G\u00e4nsehaut-Moment.<\/p>\n<p>Ein rundum sch\u00f6ner Ausflug. Im Vorhinein gab es viel Austausch mit der Medienp\u00e4dagogin\u00a0Vera Marie Rodewald, um den Besuch m\u00f6glichst barrierearm zu gestalten. Finanziell erhielten die Klassen au\u00dferdem Unterst\u00fctzung vom Schulverein der Elbschule. Vielen Dank f\u00fcr die Zusammenarbeit!<\/p>\n<p>Hannah Zenz<\/p>\n","protected":false},"excerpt":{"rendered":"<p>Das Play24 ist ein Creative Gaming Festival. Es fand vom 11.-16. November 2024 im JUPITER Hamburg &#8211; dem &#8222;Kreativplaneten&#8220; in einem ehemaligen Kaufhaus &#8211; statt. Es gab viele Workshops, Vortr\u00e4ge und digitale Spiele zum Mitmachen. Dabei konnte man viel \u00fcber Games und Politik lernen. Dieses Jahr ging es um gesellschaftliche Machtstrukturen und Diskurse. Einige Klassen &hellip; <a href=\"https:\/\/elbschule.hamburg.de\/?page_id=4925\" class=\"more-link\"><span class=\"screen-reader-text\">Play 24 &#8211; Mitfiebern beim Gaming Festival<\/span> weiterlesen <span class=\"meta-nav\">&rarr;<\/span><\/a><\/p>\n","protected":false},"author":207,"featured_media":0,"parent":0,"menu_order":0,"comment_status":"closed","ping_status":"closed","template":"","meta":{"_acf_changed":false,"footnotes":""},"class_list":["post-4925","page","type-page","status-publish","hentry"],"acf":[],"_links":{"self":[{"href":"https:\/\/elbschule.hamburg.de\/index.php?rest_route=\/wp\/v2\/pages\/4925","targetHints":{"allow":["GET"]}}],"collection":[{"href":"https:\/\/elbschule.hamburg.de\/index.php?rest_route=\/wp\/v2\/pages"}],"about":[{"href":"https:\/\/elbschule.hamburg.de\/index.php?rest_route=\/wp\/v2\/types\/page"}],"author":[{"embeddable":true,"href":"https:\/\/elbschule.hamburg.de\/index.php?rest_route=\/wp\/v2\/users\/207"}],"replies":[{"embeddable":true,"href":"https:\/\/elbschule.hamburg.de\/index.php?rest_route=%2Fwp%2Fv2%2Fcomments&post=4925"}],"version-history":[{"count":4,"href":"https:\/\/elbschule.hamburg.de\/index.php?rest_route=\/wp\/v2\/pages\/4925\/revisions"}],"predecessor-version":[{"id":4935,"href":"https:\/\/elbschule.hamburg.de\/index.php?rest_route=\/wp\/v2\/pages\/4925\/revisions\/4935"}],"wp:attachment":[{"href":"https:\/\/elbschule.hamburg.de\/index.php?rest_route=%2Fwp%2Fv2%2Fmedia&parent=4925"}],"curies":[{"name":"wp","href":"https:\/\/api.w.org\/{rel}","templated":true}]}}