{"id":4900,"date":"2024-12-04T12:20:11","date_gmt":"2024-12-04T12:20:11","guid":{"rendered":"https:\/\/elbschule.hamburg.de\/?page_id=4900"},"modified":"2024-12-04T12:20:11","modified_gmt":"2024-12-04T12:20:11","slug":"zum-gipfel-der-kultur-jugendliche-der-elbschule-machen-mit","status":"publish","type":"page","link":"https:\/\/elbschule.hamburg.de\/?page_id=4900","title":{"rendered":"Zum Gipfel der Kultur \u2013 Jugendliche der Elbschule machen mit"},"content":{"rendered":"<p><strong> <div id=\"metaslider-id-4910\" style=\"width: 100%;\" class=\"ml-slider-3-107-0 metaslider metaslider-flex metaslider-4910 ml-slider has-dots-nav ms-theme-default-base\" role=\"region\" aria-label=\"Zum Gipfel der Kultur\" data-height=\"300\" data-width=\"700\">\n    <div id=\"metaslider_container_4910\">\n        <div id=\"metaslider_4910\">\n            <ul class='slides'>\n                <li style=\"display: block; width: 100%;\" class=\"slide-4911 ms-image \" aria-roledescription=\"slide\" data-date=\"2024-12-04 12:18:34\" data-filename=\"IMG_5324-640x274.jpg\" data-slide-type=\"image\"><img loading=\"lazy\" decoding=\"async\" src=\"https:\/\/elbschule.hamburg.de\/wp-content\/uploads\/sites\/127\/2024\/12\/IMG_5324-640x274.jpg\" height=\"300\" width=\"700\" alt=\"\" class=\"slider-4910 slide-4911 msDefaultImage\" title=\"IMG_5324\" \/><\/li>\n                <li style=\"display: none; width: 100%;\" class=\"slide-4912 ms-image \" aria-roledescription=\"slide\" data-date=\"2024-12-04 12:18:34\" data-filename=\"IMG_5339-640x274.jpg\" data-slide-type=\"image\"><img loading=\"lazy\" decoding=\"async\" src=\"https:\/\/elbschule.hamburg.de\/wp-content\/uploads\/sites\/127\/2024\/12\/IMG_5339-640x274.jpg\" height=\"300\" width=\"700\" alt=\"\" class=\"slider-4910 slide-4912 msDefaultImage\" title=\"IMG_5339\" \/><\/li>\n                <li style=\"display: none; width: 100%;\" class=\"slide-4913 ms-image \" aria-roledescription=\"slide\" data-date=\"2024-12-04 12:18:34\" data-filename=\"IMG_5332-640x274.jpg\" data-slide-type=\"image\"><img loading=\"lazy\" decoding=\"async\" src=\"https:\/\/elbschule.hamburg.de\/wp-content\/uploads\/sites\/127\/2024\/12\/IMG_5332-640x274.jpg\" height=\"300\" width=\"700\" alt=\"\" class=\"slider-4910 slide-4913 msDefaultImage\" title=\"IMG_5332\" \/><\/li>\n                <li style=\"display: none; width: 100%;\" class=\"slide-4914 ms-image \" aria-roledescription=\"slide\" data-date=\"2024-12-04 12:18:34\" data-filename=\"Titelbild-640x274.jpg\" data-slide-type=\"image\"><img loading=\"lazy\" decoding=\"async\" src=\"https:\/\/elbschule.hamburg.de\/wp-content\/uploads\/sites\/127\/2024\/12\/Titelbild-640x274.jpg\" height=\"300\" width=\"700\" alt=\"\" class=\"slider-4910 slide-4914 msDefaultImage\" title=\"Titelbild\" \/><\/li>\n                <li style=\"display: none; width: 100%;\" class=\"slide-4915 ms-image \" aria-roledescription=\"slide\" data-date=\"2024-12-04 12:18:35\" data-filename=\"IMG_5329-640x274.jpg\" data-slide-type=\"image\"><img loading=\"lazy\" decoding=\"async\" src=\"https:\/\/elbschule.hamburg.de\/wp-content\/uploads\/sites\/127\/2024\/12\/IMG_5329-640x274.jpg\" height=\"300\" width=\"700\" alt=\"\" class=\"slider-4910 slide-4915 msDefaultImage\" title=\"IMG_5329\" \/><\/li>\n                <li style=\"display: none; width: 100%;\" class=\"slide-4916 ms-image \" aria-roledescription=\"slide\" data-date=\"2024-12-04 12:18:35\" data-filename=\"IMG_5331-640x274.jpg\" data-slide-type=\"image\"><img loading=\"lazy\" decoding=\"async\" src=\"https:\/\/elbschule.hamburg.de\/wp-content\/uploads\/sites\/127\/2024\/12\/IMG_5331-640x274.jpg\" height=\"300\" width=\"700\" alt=\"\" class=\"slider-4910 slide-4916 msDefaultImage\" title=\"IMG_5331\" \/><\/li>\n                <li style=\"display: none; width: 100%;\" class=\"slide-4917 ms-image \" aria-roledescription=\"slide\" data-date=\"2024-12-04 12:18:35\" data-filename=\"IMG_5328-640x274.jpg\" data-slide-type=\"image\"><img loading=\"lazy\" decoding=\"async\" src=\"https:\/\/elbschule.hamburg.de\/wp-content\/uploads\/sites\/127\/2024\/12\/IMG_5328-640x274.jpg\" height=\"300\" width=\"700\" alt=\"\" class=\"slider-4910 slide-4917 msDefaultImage\" title=\"IMG_5328\" \/><\/li>\n                <li style=\"display: none; width: 100%;\" class=\"slide-4918 ms-image \" aria-roledescription=\"slide\" data-date=\"2024-12-04 12:18:35\" data-filename=\"IMG_5325-640x274.jpg\" data-slide-type=\"image\"><img loading=\"lazy\" decoding=\"async\" src=\"https:\/\/elbschule.hamburg.de\/wp-content\/uploads\/sites\/127\/2024\/12\/IMG_5325-640x274.jpg\" height=\"300\" width=\"700\" alt=\"\" class=\"slider-4910 slide-4918 msDefaultImage\" title=\"IMG_5325\" \/><\/li>\n            <\/ul>\n        <\/div>\n        \n    <\/div>\n<\/div><br \/>\n<\/strong>Am Dienstag, den 12.11.2024, nahmen verschiedene Klassen der Elbschule im JUPITER \u2013 \u201aHamburgs Kreativplaneten mit Kunst, Musik, Design und Performances auf sechs Etagen\u2018 &#8211; am ersten JugendKulturGipfel teil. Die Veranstaltung unter dem Motto \u201eWIR! Jetzt und Hier\u201c wurde von Jugendlichen f\u00fcr Jugendliche organisiert. Sie sollte interessierten Jugendlichen die M\u00f6glichkeiten geben, ihre Zukunft demokratisch und aktiv mitzugestalten durch und mit den K\u00fcnsten. An diesem Tag konnten Jugendliche an unterschiedlichen k\u00fcnstlerischen Workshops teilnehmen, debattieren und sich im Austausch mit anderen Jugendlichen \u00fcber die eigene Zukunft Gedanken machen.<\/p>\n<p>Der JugendKulturGipfel fand in denselben R\u00e4umen parallel zur PLAY statt. Die PLAY ist ein \u201acreative gaming Festival\u2018, das die Bereiche Medienkunst, Diskurs und Bildung mit der Kultur digitaler Spiele vereint. Der Veranstalter LAG &#8211; Landesarbeitsgemeinschaft Kinder-Jugendkultur &#8211; hatte sich im Vorfeld um DGS-Dolmetscher*innen gek\u00fcmmert, so dass f\u00fcr die Teilhabe der tauben Sch\u00fcler:innen gesorgt war. Leider entsprachen die akustischen Bedingungen nicht den Bed\u00fcrfnissen der H\u00f6rgesch\u00e4digten. \u00a0Dennoch konnten alle die Zeit genie\u00dfen. Sie tanzten in HipHop-Workshops, zeichneten in Manga-Workshops, \u00fcbten das Debattieren in Workshops oder machten beim Improvisationstheater mit. Daneben konnten sie auch die medialen Angebote der PLAY nutzen.<\/p>\n<p>Neben den Workshops waren verschiedene Pr\u00e4sentationen und Performances von anderen Jugendlichen zu sehen und zu erleben. Das war spannend und zeigte die Bandbreite kultureller Bildung f\u00fcr Kinder und Jugendliche in Hamburg. Der JugendKulturGifel hatte auch Prominente, einschlie\u00dflich des Kultursenators Dr.Karsten Brosda, zu Gast. \u201eDer von jungen Menschen f\u00fcr junge Menschen organisierte JugendKulturGipfel ist ein Musterbeispiel daf\u00fcr, wie das (die kulturelle Demokratiebildung zu st\u00e4rken) gelingen kann\u201c\u00a0 sagte Herr Brosda.<\/p>\n<p>Von allen Teilnehmer:innen\u00a0 gab es ein positives Feedback und den Wunsch nach einem weiteren JugendKulturGipfel im kommenden Jahr.<\/p>\n<p>Katharina von Puttkamer<\/p>\n","protected":false},"excerpt":{"rendered":"<p>Am Dienstag, den 12.11.2024, nahmen verschiedene Klassen der Elbschule im JUPITER \u2013 \u201aHamburgs Kreativplaneten mit Kunst, Musik, Design und Performances auf sechs Etagen\u2018 &#8211; am ersten JugendKulturGipfel teil. Die Veranstaltung unter dem Motto \u201eWIR! Jetzt und Hier\u201c wurde von Jugendlichen f\u00fcr Jugendliche organisiert. Sie sollte interessierten Jugendlichen die M\u00f6glichkeiten geben, ihre Zukunft demokratisch und aktiv &hellip; <a href=\"https:\/\/elbschule.hamburg.de\/?page_id=4900\" class=\"more-link\"><span class=\"screen-reader-text\">Zum Gipfel der Kultur \u2013 Jugendliche der Elbschule machen mit<\/span> weiterlesen <span class=\"meta-nav\">&rarr;<\/span><\/a><\/p>\n","protected":false},"author":207,"featured_media":0,"parent":0,"menu_order":0,"comment_status":"closed","ping_status":"closed","template":"","meta":{"_acf_changed":false,"footnotes":""},"class_list":["post-4900","page","type-page","status-publish","hentry"],"acf":[],"_links":{"self":[{"href":"https:\/\/elbschule.hamburg.de\/index.php?rest_route=\/wp\/v2\/pages\/4900","targetHints":{"allow":["GET"]}}],"collection":[{"href":"https:\/\/elbschule.hamburg.de\/index.php?rest_route=\/wp\/v2\/pages"}],"about":[{"href":"https:\/\/elbschule.hamburg.de\/index.php?rest_route=\/wp\/v2\/types\/page"}],"author":[{"embeddable":true,"href":"https:\/\/elbschule.hamburg.de\/index.php?rest_route=\/wp\/v2\/users\/207"}],"replies":[{"embeddable":true,"href":"https:\/\/elbschule.hamburg.de\/index.php?rest_route=%2Fwp%2Fv2%2Fcomments&post=4900"}],"version-history":[{"count":3,"href":"https:\/\/elbschule.hamburg.de\/index.php?rest_route=\/wp\/v2\/pages\/4900\/revisions"}],"predecessor-version":[{"id":4920,"href":"https:\/\/elbschule.hamburg.de\/index.php?rest_route=\/wp\/v2\/pages\/4900\/revisions\/4920"}],"wp:attachment":[{"href":"https:\/\/elbschule.hamburg.de\/index.php?rest_route=%2Fwp%2Fv2%2Fmedia&parent=4900"}],"curies":[{"name":"wp","href":"https:\/\/api.w.org\/{rel}","templated":true}]}}