{"id":4778,"date":"2024-07-15T18:06:15","date_gmt":"2024-07-15T18:06:15","guid":{"rendered":"https:\/\/elbschule.hamburg.de\/?page_id=4778"},"modified":"2024-11-05T13:57:13","modified_gmt":"2024-11-05T13:57:13","slug":"schuljahr-2023-24","status":"publish","type":"page","link":"https:\/\/elbschule.hamburg.de\/?page_id=4778","title":{"rendered":"Schuljahr 2023\/24"},"content":{"rendered":"<p>Hier finden Sie Beitr\u00e4ge aus dem Schuljahr 2023\/24.<\/p>\n<p>Viel Spa\u00df beim St\u00f6bern!<\/p>\n<p><a href=\"https:\/\/elbschule.hamburg.de\/?page_id=4638\">Streit schlichten lernen \u2013 Projektfahrt der angehenden Elbschullotsen nach Ratzeburg<\/a><\/p>\n<p><a href=\"https:\/\/elbschule.hamburg.de\/?page_id=4632\" target=\"_blank\" rel=\"noopener\">Kurz und aufrichtig \u2013 Gespr\u00e4chsf\u00fchrung im schulischen Kontext<\/a><\/p>\n<p><a href=\"https:\/\/elbschule.hamburg.de\/?page_id=4589\" target=\"_blank\" rel=\"noopener\">Ran an die B\u00fccher \u2013 \u201eVorgelesen zu kriegen ist toll!\u201c<\/a><\/p>\n<p><a href=\"https:\/\/elbschule.hamburg.de\/?page_id=4574\" target=\"_blank\" rel=\"noopener\">Baumstark \u2013 Projekt \u201ePflanz eine kleine Welt!\u201c<\/a><\/p>\n<p><a href=\"https:\/\/elbschule.hamburg.de\/?page_id=4538\" target=\"_blank\" rel=\"noopener\">Marktplatz der B\u00fccher \u2013 Empfehlungen von Sch\u00fcler:innen f\u00fcr Sch\u00fcler:innen<\/a><\/p>\n<p><a href=\"https:\/\/elbschule.hamburg.de\/?page_id=4520\" target=\"_blank\" rel=\"noopener\">Neuer Treffpunkt \u2013 Eine Sandbank zum Anlanden<\/a><\/p>\n<p><a href=\"https:\/\/elbschule.hamburg.de\/?page_id=4505\" target=\"_blank\" rel=\"noopener\">Caf\u00e9 Landgang \u2013 Selbst organisiert, selbst produziert<\/a><\/p>\n<p><a href=\"https:\/\/elbschule.hamburg.de\/?page_id=4476\" target=\"_blank\" rel=\"noopener\">Markulland zu Besuch an der Elbschule<\/a><\/p>\n<p><a href=\"https:\/\/elbschule.hamburg.de\/?page_id=4446\" target=\"_blank\" rel=\"noopener\">Berufsberatung an der Elbschule \u2013 Interview mit Susanne Schroeder<\/a><\/p>\n<p><a href=\"https:\/\/elbschule.hamburg.de\/?page_id=4440\" target=\"_blank\" rel=\"noopener\">Erkenntnisreich \u2013 Eltern lotsen Eltern durch die Medienwelt ihrer Kinder<\/a><\/p>\n<p><a href=\"https:\/\/elbschule.hamburg.de\/?page_id=4388\" target=\"_blank\" rel=\"noopener\">\u201eEinmal gesehen ist gesehen\u201c \u2013 Ber\u00fchrende World Press Photo Ausstellung<\/a><\/p>\n<p><a href=\"https:\/\/elbschule.hamburg.de\/?page_id=4400\" target=\"_blank\" rel=\"noopener\">Heldenhaft \u2013 KIKA an der Elbschule<\/a><\/p>\n","protected":false},"excerpt":{"rendered":"<p>Hier finden Sie Beitr\u00e4ge aus dem Schuljahr 2023\/24. Viel Spa\u00df beim St\u00f6bern! Streit schlichten lernen \u2013 Projektfahrt der angehenden Elbschullotsen nach Ratzeburg Kurz und aufrichtig \u2013 Gespr\u00e4chsf\u00fchrung im schulischen Kontext Ran an die B\u00fccher \u2013 \u201eVorgelesen zu kriegen ist toll!\u201c Baumstark \u2013 Projekt \u201ePflanz eine kleine Welt!\u201c Marktplatz der B\u00fccher \u2013 Empfehlungen von Sch\u00fcler:innen f\u00fcr &hellip; <a href=\"https:\/\/elbschule.hamburg.de\/?page_id=4778\" class=\"more-link\"><span class=\"screen-reader-text\">Schuljahr 2023\/24<\/span> weiterlesen <span class=\"meta-nav\">&rarr;<\/span><\/a><\/p>\n","protected":false},"author":207,"featured_media":0,"parent":0,"menu_order":0,"comment_status":"closed","ping_status":"closed","template":"","meta":{"_acf_changed":false,"footnotes":""},"class_list":["post-4778","page","type-page","status-publish","hentry"],"acf":[],"_links":{"self":[{"href":"https:\/\/elbschule.hamburg.de\/index.php?rest_route=\/wp\/v2\/pages\/4778","targetHints":{"allow":["GET"]}}],"collection":[{"href":"https:\/\/elbschule.hamburg.de\/index.php?rest_route=\/wp\/v2\/pages"}],"about":[{"href":"https:\/\/elbschule.hamburg.de\/index.php?rest_route=\/wp\/v2\/types\/page"}],"author":[{"embeddable":true,"href":"https:\/\/elbschule.hamburg.de\/index.php?rest_route=\/wp\/v2\/users\/207"}],"replies":[{"embeddable":true,"href":"https:\/\/elbschule.hamburg.de\/index.php?rest_route=%2Fwp%2Fv2%2Fcomments&post=4778"}],"version-history":[{"count":4,"href":"https:\/\/elbschule.hamburg.de\/index.php?rest_route=\/wp\/v2\/pages\/4778\/revisions"}],"predecessor-version":[{"id":4867,"href":"https:\/\/elbschule.hamburg.de\/index.php?rest_route=\/wp\/v2\/pages\/4778\/revisions\/4867"}],"wp:attachment":[{"href":"https:\/\/elbschule.hamburg.de\/index.php?rest_route=%2Fwp%2Fv2%2Fmedia&parent=4778"}],"curies":[{"name":"wp","href":"https:\/\/api.w.org\/{rel}","templated":true}]}}