{"id":4752,"date":"2024-07-03T19:42:21","date_gmt":"2024-07-03T19:42:21","guid":{"rendered":"https:\/\/elbschule.hamburg.de\/?page_id=4752"},"modified":"2024-07-04T17:56:19","modified_gmt":"2024-07-04T17:56:19","slug":"tolles-stabiles-ergebnis-schulinspektion-beeindruck","status":"publish","type":"page","link":"https:\/\/elbschule.hamburg.de\/?page_id=4752","title":{"rendered":"\u00a0\u201eTolles, stabiles Ergebnis\u201c \u2013 Schulinspektion beeindruckt"},"content":{"rendered":"<p><strong> <a href=\"https:\/\/elbschule.hamburg.de\/wp-content\/uploads\/sites\/127\/2024\/07\/Schulinspektion.jpg\" data-rel=\"lightbox\" data-rl_title=\"\" data-rl_caption=\"\" title=\"\"><img loading=\"lazy\" decoding=\"async\" class=\"aligncenter size-large wp-image-4754\" src=\"https:\/\/elbschule.hamburg.de\/wp-content\/uploads\/sites\/127\/2024\/07\/Schulinspektion-1024x576.jpg\" alt=\"\" width=\"474\" height=\"267\" srcset=\"https:\/\/elbschule.hamburg.de\/wp-content\/uploads\/sites\/127\/2024\/07\/Schulinspektion-1024x576.jpg 1024w, https:\/\/elbschule.hamburg.de\/wp-content\/uploads\/sites\/127\/2024\/07\/Schulinspektion-300x169.jpg 300w, https:\/\/elbschule.hamburg.de\/wp-content\/uploads\/sites\/127\/2024\/07\/Schulinspektion-768x432.jpg 768w, https:\/\/elbschule.hamburg.de\/wp-content\/uploads\/sites\/127\/2024\/07\/Schulinspektion.jpg 1270w\" sizes=\"auto, (max-width: 474px) 100vw, 474px\" \/><\/a><\/strong><\/p>\n<p>Normalerweise sind es die Lehrkr\u00e4fte, die Leistungen bewerten, Fehler korrigieren und Verbesserungsvorschl\u00e4ge geben. Bei einer Schulinspektion ist es umgekehrt. Mitarbeitende der Schulbeh\u00f6rde besuchen die Lehrkr\u00e4fte, beobachten den Unterricht vor Ort und \u00fcberpr\u00fcfen das F\u00fchrungsverhalten der Schulleitung. Nach der Auswertung ihrer Beobachtungen bekommt jede Schule einen Abschlussbericht.<\/p>\n<p>Nach 2012 und 2016 wurde die Elbschule nun zum dritten Mal von einem mehrk\u00f6pfigen Expertenteam besucht. Auf der Grundlage von Frageb\u00f6gen und Interviews mit Eltern, Sch\u00fclerschaft und Kollegium, der Sichtung zahlreicher Dokumente und Daten und nicht zuletzt aus Praxiseinblicken in 48 Unterrichtssituationen erfolgte eine Bewertung von zw\u00f6lf\u00a0\u00a0\u00a0\u00a0 \u00a0Qualit\u00e4tsmerkmalen in vier Beurteilungskategorien. Die Ergebnisse der sehr umfangreichen Auswertung wurden am 19. Juni 2024 der Schul\u00f6ffentlichkeit am Holmbrook pr\u00e4sentiert.<\/p>\n<p>Die Elbschule erreichte<\/p>\n<ul>\n<li>in 9 Bereichen die zweitbeste Beurteilung (\u201eStandard gute Schule\u201c)<\/li>\n<li>in 3 Bereichen die Bestnote (\u201eExzellenzbereich\u201c)<\/li>\n<\/ul>\n<p>Die Bestnoten wurden vergeben f\u00fcr<\/p>\n<ul>\n<li>das engagierte F\u00fchrungshandeln des Schulleitungsteams mit seiner \u00fcberzeugenden p\u00e4dagogischen Vision,<\/li>\n<li>die weitreichende Beteiligung der Sch\u00fcler:innen an der Gestaltung der Schule als Lern- und Lebensort<\/li>\n<li>die hohe p\u00e4dagogische Qualit\u00e4t in der Begleitung der Lernentwicklung und F\u00f6rderung aller Sch\u00fcler:innen.<\/li>\n<\/ul>\n<p>Andr\u00e9 Kopischke, Teamleiter der Hamburger Schulinspektion, gratulierte zu dem \u201etollen, stabilen Ergebnis\u201c und auch die neue Schulaufsicht Sabine Halbrock \u00e4u\u00dferte sich begeistert. Nun werden die aus der Bewertung resultierenden Impulse f\u00fcr die Schul- und Unterrichtsentwicklung schulintern diskutiert und Ma\u00dfnahmen schrittweise umgesetzt werden.<\/p>\n<p>Das Ziel ist klar: Die hohen Standards zu halten und weiter auszubauen. Daran wird auch in Zukunft an der Elbschule mit viel Engagement gemeinsam weitergearbeitet.<\/p>\n<p>&nbsp;<\/p>\n<p>Karin Perwo-A\u00dfmann<\/p>\n","protected":false},"excerpt":{"rendered":"<p>Normalerweise sind es die Lehrkr\u00e4fte, die Leistungen bewerten, Fehler korrigieren und Verbesserungsvorschl\u00e4ge geben. Bei einer Schulinspektion ist es umgekehrt. Mitarbeitende der Schulbeh\u00f6rde besuchen die Lehrkr\u00e4fte, beobachten den Unterricht vor Ort und \u00fcberpr\u00fcfen das F\u00fchrungsverhalten der Schulleitung. Nach der Auswertung ihrer Beobachtungen bekommt jede Schule einen Abschlussbericht. Nach 2012 und 2016 wurde die Elbschule nun zum &hellip; <a href=\"https:\/\/elbschule.hamburg.de\/?page_id=4752\" class=\"more-link\"><span class=\"screen-reader-text\">\u00a0\u201eTolles, stabiles Ergebnis\u201c \u2013 Schulinspektion beeindruckt<\/span> weiterlesen <span class=\"meta-nav\">&rarr;<\/span><\/a><\/p>\n","protected":false},"author":207,"featured_media":0,"parent":0,"menu_order":0,"comment_status":"closed","ping_status":"closed","template":"","meta":{"_acf_changed":false,"footnotes":""},"class_list":["post-4752","page","type-page","status-publish","hentry"],"acf":[],"_links":{"self":[{"href":"https:\/\/elbschule.hamburg.de\/index.php?rest_route=\/wp\/v2\/pages\/4752","targetHints":{"allow":["GET"]}}],"collection":[{"href":"https:\/\/elbschule.hamburg.de\/index.php?rest_route=\/wp\/v2\/pages"}],"about":[{"href":"https:\/\/elbschule.hamburg.de\/index.php?rest_route=\/wp\/v2\/types\/page"}],"author":[{"embeddable":true,"href":"https:\/\/elbschule.hamburg.de\/index.php?rest_route=\/wp\/v2\/users\/207"}],"replies":[{"embeddable":true,"href":"https:\/\/elbschule.hamburg.de\/index.php?rest_route=%2Fwp%2Fv2%2Fcomments&post=4752"}],"version-history":[{"count":3,"href":"https:\/\/elbschule.hamburg.de\/index.php?rest_route=\/wp\/v2\/pages\/4752\/revisions"}],"predecessor-version":[{"id":4761,"href":"https:\/\/elbschule.hamburg.de\/index.php?rest_route=\/wp\/v2\/pages\/4752\/revisions\/4761"}],"wp:attachment":[{"href":"https:\/\/elbschule.hamburg.de\/index.php?rest_route=%2Fwp%2Fv2%2Fmedia&parent=4752"}],"curies":[{"name":"wp","href":"https:\/\/api.w.org\/{rel}","templated":true}]}}