{"id":4747,"date":"2024-07-03T19:33:32","date_gmt":"2024-07-03T19:33:32","guid":{"rendered":"https:\/\/elbschule.hamburg.de\/?page_id=4747"},"modified":"2024-07-04T17:51:22","modified_gmt":"2024-07-04T17:51:22","slug":"kunstpioniere-blitzausstellung-in-der-kunsthalle","status":"publish","type":"page","link":"https:\/\/elbschule.hamburg.de\/?page_id=4747","title":{"rendered":"Kunstpioniere \u2013 Blitzausstellung in der Kunsthalle"},"content":{"rendered":"<div id=\"metaslider-id-4734\" style=\"max-width: 640px; margin: 0 auto;\" class=\"ml-slider-3-108-0 metaslider metaslider-nivo metaslider-4734 ml-slider has-dots-nav ms-theme-default\" role=\"region\" aria-label=\"Kunstpioniere\" data-height=\"480\" data-width=\"640\">\n    <div id=\"metaslider_container_4734\">\n        <div class='slider-wrapper theme-default'><div class='ribbon'><\/div><div id='metaslider_4734' class='nivoSlider'><img loading=\"lazy\" decoding=\"async\" src=\"https:\/\/elbschule.hamburg.de\/wp-content\/uploads\/sites\/127\/2024\/07\/Teaser-640x480.jpeg\" height=\"480\" width=\"640\" title=\"Teaser\" alt=\"\" class=\"slider-4734 slide-4735 msDefaultImage\" \/><img loading=\"lazy\" decoding=\"async\" src=\"https:\/\/elbschule.hamburg.de\/wp-content\/uploads\/sites\/127\/2024\/07\/IMG_4565-scaled-640x480.jpeg\" height=\"480\" width=\"640\" title=\"IMG_4565\" alt=\"\" class=\"slider-4734 slide-4736 msDefaultImage\" \/><img loading=\"lazy\" decoding=\"async\" src=\"https:\/\/elbschule.hamburg.de\/wp-content\/uploads\/sites\/127\/2024\/07\/IMG_4558-scaled-640x480.jpeg\" height=\"480\" width=\"640\" title=\"IMG_4558\" alt=\"\" class=\"slider-4734 slide-4737 msDefaultImage\" \/><img loading=\"lazy\" decoding=\"async\" src=\"https:\/\/elbschule.hamburg.de\/wp-content\/uploads\/sites\/127\/2024\/07\/IMG_4529-scaled-640x480.jpeg\" height=\"480\" width=\"640\" title=\"IMG_4529\" alt=\"\" class=\"slider-4734 slide-4738 msDefaultImage\" \/><img loading=\"lazy\" decoding=\"async\" src=\"https:\/\/elbschule.hamburg.de\/wp-content\/uploads\/sites\/127\/2024\/07\/20240610_092027-1-scaled-640x480.jpg\" height=\"480\" width=\"640\" title=\"20240610_092027\" alt=\"\" class=\"slider-4734 slide-4739 msDefaultImage\" \/><img loading=\"lazy\" decoding=\"async\" src=\"https:\/\/elbschule.hamburg.de\/wp-content\/uploads\/sites\/127\/2024\/07\/20240610_092027-scaled-640x480.jpg\" height=\"480\" width=\"640\" title=\"20240610_092027\" alt=\"\" class=\"slider-4734 slide-4740 msDefaultImage\" \/><img loading=\"lazy\" decoding=\"async\" src=\"https:\/\/elbschule.hamburg.de\/wp-content\/uploads\/sites\/127\/2024\/07\/20240531_160855-scaled-640x480.jpg\" height=\"480\" width=\"640\" title=\"20240531_160855\" alt=\"\" class=\"slider-4734 slide-4741 msDefaultImage\" \/><img loading=\"lazy\" decoding=\"async\" src=\"https:\/\/elbschule.hamburg.de\/wp-content\/uploads\/sites\/127\/2024\/07\/20240531_160300-scaled-640x480.jpg\" height=\"480\" width=\"640\" title=\"20240531_160300\" alt=\"\" class=\"slider-4734 slide-4742 msDefaultImage\" \/><img loading=\"lazy\" decoding=\"async\" src=\"https:\/\/elbschule.hamburg.de\/wp-content\/uploads\/sites\/127\/2024\/07\/\u00a9-Vera-Drebusch-2024_26-640x480.jpeg\" height=\"480\" width=\"640\" data-caption=\"&lt;span class=&quot;bsb-copyright-notice&quot;&gt;Vera Drebusch&lt;\/span&gt;\" title=\"\u00a9 Vera Drebusch 2024_26\" alt=\"\" class=\"slider-4734 slide-4743 msDefaultImage\" \/><img loading=\"lazy\" decoding=\"async\" src=\"https:\/\/elbschule.hamburg.de\/wp-content\/uploads\/sites\/127\/2024\/07\/\u00a9-Vera-Drebusch-2024_30-640x480.jpeg\" height=\"480\" width=\"640\" data-caption=\"&lt;span class=&quot;bsb-copyright-notice&quot;&gt;Vera Drebusch&lt;\/span&gt;\" title=\"\u00a9 Vera Drebusch 2024_30\" alt=\"\" class=\"slider-4734 slide-4744 msDefaultImage\" \/><img loading=\"lazy\" decoding=\"async\" src=\"https:\/\/elbschule.hamburg.de\/wp-content\/uploads\/sites\/127\/2024\/07\/\u00a9-Vera-Drebusch-2024_33-640x480.jpeg\" height=\"480\" width=\"640\" data-caption=\"&lt;span class=&quot;bsb-copyright-notice&quot;&gt;Vera Drebusch&lt;\/span&gt;\" title=\"\u00a9 Vera Drebusch 2024_33\" alt=\"\" class=\"slider-4734 slide-4745 msDefaultImage\" \/><img loading=\"lazy\" decoding=\"async\" src=\"https:\/\/elbschule.hamburg.de\/wp-content\/uploads\/sites\/127\/2024\/07\/\u00a9-Vera-Drebusch-2024_10-640x480.jpeg\" height=\"480\" width=\"640\" data-caption=\"&lt;span class=&quot;bsb-copyright-notice&quot;&gt;Vera Drebusch&lt;\/span&gt;\" title=\"\u00a9 Vera Drebusch 2024_10\" alt=\"\" class=\"slider-4734 slide-4746 msDefaultImage\" \/><\/div><\/div>\n        \n    <\/div>\n<\/div>\n<p>Jugendliche forschen und arbeiten zu einer Ausstellung zeitgen\u00f6ssischer Kunst, werden selbst zu inspirierten Kunstschaffenden und pr\u00e4sentieren ihre Arbeiten in einem renommierten Hamburger Museum \u2013 diese gro\u00dfartige Chance er\u00f6ffnet das Kooperationsprogramm KUNSTPIONIERE der Beh\u00f6rde f\u00fcr Schule und Berufsbildung.<\/p>\n<p>Bereits zum zweiten Mal hatte sich Kunstp\u00e4dagogin Christin Hubert mit einer Klasse der Elbschule an dem Programm beteiligt. Die diesj\u00e4hrigen Kunstpioniere sind die elf Sch\u00fcler:innen der 9a, die mit der Hamburger Kunsthalle kooperieren durften. Auch Klassenlehrerin Juliane Neumeyer unterst\u00fctzte das Projekt tatkr\u00e4ftig, das mit dem Besuch der dortigen Ausstellung \u201eSOMETHING NEW, SOMETHING OLD, SOMETHING DESIRED\u201c begann und mit einer eigenen Blitzausstellung der Kunstpioniere in der Kunsthalle endete.<\/p>\n<p>Dazwischen lagen f\u00fcnf kreative Monate, inspiriert durch die Themen der Ausstellung. In dieser Zeit setzten die Sch\u00fclerinnen und Sch\u00fcler sich in Bezug auf die Ausstellung aktiv mit den Begriffen \u201eMacht\u201c und \u201eIdentit\u00e4t\u201c auseinander und entwickelten sehr individuelle Projekte, die ihre eigenen Sichtweisen und Standpunkte widerspiegeln. Passend zur Vielfalt an der Elbschule, waren die thematischen Akzente teilweise auf die Geb\u00e4rdensprache und kulturelle Identit\u00e4t gelegt, aber auch auf ganz \u201enormale\u201c Themen Jugendlicher.<\/p>\n<p>Die Pr\u00e4sentation der eigenen Werke wurde aufwendig barrierefrei vorbereitet \u2013 die jungen K\u00fcnstler:innen gaben mittels Schrifttafeln und Geb\u00e4rdenvideos \u00fcber QR-Codes Einblicke in ihre Gedanken und k\u00fcnstlerischen Ziele.<\/p>\n<p>Am 31. Mai 2024 konnten dann zahlreiche interessierte G\u00e4ste aus dem engeren und weiteren Umfeld der Elbschule sowie Besucher:innen der Hamburger Kunsthalle die \u00f6ffentliche Blitzausstellung im stilvollen Werner-Otto-Saal miterleben. Die Sch\u00fcler:innen f\u00fchrten offen und gekonnt kommunikativ in das Thema ein, gaben stolz Ausk\u00fcnfte zu ihren Arbeiten und stellten mutig Fragen an die Besucher:innen. Die Exponate umfassten Filme, Fotos, Malerei, Zeichnungen, Installationen, Skulpturen und interaktive Werke \u2013 eine beeindruckende Vielfalt. Lebhafte Gespr\u00e4che wurden mit und ohne Verdolmetschung gef\u00fchrt und brachten die Begeisterung der Besucher:innen zum Ausdruck.<\/p>\n<p>Diejenigen, die in der Kunsthalle nicht dabei sein konnten, hatten einige Tage sp\u00e4ter eine zweite Chance, sich die Ausstellung mit einer Kurzpr\u00e4sentation in den R\u00e4umen der Elbschule anzusehen. Sollte auch diese Gelegenheit verpasst worden sein, gibt es noch die M\u00f6glichkeit, die Online-Ausstellung unter folgendem Link zu genie\u00dfen: <a href=\"https:\/\/www.kunstpioniere.de\/ausstellung\/something-special\/\">https:\/\/www.kunstpioniere.de\/ausstellung\/something-special\/<\/a><\/p>\n<p>Eine Definition von Kreativit\u00e4t bezeichnet diese als \u201esch\u00f6pferische Kraft\u201c \u2013 die von den Kunstpionieren sehr eindrucksvoll bewiesen wurde.<\/p>\n<p>Karin Perwo-A\u00dfmann<br \/>\nmit freundlicher Unterst\u00fctzung<br \/>\nder beteiligten Kolleginnen<\/p>\n","protected":false},"excerpt":{"rendered":"<p>Jugendliche forschen und arbeiten zu einer Ausstellung zeitgen\u00f6ssischer Kunst, werden selbst zu inspirierten Kunstschaffenden und pr\u00e4sentieren ihre Arbeiten in einem renommierten Hamburger Museum \u2013 diese gro\u00dfartige Chance er\u00f6ffnet das Kooperationsprogramm KUNSTPIONIERE der Beh\u00f6rde f\u00fcr Schule und Berufsbildung. Bereits zum zweiten Mal hatte sich Kunstp\u00e4dagogin Christin Hubert mit einer Klasse der Elbschule an dem Programm beteiligt. &hellip; <a href=\"https:\/\/elbschule.hamburg.de\/?page_id=4747\" class=\"more-link\"><span class=\"screen-reader-text\">Kunstpioniere \u2013 Blitzausstellung in der Kunsthalle<\/span> weiterlesen <span class=\"meta-nav\">&rarr;<\/span><\/a><\/p>\n","protected":false},"author":207,"featured_media":0,"parent":0,"menu_order":0,"comment_status":"closed","ping_status":"closed","template":"","meta":{"_acf_changed":false,"footnotes":""},"class_list":["post-4747","page","type-page","status-publish","hentry"],"acf":[],"_links":{"self":[{"href":"https:\/\/elbschule.hamburg.de\/index.php?rest_route=\/wp\/v2\/pages\/4747","targetHints":{"allow":["GET"]}}],"collection":[{"href":"https:\/\/elbschule.hamburg.de\/index.php?rest_route=\/wp\/v2\/pages"}],"about":[{"href":"https:\/\/elbschule.hamburg.de\/index.php?rest_route=\/wp\/v2\/types\/page"}],"author":[{"embeddable":true,"href":"https:\/\/elbschule.hamburg.de\/index.php?rest_route=\/wp\/v2\/users\/207"}],"replies":[{"embeddable":true,"href":"https:\/\/elbschule.hamburg.de\/index.php?rest_route=%2Fwp%2Fv2%2Fcomments&post=4747"}],"version-history":[{"count":3,"href":"https:\/\/elbschule.hamburg.de\/index.php?rest_route=\/wp\/v2\/pages\/4747\/revisions"}],"predecessor-version":[{"id":4759,"href":"https:\/\/elbschule.hamburg.de\/index.php?rest_route=\/wp\/v2\/pages\/4747\/revisions\/4759"}],"wp:attachment":[{"href":"https:\/\/elbschule.hamburg.de\/index.php?rest_route=%2Fwp%2Fv2%2Fmedia&parent=4747"}],"curies":[{"name":"wp","href":"https:\/\/api.w.org\/{rel}","templated":true}]}}