{"id":4638,"date":"2024-04-28T10:35:15","date_gmt":"2024-04-28T10:35:15","guid":{"rendered":"https:\/\/elbschule.hamburg.de\/?page_id=4638"},"modified":"2024-04-28T10:35:15","modified_gmt":"2024-04-28T10:35:15","slug":"streit-schlichten-lernen-projektfahrt-der-angehenden-elbschullotsen-nach-ratzeburg","status":"publish","type":"page","link":"https:\/\/elbschule.hamburg.de\/?page_id=4638","title":{"rendered":"Streit schlichten lernen \u2013 Projektfahrt der angehenden Elbschullotsen nach Ratzeburg"},"content":{"rendered":"<p><strong><a href=\"https:\/\/elbschule.hamburg.de\/wp-content\/uploads\/sites\/127\/2024\/04\/Streitschlichtung.jpg\" data-rel=\"lightbox\" data-rl_title=\"\" data-rl_caption=\"\" title=\"\"><img loading=\"lazy\" decoding=\"async\" class=\"aligncenter size-full wp-image-4637\" src=\"https:\/\/elbschule.hamburg.de\/wp-content\/uploads\/sites\/127\/2024\/04\/Streitschlichtung.jpg\" alt=\"\" width=\"2048\" height=\"1536\" srcset=\"https:\/\/elbschule.hamburg.de\/wp-content\/uploads\/sites\/127\/2024\/04\/Streitschlichtung.jpg 2048w, https:\/\/elbschule.hamburg.de\/wp-content\/uploads\/sites\/127\/2024\/04\/Streitschlichtung-300x225.jpg 300w, https:\/\/elbschule.hamburg.de\/wp-content\/uploads\/sites\/127\/2024\/04\/Streitschlichtung-1024x768.jpg 1024w, https:\/\/elbschule.hamburg.de\/wp-content\/uploads\/sites\/127\/2024\/04\/Streitschlichtung-768x576.jpg 768w, https:\/\/elbschule.hamburg.de\/wp-content\/uploads\/sites\/127\/2024\/04\/Streitschlichtung-1536x1152.jpg 1536w\" sizes=\"auto, (max-width: 2048px) 100vw, 2048px\" \/><\/a><\/strong>Im Neigungskurs Elbschullotsen werden im aktuellen Schuljahr wieder Sch\u00fcler:innen der Stadtteilschule zu Streitschlichter:inen ausgebildet. Das Besondere: Dieses Jahr sind \u00fcberwiegend geb\u00e4rdensprachliche Sch\u00fcler:innen dabei. Zus\u00e4tzlich zu den beiden Lehrkr\u00e4ften begleiteten zwei bereits fertig ausgebildete und gepr\u00fcfte Streitschlichterinnen des letzten Jahrgangs die Reise und trugen mit ihrem Wissen in Praxis und Theorie zum Peer-Learning bei.<\/p>\n<p>Die dreit\u00e4gige Projektreise nach Ratzeburg ist ein stets hei\u00df ersehnter und regelhaft stattfindender Bestandteil der ansonsten w\u00f6chentlichen Kursstunden innerhalb des ganzj\u00e4hrigen Neigungskurses. Hier geht es intensiv um soziales Miteinander, Gruppenfindung, Teambuilding, intensive Auseinandersetzung mit den bisher erarbeiteten Inhalten und Zuspitzung auf die Pr\u00fcfungen.<\/p>\n<p>Die Pr\u00fcfungsabnahme erfolgt durch Schulleiterin Ulrike Witte zum Ende des Schuljahres, am 27. Juni 2024.<\/p>\n<p>Die Elbschule freut sich \u00fcber viel geb\u00e4rdensprachliche Streitschlichterkompetenz!<\/p>\n<p>Zo\u00eb de Homont<br \/>\nAnn-Kathrin Neumann<\/p>\n<p>&nbsp;<\/p>\n","protected":false},"excerpt":{"rendered":"<p>Im Neigungskurs Elbschullotsen werden im aktuellen Schuljahr wieder Sch\u00fcler:innen der Stadtteilschule zu Streitschlichter:inen ausgebildet. Das Besondere: Dieses Jahr sind \u00fcberwiegend geb\u00e4rdensprachliche Sch\u00fcler:innen dabei. Zus\u00e4tzlich zu den beiden Lehrkr\u00e4ften begleiteten zwei bereits fertig ausgebildete und gepr\u00fcfte Streitschlichterinnen des letzten Jahrgangs die Reise und trugen mit ihrem Wissen in Praxis und Theorie zum Peer-Learning bei. Die dreit\u00e4gige &hellip; <a href=\"https:\/\/elbschule.hamburg.de\/?page_id=4638\" class=\"more-link\"><span class=\"screen-reader-text\">Streit schlichten lernen \u2013 Projektfahrt der angehenden Elbschullotsen nach Ratzeburg<\/span> weiterlesen <span class=\"meta-nav\">&rarr;<\/span><\/a><\/p>\n","protected":false},"author":207,"featured_media":0,"parent":0,"menu_order":0,"comment_status":"closed","ping_status":"closed","template":"","meta":{"_acf_changed":false,"footnotes":""},"class_list":["post-4638","page","type-page","status-publish","hentry"],"acf":[],"_links":{"self":[{"href":"https:\/\/elbschule.hamburg.de\/index.php?rest_route=\/wp\/v2\/pages\/4638","targetHints":{"allow":["GET"]}}],"collection":[{"href":"https:\/\/elbschule.hamburg.de\/index.php?rest_route=\/wp\/v2\/pages"}],"about":[{"href":"https:\/\/elbschule.hamburg.de\/index.php?rest_route=\/wp\/v2\/types\/page"}],"author":[{"embeddable":true,"href":"https:\/\/elbschule.hamburg.de\/index.php?rest_route=\/wp\/v2\/users\/207"}],"replies":[{"embeddable":true,"href":"https:\/\/elbschule.hamburg.de\/index.php?rest_route=%2Fwp%2Fv2%2Fcomments&post=4638"}],"version-history":[{"count":1,"href":"https:\/\/elbschule.hamburg.de\/index.php?rest_route=\/wp\/v2\/pages\/4638\/revisions"}],"predecessor-version":[{"id":4639,"href":"https:\/\/elbschule.hamburg.de\/index.php?rest_route=\/wp\/v2\/pages\/4638\/revisions\/4639"}],"wp:attachment":[{"href":"https:\/\/elbschule.hamburg.de\/index.php?rest_route=%2Fwp%2Fv2%2Fmedia&parent=4638"}],"curies":[{"name":"wp","href":"https:\/\/api.w.org\/{rel}","templated":true}]}}