{"id":4632,"date":"2024-04-27T15:06:25","date_gmt":"2024-04-27T15:06:25","guid":{"rendered":"https:\/\/elbschule.hamburg.de\/?page_id=4632"},"modified":"2024-04-27T15:06:25","modified_gmt":"2024-04-27T15:06:25","slug":"kurz-und-aufrichtig-gespraechsfuehrung-im-schulischen-kontext","status":"publish","type":"page","link":"https:\/\/elbschule.hamburg.de\/?page_id=4632","title":{"rendered":"Kurz und aufrichtig \u2013 Gespr\u00e4chsf\u00fchrung im schulischen Kontext"},"content":{"rendered":"<p>Am Freitag, den 12.04.2024, lud der BDH gemeinsam mit dem DFGS zur Fortbildung \u201eBeratung und Gespr\u00e4chsf\u00fchrung im schulischen Kontext\u201c in die Elbschule ein.<\/p>\n<p>Der Workshop war sehr gut besucht, es gab eine Teilnehmerbegrenzung von 40 Personen.<\/p>\n<p><a href=\"https:\/\/elbschule.hamburg.de\/wp-content\/uploads\/sites\/127\/2024\/04\/Bild-1-scaled.jpg\" data-rel=\"lightbox\" data-rl_title=\"\" data-rl_caption=\"\" title=\"\"><img loading=\"lazy\" decoding=\"async\" class=\"alignleft wp-image-4631 size-medium\" src=\"https:\/\/elbschule.hamburg.de\/wp-content\/uploads\/sites\/127\/2024\/04\/Bild-1-300x225.jpg\" alt=\"\" width=\"300\" height=\"225\" srcset=\"https:\/\/elbschule.hamburg.de\/wp-content\/uploads\/sites\/127\/2024\/04\/Bild-1-300x225.jpg 300w, https:\/\/elbschule.hamburg.de\/wp-content\/uploads\/sites\/127\/2024\/04\/Bild-1-1024x768.jpg 1024w, https:\/\/elbschule.hamburg.de\/wp-content\/uploads\/sites\/127\/2024\/04\/Bild-1-768x576.jpg 768w, https:\/\/elbschule.hamburg.de\/wp-content\/uploads\/sites\/127\/2024\/04\/Bild-1-1536x1152.jpg 1536w, https:\/\/elbschule.hamburg.de\/wp-content\/uploads\/sites\/127\/2024\/04\/Bild-1-2048x1536.jpg 2048w\" sizes=\"auto, (max-width: 300px) 100vw, 300px\" \/><\/a>Die Referentinnen waren Dr.in Katrin Steiner und Dr.in Stefanie Fiocchetta, beide Sonderp\u00e4dagoginnen mit dem F\u00f6rderschwerpunkt H\u00f6ren\/ Kommunikation und beide t\u00e4tig an einem Lehrstuhl f\u00fcr Sonderp\u00e4dagogik- F\u00f6rderschwerpunkt H\u00f6ren und Kommunikation an der LMU M\u00fcnchen.<\/p>\n<p>&nbsp;<\/p>\n<p>Nach einer kurzen theoretischen Einf\u00fchrung in die Thematik, gab es viel Raum f\u00fcr praktische \u00dcbungen in Partnerarbeit und wechselnden Kleingruppen, sowie einen anregenden Austausch danach im Plenum.<\/p>\n<p><a href=\"https:\/\/elbschule.hamburg.de\/wp-content\/uploads\/sites\/127\/2024\/04\/Danksagung-scaled.jpg\" data-rel=\"lightbox\" data-rl_title=\"\" data-rl_caption=\"\" title=\"\"><img loading=\"lazy\" decoding=\"async\" class=\"alignright wp-image-4630 size-medium\" src=\"https:\/\/elbschule.hamburg.de\/wp-content\/uploads\/sites\/127\/2024\/04\/Danksagung-300x224.jpg\" alt=\"\" width=\"300\" height=\"224\" srcset=\"https:\/\/elbschule.hamburg.de\/wp-content\/uploads\/sites\/127\/2024\/04\/Danksagung-300x224.jpg 300w, https:\/\/elbschule.hamburg.de\/wp-content\/uploads\/sites\/127\/2024\/04\/Danksagung-1024x766.jpg 1024w, https:\/\/elbschule.hamburg.de\/wp-content\/uploads\/sites\/127\/2024\/04\/Danksagung-768x575.jpg 768w, https:\/\/elbschule.hamburg.de\/wp-content\/uploads\/sites\/127\/2024\/04\/Danksagung-1536x1149.jpg 1536w, https:\/\/elbschule.hamburg.de\/wp-content\/uploads\/sites\/127\/2024\/04\/Danksagung-2048x1532.jpg 2048w\" sizes=\"auto, (max-width: 300px) 100vw, 300px\" \/><\/a>Ein rundum gelungener, sehr kurzweiliger, interessanter und auch fr\u00f6hlicher Nachmittag in der Elbschule. Ein Dank geht an die Referentinnen f\u00fcr die interessante Veranstaltung und die vielen anregenden Impulse, die wir tagt\u00e4glich nutzen k\u00f6nnen. Ein klarer, wertsch\u00e4tzender und gleichzeitig aufrichtiger Austausch mit dem Gegen\u00fcber und die Fokussierung auf eine ressourcen- und l\u00f6sungsorientierte Gespr\u00e4chsf\u00fchrung und Beratung im schulischen Kontext sind ein Fundament unserer Arbeit.<\/p>\n<p>Lisa Borr<\/p>\n<p>&nbsp;<\/p>\n<p>&nbsp;<\/p>\n","protected":false},"excerpt":{"rendered":"<p>Am Freitag, den 12.04.2024, lud der BDH gemeinsam mit dem DFGS zur Fortbildung \u201eBeratung und Gespr\u00e4chsf\u00fchrung im schulischen Kontext\u201c in die Elbschule ein. Der Workshop war sehr gut besucht, es gab eine Teilnehmerbegrenzung von 40 Personen. Die Referentinnen waren Dr.in Katrin Steiner und Dr.in Stefanie Fiocchetta, beide Sonderp\u00e4dagoginnen mit dem F\u00f6rderschwerpunkt H\u00f6ren\/ Kommunikation und beide &hellip; <a href=\"https:\/\/elbschule.hamburg.de\/?page_id=4632\" class=\"more-link\"><span class=\"screen-reader-text\">Kurz und aufrichtig \u2013 Gespr\u00e4chsf\u00fchrung im schulischen Kontext<\/span> weiterlesen <span class=\"meta-nav\">&rarr;<\/span><\/a><\/p>\n","protected":false},"author":207,"featured_media":0,"parent":0,"menu_order":0,"comment_status":"closed","ping_status":"closed","template":"","meta":{"_acf_changed":false,"footnotes":""},"class_list":["post-4632","page","type-page","status-publish","hentry"],"acf":[],"_links":{"self":[{"href":"https:\/\/elbschule.hamburg.de\/index.php?rest_route=\/wp\/v2\/pages\/4632","targetHints":{"allow":["GET"]}}],"collection":[{"href":"https:\/\/elbschule.hamburg.de\/index.php?rest_route=\/wp\/v2\/pages"}],"about":[{"href":"https:\/\/elbschule.hamburg.de\/index.php?rest_route=\/wp\/v2\/types\/page"}],"author":[{"embeddable":true,"href":"https:\/\/elbschule.hamburg.de\/index.php?rest_route=\/wp\/v2\/users\/207"}],"replies":[{"embeddable":true,"href":"https:\/\/elbschule.hamburg.de\/index.php?rest_route=%2Fwp%2Fv2%2Fcomments&post=4632"}],"version-history":[{"count":3,"href":"https:\/\/elbschule.hamburg.de\/index.php?rest_route=\/wp\/v2\/pages\/4632\/revisions"}],"predecessor-version":[{"id":4635,"href":"https:\/\/elbschule.hamburg.de\/index.php?rest_route=\/wp\/v2\/pages\/4632\/revisions\/4635"}],"wp:attachment":[{"href":"https:\/\/elbschule.hamburg.de\/index.php?rest_route=%2Fwp%2Fv2%2Fmedia&parent=4632"}],"curies":[{"name":"wp","href":"https:\/\/api.w.org\/{rel}","templated":true}]}}