{"id":4574,"date":"2024-04-17T08:47:29","date_gmt":"2024-04-17T08:47:29","guid":{"rendered":"https:\/\/elbschule.hamburg.de\/?page_id=4574"},"modified":"2024-04-17T08:53:06","modified_gmt":"2024-04-17T08:53:06","slug":"baumstark-projekt-pflanz-eine-kleine-welt","status":"publish","type":"page","link":"https:\/\/elbschule.hamburg.de\/?page_id=4574","title":{"rendered":"Baumstark \u2013 Projekt \u201ePflanz eine kleine Welt!\u201c"},"content":{"rendered":"<div id=\"metaslider-id-4577\" style=\"max-width: 640px; margin: 0 auto;\" class=\"ml-slider-3-108-0 metaslider metaslider-responsive metaslider-4577 ml-slider has-dots-nav ms-theme-default\" role=\"region\" aria-label=\"Baumstark - die Sal-Weide\" data-height=\"480\" data-width=\"640\">\n    <div id=\"metaslider_container_4577\">\n        <ul id='metaslider_4577' class='rslides'>\n            <li aria-roledescription='slide' aria-labelledby='slide-0'><img loading=\"lazy\" decoding=\"async\" width=\"640\" height=\"480\" src=\"https:\/\/elbschule.hamburg.de\/wp-content\/uploads\/sites\/127\/2024\/04\/Titelbild.jpg\" class=\"slider-4577 slide-4579 msDefaultImage\" alt=\"\" rel=\"\" title=\"Titelbild\" srcset=\"https:\/\/elbschule.hamburg.de\/wp-content\/uploads\/sites\/127\/2024\/04\/Titelbild.jpg 640w, https:\/\/elbschule.hamburg.de\/wp-content\/uploads\/sites\/127\/2024\/04\/Titelbild-300x225.jpg 300w\" sizes=\"auto, (max-width: 640px) 100vw, 640px\" \/><\/li>\n            <li style='display: none;' aria-roledescription='slide' aria-labelledby='slide-1'><img loading=\"lazy\" decoding=\"async\" width=\"640\" height=\"480\" src=\"https:\/\/elbschule.hamburg.de\/wp-content\/uploads\/sites\/127\/2024\/04\/IMG_4337.jpg\" class=\"slider-4577 slide-4578 msDefaultImage\" alt=\"\" rel=\"\" title=\"IMG_4337\" srcset=\"https:\/\/elbschule.hamburg.de\/wp-content\/uploads\/sites\/127\/2024\/04\/IMG_4337.jpg 640w, https:\/\/elbschule.hamburg.de\/wp-content\/uploads\/sites\/127\/2024\/04\/IMG_4337-300x225.jpg 300w\" sizes=\"auto, (max-width: 640px) 100vw, 640px\" \/><\/li>\n            <li style='display: none;' aria-roledescription='slide' aria-labelledby='slide-2'><img loading=\"lazy\" decoding=\"async\" width=\"640\" height=\"480\" src=\"https:\/\/elbschule.hamburg.de\/wp-content\/uploads\/sites\/127\/2024\/04\/IMG_4333.jpg\" class=\"slider-4577 slide-4580 msDefaultImage\" alt=\"\" rel=\"\" title=\"IMG_4333\" srcset=\"https:\/\/elbschule.hamburg.de\/wp-content\/uploads\/sites\/127\/2024\/04\/IMG_4333.jpg 640w, https:\/\/elbschule.hamburg.de\/wp-content\/uploads\/sites\/127\/2024\/04\/IMG_4333-300x225.jpg 300w\" sizes=\"auto, (max-width: 640px) 100vw, 640px\" \/><\/li>\n            <li style='display: none;' aria-roledescription='slide' aria-labelledby='slide-3'><img loading=\"lazy\" decoding=\"async\" width=\"640\" height=\"480\" src=\"https:\/\/elbschule.hamburg.de\/wp-content\/uploads\/sites\/127\/2024\/04\/IMG_4331.jpg\" class=\"slider-4577 slide-4581 msDefaultImage\" alt=\"\" rel=\"\" title=\"IMG_4331\" srcset=\"https:\/\/elbschule.hamburg.de\/wp-content\/uploads\/sites\/127\/2024\/04\/IMG_4331.jpg 640w, https:\/\/elbschule.hamburg.de\/wp-content\/uploads\/sites\/127\/2024\/04\/IMG_4331-300x225.jpg 300w\" sizes=\"auto, (max-width: 640px) 100vw, 640px\" \/><\/li>\n            <li style='display: none;' aria-roledescription='slide' aria-labelledby='slide-4'><img loading=\"lazy\" decoding=\"async\" width=\"640\" height=\"480\" src=\"https:\/\/elbschule.hamburg.de\/wp-content\/uploads\/sites\/127\/2024\/04\/IMG_4323.jpg\" class=\"slider-4577 slide-4582 msDefaultImage\" alt=\"\" rel=\"\" title=\"IMG_4323\" srcset=\"https:\/\/elbschule.hamburg.de\/wp-content\/uploads\/sites\/127\/2024\/04\/IMG_4323.jpg 640w, https:\/\/elbschule.hamburg.de\/wp-content\/uploads\/sites\/127\/2024\/04\/IMG_4323-300x225.jpg 300w\" sizes=\"auto, (max-width: 640px) 100vw, 640px\" \/><\/li>\n            <li style='display: none;' aria-roledescription='slide' aria-labelledby='slide-5'><img loading=\"lazy\" decoding=\"async\" width=\"640\" height=\"480\" src=\"https:\/\/elbschule.hamburg.de\/wp-content\/uploads\/sites\/127\/2024\/04\/IMG_4332.jpg\" class=\"slider-4577 slide-4583 msDefaultImage\" alt=\"\" rel=\"\" title=\"IMG_4332\" srcset=\"https:\/\/elbschule.hamburg.de\/wp-content\/uploads\/sites\/127\/2024\/04\/IMG_4332.jpg 640w, https:\/\/elbschule.hamburg.de\/wp-content\/uploads\/sites\/127\/2024\/04\/IMG_4332-300x225.jpg 300w\" sizes=\"auto, (max-width: 640px) 100vw, 640px\" \/><\/li>\n            <li style='display: none;' aria-roledescription='slide' aria-labelledby='slide-6'><img loading=\"lazy\" decoding=\"async\" width=\"640\" height=\"480\" src=\"https:\/\/elbschule.hamburg.de\/wp-content\/uploads\/sites\/127\/2024\/04\/IMG_4327.jpg\" class=\"slider-4577 slide-4584 msDefaultImage\" alt=\"\" rel=\"\" title=\"IMG_4327\" srcset=\"https:\/\/elbschule.hamburg.de\/wp-content\/uploads\/sites\/127\/2024\/04\/IMG_4327.jpg 640w, https:\/\/elbschule.hamburg.de\/wp-content\/uploads\/sites\/127\/2024\/04\/IMG_4327-300x225.jpg 300w\" sizes=\"auto, (max-width: 640px) 100vw, 640px\" \/><\/li>\n            <li style='display: none;' aria-roledescription='slide' aria-labelledby='slide-7'><img loading=\"lazy\" decoding=\"async\" width=\"640\" height=\"480\" src=\"https:\/\/elbschule.hamburg.de\/wp-content\/uploads\/sites\/127\/2024\/04\/IMG_4325.jpg\" class=\"slider-4577 slide-4585 msDefaultImage\" alt=\"\" rel=\"\" title=\"IMG_4325\" srcset=\"https:\/\/elbschule.hamburg.de\/wp-content\/uploads\/sites\/127\/2024\/04\/IMG_4325.jpg 640w, https:\/\/elbschule.hamburg.de\/wp-content\/uploads\/sites\/127\/2024\/04\/IMG_4325-300x225.jpg 300w\" sizes=\"auto, (max-width: 640px) 100vw, 640px\" \/><\/li>\n        <\/ul>\n        \n    <\/div>\n<\/div>\n<p>Das Kooperationsprojekt von Loki Schmidt Stiftung und Budnianer Hilfe setzt sich das ambitionierte Ziel, auf dem Gel\u00e4nde von 180 Schulh\u00f6fen und Kita-G\u00e4rten 180 Sal-Weiden zu pflanzen. Sal-Weiden sind bei Bienen, Hummeln und anderen Insekten sehr beliebt und schaffen neuen Lebensraum, gleichzeitig k\u00f6nnen die Kinder die Bedeutung von Natur und Biodiversit\u00e4t hautnah erleben. (https:\/\/www.hamburg.de\/bsb\/newsletter-amt-fuer-bildung\/18516952\/pflanz-eine-kleine-welt-\/) Dank des Engagements der Lehrerin Zo\u00eb de Homont kann sich auch die Elbschule \u00fcber eine der 180 Baumspenden freuen.<\/p>\n<p>So wurde am Montag, den 8. April 2024 das Einpflanzen einer jungen Sal-Weide auf dem Schulhof von zahlreichen Klassen, Lehrkr\u00e4ften und der Schulleitung mit Spannung erwartet. FSJ-lerin Hanna Kumm \u00fcbergab die Sal-Weide im Namen der Stiftung und erkl\u00e4rte den Kindern, dass der Baum bis zu 10 Meter hoch werden k\u00f6nne. Er wird somit ein wunderbarer Schattenspender f\u00fcr die Kinder auf dem Spielplatz werden und vielen Insekten als wichtige Futterquelle dienen. Neville und Johannes aus Klasse 9a hatten bereits ein gro\u00dfes Loch gegraben, welches dann mit dem B\u00e4umchen und frischer Erde unter Applaus der Anwesenden gef\u00fcllt wurde. Einige Grundschulkinder w\u00e4sserten anschlie\u00dfend den Baum, andere begleiteten die Aktion festlich mit Seifenblasen.<\/p>\n<p>M\u00f6ge die junge Sal-Weide nun viel Sonne und Regen bekommen, um stetig zu wachsen und Freude zu bereiten!<\/p>\n<p>\u201aNichts ist vorbildlicher als ein sch\u00f6ner, starker Baum.\u2018 (Hermann Hesse)<\/p>\n<p>Katharina von Puttkamer<\/p>\n","protected":false},"excerpt":{"rendered":"<p>Das Kooperationsprojekt von Loki Schmidt Stiftung und Budnianer Hilfe setzt sich das ambitionierte Ziel, auf dem Gel\u00e4nde von 180 Schulh\u00f6fen und Kita-G\u00e4rten 180 Sal-Weiden zu pflanzen. Sal-Weiden sind bei Bienen, Hummeln und anderen Insekten sehr beliebt und schaffen neuen Lebensraum, gleichzeitig k\u00f6nnen die Kinder die Bedeutung von Natur und Biodiversit\u00e4t hautnah erleben. (https:\/\/www.hamburg.de\/bsb\/newsletter-amt-fuer-bildung\/18516952\/pflanz-eine-kleine-welt-\/) Dank des &hellip; <a href=\"https:\/\/elbschule.hamburg.de\/?page_id=4574\" class=\"more-link\"><span class=\"screen-reader-text\">Baumstark \u2013 Projekt \u201ePflanz eine kleine Welt!\u201c<\/span> weiterlesen <span class=\"meta-nav\">&rarr;<\/span><\/a><\/p>\n","protected":false},"author":195,"featured_media":0,"parent":0,"menu_order":0,"comment_status":"closed","ping_status":"closed","template":"","meta":{"_acf_changed":false,"footnotes":""},"class_list":["post-4574","page","type-page","status-publish","hentry"],"acf":[],"_links":{"self":[{"href":"https:\/\/elbschule.hamburg.de\/index.php?rest_route=\/wp\/v2\/pages\/4574","targetHints":{"allow":["GET"]}}],"collection":[{"href":"https:\/\/elbschule.hamburg.de\/index.php?rest_route=\/wp\/v2\/pages"}],"about":[{"href":"https:\/\/elbschule.hamburg.de\/index.php?rest_route=\/wp\/v2\/types\/page"}],"author":[{"embeddable":true,"href":"https:\/\/elbschule.hamburg.de\/index.php?rest_route=\/wp\/v2\/users\/195"}],"replies":[{"embeddable":true,"href":"https:\/\/elbschule.hamburg.de\/index.php?rest_route=%2Fwp%2Fv2%2Fcomments&post=4574"}],"version-history":[{"count":2,"href":"https:\/\/elbschule.hamburg.de\/index.php?rest_route=\/wp\/v2\/pages\/4574\/revisions"}],"predecessor-version":[{"id":4586,"href":"https:\/\/elbschule.hamburg.de\/index.php?rest_route=\/wp\/v2\/pages\/4574\/revisions\/4586"}],"wp:attachment":[{"href":"https:\/\/elbschule.hamburg.de\/index.php?rest_route=%2Fwp%2Fv2%2Fmedia&parent=4574"}],"curies":[{"name":"wp","href":"https:\/\/api.w.org\/{rel}","templated":true}]}}