{"id":4520,"date":"2024-02-25T16:03:46","date_gmt":"2024-02-25T16:03:46","guid":{"rendered":"https:\/\/elbschule.hamburg.de\/?page_id=4520"},"modified":"2024-02-25T16:06:12","modified_gmt":"2024-02-25T16:06:12","slug":"neuer-treffpunkt-eine-sandbank-zum-anlanden","status":"publish","type":"page","link":"https:\/\/elbschule.hamburg.de\/?page_id=4520","title":{"rendered":"Neuer Treffpunkt &#8211; Eine Sandbank zum Anlanden"},"content":{"rendered":"<p><strong> <div id=\"metaslider-id-4522\" style=\"max-width: 640px; margin: 0 auto;\" class=\"ml-slider-3-107-0 metaslider metaslider-responsive metaslider-4522 ml-slider has-dots-nav ms-theme-default\" role=\"region\" aria-label=\"Sandbank\" data-height=\"480\" data-width=\"640\">\n    <div id=\"metaslider_container_4522\">\n        <ul id='metaslider_4522' class='rslides'>\n            <li aria-roledescription='slide' aria-labelledby='slide-0'><img loading=\"lazy\" decoding=\"async\" src=\"https:\/\/elbschule.hamburg.de\/wp-content\/uploads\/sites\/127\/2024\/02\/Teaser-640x480.jpg\" height=\"480\" width=\"640\" alt=\"\" class=\"slider-4522 slide-4527 msDefaultImage\" title=\"Teaser\" \/><\/li>\n            <li style='display: none;' aria-roledescription='slide' aria-labelledby='slide-1'><img loading=\"lazy\" decoding=\"async\" src=\"https:\/\/elbschule.hamburg.de\/wp-content\/uploads\/sites\/127\/2024\/02\/IMG_4056-rotated.jpg\" height=\"480\" width=\"640\" alt=\"\" class=\"slider-4522 slide-4523 msDefaultImage\" title=\"IMG_4056\" \/><\/li>\n            <li style='display: none;' aria-roledescription='slide' aria-labelledby='slide-2'><img loading=\"lazy\" decoding=\"async\" src=\"https:\/\/elbschule.hamburg.de\/wp-content\/uploads\/sites\/127\/2024\/02\/IMG_4048-rotated.jpg\" height=\"480\" width=\"640\" alt=\"\" class=\"slider-4522 slide-4524 msDefaultImage\" title=\"IMG_4048\" \/><\/li>\n            <li style='display: none;' aria-roledescription='slide' aria-labelledby='slide-3'><img loading=\"lazy\" decoding=\"async\" src=\"https:\/\/elbschule.hamburg.de\/wp-content\/uploads\/sites\/127\/2024\/02\/IMG_4052-rotated.jpg\" height=\"480\" width=\"640\" alt=\"\" class=\"slider-4522 slide-4525 msDefaultImage\" title=\"IMG_4052\" \/><\/li>\n            <li style='display: none;' aria-roledescription='slide' aria-labelledby='slide-4'><img loading=\"lazy\" decoding=\"async\" src=\"https:\/\/elbschule.hamburg.de\/wp-content\/uploads\/sites\/127\/2024\/02\/IMG_0370-scaled-640x480.jpeg\" height=\"480\" width=\"640\" alt=\"\" class=\"slider-4522 slide-4526 msDefaultImage\" title=\"IMG_0370\" \/><\/li>\n        <\/ul>\n        \n    <\/div>\n<\/div><\/strong><\/p>\n<p>Was lange w\u00e4hrt, wird auch mal fertig! Seit 2017 liefen die Planungen f\u00fcr eine Umgestaltung der Eingangshalle der Elbschule im Rahmen des Raumkonzeptes und wurden von einer AG mit Holger A\u00dfmann als Ganztagskoordinator unter dem damaligen Schulleiter Johannes Eitner angeschoben. Die kreativen Vorschl\u00e4ge des Architekten Yilmaz Kocarslan begeisterten alle Beteiligten und so konnte die kahle Halle Schritt f\u00fcr Schritt einladender gestaltet werden. Als freundlicher Blickfang beim Betreten der Elbschule gr\u00fc\u00dft nun von der Galerie ein \u201eHerzlich willkommen\u201c aus Geb\u00e4rdenbildern. Auch die gro\u00dfe Collage aus winzigen Portr\u00e4tfotos von Sch\u00fclerschaft und Kollegium ist ein echter Hingucker, der gleichzeitig Verbundenheit schafft.<\/p>\n<p>Das Herzst\u00fcck der Umgestaltung sollte eine Aufenthaltsm\u00f6glichkeit in der gro\u00dfen Halle sein. Die Realisierung lie\u00df sechs lange Jahre auf sich warten. Der Hauptgrund daf\u00fcr lag im komplizierten Umgang mit Feuerschutzbedingungen und wechselnden Zust\u00e4ndigkeiten.<\/p>\n<p>Zum Jahresbeginn 2024 war es dann endlich errichtet: Das von Yilmaz Kocarslan entworfene, geschwungene Podest aus drei sandfarbenen Stufen ist der neue Sammelplatz in der Elbschule, bevor es auf den Ausflug oder zum w\u00f6chentlichen Schwimmen geht \u2013 oder einfach nur zum \u201aChillen\u2018 vor Unterrichtsbeginn oder in den Regenpausen. Die Wand im Hintergrund schm\u00fcckt das gro\u00dfformatige Elbschullogo in 3D.<\/p>\n<p>Feierlich wurde der neue Treffpunkt in der Eingangshalle von der Schulleiterin Ulrike Witte, dem Schulsprecherteam und dem Architekten unter Jubel der Sch\u00fclerinnen und Sch\u00fcler eingeweiht. Die Sch\u00fclerschaft hatte im Vorfeld viele kreative Vorschl\u00e4ge zu einer Namensgebung gemacht, abgestimmt und nun hat das Elbschulschiff eine \u201aSandbank\u2018 zum Anlanden.<\/p>\n<p>Karin Perwo-A\u00dfmann<br \/>\nKatharina von Puttkamer<\/p>\n","protected":false},"excerpt":{"rendered":"<p>Was lange w\u00e4hrt, wird auch mal fertig! Seit 2017 liefen die Planungen f\u00fcr eine Umgestaltung der Eingangshalle der Elbschule im Rahmen des Raumkonzeptes und wurden von einer AG mit Holger A\u00dfmann als Ganztagskoordinator unter dem damaligen Schulleiter Johannes Eitner angeschoben. Die kreativen Vorschl\u00e4ge des Architekten Yilmaz Kocarslan begeisterten alle Beteiligten und so konnte die kahle &hellip; <a href=\"https:\/\/elbschule.hamburg.de\/?page_id=4520\" class=\"more-link\"><span class=\"screen-reader-text\">Neuer Treffpunkt &#8211; Eine Sandbank zum Anlanden<\/span> weiterlesen <span class=\"meta-nav\">&rarr;<\/span><\/a><\/p>\n","protected":false},"author":207,"featured_media":0,"parent":0,"menu_order":0,"comment_status":"closed","ping_status":"closed","template":"","meta":{"_acf_changed":false,"footnotes":""},"class_list":["post-4520","page","type-page","status-publish","hentry"],"acf":[],"_links":{"self":[{"href":"https:\/\/elbschule.hamburg.de\/index.php?rest_route=\/wp\/v2\/pages\/4520","targetHints":{"allow":["GET"]}}],"collection":[{"href":"https:\/\/elbschule.hamburg.de\/index.php?rest_route=\/wp\/v2\/pages"}],"about":[{"href":"https:\/\/elbschule.hamburg.de\/index.php?rest_route=\/wp\/v2\/types\/page"}],"author":[{"embeddable":true,"href":"https:\/\/elbschule.hamburg.de\/index.php?rest_route=\/wp\/v2\/users\/207"}],"replies":[{"embeddable":true,"href":"https:\/\/elbschule.hamburg.de\/index.php?rest_route=%2Fwp%2Fv2%2Fcomments&post=4520"}],"version-history":[{"count":3,"href":"https:\/\/elbschule.hamburg.de\/index.php?rest_route=\/wp\/v2\/pages\/4520\/revisions"}],"predecessor-version":[{"id":4529,"href":"https:\/\/elbschule.hamburg.de\/index.php?rest_route=\/wp\/v2\/pages\/4520\/revisions\/4529"}],"wp:attachment":[{"href":"https:\/\/elbschule.hamburg.de\/index.php?rest_route=%2Fwp%2Fv2%2Fmedia&parent=4520"}],"curies":[{"name":"wp","href":"https:\/\/api.w.org\/{rel}","templated":true}]}}