{"id":452,"date":"2015-08-30T08:53:21","date_gmt":"2015-08-30T08:53:21","guid":{"rendered":"http:\/\/elbschule.schulhomepages.hamburg.de\/?page_id=452"},"modified":"2015-08-30T08:59:13","modified_gmt":"2015-08-30T08:59:13","slug":"einschulung-2014","status":"publish","type":"page","link":"https:\/\/elbschule.hamburg.de\/?page_id=452","title":{"rendered":"Einschulung 2014"},"content":{"rendered":"<h6>&#8230; am 26.08.2014 an der Elbschule!<\/h6>\n<div id=\"metaslider-id-453\" style=\"max-width: 600px; margin: 0 auto;\" class=\"ml-slider-3-107-0 metaslider metaslider-responsive metaslider-453 ml-slider ms-theme-default\" role=\"region\" aria-label=\"Einschulung 2014\" data-height=\"450\" data-width=\"600\">\n    <div id=\"metaslider_container_453\">\n        <ul id='metaslider_453' class='rslides'>\n            <li aria-roledescription='slide' aria-labelledby='slide-0'><img loading=\"lazy\" decoding=\"async\" width=\"769\" height=\"599\" src=\"https:\/\/elbschule.hamburg.de\/wp-content\/uploads\/sites\/127\/2015\/08\/Kulturschulleben-Einschulung-2014.jpg\" class=\"slider-453 slide-462 msDefaultImage\" alt=\"\" rel=\"\" title=\"\" srcset=\"https:\/\/elbschule.hamburg.de\/wp-content\/uploads\/sites\/127\/2015\/08\/Kulturschulleben-Einschulung-2014.jpg 769w, https:\/\/elbschule.hamburg.de\/wp-content\/uploads\/sites\/127\/2015\/08\/Kulturschulleben-Einschulung-2014-300x234.jpg 300w\" sizes=\"auto, (max-width: 769px) 100vw, 769px\" \/><\/li>\n            <li style='display: none;' aria-roledescription='slide' aria-labelledby='slide-1'><img loading=\"lazy\" decoding=\"async\" width=\"2048\" height=\"1362\" src=\"https:\/\/elbschule.hamburg.de\/wp-content\/uploads\/sites\/127\/2015\/08\/Kulturschulleben-Einschulung-2014-I.jpg\" class=\"slider-453 slide-454 msDefaultImage\" alt=\"\" rel=\"\" title=\"\" srcset=\"https:\/\/elbschule.hamburg.de\/wp-content\/uploads\/sites\/127\/2015\/08\/Kulturschulleben-Einschulung-2014-I.jpg 2048w, https:\/\/elbschule.hamburg.de\/wp-content\/uploads\/sites\/127\/2015\/08\/Kulturschulleben-Einschulung-2014-I-300x199.jpg 300w, https:\/\/elbschule.hamburg.de\/wp-content\/uploads\/sites\/127\/2015\/08\/Kulturschulleben-Einschulung-2014-I-1024x681.jpg 1024w\" sizes=\"auto, (max-width: 2048px) 100vw, 2048px\" \/><\/li>\n            <li style='display: none;' aria-roledescription='slide' aria-labelledby='slide-2'><img loading=\"lazy\" decoding=\"async\" width=\"2048\" height=\"1362\" src=\"https:\/\/elbschule.hamburg.de\/wp-content\/uploads\/sites\/127\/2015\/08\/Kulturschulleben-Einschulung-2014-II.jpg\" class=\"slider-453 slide-455 msDefaultImage\" alt=\"\" rel=\"\" title=\"\" srcset=\"https:\/\/elbschule.hamburg.de\/wp-content\/uploads\/sites\/127\/2015\/08\/Kulturschulleben-Einschulung-2014-II.jpg 2048w, https:\/\/elbschule.hamburg.de\/wp-content\/uploads\/sites\/127\/2015\/08\/Kulturschulleben-Einschulung-2014-II-300x199.jpg 300w, https:\/\/elbschule.hamburg.de\/wp-content\/uploads\/sites\/127\/2015\/08\/Kulturschulleben-Einschulung-2014-II-1024x681.jpg 1024w\" sizes=\"auto, (max-width: 2048px) 100vw, 2048px\" \/><\/li>\n            <li style='display: none;' aria-roledescription='slide' aria-labelledby='slide-3'><img loading=\"lazy\" decoding=\"async\" width=\"1897\" height=\"2001\" src=\"https:\/\/elbschule.hamburg.de\/wp-content\/uploads\/sites\/127\/2015\/08\/Kulturschulleben-Einschulung-2014-III.jpg\" class=\"slider-453 slide-456 msDefaultImage\" alt=\"\" rel=\"\" title=\"\" srcset=\"https:\/\/elbschule.hamburg.de\/wp-content\/uploads\/sites\/127\/2015\/08\/Kulturschulleben-Einschulung-2014-III.jpg 1897w, https:\/\/elbschule.hamburg.de\/wp-content\/uploads\/sites\/127\/2015\/08\/Kulturschulleben-Einschulung-2014-III-284x300.jpg 284w, https:\/\/elbschule.hamburg.de\/wp-content\/uploads\/sites\/127\/2015\/08\/Kulturschulleben-Einschulung-2014-III-971x1024.jpg 971w\" sizes=\"auto, (max-width: 1897px) 100vw, 1897px\" \/><\/li>\n            <li style='display: none;' aria-roledescription='slide' aria-labelledby='slide-4'><img loading=\"lazy\" decoding=\"async\" width=\"2048\" height=\"1362\" src=\"https:\/\/elbschule.hamburg.de\/wp-content\/uploads\/sites\/127\/2015\/08\/Kulturschulleben-Einschulung-2014-IV.jpg\" class=\"slider-453 slide-457 msDefaultImage\" alt=\"\" rel=\"\" title=\"\" srcset=\"https:\/\/elbschule.hamburg.de\/wp-content\/uploads\/sites\/127\/2015\/08\/Kulturschulleben-Einschulung-2014-IV.jpg 2048w, https:\/\/elbschule.hamburg.de\/wp-content\/uploads\/sites\/127\/2015\/08\/Kulturschulleben-Einschulung-2014-IV-300x199.jpg 300w, https:\/\/elbschule.hamburg.de\/wp-content\/uploads\/sites\/127\/2015\/08\/Kulturschulleben-Einschulung-2014-IV-1024x681.jpg 1024w\" sizes=\"auto, (max-width: 2048px) 100vw, 2048px\" \/><\/li>\n            <li style='display: none;' aria-roledescription='slide' aria-labelledby='slide-5'><img loading=\"lazy\" decoding=\"async\" width=\"2048\" height=\"1362\" src=\"https:\/\/elbschule.hamburg.de\/wp-content\/uploads\/sites\/127\/2015\/08\/Kulturschulleben-Einschulung-2014-V.jpg\" class=\"slider-453 slide-458 msDefaultImage\" alt=\"\" rel=\"\" title=\"\" srcset=\"https:\/\/elbschule.hamburg.de\/wp-content\/uploads\/sites\/127\/2015\/08\/Kulturschulleben-Einschulung-2014-V.jpg 2048w, https:\/\/elbschule.hamburg.de\/wp-content\/uploads\/sites\/127\/2015\/08\/Kulturschulleben-Einschulung-2014-V-300x199.jpg 300w, https:\/\/elbschule.hamburg.de\/wp-content\/uploads\/sites\/127\/2015\/08\/Kulturschulleben-Einschulung-2014-V-1024x681.jpg 1024w\" sizes=\"auto, (max-width: 2048px) 100vw, 2048px\" \/><\/li>\n            <li style='display: none;' aria-roledescription='slide' aria-labelledby='slide-6'><img loading=\"lazy\" decoding=\"async\" width=\"2048\" height=\"1362\" src=\"https:\/\/elbschule.hamburg.de\/wp-content\/uploads\/sites\/127\/2015\/08\/Kulturschulleben-Einschulung-2014-VI.jpg\" class=\"slider-453 slide-459 msDefaultImage\" alt=\"\" rel=\"\" title=\"\" srcset=\"https:\/\/elbschule.hamburg.de\/wp-content\/uploads\/sites\/127\/2015\/08\/Kulturschulleben-Einschulung-2014-VI.jpg 2048w, https:\/\/elbschule.hamburg.de\/wp-content\/uploads\/sites\/127\/2015\/08\/Kulturschulleben-Einschulung-2014-VI-300x199.jpg 300w, https:\/\/elbschule.hamburg.de\/wp-content\/uploads\/sites\/127\/2015\/08\/Kulturschulleben-Einschulung-2014-VI-1024x681.jpg 1024w\" sizes=\"auto, (max-width: 2048px) 100vw, 2048px\" \/><\/li>\n            <li style='display: none;' aria-roledescription='slide' aria-labelledby='slide-7'><img loading=\"lazy\" decoding=\"async\" width=\"2048\" height=\"1362\" src=\"https:\/\/elbschule.hamburg.de\/wp-content\/uploads\/sites\/127\/2015\/08\/Kulturschulleben-Einschulung-2014-VII.jpg\" class=\"slider-453 slide-460 msDefaultImage\" alt=\"\" rel=\"\" title=\"\" srcset=\"https:\/\/elbschule.hamburg.de\/wp-content\/uploads\/sites\/127\/2015\/08\/Kulturschulleben-Einschulung-2014-VII.jpg 2048w, https:\/\/elbschule.hamburg.de\/wp-content\/uploads\/sites\/127\/2015\/08\/Kulturschulleben-Einschulung-2014-VII-300x199.jpg 300w, https:\/\/elbschule.hamburg.de\/wp-content\/uploads\/sites\/127\/2015\/08\/Kulturschulleben-Einschulung-2014-VII-1024x681.jpg 1024w\" sizes=\"auto, (max-width: 2048px) 100vw, 2048px\" \/><\/li>\n            <li style='display: none;' aria-roledescription='slide' aria-labelledby='slide-8'><img loading=\"lazy\" decoding=\"async\" width=\"2048\" height=\"1362\" src=\"https:\/\/elbschule.hamburg.de\/wp-content\/uploads\/sites\/127\/2015\/08\/Kulturschulleben-Einschulung-2014-VIII.jpg\" class=\"slider-453 slide-461 msDefaultImage\" alt=\"\" rel=\"\" title=\"\" srcset=\"https:\/\/elbschule.hamburg.de\/wp-content\/uploads\/sites\/127\/2015\/08\/Kulturschulleben-Einschulung-2014-VIII.jpg 2048w, https:\/\/elbschule.hamburg.de\/wp-content\/uploads\/sites\/127\/2015\/08\/Kulturschulleben-Einschulung-2014-VIII-300x199.jpg 300w, https:\/\/elbschule.hamburg.de\/wp-content\/uploads\/sites\/127\/2015\/08\/Kulturschulleben-Einschulung-2014-VIII-1024x681.jpg 1024w\" sizes=\"auto, (max-width: 2048px) 100vw, 2048px\" \/><\/li>\n        <\/ul>\n        \n    <\/div>\n<\/div>\n<p>In ganz Hamburg war heute die Einschulung der ABC-Sch\u00fctzen. An der Elbschule wurden 27 Erstkl\u00e4ssler eingeschult. Sie kamen mit ihren Eltern, Geschwistern und Gro\u00dfeltern, um diesen ersten Tag in ihrem Schulleben zu feiern. Alle gemeinsam sahen mit Spannung und Freude, was die 3. und 4. Klassen der Elbschule seit Monaten f\u00fcr diese Einschulungsfeier geprobt hatten. Und das waren in diesem Jahr gleich zwei Theaterst\u00fccke: \u201eVom L\u00f6wen, der nicht schreiben konnte&#8220; und \u201eDie Olchis in der Schule&#8220;. Es gab viel Applaus! Allen beteiligten Sch\u00fclerinnen und Sch\u00fclern sowie ihren Klassenteams herzlichen Dank!<\/p>\n<p>W\u00e4hrend die Erstkl\u00e4ssler ihre erste Unterrichtsstunde in den Klassenr\u00e4umen hatten, bekamen ihre Eltern und Verwandten bei Kaffee und Kuchen in unserem sch\u00f6nen Schulrestaurant alle wichtigen Informationen f\u00fcr den Schulanfang.<\/p>\n","protected":false},"excerpt":{"rendered":"<p>&#8230; am 26.08.2014 an der Elbschule! In ganz Hamburg war heute die Einschulung der ABC-Sch\u00fctzen. An der Elbschule wurden 27 Erstkl\u00e4ssler eingeschult. Sie kamen mit ihren Eltern, Geschwistern und Gro\u00dfeltern, um diesen ersten Tag in ihrem Schulleben zu feiern. Alle gemeinsam sahen mit Spannung und Freude, was die 3. und 4. Klassen der Elbschule seit &hellip; <a href=\"https:\/\/elbschule.hamburg.de\/?page_id=452\" class=\"more-link\"><span class=\"screen-reader-text\">Einschulung 2014<\/span> weiterlesen <span class=\"meta-nav\">&rarr;<\/span><\/a><\/p>\n","protected":false},"author":206,"featured_media":0,"parent":0,"menu_order":0,"comment_status":"closed","ping_status":"closed","template":"","meta":{"_acf_changed":false,"footnotes":""},"class_list":["post-452","page","type-page","status-publish","hentry"],"acf":[],"_links":{"self":[{"href":"https:\/\/elbschule.hamburg.de\/index.php?rest_route=\/wp\/v2\/pages\/452","targetHints":{"allow":["GET"]}}],"collection":[{"href":"https:\/\/elbschule.hamburg.de\/index.php?rest_route=\/wp\/v2\/pages"}],"about":[{"href":"https:\/\/elbschule.hamburg.de\/index.php?rest_route=\/wp\/v2\/types\/page"}],"author":[{"embeddable":true,"href":"https:\/\/elbschule.hamburg.de\/index.php?rest_route=\/wp\/v2\/users\/206"}],"replies":[{"embeddable":true,"href":"https:\/\/elbschule.hamburg.de\/index.php?rest_route=%2Fwp%2Fv2%2Fcomments&post=452"}],"version-history":[{"count":0,"href":"https:\/\/elbschule.hamburg.de\/index.php?rest_route=\/wp\/v2\/pages\/452\/revisions"}],"wp:attachment":[{"href":"https:\/\/elbschule.hamburg.de\/index.php?rest_route=%2Fwp%2Fv2%2Fmedia&parent=452"}],"curies":[{"name":"wp","href":"https:\/\/api.w.org\/{rel}","templated":true}]}}