{"id":4505,"date":"2024-02-03T14:29:34","date_gmt":"2024-02-03T14:29:34","guid":{"rendered":"https:\/\/elbschule.hamburg.de\/?page_id=4505"},"modified":"2024-02-06T10:39:43","modified_gmt":"2024-02-06T10:39:43","slug":"cafe-landgang-selbst-organisiert-selbst-produziert","status":"publish","type":"page","link":"https:\/\/elbschule.hamburg.de\/?page_id=4505","title":{"rendered":"Caf\u00e9 Landgang &#8211; Selbst organisiert, selbst produziert"},"content":{"rendered":"<p><strong> <div id=\"metaslider-id-4493\" style=\"max-width: 640px; margin: 0 auto;\" class=\"ml-slider-3-109-0 metaslider metaslider-responsive metaslider-4493 ml-slider has-dots-nav ms-theme-default\" role=\"region\" aria-label=\"Cafe Landgang\" data-height=\"480\" data-width=\"640\">\n    <div id=\"metaslider_container_4493\">\n        <ul id='metaslider_4493' class='rslides'>\n            <li aria-roledescription='slide' aria-labelledby='slide-0'><img loading=\"lazy\" decoding=\"async\" src=\"https:\/\/elbschule.hamburg.de\/wp-content\/uploads\/sites\/127\/2024\/02\/Landgang-XI.jpg\" height=\"480\" width=\"640\" alt=\"\" class=\"slider-4493 slide-4494 msDefaultImage\" title=\"Landgang XI\" \/><\/li>\n            <li style='display: none;' aria-roledescription='slide' aria-labelledby='slide-1'><img loading=\"lazy\" decoding=\"async\" src=\"https:\/\/elbschule.hamburg.de\/wp-content\/uploads\/sites\/127\/2024\/02\/Landgang-X.jpg\" height=\"480\" width=\"640\" alt=\"\" class=\"slider-4493 slide-4495 msDefaultImage\" title=\"Landgang X\" \/><\/li>\n            <li style='display: none;' aria-roledescription='slide' aria-labelledby='slide-2'><img loading=\"lazy\" decoding=\"async\" src=\"https:\/\/elbschule.hamburg.de\/wp-content\/uploads\/sites\/127\/2024\/02\/Landgang-VII.jpg\" height=\"480\" width=\"640\" alt=\"\" class=\"slider-4493 slide-4496 msDefaultImage\" title=\"Landgang VII\" \/><\/li>\n            <li style='display: none;' aria-roledescription='slide' aria-labelledby='slide-3'><img loading=\"lazy\" decoding=\"async\" src=\"https:\/\/elbschule.hamburg.de\/wp-content\/uploads\/sites\/127\/2024\/02\/Landgang-VIII.jpg\" height=\"480\" width=\"640\" alt=\"\" class=\"slider-4493 slide-4497 msDefaultImage\" title=\"Landgang VIII\" \/><\/li>\n            <li style='display: none;' aria-roledescription='slide' aria-labelledby='slide-4'><img loading=\"lazy\" decoding=\"async\" src=\"https:\/\/elbschule.hamburg.de\/wp-content\/uploads\/sites\/127\/2024\/02\/Landgang-VI.jpg\" height=\"480\" width=\"640\" alt=\"\" class=\"slider-4493 slide-4498 msDefaultImage\" title=\"Landgang VI\" \/><\/li>\n            <li style='display: none;' aria-roledescription='slide' aria-labelledby='slide-5'><img loading=\"lazy\" decoding=\"async\" src=\"https:\/\/elbschule.hamburg.de\/wp-content\/uploads\/sites\/127\/2024\/02\/Landgang-V.jpg\" height=\"480\" width=\"640\" alt=\"\" class=\"slider-4493 slide-4499 msDefaultImage\" title=\"Landgang V\" \/><\/li>\n            <li style='display: none;' aria-roledescription='slide' aria-labelledby='slide-6'><img loading=\"lazy\" decoding=\"async\" src=\"https:\/\/elbschule.hamburg.de\/wp-content\/uploads\/sites\/127\/2024\/02\/Landgang-Titelbild-rotated.jpg\" height=\"480\" width=\"640\" alt=\"\" class=\"slider-4493 slide-4500 msDefaultImage\" title=\"Landgang Titelbild\" \/><\/li>\n            <li style='display: none;' aria-roledescription='slide' aria-labelledby='slide-7'><img loading=\"lazy\" decoding=\"async\" src=\"https:\/\/elbschule.hamburg.de\/wp-content\/uploads\/sites\/127\/2024\/02\/Landgang-IX.jpg\" height=\"480\" width=\"640\" alt=\"\" class=\"slider-4493 slide-4501 msDefaultImage\" title=\"Landgang IX\" \/><\/li>\n            <li style='display: none;' aria-roledescription='slide' aria-labelledby='slide-8'><img loading=\"lazy\" decoding=\"async\" src=\"https:\/\/elbschule.hamburg.de\/wp-content\/uploads\/sites\/127\/2024\/02\/Landgang-IV.jpg\" height=\"480\" width=\"640\" alt=\"\" class=\"slider-4493 slide-4502 msDefaultImage\" title=\"Landgang IV\" \/><\/li>\n            <li style='display: none;' aria-roledescription='slide' aria-labelledby='slide-9'><img loading=\"lazy\" decoding=\"async\" src=\"https:\/\/elbschule.hamburg.de\/wp-content\/uploads\/sites\/127\/2024\/02\/Landgang-III.jpg\" height=\"480\" width=\"640\" alt=\"\" class=\"slider-4493 slide-4503 msDefaultImage\" title=\"Landgang III\" \/><\/li>\n            <li style='display: none;' aria-roledescription='slide' aria-labelledby='slide-10'><img loading=\"lazy\" decoding=\"async\" src=\"https:\/\/elbschule.hamburg.de\/wp-content\/uploads\/sites\/127\/2024\/02\/Landgang-II.jpg\" height=\"480\" width=\"640\" alt=\"\" class=\"slider-4493 slide-4504 msDefaultImage\" title=\"Landgang II\" \/><\/li>\n        <\/ul>\n        \n    <\/div>\n<\/div><\/strong><\/p>\n<p>Seit dem Herbst hat das Caf\u00e9 Landgang in der Elbschule t\u00e4glich in der zweiten gro\u00dfen Pause und zweimal w\u00f6chentlich in der Mittagspause ge\u00f6ffnet. Von Sch\u00fcler*innen f\u00fcr Sch\u00fcler*innen<strong>.<\/strong><\/p>\n<p>Die Klassen 10e, 10a2, 9\/10d, 8a\/d haben dieses Projekt des selbstverwalteten Sch\u00fclercaf\u00e9s mit Unterst\u00fctzung von den Lehrkr\u00e4ften Michael Koch, Julia Bratka, Katrin B\u00f6ttjer, Jan Finkelmeyer und Wiebke Wilts gestartet. Die Sch\u00fcler*innen suchen sich jede Woche eigenverantwortlich Rezepte heraus, machen zum Teil eigenst\u00e4ndig die Kalkulation f\u00fcr die Bepreisung, besorgen die Zutaten und fertigen die Gerichte in der Lehrk\u00fcche. Selbstgemachte Pommes, Muffins, Pizzaschnecken, Donuts, Schokokuchen, Cookies, sowie hei\u00dfe Schokolade, Cappuccino und verschiedene Teesorten stehen auf der wechselnden Karte. Diese werden dann im Caf\u00e9 hinter einem Tresen verkauft. Das Caf\u00e9 selbst mit gem\u00fctlichen Sitzgelegenheiten l\u00e4dt zum Verweilen ein. \u201eHier ist es super, weil man essen, trinken und lesen kann. Das sind ganz entspannte Pausen\u201c, sagt \u201aStammkundin\u2018 Marie aus Klasse 7. Sie ist froh, dass sie schon Zutritt zum Caf\u00e9 hat, denn es ist nur f\u00fcr die Klassen 7-10 ge\u00f6ffnet. Paul aus Klasse 9 findet das Caf\u00e9 gut, weil es da ruhig ist und man in Ruhe und im Warmen kl\u00f6nen kann. Manche Lehrkr\u00e4fte schw\u00e4rmen von dem leckeren Cappuccino und den sehr freundlichen und h\u00f6flichen Mitarbeiter*innen des Caf\u00e9s. Hier kann man sehr gut \u201aanlanden\u2018 zwischen den Unterrichtsbl\u00f6cken, sich st\u00e4rken und Ruhe finden.<\/p>\n<p>Dieses Projekt wurde mit gro\u00dfz\u00fcgigen Sachspenden, wie das Geschirr, den Tresen und einem Stehtisch vom Verein \u201aHafen hilft\u2018 unterst\u00fctzt. Die vielen Teesorten spendete die Schwester einer Sch\u00fclerin. So k\u00f6nnen die Kosten niedrig gehalten werden, wovon alle profitieren: Die \u201aMacher\u2018 und die G\u00e4ste.<\/p>\n<p>Die Sch\u00fcler*innen entwickeln viele weitere Ideen. Sie w\u00fcnschen sich mehr Dekoration f\u00fcr den Raum und die Tische, sowie eine gem\u00fctlichere Beleuchtung. Au\u00dferdem sollen Pausen zu verschiedenen Themen gestaltet werden: Wie zum Beispiel die \u201eWir haben das Schulhalbjahr geschafft! Party\u201c, welche am 29.01. stattfinden wird. Das Caf\u00e9 Landgang ist eine weitere Bereicherung f\u00fcr das \u201aElbschulschiff\u2018 und bietet eine kleine, sch\u00f6ne Auszeit w\u00e4hrend der Pausen.<\/p>\n<p>Katharina von Puttkamer<\/p>\n","protected":false},"excerpt":{"rendered":"<p>Seit dem Herbst hat das Caf\u00e9 Landgang in der Elbschule t\u00e4glich in der zweiten gro\u00dfen Pause und zweimal w\u00f6chentlich in der Mittagspause ge\u00f6ffnet. Von Sch\u00fcler*innen f\u00fcr Sch\u00fcler*innen. Die Klassen 10e, 10a2, 9\/10d, 8a\/d haben dieses Projekt des selbstverwalteten Sch\u00fclercaf\u00e9s mit Unterst\u00fctzung von den Lehrkr\u00e4ften Michael Koch, Julia Bratka, Katrin B\u00f6ttjer, Jan Finkelmeyer und Wiebke Wilts &hellip; <a href=\"https:\/\/elbschule.hamburg.de\/?page_id=4505\" class=\"more-link\"><span class=\"screen-reader-text\">Caf\u00e9 Landgang &#8211; Selbst organisiert, selbst produziert<\/span> weiterlesen <span class=\"meta-nav\">&rarr;<\/span><\/a><\/p>\n","protected":false},"author":207,"featured_media":0,"parent":0,"menu_order":0,"comment_status":"closed","ping_status":"closed","template":"","meta":{"_acf_changed":false,"footnotes":""},"class_list":["post-4505","page","type-page","status-publish","hentry"],"acf":[],"_links":{"self":[{"href":"https:\/\/elbschule.hamburg.de\/index.php?rest_route=\/wp\/v2\/pages\/4505","targetHints":{"allow":["GET"]}}],"collection":[{"href":"https:\/\/elbschule.hamburg.de\/index.php?rest_route=\/wp\/v2\/pages"}],"about":[{"href":"https:\/\/elbschule.hamburg.de\/index.php?rest_route=\/wp\/v2\/types\/page"}],"author":[{"embeddable":true,"href":"https:\/\/elbschule.hamburg.de\/index.php?rest_route=\/wp\/v2\/users\/207"}],"replies":[{"embeddable":true,"href":"https:\/\/elbschule.hamburg.de\/index.php?rest_route=%2Fwp%2Fv2%2Fcomments&post=4505"}],"version-history":[{"count":3,"href":"https:\/\/elbschule.hamburg.de\/index.php?rest_route=\/wp\/v2\/pages\/4505\/revisions"}],"predecessor-version":[{"id":4513,"href":"https:\/\/elbschule.hamburg.de\/index.php?rest_route=\/wp\/v2\/pages\/4505\/revisions\/4513"}],"wp:attachment":[{"href":"https:\/\/elbschule.hamburg.de\/index.php?rest_route=%2Fwp%2Fv2%2Fmedia&parent=4505"}],"curies":[{"name":"wp","href":"https:\/\/api.w.org\/{rel}","templated":true}]}}