{"id":4476,"date":"2024-01-29T13:55:58","date_gmt":"2024-01-29T13:55:58","guid":{"rendered":"https:\/\/elbschule.hamburg.de\/?page_id=4476"},"modified":"2024-01-29T13:56:53","modified_gmt":"2024-01-29T13:56:53","slug":"markulland-zu-besuch-an-der-elbschule","status":"publish","type":"page","link":"https:\/\/elbschule.hamburg.de\/?page_id=4476","title":{"rendered":"Markulland zu Besuch an der Elbschule"},"content":{"rendered":"<p>Am 17.11.2023 besuchte Martin Kulda alias Markulland unsere Schule.<\/p>\n<p>Er ist eine bekannte Pers\u00f6nlichkeit in der Geh\u00f6rlosengemeinschaft und kommt aus Tschechien. Er hat viele Follower auf Instagram. Im Laufe der Zeit hat er sich ein gro\u00dfes Wissen \u00fcber die Tierwelt angeeignet und gilt als Experte f\u00fcr das Leben und Zusammenleben verschiedener Tiere und Tierarten.<\/p>\n<p>Wir von der Elbschule hatten dank der Organisation von Frau Goldschmidt die M\u00f6glichkeit, Martin Kulda zu uns an die Elbschule einzuladen. Durch seinen Besuch beim Geh\u00f6rlosenverband Hamburg am darauffolgenden Tag hatten wir die Gelegenheit, ihn bereits am Freitag f\u00fcr einen Vortrag bei uns in der Elbschule zu gewinnen.<\/p>\n<p>So hielt er am Freitag, den 17.11.2023 im zweiten Block von 10:00 bis 11:30 Uhr einen Vortrag f\u00fcr alle Sch\u00fclerinnen und Sch\u00fcler ab Klasse 4. Sein Thema war die Symbiose verschiedener Tiere in der Natur.<\/p>\n<p>Einfach ausgedr\u00fcckt bedeutet Symbiose, dass zwei verschiedene Tierarten zusammenleben und sich gegenseitig helfen. Martin Kulda veranschaulichte seinen Vortrag lebhaft mit vielen Bildern, einigen Filmen. Dabei benutzte er internationalen Geb\u00e4rden. Zwei Dolmetscherinnen \u00fcbersetzten seinen Vortrag: Eine Dolmetscherin \u00fcbersetzte seine internationalen Geb\u00e4rden in die Deutsche Geb\u00e4rdensprache und eine zweite Dolmetscherin \u00fcbersetzte von der Deutschen Geb\u00e4rdensprache in die deutsche Lautsprache.<\/p>\n<p>In seinem Vortrag bezog Martin Kulda das Publikum mit ein, indem er die Sch\u00fclerinnen und Sch\u00fcler raten lie\u00df, ob Tiere in einer Symbiose leben und wie die Tiere davon profitieren. Ein Beispiel: Der Madenfresser, ein Vogel, sitzt auf dem R\u00fccken eines Elefanten. Der Vogel frisst die Parasiten, die auf dem Elefanten leben. Dadurch hat der Elefant weniger Parasiten und der Vogel bekommt Nahrung. Mit seinem Vortrag zeigte Martin Kulda, dass Symbiosen ein faszinierendes Beispiel f\u00fcr die Zusammenarbeit von Tierarten in der Natur sind.<\/p>\n<p>Nach seinem Vortrag wurde Martin Kulda von vielen Sch\u00fclerinnen und Sch\u00fclern umringt, die Autogramme und Fotos mit ihm haben wollten.<\/p>\n<p>Anschlie\u00dfend f\u00fchrten Mohammad Solajmani und Emily Braun (Klasse 10a1) ein Interview mit Martin Kulda.<\/p>\n<p>Mit seinem lebendigen und anschaulichen Vortrag \u00fcber verschiedene Symbiosen in der Tierwelt erweiterte Martin Kulda den Blick der Sch\u00fclerinnen und Sch\u00fcler auf die Tierwelt. Er machte deutlich, dass in der Tierwelt sehr viele Tierarten zusammenleben und sich gegenseitig unterst\u00fctzen.<\/p>\n<p>&nbsp;<\/p>\n<p>Christian Borgwardt<\/p>\n<div class=\"external_content_blocker_container\" data-content-rel=\"youtube\" data-content-replacement=\"%3Ciframe%20title%3D%22Interview%20Elbschule%20mit%20Martin%20Kulda%20%2F%20Markulland%22%20width%3D%22474%22%20height%3D%22267%22%20src%3D%22https%3A%2F%2Fwww.youtube-nocookie.com%2Fembed%2FBlV2TgA_zOk%3Ffeature%3Doembed%22%20frameborder%3D%220%22%20allow%3D%22accelerometer%3B%20autoplay%3B%20clipboard-write%3B%20encrypted-media%3B%20gyroscope%3B%20picture-in-picture%3B%20web-share%22%20referrerpolicy%3D%22strict-origin-when-cross-origin%22%20allowfullscreen%3E%3C%2Fiframe%3E\" data-content-domain=\"www.youtube-nocookie.com\" data-content-site-id=\"127\" data-additional-tags=\"false\" style=\"padding:24px 12px;color:#0f0f0f;border-radius:0px;background-color:#ececec;\">\n<div class=\"external_content_blocker_wrapper\">\n<div class=\"external_content_blocker_content\">\n<div class=\"external_content_blocker_text\" style=\"\">\n<p>Bei Aktivierung des Videos werden Daten an Google \u00fcbermittelt. <br \/><a href=\"https:\/\/policies.google.com\/privacy?hl=de&amp;gl=de\" target=\"_blank\" rel=\"noopener\">Datenschutzerkl\u00e4rung von Google<\/a><\/p>\n<\/div>\n<div class=\"external_content_blocker_button\"><a class=\"enable-external-content\" href=\"#enable_external_content\" style=\"padding:5px 15px;border-radius:3px;background-color:#ff0000;color:#ffffff;\" >YouTube-Video laden<\/a><a class=\"enable-all-external-content\" href=\"#enable_all_external_content\" data-content-rel=\"youtube\" style=\"padding:5px 15px;border-radius:3px;background-color:#ff0000;color:#ffffff;\">YouTube-Videos immer laden<\/a><\/div>\n<div class=\"external_content_blocker_global_link\"><a href=\"#enable_global_external_content\" style=\"color:#0f0f0f;\">Externen Inhalte immer anzeigen<\/a><\/div>\n<\/div>\n<\/div>\n<\/div>\n","protected":false},"excerpt":{"rendered":"<p>Am 17.11.2023 besuchte Martin Kulda alias Markulland unsere Schule. Er ist eine bekannte Pers\u00f6nlichkeit in der Geh\u00f6rlosengemeinschaft und kommt aus Tschechien. Er hat viele Follower auf Instagram. Im Laufe der Zeit hat er sich ein gro\u00dfes Wissen \u00fcber die Tierwelt angeeignet und gilt als Experte f\u00fcr das Leben und Zusammenleben verschiedener Tiere und Tierarten. Wir &hellip; <a href=\"https:\/\/elbschule.hamburg.de\/?page_id=4476\" class=\"more-link\"><span class=\"screen-reader-text\">Markulland zu Besuch an der Elbschule<\/span> weiterlesen <span class=\"meta-nav\">&rarr;<\/span><\/a><\/p>\n","protected":false},"author":195,"featured_media":0,"parent":0,"menu_order":0,"comment_status":"closed","ping_status":"closed","template":"","meta":{"_acf_changed":false,"footnotes":""},"class_list":["post-4476","page","type-page","status-publish","hentry"],"acf":[],"_links":{"self":[{"href":"https:\/\/elbschule.hamburg.de\/index.php?rest_route=\/wp\/v2\/pages\/4476","targetHints":{"allow":["GET"]}}],"collection":[{"href":"https:\/\/elbschule.hamburg.de\/index.php?rest_route=\/wp\/v2\/pages"}],"about":[{"href":"https:\/\/elbschule.hamburg.de\/index.php?rest_route=\/wp\/v2\/types\/page"}],"author":[{"embeddable":true,"href":"https:\/\/elbschule.hamburg.de\/index.php?rest_route=\/wp\/v2\/users\/195"}],"replies":[{"embeddable":true,"href":"https:\/\/elbschule.hamburg.de\/index.php?rest_route=%2Fwp%2Fv2%2Fcomments&post=4476"}],"version-history":[{"count":2,"href":"https:\/\/elbschule.hamburg.de\/index.php?rest_route=\/wp\/v2\/pages\/4476\/revisions"}],"predecessor-version":[{"id":4478,"href":"https:\/\/elbschule.hamburg.de\/index.php?rest_route=\/wp\/v2\/pages\/4476\/revisions\/4478"}],"wp:attachment":[{"href":"https:\/\/elbschule.hamburg.de\/index.php?rest_route=%2Fwp%2Fv2%2Fmedia&parent=4476"}],"curies":[{"name":"wp","href":"https:\/\/api.w.org\/{rel}","templated":true}]}}