{"id":4446,"date":"2023-12-10T10:41:46","date_gmt":"2023-12-10T10:41:46","guid":{"rendered":"https:\/\/elbschule.hamburg.de\/?page_id=4446"},"modified":"2023-12-10T10:41:46","modified_gmt":"2023-12-10T10:41:46","slug":"berufsberatung-an-der-elbschule-interview-mit-susanne-schroeder","status":"publish","type":"page","link":"https:\/\/elbschule.hamburg.de\/?page_id=4446","title":{"rendered":"Berufsberatung an der Elbschule &#8211; Interview mit Susanne Schroeder"},"content":{"rendered":"<p><a href=\"https:\/\/elbschule.hamburg.de\/wp-content\/uploads\/sites\/127\/2023\/12\/IMG_3738-rotated.jpg\" data-rel=\"lightbox\" data-rl_title=\"\" data-rl_caption=\"\" title=\"\"><img loading=\"lazy\" decoding=\"async\" class=\"aligncenter size-full wp-image-4445\" src=\"https:\/\/elbschule.hamburg.de\/wp-content\/uploads\/sites\/127\/2023\/12\/IMG_3738-rotated.jpg\" alt=\"\" width=\"640\" height=\"480\" srcset=\"https:\/\/elbschule.hamburg.de\/wp-content\/uploads\/sites\/127\/2023\/12\/IMG_3738-rotated.jpg 640w, https:\/\/elbschule.hamburg.de\/wp-content\/uploads\/sites\/127\/2023\/12\/IMG_3738-300x225.jpg 300w\" sizes=\"auto, (max-width: 640px) 100vw, 640px\" \/><\/a><\/p>\n<ol>\n<li><strong><em>Welche M\u00f6glichkeiten der Berufsvorbereitung, insbesondere der individuellen<\/em><\/strong><em> <strong>Beratung gibt es an der Elbschule? <\/strong><\/em><\/li>\n<\/ol>\n<ul>\n<li>Claudia Wenzel vom Netzwerk Berufsorientierung (BO) ber\u00e4t h\u00f6rgesch\u00e4digte Sch\u00fcler:innen der Abgangsklassen<\/li>\n<li>Grunds\u00e4tzlich sind Thomas Nedden und ich f\u00fcr alle Sch\u00fcler:innen der Klassenstufen 9 ( nur Abt. I) bis 11 zust\u00e4ndig, f\u00fcr Abt.II wird eine ebenfalls gute personelle L\u00f6sung durch eine Lehrkraft der Elbschule noch gesucht.<\/li>\n<li>Wir werden unterst\u00fctzt durch die Klassenlehrkr\u00e4fte und Lehrkr\u00e4fte, die Arbeit&amp;Beruf unterrichten<\/li>\n<li>Wie andere Jugendliche erhalten unsere Sch\u00fcler:innen auch Beratung durch die Agentur f\u00fcr Arbeit (Reha-Abteilung oder Jugend Berufsagentur) und das HIBB (Hamburger Institut f\u00fcr berufliche Bildung).<\/li>\n<\/ul>\n<ol start=\"2\">\n<li><strong><em>Wie kam es dazu, dass ihr nun auch in diesem Bereich t\u00e4tig seid?<\/em><\/strong><\/li>\n<\/ol>\n<p>Die individuelle Berufsberatung kam an unserer Schule bisher zu kurz. Das lag auch daran, dass wir nicht -wie andere Stadtteilschulen- eine kooperierende Berufsschule haben. Frau Wenzel ist aber nur f\u00fcr Sch\u00fcler:innen mit sonderp\u00e4d. F\u00f6rderbedarf zust\u00e4ndig und Frau Thomas konnte auch nicht alle \u00fcbrigen Sch\u00fcler:innen beraten. Da aber alle Sch\u00fcler:innen das Recht und den Bedarf an individueller Berufsberatung haben, habe ich mich in diesem Bereich fortgebildet und mit Thomas Nedden ein Konzept zur Berufsberatung an der Elbschule erstellt, das wir jetzt testen und in den n\u00e4chsten Jahren sicherlich noch anpassen werden.<\/p>\n<ol start=\"3\">\n<li><strong><em>Habt ihr Fortbildungen dazu gemacht, wenn ja, welche\/wo?<\/em><\/strong><\/li>\n<\/ol>\n<ul>\n<li>Online-Fortbildung \u201eBerufswahltests effizient einsetzen\u201c des Li Hamburg<\/li>\n<li>Online-Fortbildung \u201eWerte, St\u00e4rken und Lebensziele entdecken und reflektieren\u201c des Li Hamburg<\/li>\n<li>Online-Veranstaltung \u201eHamburger Berufsbildungsatlas \u201eichblickdurch.de\u201c\u201c des Sekretariats f\u00fcr Kooperation (SfK)<\/li>\n<li>Hospitation an der Albert-Schweitzer-Schule bei Erstberatungen von Neuntkl\u00e4ssler:innen zur Berufs- und Studienorientierung<\/li>\n<li>Online-Workshop \u201eKlischeefreie Berufs- und Studienwahl\u201c des LI Hamburg<\/li>\n<li>Hospitation bei Berufsberatungsgespr\u00e4chen durch Frau Wenzel (Netzwerk BO) an der Elbschule<\/li>\n<li>\u201eKick-off-Veranstaltung Praxisklassen\u201c der BSB (Beh\u00f6rde f\u00fcr Schule und Berufsbildung) Hamburg<\/li>\n<li>Fortbildung \u201eWie eine Praxisklasse anschieben?\u201c des Li Hamburg<\/li>\n<li>\u201eBerufe-Rallye f\u00fcr Lehrkr\u00e4fte\u201c des Li Hamburg<\/li>\n<li>\u201eBerufsvorbereitende Ma\u00dfnahmen f\u00fcr Menschen mit H\u00f6rsch\u00e4digung und Menschen mit psychischen Beeintr\u00e4chtigungen\u201c des TSBW (Theodor-Sch\u00e4fer-Bildungswerk) Husum<\/li>\n<li>BOSO-Team (Berufs- und Studienorientierung) Netzwerktreffen der BSB Hamburg<\/li>\n<\/ul>\n<ol start=\"4\">\n<li><strong><em>Wie viele Stunden pro Woche sind f\u00fcr die Berufsberatung eingeplant?<\/em><\/strong><\/li>\n<\/ol>\n<p>Claudia Wenzel hat zur Zeit sieben Unterrichtsstunden (n\u00e4chstes Halbjahr nur noch drei), Thomas Nedden zwei und ich habe vier Unterrichtsstunden f\u00fcr die Beratungen.<\/p>\n<ol start=\"5\">\n<li><strong><em>Wo f\u00fchrt ihr die Gespr\u00e4che?<\/em><\/strong><\/li>\n<\/ol>\n<p>Es gibt im ersten Obergeschoss einen Beratungsraum (A165). Dort finden die interkulturelle Beratung sowie die Berufsberatung statt.<\/p>\n<ol start=\"6\">\n<li><strong><em>Wie geht ihr dabei vor?<\/em><\/strong><\/li>\n<\/ol>\n<p>Zun\u00e4chst ist es wichtig, eine Beziehung und ein vertrauensvolles Klima aufzubauen. Dann stellen wir sehr viele Fragen zur Person, zum sozialen Umfeld, zu Praktika, zu St\u00e4rken, W\u00fcnschen und Pl\u00e4nen. Falls jemand noch gar nicht gut orientiert ist, nutzen wir (Online-) Tools, um St\u00e4rken zu erkennen bzw. Berufsvorschl\u00e4ge zu erhalten, die gut zu den F\u00e4higkeiten und Interessen passen. Wenn ein Plan A und ein Plan B erarbeitet wurde, arbeiten wir gemeinsam daran, die notwenigen Schritte einzuleiten. Die Beratung wird sorgf\u00e4ltig dokumentiert, damit alle Beteiligten den Beratungsprozess gut nachvollziehen k\u00f6nnen.<\/p>\n<ol start=\"7\">\n<li><strong><em>Habt ihr konkrete Vorschl\u00e4ge f\u00fcr Ausbildungsbetriebe\/ Berufsfelder?<\/em><\/strong><\/li>\n<\/ol>\n<p>So pauschal ist das schwer zu sagen. Es w\u00e4re ja w\u00fcnschenswert, dass individuelle F\u00e4higkeiten und Interessen zu den Bedarfen auf dem Arbeitsmarkt passen.\u00a0 Aktuell gibt es gute Chancen f\u00fcr einen Ausbildungsplatz in folgenden Bereichen:<\/p>\n<p><a href=\"https:\/\/elbschule.hamburg.de\/wp-content\/uploads\/sites\/127\/2023\/12\/Grafik.jpg\" data-rel=\"lightbox\" data-rl_title=\"\" data-rl_caption=\"\" title=\"\"><img loading=\"lazy\" decoding=\"async\" class=\"aligncenter size-full wp-image-4450\" src=\"https:\/\/elbschule.hamburg.de\/wp-content\/uploads\/sites\/127\/2023\/12\/Grafik.jpg\" alt=\"\" width=\"454\" height=\"188\" srcset=\"https:\/\/elbschule.hamburg.de\/wp-content\/uploads\/sites\/127\/2023\/12\/Grafik.jpg 454w, https:\/\/elbschule.hamburg.de\/wp-content\/uploads\/sites\/127\/2023\/12\/Grafik-300x124.jpg 300w\" sizes=\"auto, (max-width: 454px) 100vw, 454px\" \/><\/a>Quelle: Statistik der Bundesagentur f\u00fcr Arbeit<\/p>\n<ol start=\"8\">\n<li><strong><em>Wie h\u00e4ufig f\u00fchrt ihr Gespr\u00e4che mit einem\/einer Sch\u00fcler:in?<\/em><\/strong><\/li>\n<\/ol>\n<p>Das h\u00e4ngt vom individuellen Bedarf ab. Einige Sch\u00fcler:innen sehen wir nur ein- oder zweimal, weil sie sehr gut orientiert sind und viel Unterst\u00fctzung zu Hause bekommen. Andere sprechen wir ganz regelm\u00e4\u00dfig.<\/p>\n<ol start=\"9\">\n<li><strong><em>Gibt es dar\u00fcber hinaus eine Zusammenarbeit mit den Eltern hinsichtlich der Berufsfindung ihres Kindes?<\/em><\/strong><\/li>\n<\/ol>\n<p>Ja, auch das ist abh\u00e4ngig vom individuellen Bedarf.<\/p>\n<p><strong>Vielen Dank f\u00fcr das Interview, Frau Schroeder!<\/strong><\/p>\n<p>Katharina von Puttkamer<\/p>\n","protected":false},"excerpt":{"rendered":"<p>Welche M\u00f6glichkeiten der Berufsvorbereitung, insbesondere der individuellen Beratung gibt es an der Elbschule? Claudia Wenzel vom Netzwerk Berufsorientierung (BO) ber\u00e4t h\u00f6rgesch\u00e4digte Sch\u00fcler:innen der Abgangsklassen Grunds\u00e4tzlich sind Thomas Nedden und ich f\u00fcr alle Sch\u00fcler:innen der Klassenstufen 9 ( nur Abt. I) bis 11 zust\u00e4ndig, f\u00fcr Abt.II wird eine ebenfalls gute personelle L\u00f6sung durch eine Lehrkraft der &hellip; <a href=\"https:\/\/elbschule.hamburg.de\/?page_id=4446\" class=\"more-link\"><span class=\"screen-reader-text\">Berufsberatung an der Elbschule &#8211; Interview mit Susanne Schroeder<\/span> weiterlesen <span class=\"meta-nav\">&rarr;<\/span><\/a><\/p>\n","protected":false},"author":207,"featured_media":0,"parent":0,"menu_order":0,"comment_status":"closed","ping_status":"closed","template":"","meta":{"_acf_changed":false,"footnotes":""},"class_list":["post-4446","page","type-page","status-publish","hentry"],"acf":[],"_links":{"self":[{"href":"https:\/\/elbschule.hamburg.de\/index.php?rest_route=\/wp\/v2\/pages\/4446","targetHints":{"allow":["GET"]}}],"collection":[{"href":"https:\/\/elbschule.hamburg.de\/index.php?rest_route=\/wp\/v2\/pages"}],"about":[{"href":"https:\/\/elbschule.hamburg.de\/index.php?rest_route=\/wp\/v2\/types\/page"}],"author":[{"embeddable":true,"href":"https:\/\/elbschule.hamburg.de\/index.php?rest_route=\/wp\/v2\/users\/207"}],"replies":[{"embeddable":true,"href":"https:\/\/elbschule.hamburg.de\/index.php?rest_route=%2Fwp%2Fv2%2Fcomments&post=4446"}],"version-history":[{"count":6,"href":"https:\/\/elbschule.hamburg.de\/index.php?rest_route=\/wp\/v2\/pages\/4446\/revisions"}],"predecessor-version":[{"id":4453,"href":"https:\/\/elbschule.hamburg.de\/index.php?rest_route=\/wp\/v2\/pages\/4446\/revisions\/4453"}],"wp:attachment":[{"href":"https:\/\/elbschule.hamburg.de\/index.php?rest_route=%2Fwp%2Fv2%2Fmedia&parent=4446"}],"curies":[{"name":"wp","href":"https:\/\/api.w.org\/{rel}","templated":true}]}}