{"id":4440,"date":"2023-12-03T15:23:49","date_gmt":"2023-12-03T15:23:49","guid":{"rendered":"https:\/\/elbschule.hamburg.de\/?page_id=4440"},"modified":"2023-12-03T15:23:49","modified_gmt":"2023-12-03T15:23:49","slug":"erkenntnisreich-eltern-lotsen-eltern-durch-die-medienwelt-ihrer-kinder","status":"publish","type":"page","link":"https:\/\/elbschule.hamburg.de\/?page_id=4440","title":{"rendered":"Erkenntnisreich &#8211; Eltern lotsen Eltern durch die Medienwelt ihrer Kinder"},"content":{"rendered":"<p><strong>E<\/strong>ltern<strong>M<\/strong>edien<strong>L<\/strong>otsen veranstalten medienp\u00e4dagogische Elterntreffen, damit sich Erwachsene im digitalen Dschungel besser orientieren k\u00f6nnen. Diese richten sich an alle Eltern, deren Kinder entweder die 1.-4. Klasse oder die 5.-6. Klasse besuchen oder zwischen 3-6 Jahre alt sind. Tr\u00e4ger dieses Programms ist der Sender TIDE (Hamburgs crossmedialer B\u00fcrgersender und Ausbildungskanal) und wird gef\u00f6rdert durch die Hamburger Beh\u00f6rde f\u00fcr Schule und Berufsbildung (BSB) und die Beh\u00f6rde f\u00fcr Arbeit, Soziales, Familie und Integration (BASFI).<\/p>\n<p>Diese besondere Veranstaltung f\u00fcr Eltern wurde von der <strong>E<\/strong>ltern<strong>M<\/strong>edien<strong>L<\/strong>otsin und Sozialp\u00e4dagogin Luise Westerhaus durchgef\u00fchrt. Anneke H\u00e4nel, die f\u00fcr die digitale Entwicklung an der Elbschule t\u00e4tig ist, und Johanna Schmidt de Cevallos, die f\u00fcr das Thema Kindesgef\u00e4hrdung zust\u00e4ndig ist, hatten diese Einladung an die Elbschule initiiert, der zwanzig Teilnehmer:innen am Abend des 14.11.2023\u00a0 gefolgt waren. Kommunikativ unterst\u00fctzt wurde der Abend von drei Dolmetscherinnen, zwei f\u00fcr die Deutsche und eine f\u00fcr die Ukrainische (Russische) Geb\u00e4rdensprache.<\/p>\n<p>Luise Westerhaus sprach viele Gedanken und Bef\u00fcrchtungen hinsichtlich des Medienkonsums der Kinder aus Elternsicht aus und regte dadurch zum Gespr\u00e4ch an. Die Pandemie habe das Verhalten der Kinder ver\u00e4ndert in Richtung R\u00fcckzug an den Computer. Es g\u00e4be viel seltener analoge Begegnungen der Kinder untereinander als vor der Pandemie. Sie gab Denkanst\u00f6\u00dfe wie \u201eEltern sind die Leitplanken beim Mediengebrauch\u201c \u2013 das bedeutet, dass einerseits Verst\u00e4ndnis wichtig sei, um in den Kontakt mit den Jugendlichen in deren Medienwelt zu kommen, andererseits sollten die Eltern den Mut haben, bei ihren Kindern, die zwischen elf und vierzehn Jahre alt sind, noch mal etwas zu ver\u00e4ndern bez\u00fcglich der Regeln beim Mediengebrauch. Oft seien die Kinder dankbar f\u00fcr Grenzen, die ihnen gesetzt werden \u2013 im Nachhinein. Luise Westerhaus legte den Eltern nahe, dass sie mit ihren Kindern gemeinsam starten bei Facebook, Instagram, TikTok usw. und sie wissen lassen, dass sie \u201abefreundet\u2018 sind und somit Kontrolle haben \u00fcber das, was \u00f6ffentlich gemacht werde.<\/p>\n<p>Soziale Medien bergen Risiken, aber auch Chancen. Dabei gibt es folgende Ansatzpunkte f\u00fcr den Umgang mit dem Medienkonsum: Bewusste \u201aoffline-Zeiten\u2018 als Familienzeiten zu vereinbaren (Mahlzeiten, Unternehmungen, gemeinsame Aktivit\u00e4ten), um zu zeigen, dass analoge Zeit auch sch\u00f6n sein kann. Eltern haben eine Vorbildfunktion, das bedeutet, dass auch sie nicht nur digital unterwegs sein sollten. Sie sollten sich informieren, ihre eigene Medienkompetenz st\u00e4rken, die Inhalte \u00fcberpr\u00fcfen, mit denen sich ihre Kinder besch\u00e4ftigen, und auch mal \u201eNein\u201c sagen, wenn sie nicht einverstanden sind. Wichtig sei es, Verst\u00e4ndnis f\u00fcr die Faszination der Medien aufzubringen, Ansprechpartner zu bleiben und gemeinsam Spa\u00df zu haben. Diese Veranstaltung hat allen Teilnehmenden eine Menge Impulse und Anregungen gegeben, wie Eltern ihre Kinder durch den Medienkonsum unterst\u00fctzend und besch\u00fctzend begleiten k\u00f6nnen.<\/p>\n<p>Katharina von Puttkamer<\/p>\n<p>&nbsp;<\/p>\n<p><strong>\u00a0<\/strong><\/p>\n","protected":false},"excerpt":{"rendered":"<p>ElternMedienLotsen veranstalten medienp\u00e4dagogische Elterntreffen, damit sich Erwachsene im digitalen Dschungel besser orientieren k\u00f6nnen. Diese richten sich an alle Eltern, deren Kinder entweder die 1.-4. Klasse oder die 5.-6. Klasse besuchen oder zwischen 3-6 Jahre alt sind. Tr\u00e4ger dieses Programms ist der Sender TIDE (Hamburgs crossmedialer B\u00fcrgersender und Ausbildungskanal) und wird gef\u00f6rdert durch die Hamburger Beh\u00f6rde &hellip; <a href=\"https:\/\/elbschule.hamburg.de\/?page_id=4440\" class=\"more-link\"><span class=\"screen-reader-text\">Erkenntnisreich &#8211; Eltern lotsen Eltern durch die Medienwelt ihrer Kinder<\/span> weiterlesen <span class=\"meta-nav\">&rarr;<\/span><\/a><\/p>\n","protected":false},"author":207,"featured_media":0,"parent":0,"menu_order":0,"comment_status":"closed","ping_status":"closed","template":"","meta":{"_acf_changed":false,"footnotes":""},"class_list":["post-4440","page","type-page","status-publish","hentry"],"acf":[],"_links":{"self":[{"href":"https:\/\/elbschule.hamburg.de\/index.php?rest_route=\/wp\/v2\/pages\/4440","targetHints":{"allow":["GET"]}}],"collection":[{"href":"https:\/\/elbschule.hamburg.de\/index.php?rest_route=\/wp\/v2\/pages"}],"about":[{"href":"https:\/\/elbschule.hamburg.de\/index.php?rest_route=\/wp\/v2\/types\/page"}],"author":[{"embeddable":true,"href":"https:\/\/elbschule.hamburg.de\/index.php?rest_route=\/wp\/v2\/users\/207"}],"replies":[{"embeddable":true,"href":"https:\/\/elbschule.hamburg.de\/index.php?rest_route=%2Fwp%2Fv2%2Fcomments&post=4440"}],"version-history":[{"count":1,"href":"https:\/\/elbschule.hamburg.de\/index.php?rest_route=\/wp\/v2\/pages\/4440\/revisions"}],"predecessor-version":[{"id":4441,"href":"https:\/\/elbschule.hamburg.de\/index.php?rest_route=\/wp\/v2\/pages\/4440\/revisions\/4441"}],"wp:attachment":[{"href":"https:\/\/elbschule.hamburg.de\/index.php?rest_route=%2Fwp%2Fv2%2Fmedia&parent=4440"}],"curies":[{"name":"wp","href":"https:\/\/api.w.org\/{rel}","templated":true}]}}