{"id":4400,"date":"2023-11-25T11:39:29","date_gmt":"2023-11-25T11:39:29","guid":{"rendered":"https:\/\/elbschule.hamburg.de\/?page_id=4400"},"modified":"2023-11-25T11:39:29","modified_gmt":"2023-11-25T11:39:29","slug":"heldenhaft-kika-an-der-elbschule","status":"publish","type":"page","link":"https:\/\/elbschule.hamburg.de\/?page_id=4400","title":{"rendered":"Heldenhaft \u2013 KIKA an der Elbschule"},"content":{"rendered":"<p><strong> <div id=\"metaslider-id-4410\" style=\"max-width: 640px; margin: 0 auto;\" class=\"ml-slider-3-107-0 metaslider metaslider-responsive metaslider-4410 ml-slider has-dots-nav ms-theme-default\" role=\"region\" aria-label=\"Heldenhaft\" data-height=\"480\" data-width=\"640\">\n    <div id=\"metaslider_container_4410\">\n        <ul id='metaslider_4410' class='rslides'>\n            <li aria-roledescription='slide' aria-labelledby='slide-0'><img loading=\"lazy\" decoding=\"async\" src=\"https:\/\/elbschule.hamburg.de\/wp-content\/uploads\/sites\/127\/2023\/11\/Elbschule1-640x480.jpeg\" height=\"480\" width=\"640\" alt=\"\" class=\"slider-4410 slide-4417 msDefaultImage\" title=\"Elbschule1\" \/><\/li>\n            <li style='display: none;' aria-roledescription='slide' aria-labelledby='slide-1'><img loading=\"lazy\" decoding=\"async\" src=\"https:\/\/elbschule.hamburg.de\/wp-content\/uploads\/sites\/127\/2023\/11\/Elbschule2-640x480.jpg\" height=\"480\" width=\"640\" alt=\"\" class=\"slider-4410 slide-4416 msDefaultImage\" title=\"Elbschule2\" \/><\/li>\n            <li style='display: none;' aria-roledescription='slide' aria-labelledby='slide-2'><img loading=\"lazy\" decoding=\"async\" src=\"https:\/\/elbschule.hamburg.de\/wp-content\/uploads\/sites\/127\/2023\/11\/Elbschule3-640x480.jpg\" height=\"480\" width=\"640\" alt=\"\" class=\"slider-4410 slide-4415 msDefaultImage\" title=\"Elbschule3\" \/><\/li>\n            <li style='display: none;' aria-roledescription='slide' aria-labelledby='slide-3'><img loading=\"lazy\" decoding=\"async\" src=\"https:\/\/elbschule.hamburg.de\/wp-content\/uploads\/sites\/127\/2023\/11\/Elbschule7-scaled-640x480.jpg\" height=\"480\" width=\"640\" alt=\"\" class=\"slider-4410 slide-4411 msDefaultImage\" title=\"Elbschule7\" \/><\/li>\n            <li style='display: none;' aria-roledescription='slide' aria-labelledby='slide-4'><img loading=\"lazy\" decoding=\"async\" src=\"https:\/\/elbschule.hamburg.de\/wp-content\/uploads\/sites\/127\/2023\/11\/Elbschule6.jpg\" height=\"480\" width=\"640\" alt=\"\" class=\"slider-4410 slide-4412 msDefaultImage\" title=\"Elbschule6\" \/><\/li>\n            <li style='display: none;' aria-roledescription='slide' aria-labelledby='slide-5'><img loading=\"lazy\" decoding=\"async\" src=\"https:\/\/elbschule.hamburg.de\/wp-content\/uploads\/sites\/127\/2023\/11\/Elbschule5-scaled-640x480.jpg\" height=\"480\" width=\"640\" alt=\"\" class=\"slider-4410 slide-4413 msDefaultImage\" title=\"Elbschule5\" \/><\/li>\n            <li style='display: none;' aria-roledescription='slide' aria-labelledby='slide-6'><img loading=\"lazy\" decoding=\"async\" src=\"https:\/\/elbschule.hamburg.de\/wp-content\/uploads\/sites\/127\/2023\/11\/Elbschule4.jpg\" height=\"480\" width=\"640\" alt=\"\" class=\"slider-4410 slide-4414 msDefaultImage\" title=\"Elbschule4\" \/><\/li>\n        <\/ul>\n        \n    <\/div>\n<\/div><\/strong><\/p>\n<p>Die Klasse 5\/6a hatte Besuch von einem Filmteam des Kindersenders KIKA.<\/p>\n<p>In dem w\u00f6chentlichen Medienmagazin \u201eTeam Timster\u201c f\u00fcr Sieben- bis Elfj\u00e4hrige werden im KIKA Entwicklungen und Ideen zu Apps und Computerspielen erkl\u00e4rt. In einer Folge zum Thema \u201eHeldinnen und Helden\u201c sollte es um die Frage gehen: \u201e<strong>Was machte eine Heldin\/ einen Helden aus und wie kann ich selbst heldenhaft werden?<\/strong>\u201c. Dazu hatte der NDR die Elbschule angefragt auf der Suche nach Meinungen von Kindern der Zielgruppe.<\/p>\n<p>Die Klasse 5\/6a hatte sich zuvor im Deutschunterricht genauer mit verschiedenen Held:innen auseinandergesetzt: Wo gibt es \u00fcberall Helden und welche Eigenschaften haben ein Held oder eine Heldin \u00fcberhaupt? Die Kinder haben verschiedene Heldinnen kennengelernt. Die Klasse hat zum Beispiel ein Comic gelesen \u00fcber Malala Yousafzai aus Pakistan, die als j\u00fcngster Mensch jemals einen Friedens-Nobelpreis bekommen hat.<\/p>\n<p>Am 5. September war es dann soweit: Es hie\u00df \u201eFilm ab!\u201c und die Drehaufnehmen konnten starten. Die Klasse 5\/6a hat an einem kleinen Comic-Zeichen-Workshop mit Tanja Esch teilgenommen. Tanja Esch ist eine Illustratorin und Comiczeichnerin und konnte einige Tricks und Kniffe zeigen, wie man seinen eigenen Helden zeichnen kann. Die Kinder der 5\/6a haben dann ihre Helden und Heldinnen gezeichnet. Moderator Tim Gailus von \u201eTeam Timster\u201c hat die Kinder anschlie\u00dfend zu ihren Held:innen befragt und ganz unterschiedliche Antworten erhalten:<\/p>\n<p>\u201eMein Held ist Super-Mario. Ich mag, dass er immer weiterl\u00e4uft und nie aufgibt. Auch wenn es anstrengend ist, l\u00e4uft er einfach weiter.\u201c<br \/>\n(Noel-David)<\/p>\n<p>\u201eMeine Heldinnen sind Amina &amp; Jamila Ouahid. Das sind zwei Zwillings-Schwestern aus Schweden. Die beiden sind geh\u00f6rlos und machen ganz sch\u00f6ne Geb\u00e4rdenpoesie. Ich habe die beiden beim Jugendfestival gesehen und die haben mich sehr fasziniert.\u201c (Amelia)<\/p>\n<p>\u201eMeine Heldin ist Wednesday aus der Netflix-Serie. Ich mag, dass sie ruhig ist und viel beobachtet. Und trotzdem findet sie am Ende alles raus.\u201c (Ulyana)<\/p>\n<p>Insgesamt war es ein sehr aufregender Drehtag f\u00fcr die Klasse 5\/6a. Die Regisseurin vom KIKA-Team hatte alles genau erkl\u00e4rt und manchmal musste eine Einstellung auch wiederholt werden.<\/p>\n<p>Der fertige Film wurde am 24.September, am Internationalen Tag der Geb\u00e4rdensprachen, ausgestrahlt. Er ist aber auch weiterhin in der KIKA-Mediathek zu finden:<br \/>\n<a href=\"https:\/\/www.kika.de\/team-timster\/videos\/heldinnen-und-helden-104\">https:\/\/www.kika.de\/team-timster\/videos\/heldinnen-und-helden-104<\/a><\/p>\n<p>Hier gibt es auch die M\u00f6glichkeit, sich eine Geb\u00e4rdensprachdolmetscherin einblenden zu lassen.<\/p>\n<p>Christian Grulich<\/p>\n","protected":false},"excerpt":{"rendered":"<p>Die Klasse 5\/6a hatte Besuch von einem Filmteam des Kindersenders KIKA. In dem w\u00f6chentlichen Medienmagazin \u201eTeam Timster\u201c f\u00fcr Sieben- bis Elfj\u00e4hrige werden im KIKA Entwicklungen und Ideen zu Apps und Computerspielen erkl\u00e4rt. In einer Folge zum Thema \u201eHeldinnen und Helden\u201c sollte es um die Frage gehen: \u201eWas machte eine Heldin\/ einen Helden aus und wie &hellip; <a href=\"https:\/\/elbschule.hamburg.de\/?page_id=4400\" class=\"more-link\"><span class=\"screen-reader-text\">Heldenhaft \u2013 KIKA an der Elbschule<\/span> weiterlesen <span class=\"meta-nav\">&rarr;<\/span><\/a><\/p>\n","protected":false},"author":207,"featured_media":0,"parent":0,"menu_order":0,"comment_status":"closed","ping_status":"closed","template":"","meta":{"_acf_changed":false,"footnotes":""},"class_list":["post-4400","page","type-page","status-publish","hentry"],"acf":[],"_links":{"self":[{"href":"https:\/\/elbschule.hamburg.de\/index.php?rest_route=\/wp\/v2\/pages\/4400","targetHints":{"allow":["GET"]}}],"collection":[{"href":"https:\/\/elbschule.hamburg.de\/index.php?rest_route=\/wp\/v2\/pages"}],"about":[{"href":"https:\/\/elbschule.hamburg.de\/index.php?rest_route=\/wp\/v2\/types\/page"}],"author":[{"embeddable":true,"href":"https:\/\/elbschule.hamburg.de\/index.php?rest_route=\/wp\/v2\/users\/207"}],"replies":[{"embeddable":true,"href":"https:\/\/elbschule.hamburg.de\/index.php?rest_route=%2Fwp%2Fv2%2Fcomments&post=4400"}],"version-history":[{"count":2,"href":"https:\/\/elbschule.hamburg.de\/index.php?rest_route=\/wp\/v2\/pages\/4400\/revisions"}],"predecessor-version":[{"id":4418,"href":"https:\/\/elbschule.hamburg.de\/index.php?rest_route=\/wp\/v2\/pages\/4400\/revisions\/4418"}],"wp:attachment":[{"href":"https:\/\/elbschule.hamburg.de\/index.php?rest_route=%2Fwp%2Fv2%2Fmedia&parent=4400"}],"curies":[{"name":"wp","href":"https:\/\/api.w.org\/{rel}","templated":true}]}}