{"id":42,"date":"2015-04-11T15:42:44","date_gmt":"2015-04-11T15:42:44","guid":{"rendered":"http:\/\/elbschule.schulhomepages.hamburg.de\/?page_id=42"},"modified":"2025-09-10T16:01:20","modified_gmt":"2025-09-10T16:01:20","slug":"schulprofil","status":"publish","type":"page","link":"https:\/\/elbschule.hamburg.de\/?page_id=42","title":{"rendered":"Schulprofil"},"content":{"rendered":"<p><strong>Schulprofil der Elbschule &#8211; Bildungszentrum H\u00f6ren und Kommunikation<\/strong><\/p>\n<p>Die Entwicklungschancen f\u00fcr Kinder mit einer H\u00f6rsch\u00e4digung sind in Hamburg au\u00dferordentlich gut. Wichtige Voraussetzungen hierf\u00fcr sind das Neugeborenen-H\u00f6rscreening, die berufsgruppen\u00fcbergreifende Zusammenarbeit zwischen P\u00e4dagogen, Medizinern und H\u00f6rger\u00e4te-Akustikern, das differenzierte Bildungssystem von der Fr\u00fchf\u00f6rderung bis zu den Schulabschl\u00fcssen sowie die Beratung &amp; Unterst\u00fctzung an berufsbildenden Schulen.<\/p>\n<p>Das p\u00e4dagogische Angebot der Elbschule richtet sich an Babys, Kleinkinder, Kinder und Jugendliche mit dem F\u00f6rderschwerpunkt \u201aH\u00f6ren und Kommunikation\u2018. Wir verstehen uns als Kompetenzzentrum, das f\u00fcr alle p\u00e4dagogischen Fragen im Zusammenhang mit einer Schwerh\u00f6rigkeit oder einer Geh\u00f6rlosigkeit zust\u00e4ndig ist. Im Jahr 2000 wurden die Schwerh\u00f6rigenschule Hamburg und die Samuel-Heinicke-Schule zu einer Schule zusammengef\u00fchrt, um dem ver\u00e4nderten Aufgabenfeld noch besser gerecht werden zu k\u00f6nnen. Wir haben diese Herausforderung angenommen und das Bildungszentrum gestaltet. Sowohl der lautsprachliche als auch der bilinguale Weg bieten alle Bildungsm\u00f6glichkeiten. Unsere Arbeit ist gepr\u00e4gt vom wechselseitigen Respekt f\u00fcr beide Wege. F\u00fcr die Wahl der Schulabteilung ist die Schwerpunktsprache jedes Sch\u00fclers und jeder Sch\u00fclerin ausschlaggebend (Lautsprache oder Geb\u00e4rdensprache). Der wechselseitige Respekt und die wechselseitige Anerkennung beider Kommunikations\u00adwege spiegeln sich auch in unserem <a href=\"https:\/\/elbschule.hamburg.de\/?page_id=43\">Leitbild <\/a>mit seinen handlungsleitenden Grunds\u00e4tzen wider.<\/p>\n<p>Unsere Sch\u00fclerschaft kommt aus ganz Hamburg. Knapp ein Drittel der Sch\u00fclerinnen und Sch\u00fcler wohnen in Schleswig-Holstein und in Niedersachsen. Sie besuchen die Elbschule als Gastsch\u00fcler.<\/p>\n<p>Das Bildungszentrum gliedert sich in drei Abteilungen. Die Abteilungsbezeichnungen geben Auskunft \u00fcber das &#8222;Programm&#8220;:<\/p>\n<ul>\n<li>I: Abteilung f\u00fcr lautsprachlichen Unterricht<\/li>\n<li>II: Abteilung f\u00fcr geb\u00e4rdenbegleiteten lautsprachlichen sowie bilingualen Unterricht<\/li>\n<li>III: Zentrum f\u00fcr Fr\u00fchf\u00f6rderung, P\u00e4dagogische Audiologie und ambulante Beratung und Unterst\u00fctzung H\u00f6rgesch\u00e4digter an allgemeinen und berufsbildenden Schulen<\/li>\n<\/ul>\n<p>Die beiden Schulabteilungen (I und II) haben denselben Organisationsaufbau: Grundschule, Stadtteilschule bis Jahrgang 10 und Klassen f\u00fcr Sch\u00fclerinnen und Sch\u00fcler mit zus\u00e4tzlichen F\u00f6rderbedarfen. Die Regelklassen beider Abteilungen schlie\u00dfen mit dem <a href=\"https:\/\/elbschule.hamburg.de\/?page_id=64\">Ersten allgemeinbildenden oder dem Mittleren Schulabschluss <\/a>ab. Unterrichtet werden die Sch\u00fclerinnen und Sch\u00fcler an der Elbschule zurzeit in 27 Klassen. Zum Kollegium geh\u00f6ren 83 Lehrkr\u00e4fte sowie 14 Sozialp\u00e4dagoginnen und Erzieherinnen. Unterst\u00fctzt wird das Kollegium von 15 Honorarkr\u00e4ften und 5 Schulbegleiterinnen.<\/p>\n<p style=\"text-align: left\"><strong><a href=\"https:\/\/elbschule.hamburg.de\/wp-content\/uploads\/sites\/127\/2015\/09\/witte.jpg\" data-rel=\"lightbox\" data-rl_title=\"\" data-rl_caption=\"\" title=\"\"><img loading=\"lazy\" decoding=\"async\" class=\"alignleft wp-image-678 size-full\" src=\"https:\/\/elbschule.hamburg.de\/wp-content\/uploads\/sites\/127\/2015\/09\/witte.jpg\" alt=\"\" width=\"370\" height=\"191\" srcset=\"https:\/\/elbschule.hamburg.de\/wp-content\/uploads\/sites\/127\/2015\/09\/witte.jpg 370w, https:\/\/elbschule.hamburg.de\/wp-content\/uploads\/sites\/127\/2015\/09\/witte-300x155.jpg 300w\" sizes=\"auto, (max-width: 370px) 100vw, 370px\" \/><\/a><\/strong><\/p>\n<p style=\"text-align: left\"><strong>\u00a0<\/strong><\/p>\n<p style=\"text-align: left\"><strong>Ulrike Witte<\/strong><br \/>\nSchulleiterin<br \/>\n040 &#8211; 428 485-0<br \/>\n<a href=\"mailto:Ulrike.Witte@bsfb.hamburg.de\">Ulrike.Witte@bsfb.hamburg.de<\/a><\/p>\n","protected":false},"excerpt":{"rendered":"<p>Schulprofil der Elbschule &#8211; Bildungszentrum H\u00f6ren und Kommunikation Die Entwicklungschancen f\u00fcr Kinder mit einer H\u00f6rsch\u00e4digung sind in Hamburg au\u00dferordentlich gut. Wichtige Voraussetzungen hierf\u00fcr sind das Neugeborenen-H\u00f6rscreening, die berufsgruppen\u00fcbergreifende Zusammenarbeit zwischen P\u00e4dagogen, Medizinern und H\u00f6rger\u00e4te-Akustikern, das differenzierte Bildungssystem von der Fr\u00fchf\u00f6rderung bis zu den Schulabschl\u00fcssen sowie die Beratung &amp; Unterst\u00fctzung an berufsbildenden Schulen. Das p\u00e4dagogische Angebot &hellip; <a href=\"https:\/\/elbschule.hamburg.de\/?page_id=42\" class=\"more-link\"><span class=\"screen-reader-text\">Schulprofil<\/span> weiterlesen <span class=\"meta-nav\">&rarr;<\/span><\/a><\/p>\n","protected":false},"author":207,"featured_media":0,"parent":0,"menu_order":0,"comment_status":"closed","ping_status":"closed","template":"","meta":{"_acf_changed":false,"footnotes":""},"class_list":["post-42","page","type-page","status-publish","hentry"],"acf":[],"_links":{"self":[{"href":"https:\/\/elbschule.hamburg.de\/index.php?rest_route=\/wp\/v2\/pages\/42","targetHints":{"allow":["GET"]}}],"collection":[{"href":"https:\/\/elbschule.hamburg.de\/index.php?rest_route=\/wp\/v2\/pages"}],"about":[{"href":"https:\/\/elbschule.hamburg.de\/index.php?rest_route=\/wp\/v2\/types\/page"}],"author":[{"embeddable":true,"href":"https:\/\/elbschule.hamburg.de\/index.php?rest_route=\/wp\/v2\/users\/207"}],"replies":[{"embeddable":true,"href":"https:\/\/elbschule.hamburg.de\/index.php?rest_route=%2Fwp%2Fv2%2Fcomments&post=42"}],"version-history":[{"count":2,"href":"https:\/\/elbschule.hamburg.de\/index.php?rest_route=\/wp\/v2\/pages\/42\/revisions"}],"predecessor-version":[{"id":5188,"href":"https:\/\/elbschule.hamburg.de\/index.php?rest_route=\/wp\/v2\/pages\/42\/revisions\/5188"}],"wp:attachment":[{"href":"https:\/\/elbschule.hamburg.de\/index.php?rest_route=%2Fwp%2Fv2%2Fmedia&parent=42"}],"curies":[{"name":"wp","href":"https:\/\/api.w.org\/{rel}","templated":true}]}}