{"id":4190,"date":"2023-06-29T11:42:33","date_gmt":"2023-06-29T11:42:33","guid":{"rendered":"https:\/\/elbschule.hamburg.de\/?page_id=4190"},"modified":"2023-06-29T11:42:33","modified_gmt":"2023-06-29T11:42:33","slug":"weltgroesstes-schulschachturnier-die-elbschule-war-dabei","status":"publish","type":"page","link":"https:\/\/elbschule.hamburg.de\/?page_id=4190","title":{"rendered":"Weltgr\u00f6\u00dftes Schulschachturnier &#8211; die Elbschule war dabei!"},"content":{"rendered":"<p><strong> <div id=\"metaslider-id-4222\" style=\"max-width: 640px; margin: 0 auto;\" class=\"ml-slider-3-107-0 metaslider metaslider-responsive metaslider-4222 ml-slider has-dots-nav ms-theme-default\" role=\"region\" aria-label=\"Schachturnier\" data-height=\"480\" data-width=\"640\">\n    <div id=\"metaslider_container_4222\">\n        <ul id='metaslider_4222' class='rslides'>\n            <li aria-roledescription='slide' aria-labelledby='slide-0'><img loading=\"lazy\" decoding=\"async\" src=\"https:\/\/elbschule.hamburg.de\/wp-content\/uploads\/sites\/127\/2023\/06\/Schach-XII-640x480.jpg\" height=\"480\" width=\"640\" alt=\"\" class=\"slider-4222 slide-4223 msDefaultImage\" title=\"Schach XII\" \/><\/li>\n            <li style='display: none;' aria-roledescription='slide' aria-labelledby='slide-1'><img loading=\"lazy\" decoding=\"async\" src=\"https:\/\/elbschule.hamburg.de\/wp-content\/uploads\/sites\/127\/2023\/06\/SChach-VII-640x480.jpeg\" height=\"480\" width=\"640\" alt=\"\" class=\"slider-4222 slide-4224 msDefaultImage\" title=\"SChach VII\" \/><\/li>\n            <li style='display: none;' aria-roledescription='slide' aria-labelledby='slide-2'><img loading=\"lazy\" decoding=\"async\" src=\"https:\/\/elbschule.hamburg.de\/wp-content\/uploads\/sites\/127\/2023\/06\/Schach-VI-640x480.jpeg\" height=\"480\" width=\"640\" alt=\"\" class=\"slider-4222 slide-4225 msDefaultImage\" title=\"Schach VI\" \/><\/li>\n            <li style='display: none;' aria-roledescription='slide' aria-labelledby='slide-3'><img loading=\"lazy\" decoding=\"async\" src=\"https:\/\/elbschule.hamburg.de\/wp-content\/uploads\/sites\/127\/2023\/06\/Schach-V-640x480.jpeg\" height=\"480\" width=\"640\" alt=\"\" class=\"slider-4222 slide-4226 msDefaultImage\" title=\"Schach V\" \/><\/li>\n            <li style='display: none;' aria-roledescription='slide' aria-labelledby='slide-4'><img loading=\"lazy\" decoding=\"async\" src=\"https:\/\/elbschule.hamburg.de\/wp-content\/uploads\/sites\/127\/2023\/06\/Schach-IX-640x480.jpg\" height=\"480\" width=\"640\" alt=\"\" class=\"slider-4222 slide-4227 msDefaultImage\" title=\"Schach IX\" \/><\/li>\n            <li style='display: none;' aria-roledescription='slide' aria-labelledby='slide-5'><img loading=\"lazy\" decoding=\"async\" src=\"https:\/\/elbschule.hamburg.de\/wp-content\/uploads\/sites\/127\/2023\/06\/Schach-IV-640x480.jpg\" height=\"480\" width=\"640\" alt=\"\" class=\"slider-4222 slide-4228 msDefaultImage\" title=\"Schach IV\" \/><\/li>\n            <li style='display: none;' aria-roledescription='slide' aria-labelledby='slide-6'><img loading=\"lazy\" decoding=\"async\" src=\"https:\/\/elbschule.hamburg.de\/wp-content\/uploads\/sites\/127\/2023\/06\/Schach-I-640x480.jpeg\" height=\"480\" width=\"640\" alt=\"\" class=\"slider-4222 slide-4229 msDefaultImage\" title=\"Schach I\" \/><\/li>\n            <li style='display: none;' aria-roledescription='slide' aria-labelledby='slide-7'><img loading=\"lazy\" decoding=\"async\" src=\"https:\/\/elbschule.hamburg.de\/wp-content\/uploads\/sites\/127\/2023\/06\/IMG_7716.jpg\" height=\"480\" width=\"640\" alt=\"\" class=\"slider-4222 slide-4230 msDefaultImage\" title=\"IMG_7716\" \/><\/li>\n            <li style='display: none;' aria-roledescription='slide' aria-labelledby='slide-8'><img loading=\"lazy\" decoding=\"async\" src=\"https:\/\/elbschule.hamburg.de\/wp-content\/uploads\/sites\/127\/2023\/06\/IMG_7704.jpg\" height=\"480\" width=\"640\" alt=\"\" class=\"slider-4222 slide-4231 msDefaultImage\" title=\"IMG_7704\" \/><\/li>\n            <li style='display: none;' aria-roledescription='slide' aria-labelledby='slide-9'><img loading=\"lazy\" decoding=\"async\" src=\"https:\/\/elbschule.hamburg.de\/wp-content\/uploads\/sites\/127\/2023\/06\/IMG-Kopie_3055.jpg\" height=\"480\" width=\"640\" alt=\"\" class=\"slider-4222 slide-4232 msDefaultImage\" title=\"IMG Kopie_3055\" \/><\/li>\n            <li style='display: none;' aria-roledescription='slide' aria-labelledby='slide-10'><img loading=\"lazy\" decoding=\"async\" src=\"https:\/\/elbschule.hamburg.de\/wp-content\/uploads\/sites\/127\/2023\/06\/20230621_121204.jpg\" height=\"480\" width=\"640\" alt=\"\" class=\"slider-4222 slide-4233 msDefaultImage\" title=\"20230621_121204\" \/><\/li>\n            <li style='display: none;' aria-roledescription='slide' aria-labelledby='slide-11'><img loading=\"lazy\" decoding=\"async\" src=\"https:\/\/elbschule.hamburg.de\/wp-content\/uploads\/sites\/127\/2023\/06\/20230621_120936.jpg\" height=\"480\" width=\"640\" alt=\"\" class=\"slider-4222 slide-4234 msDefaultImage\" title=\"20230621_120936\" \/><\/li>\n            <li style='display: none;' aria-roledescription='slide' aria-labelledby='slide-12'><img loading=\"lazy\" decoding=\"async\" src=\"https:\/\/elbschule.hamburg.de\/wp-content\/uploads\/sites\/127\/2023\/06\/20230621_095412-640x480.jpg\" height=\"480\" width=\"640\" alt=\"\" class=\"slider-4222 slide-4235 msDefaultImage\" title=\"20230621_095412\" \/><\/li>\n            <li style='display: none;' aria-roledescription='slide' aria-labelledby='slide-13'><img loading=\"lazy\" decoding=\"async\" src=\"https:\/\/elbschule.hamburg.de\/wp-content\/uploads\/sites\/127\/2023\/06\/20230621_095402.jpg\" height=\"480\" width=\"640\" alt=\"\" class=\"slider-4222 slide-4236 msDefaultImage\" title=\"20230621_095402\" \/><\/li>\n        <\/ul>\n        \n    <\/div>\n<\/div><\/strong><\/p>\n<p>\u201eNach dem gro\u00dfen Erfolg im letzten Jahr fand das gr\u00f6\u00dfte Schulschachturnier der Welt \u201eRechtes Alsterufer gegen Linkes Alsterufer\u201c am vergangenen Mittwoch [den 21.6.23] erneut unter freiem Himmel statt. Fast 3.600 Sch\u00fclerinnen und Sch\u00fcler waren bei dem legend\u00e4ren Vergleich der beiden Alsterseiten auf dem Rathausmarkt dabei, am Ende siegte das linke Alsterufer mit 951:841 und liegt nunmehr mit 38:22 Siegen weit vorne.\u201c Das berichtete die Schulbeh\u00f6rde in ihrem Newsletter.<\/p>\n<p>In diesem Jahr war die Elbschule zum ersten Mal mit drei Teams f\u00fcr das \u201eRechte Alsterufer\u201c angetreten. Seit Februar 2023 bieten die Lehrerinnen Anneke H\u00e4nel und Juliane Neumeyer zweimal pro Woche die offene \u201eSchachpause\u201c an. Hier treffen sich immer wieder viele Schachinteressierte aus der Stadtteilschule, um in der Pause eine Partie zu spielen. Die Gelegenheit wird von Sch\u00fcler:innen aus beiden Abteilungen, allen Klassen und jeden Geschlechts gerne und gut genutzt. Auf den Aufruf zur Teilnahme am Schachturnier waren in kurzer Zeit viele Zusagen erfolgt und am \u201eDuelltag\u201c liefen 22 Sch\u00fcler und zwei Sch\u00fclerinnen aus sechs verschiedenen Klassen in wei\u00dfen und t\u00fcrkisen Elbschulshirts auf.<\/p>\n<p>Es war ein toller Tag mit Sonne, Spa\u00df und viel Herausforderung. Dieses Mal hat das linke Alsterufer gewonnen, aber die Elbsch\u00fcler:innen konnten acht Ehrenurkunden mitnehmen. Die Elbschule kann sehr stolz sein auf ihr Schachteam und schon jetzt freut es sich auf die Revanche im n\u00e4chsten Jahr!<\/p>\n<p>Anneke H\u00e4nel\/ Katharina von Puttkamer<\/p>\n<p>&nbsp;<\/p>\n","protected":false},"excerpt":{"rendered":"<p>\u201eNach dem gro\u00dfen Erfolg im letzten Jahr fand das gr\u00f6\u00dfte Schulschachturnier der Welt \u201eRechtes Alsterufer gegen Linkes Alsterufer\u201c am vergangenen Mittwoch [den 21.6.23] erneut unter freiem Himmel statt. Fast 3.600 Sch\u00fclerinnen und Sch\u00fcler waren bei dem legend\u00e4ren Vergleich der beiden Alsterseiten auf dem Rathausmarkt dabei, am Ende siegte das linke Alsterufer mit 951:841 und liegt &hellip; <a href=\"https:\/\/elbschule.hamburg.de\/?page_id=4190\" class=\"more-link\"><span class=\"screen-reader-text\">Weltgr\u00f6\u00dftes Schulschachturnier &#8211; die Elbschule war dabei!<\/span> weiterlesen <span class=\"meta-nav\">&rarr;<\/span><\/a><\/p>\n","protected":false},"author":207,"featured_media":0,"parent":0,"menu_order":0,"comment_status":"closed","ping_status":"closed","template":"","meta":{"_acf_changed":false,"footnotes":""},"class_list":["post-4190","page","type-page","status-publish","hentry"],"acf":[],"_links":{"self":[{"href":"https:\/\/elbschule.hamburg.de\/index.php?rest_route=\/wp\/v2\/pages\/4190","targetHints":{"allow":["GET"]}}],"collection":[{"href":"https:\/\/elbschule.hamburg.de\/index.php?rest_route=\/wp\/v2\/pages"}],"about":[{"href":"https:\/\/elbschule.hamburg.de\/index.php?rest_route=\/wp\/v2\/types\/page"}],"author":[{"embeddable":true,"href":"https:\/\/elbschule.hamburg.de\/index.php?rest_route=\/wp\/v2\/users\/207"}],"replies":[{"embeddable":true,"href":"https:\/\/elbschule.hamburg.de\/index.php?rest_route=%2Fwp%2Fv2%2Fcomments&post=4190"}],"version-history":[{"count":2,"href":"https:\/\/elbschule.hamburg.de\/index.php?rest_route=\/wp\/v2\/pages\/4190\/revisions"}],"predecessor-version":[{"id":4237,"href":"https:\/\/elbschule.hamburg.de\/index.php?rest_route=\/wp\/v2\/pages\/4190\/revisions\/4237"}],"wp:attachment":[{"href":"https:\/\/elbschule.hamburg.de\/index.php?rest_route=%2Fwp%2Fv2%2Fmedia&parent=4190"}],"curies":[{"name":"wp","href":"https:\/\/api.w.org\/{rel}","templated":true}]}}